{"id":280976,"date":"2021-02-18T12:57:32","date_gmt":"2021-02-18T11:57:32","guid":{"rendered":"https:\/\/dev2.alders.de\/produits\/schalter-taster\/"},"modified":"2022-03-15T11:24:01","modified_gmt":"2022-03-15T10:24:01","slug":"bouton-de-commutation","status":"publish","type":"page","link":"https:\/\/alders.de\/fr\/produits\/bouton-de-commutation\/","title":{"rendered":"Bouton de commutation"},"content":{"rendered":"<div class=\"wpb-content-wrapper\"><p>[vc_row full_width=\u00a0\u00bbstretch_row\u00a0\u00bb el_class=\u00a0\u00bbsection-grauverlauf\u00a0\u00bb][vc_column][vc_column_text]<\/p>\n<h1 style=\"text-align: center;\">Interrupteurs et boutons poussoirs pour de nombreuses industries<\/h1>\n<h2 style=\"text-align: center;\">Microrupteurs and Co.: des solutions pratiques pour votre \u00e9lectronique<\/h2>\n<p>[\/vc_column_text][vc_row_inner][vc_column_inner][vc_column_text]Les pressostats ou interrupteurs \u00e0 glissi\u00e8re sont bien plus que de simples boutons permettant d\u2019allumer et d\u2019\u00e9teindre des appareils ou des fonctions sur les machines. Afin de rendre l\u2019utilisation de machines, de v\u00e9hicules et d\u2019appareils complexes aussi conviviale que possible, vous trouverez un large choix de boutons et d\u2019interrupteurs diff\u00e9rents. Outre les interrupteurs \u00e0 bascule et les interrupteurs rotatifs classiques, nous fournissons \u00e9galement des interrupteurs \u00e0 cl\u00e9, des pressostats et des microrupteurs en fonction de vos besoins. Nous pouvons \u00e9galement vous offrir diff\u00e9rentes possibilit\u00e9s dans le domaine des boutons de commande. En plus des boutons multidirectionnels et des boutons poussoirs pour l\u2019aviation, nous avons \u00e9galement des boutons poussoirs d\u2019affichage qui simplifient l\u2019utilisation des machines, des v\u00e9hicules et des \u00e9quipements avec un affichage int\u00e9gr\u00e9.[\/vc_column_text][\/vc_column_inner][\/vc_row_inner][\/vc_column][\/vc_row][vc_row css=\u00a0\u00bb.vc_custom_1618485078559{padding-top: 0px !important;padding-bottom: 0px !important;}\u00a0\u00bb][vc_column]<div class=\"alders_block\">[vc_row full_width=\"stretch_row\" el_class=\"section-grauverlauf\" el_id=\"unterkategorien\"][vc_column][vc_column_text]\r\n<h2 style=\"text-align: center;\">Choisissez parmi les sous-cat\u00e9gories suivantes:<\/h2>\r\n&nbsp;\r\n<p style=\"text-align: center;\"><div class=\"row row-cols-1 row-cols-sm-2 row-cols-lg-3\" id=\"alders_unterseiten\"><div class=\"col mb-4\">  <div class=\"card h-100 text-center\">    <div class=\"card-body\">      <h5 class=\"card-title\">Bouton d\u2019arr\u00eat d\u2019urgence<\/h5>      <a href=\"https:\/\/alders.de\/fr\/produits\/bouton-de-commutation\/bouton-urgence\/\" class=\"stretched-link\"><img decoding=\"async\" src=\"https:\/\/alders.de\/wp-content\/uploads\/2021\/03\/alders_tasterschalter_nothalttaster200x150px.jpg\" class=\"img-fluid\" alt=\"Bouton d\u2019arr\u00eat d\u2019urgence\"><\/a>    <\/div>  <\/div><\/div><div class=\"col mb-4\">  <div class=\"card h-100 text-center\">    <div class=\"card-body\">      <h5 class=\"card-title\">Boutons d&rsquo;affichage<\/h5>      <a href=\"https:\/\/alders.de\/fr\/produits\/bouton-de-commutation\/boutons-affichage\/\" class=\"stretched-link\"><img decoding=\"async\" src=\"https:\/\/alders.de\/wp-content\/uploads\/2021\/03\/alders_tasterschalter_displaytaster200x150px.jpg\" class=\"img-fluid\" alt=\"Boutons d&rsquo;affichage\"><\/a>    <\/div>  <\/div><\/div><div class=\"col mb-4\">  <div class=\"card h-100 text-center\">    <div class=\"card-body\">      <h5 class=\"card-title\">CAN Keypad<\/h5>      <a href=\"https:\/\/alders.de\/fr\/produits\/bouton-de-commutation\/can-keypad\/\" class=\"stretched-link\"><img decoding=\"async\" src=\"https:\/\/alders.de\/wp-content\/uploads\/2024\/03\/Can-Keypad.png\" class=\"img-fluid\" alt=\"CAN Keypad\"><\/a>    <\/div>  <\/div><\/div><div class=\"col mb-4\">  <div class=\"card h-100 text-center\">    <div class=\"card-body\">      <h5 class=\"card-title\">Capuchons d\u2019\u00e9tanch\u00e9it\u00e9<\/h5>      <a href=\"https:\/\/alders.de\/fr\/produits\/bouton-de-commutation\/capuchons-detancheite\/\" class=\"stretched-link\"><img decoding=\"async\" src=\"https:\/\/alders.de\/wp-content\/uploads\/2021\/03\/alders_tasterschalter_dichtkappen_200x150px.jpg\" class=\"img-fluid\" alt=\"Capuchons d\u2019\u00e9tanch\u00e9it\u00e9\"><\/a>    <\/div>  <\/div><\/div><div class=\"col mb-4\">  <div class=\"card h-100 text-center\">    <div class=\"card-body\">      <h5 class=\"card-title\">Commutateur directionnel<\/h5>      <a href=\"https:\/\/alders.de\/fr\/produits\/bouton-de-commutation\/commutateur-directionnel\/\" class=\"stretched-link\"><img decoding=\"async\" src=\"https:\/\/alders.de\/wp-content\/uploads\/2021\/03\/alders_tasterschalter_fahrtrichtungsschalter200x150px.jpg\" class=\"img-fluid\" alt=\"Commutateur directionnel\"><\/a>    <\/div>  <\/div><\/div><div class=\"col mb-4\">  <div class=\"card h-100 text-center\">    <div class=\"card-body\">      <h5 class=\"card-title\">Commutateurs multidirectionnels ou Bouton-poussoir multivoies<\/h5>      <a href=\"https:\/\/alders.de\/fr\/produits\/bouton-de-commutation\/bouton-poussoir-reutilisable\/\" class=\"stretched-link\"><img decoding=\"async\" src=\"https:\/\/alders.de\/wp-content\/uploads\/2021\/03\/alders_tasterschalter_mehrwegetaster200x150px.jpg\" class=\"img-fluid\" alt=\"Commutateurs multidirectionnels ou Bouton-poussoir multivoies\"><\/a>    <\/div>  <\/div><\/div><div class=\"col mb-4\">  <div class=\"card h-100 text-center\">    <div class=\"card-body\">      <h5 class=\"card-title\">Connecteur homologue<\/h5>      <a href=\"https:\/\/alders.de\/fr\/produits\/bouton-de-commutation\/connecteur-homologue\/\" class=\"stretched-link\"><img decoding=\"async\" src=\"https:\/\/alders.de\/wp-content\/uploads\/2021\/06\/produkte-zubehoer-gegenstecker-e1520265111512.png\" class=\"img-fluid\" alt=\"Connecteur homologue\"><\/a>    <\/div>  <\/div><\/div><div class=\"col mb-4\">  <div class=\"card h-100 text-center\">    <div class=\"card-body\">      <h5 class=\"card-title\">Interrupteur \u00e0 bascule<\/h5>      <a href=\"https:\/\/alders.de\/fr\/produits\/bouton-de-commutation\/interrupteur-a-bascule\/\" class=\"stretched-link\"><img decoding=\"async\" src=\"https:\/\/alders.de\/wp-content\/uploads\/2021\/04\/alders_schaltertaster_kipphebelschalter_200x150px.jpg\" class=\"img-fluid\" alt=\"Interrupteur \u00e0 bascule\"><\/a>    <\/div>  <\/div><\/div><div class=\"col mb-4\">  <div class=\"card h-100 text-center\">    <div class=\"card-body\">      <h5 class=\"card-title\">Interrupteur \u00e0 glissi\u00e8re<\/h5>      <a href=\"https:\/\/alders.de\/fr\/produits\/bouton-de-commutation\/interrupteur-a-glissiere\/\" class=\"stretched-link\"><img decoding=\"async\" src=\"https:\/\/alders.de\/wp-content\/uploads\/2021\/03\/alders_tasterschalter_schiebeschalter200x150px.jpg\" class=\"img-fluid\" alt=\"Interrupteur \u00e0 glissi\u00e8re\"><\/a>    <\/div>  <\/div><\/div><div class=\"col mb-4\">  <div class=\"card h-100 text-center\">    <div class=\"card-body\">      <h5 class=\"card-title\">Interrupteurs \u00e0 bascule<\/h5>      <a href=\"https:\/\/alders.de\/fr\/produits\/bouton-de-commutation\/interrupteurs-a-bascule\/\" class=\"stretched-link\"><img decoding=\"async\" src=\"https:\/\/alders.de\/wp-content\/uploads\/2021\/04\/alders_tasterschalter_wippschalter_200x150px.jpg\" class=\"img-fluid\" alt=\"Interrupteurs \u00e0 bascule\"><\/a>    <\/div>  <\/div><\/div><div class=\"col mb-4\">  <div class=\"card h-100 text-center\">    <div class=\"card-body\">      <h5 class=\"card-title\">Interrupteurs \u00e0 cl\u00e9<\/h5>      <a href=\"https:\/\/alders.de\/fr\/produits\/bouton-de-commutation\/interrupteurs-a-cle\/\" class=\"stretched-link\"><img decoding=\"async\" src=\"https:\/\/alders.de\/wp-content\/uploads\/2021\/03\/alders_tasterschalter_schluesselschalter200x150px.jpg\" class=\"img-fluid\" alt=\"Interrupteurs \u00e0 cl\u00e9\"><\/a>    <\/div>  <\/div><\/div><div class=\"col mb-4\">  <div class=\"card h-100 text-center\">    <div class=\"card-body\">      <h5 class=\"card-title\">Interrupteurs tactiles<\/h5>      <a href=\"https:\/\/alders.de\/fr\/produits\/bouton-de-commutation\/interrupteurs-tactiles\/\" class=\"stretched-link\"><img decoding=\"async\" src=\"https:\/\/alders.de\/wp-content\/uploads\/2021\/03\/alders_tasterschalter_tactiles200x150px.jpg\" class=\"img-fluid\" alt=\"Interrupteurs tactiles\"><\/a>    <\/div>  <\/div><\/div><div class=\"col mb-4\">  <div class=\"card h-100 text-center\">    <div class=\"card-body\">      <h5 class=\"card-title\">Joints de panneau<\/h5>      <a href=\"https:\/\/alders.de\/fr\/produits\/bouton-de-commutation\/joints-de-panneau\/\" class=\"stretched-link\"><img decoding=\"async\" src=\"https:\/\/alders.de\/wp-content\/uploads\/2021\/06\/produkte-zubehoer-paneldichtungen-e1520265132799.png\" class=\"img-fluid\" alt=\"Joints de panneau\"><\/a>    <\/div>  <\/div><\/div><div class=\"col mb-4\">  <div class=\"card h-100 text-center\">    <div class=\"card-body\">      <h5 class=\"card-title\">Microrupteurs<\/h5>      <a href=\"https:\/\/alders.de\/fr\/produits\/bouton-de-commutation\/microrupteurs\/\" class=\"stretched-link\"><img decoding=\"async\" src=\"https:\/\/alders.de\/wp-content\/uploads\/2021\/03\/alders_tasterschalter_mikroschalter200x150px.jpg\" class=\"img-fluid\" alt=\"Microrupteurs\"><\/a>    <\/div>  <\/div><\/div><div class=\"col mb-4\">  <div class=\"card h-100 text-center\">    <div class=\"card-body\">      <h5 class=\"card-title\">Poussoir<\/h5>      <a href=\"https:\/\/alders.de\/fr\/produits\/bouton-de-commutation\/poussoir\/\" class=\"stretched-link\"><img decoding=\"async\" src=\"https:\/\/alders.de\/wp-content\/uploads\/2021\/05\/p9-picture-d-web.png\" class=\"img-fluid\" alt=\"Poussoir\"><\/a>    <\/div>  <\/div><\/div><div class=\"col mb-4\">  <div class=\"card h-100 text-center\">    <div class=\"card-body\">      <h5 class=\"card-title\">S\u00e9lecteur rotatif<\/h5>      <a href=\"https:\/\/alders.de\/fr\/produits\/bouton-de-commutation\/selecteur-rotatif\/\" class=\"stretched-link\"><img decoding=\"async\" src=\"https:\/\/alders.de\/wp-content\/uploads\/2021\/03\/alders_tasterschalter_drehschalter200x150px.jpg\" class=\"img-fluid\" alt=\"S\u00e9lecteur rotatif\"><\/a>    <\/div>  <\/div><\/div><\/div>\r\n[\/vc_column_text][\/vc_column][\/vc_row]<\/div>[\/vc_column][\/vc_row][vc_row][vc_column][vc_column_text]<\/p>\n<h2 style=\"text-align: center;\">Interrupteurs coulissant ou commutateur coulissant sont synonymes d\u2019interrupteurs \u00e0 glissi\u00e8re<\/h2>\n<p>Chez ALDERS, nous sommes actifs dans des domaines d\u2019application o\u00f9 les charges des composants \u00e9lectrom\u00e9caniques tels que les microrupteurs, les interrupteurs \u00e0 bascule, les interrupteurs rotatifs et les interrupteurs coulissants sont tr\u00e8s \u00e9lev\u00e9es. C\u2019est pourquoi la fiabilit\u00e9, la pr\u00e9cision et la qualit\u00e9 sont particuli\u00e8rement importantes pour nous. C\u2019est pour cette raison, que nous travaillons avec OTTO Controls.<\/p>\n<p>&nbsp;<\/p>\n<h2 style=\"text-align: center;\">Boutons poussoirs dans l\u2019a\u00e9ronautique \u2013 ALDERS est synonyme de s\u00e9curit\u00e9 et de pr\u00e9cision<\/h2>\n<p>Les interrupteurs et boutons-poussoirs sont utilis\u00e9s dans de nombreux domaines d\u2019application : les microrupteurs, par exemple, sont install\u00e9s dans une grande vari\u00e9t\u00e9 d\u2019appareils \u00e9lectriques tels que les commandes, capteurs de d\u00e9placement ou interrupteurs de position. Ils repr\u00e9sentent une liaison importante entre la machine et l\u2019unit\u00e9 de commande. Pour les microrupteurs, nous faisons confiance \u00e0 notre partenaire OTTO Controls, qui d\u00e9veloppe depuis plus de cinq d\u00e9cennies des interrupteurs, boutons poussoirs et commandes de haute qualit\u00e9. En plus des microrupteurs, nous vendons \u00e9galement des interrupteurs \u00e0 glissi\u00e8re OTTO Controls avec diff\u00e9rents designs. Ces composants sont souvent utilis\u00e9s pour certains r\u00e9glages dans les machines \u2013 par exemple, les op\u00e9rations de mise en marche et d\u2019arr\u00eat. Ces interrupteurs sont utilis\u00e9s dans l\u2019industrie a\u00e9rospatiale et pour des applications militaires et civiles. Les boutons-poussoirs, par contre, sont utilis\u00e9s partout o\u00f9 les circuits \u00e9lectriques sont ferm\u00e9s ou interrompus manuellement.<\/p>\n<p>Si vous avez des questions, n\u2019h\u00e9sitez pas \u00e0 nous contacter. Nous vous conseillons pour toutes les questions concernant les composants \u00e9lectrom\u00e9caniques adapt\u00e9s \u00e0 votre entreprise. Appelez-nous ou envoyez-nous un e-mail avec votre demande ou vos souhaits \u2013 chez ALDERS, nous sommes l\u00e0 pour vous et nous nous r\u00e9jouissons d\u2019avoir de vos nouvelles![\/vc_column_text][\/vc_column][\/vc_row][vc_row css=\u00a0\u00bb.vc_custom_1618485078559{padding-top: 0px !important;padding-bottom: 0px !important;}\u00a0\u00bb][vc_column]<div class=\"alders_block\">[vc_row full_width=\"stretch_row\" equal_height=\"yes\" content_placement=\"bottom\" disable_element=\"yes\" el_class=\"section-blau overflow-visible\" css=\".vc_custom_1635152135385{padding-top: 30px !important;padding-bottom: 0px !important;}\" el_id=\"experten\"][vc_column width=\"1\/2\" offset=\"vc_col-md-9\"][vc_column_text]\r\n<h3>F\u00fcr jeden Anwendungsbereich den richtigen Experten<\/h3>\r\n[\/vc_column_text][vc_column_text]F\u00fcr jeden Anwendungsbereich haben wir bei ALDERS einen kompetenten Experten. Sie k\u00f6nnen sicher sein, dass wir Ihre Fragen, Anforderungen und W\u00fcnsche immer pr\u00e4zise beantworten. Hierbei werden Qualit\u00e4t, Machbarkeit und die Ber\u00fccksichtigung der Wirtschaftlichkeit in Ihrem Sinne immer beachtet.[\/vc_column_text][\/vc_column][vc_column width=\"1\/2\" offset=\"vc_col-md-3\"][vc_single_image image=\"281112\" img_size=\"full\" alignment=\"center\" css=\".vc_custom_1618487852191{margin-top: -75px !important;margin-bottom: 0px !important;}\" el_class=\"experten-bild\"][\/vc_column][\/vc_row]<\/div>[\/vc_column][\/vc_row]<\/p>\n<\/div>","protected":false},"excerpt":{"rendered":"<p>[vc_row full_width=\u00a0\u00bbstretch_row\u00a0\u00bb el_class=\u00a0\u00bbsection-grauverlauf\u00a0\u00bb][vc_column][vc_column_text] Interrupteurs et boutons poussoirs pour de nombreuses industries Microrupteurs and Co.: des solutions pratiques pour votre \u00e9lectronique [\/vc_column_text][vc_row_inner][vc_column_inner][vc_column_text]Les pressostats ou interrupteurs \u00e0 glissi\u00e8re sont bien plus que de simples boutons permettant d\u2019allumer et d\u2019\u00e9teindre des appareils ou des fonctions sur les machines. Afin de rendre l\u2019utilisation de machines, de v\u00e9hicules et d\u2019appareils [&hellip;]<\/p>\n","protected":false},"author":1,"featured_media":280977,"parent":280938,"menu_order":0,"comment_status":"closed","ping_status":"closed","template":"templates\/SalesViewer-Tracking.php","meta":{"footnotes":""},"acf":[],"yoast_head":"<!-- This site is optimized with the Yoast SEO Premium plugin v22.5 (Yoast SEO v22.5) - https:\/\/yoast.com\/wordpress\/plugins\/seo\/ -->\n<title>Bouton de commutation - ALDERS electronic GmbH<\/title>\n<meta name=\"description\" content=\"Schalter &amp; Taster in unterschiedlichen Ausf\u00fchrungen: Schiebeschalter, Drucktaster f\u00fcr die Luftfahrt &amp; mehr. Vertrauen Sie ALDERS &amp; seinen Premium-Partnern!\" \/>\n<meta name=\"robots\" content=\"index, follow, max-snippet:-1, max-image-preview:large, max-video-preview:-1\" \/>\n<link rel=\"canonical\" href=\"https:\/\/alders.de\/fr\/produits\/bouton-de-commutation\/\" \/>\n<meta property=\"og:locale\" content=\"fr_FR\" \/>\n<meta property=\"og:type\" content=\"article\" \/>\n<meta property=\"og:title\" content=\"Bouton de commutation\" \/>\n<meta property=\"og:description\" content=\"Schalter &amp; Taster in unterschiedlichen Ausf\u00fchrungen: Schiebeschalter, Drucktaster f\u00fcr die Luftfahrt &amp; mehr. Vertrauen Sie ALDERS &amp; seinen Premium-Partnern!\" \/>\n<meta property=\"og:url\" content=\"\/\" \/>\n<meta property=\"og:site_name\" content=\"ALDERS electronic GmbH\" \/>\n<meta property=\"article:publisher\" content=\"https:\/\/www.facebook.com\/Alders.electronic\/\" \/>\n<meta property=\"article:modified_time\" content=\"2022-03-15T10:24:01+00:00\" \/>\n<meta property=\"og:image\" content=\"https:\/\/alders.de\/wp-content\/uploads\/2021\/04\/Alders-druckschalterundtaster_200x150px_v1.jpg\" \/>\n\t<meta property=\"og:image:width\" content=\"200\" \/>\n\t<meta property=\"og:image:height\" content=\"150\" \/>\n\t<meta property=\"og:image:type\" content=\"image\/jpeg\" \/>\n<meta name=\"twitter:card\" content=\"summary_large_image\" \/>\n<meta name=\"twitter:label1\" content=\"Dur\u00e9e de lecture estim\u00e9e\" \/>\n\t<meta name=\"twitter:data1\" content=\"2 minutes\" \/>\n<script type=\"application\/ld+json\" class=\"yoast-schema-graph\">{\"@context\":\"https:\/\/schema.org\",\"@graph\":[{\"@type\":\"WebPage\",\"@id\":\"https:\/\/alders.de\/fr\/produits\/bouton-de-commutation\/\",\"url\":\"https:\/\/alders.de\/fr\/produits\/bouton-de-commutation\/\",\"name\":\"Bouton de commutation - ALDERS electronic GmbH\",\"isPartOf\":{\"@id\":\"https:\/\/alders.de\/fr\/#website\"},\"primaryImageOfPage\":{\"@id\":\"https:\/\/alders.de\/fr\/produits\/bouton-de-commutation\/#primaryimage\"},\"image\":{\"@id\":\"https:\/\/alders.de\/fr\/produits\/bouton-de-commutation\/#primaryimage\"},\"thumbnailUrl\":\"https:\/\/alders.de\/wp-content\/uploads\/2021\/04\/Alders-druckschalterundtaster_200x150px_v1.jpg\",\"datePublished\":\"2021-02-18T11:57:32+00:00\",\"dateModified\":\"2022-03-15T10:24:01+00:00\",\"description\":\"Schalter & Taster in unterschiedlichen Ausf\u00fchrungen: Schiebeschalter, Drucktaster f\u00fcr die Luftfahrt & mehr. Vertrauen Sie ALDERS & seinen Premium-Partnern!\",\"breadcrumb\":{\"@id\":\"https:\/\/alders.de\/fr\/produits\/bouton-de-commutation\/#breadcrumb\"},\"inLanguage\":\"fr-FR\",\"potentialAction\":[{\"@type\":\"ReadAction\",\"target\":[\"https:\/\/alders.de\/fr\/produits\/bouton-de-commutation\/\"]}]},{\"@type\":\"ImageObject\",\"inLanguage\":\"fr-FR\",\"@id\":\"https:\/\/alders.de\/fr\/produits\/bouton-de-commutation\/#primaryimage\",\"url\":\"https:\/\/alders.de\/wp-content\/uploads\/2021\/04\/Alders-druckschalterundtaster_200x150px_v1.jpg\",\"contentUrl\":\"https:\/\/alders.de\/wp-content\/uploads\/2021\/04\/Alders-druckschalterundtaster_200x150px_v1.jpg\",\"width\":200,\"height\":150},{\"@type\":\"BreadcrumbList\",\"@id\":\"https:\/\/alders.de\/fr\/produits\/bouton-de-commutation\/#breadcrumb\",\"itemListElement\":[{\"@type\":\"ListItem\",\"position\":1,\"name\":\"ALDERS\",\"item\":\"https:\/\/alders.de\/fr\/\"},{\"@type\":\"ListItem\",\"position\":2,\"name\":\"Produits\",\"item\":\"https:\/\/alders.de\/fr\/produits\/\"},{\"@type\":\"ListItem\",\"position\":3,\"name\":\"Bouton de commutation\"}]},{\"@type\":\"WebSite\",\"@id\":\"https:\/\/alders.de\/fr\/#website\",\"url\":\"https:\/\/alders.de\/fr\/\",\"name\":\"ALDERS electronic GmbH\",\"description\":\"Der Spezialist f\u00fcr elektromechanische L\u00f6sungen\",\"publisher\":{\"@id\":\"https:\/\/alders.de\/fr\/#organization\"},\"potentialAction\":[{\"@type\":\"SearchAction\",\"target\":{\"@type\":\"EntryPoint\",\"urlTemplate\":\"https:\/\/alders.de\/fr\/?s={search_term_string}\"},\"query-input\":\"required name=search_term_string\"}],\"inLanguage\":\"fr-FR\"},{\"@type\":\"Organization\",\"@id\":\"https:\/\/alders.de\/fr\/#organization\",\"name\":\"ALDERS electronic GmbH\",\"url\":\"https:\/\/alders.de\/fr\/\",\"logo\":{\"@type\":\"ImageObject\",\"inLanguage\":\"fr-FR\",\"@id\":\"https:\/\/alders.de\/fr\/#\/schema\/logo\/image\/\",\"url\":\"https:\/\/alders.de\/wp-content\/uploads\/2022\/07\/Alders-logo-Komplett.png\",\"contentUrl\":\"https:\/\/alders.de\/wp-content\/uploads\/2022\/07\/Alders-logo-Komplett.png\",\"width\":1043,\"height\":253,\"caption\":\"ALDERS electronic GmbH\"},\"image\":{\"@id\":\"https:\/\/alders.de\/fr\/#\/schema\/logo\/image\/\"},\"sameAs\":[\"https:\/\/www.facebook.com\/Alders.electronic\/\",\"https:\/\/de.linkedin.com\/company\/alders-electronic-gmbh\",\"https:\/\/www.youtube.com\/channel\/UC-hR66wsAmKOdY03IokrlzA\",\"https:\/\/www.instagram.com\/alders.electronic\/\"]}]}<\/script>\n<!-- \/ Yoast SEO Premium plugin. -->","yoast_head_json":{"title":"Bouton de commutation - ALDERS electronic GmbH","description":"Schalter & Taster in unterschiedlichen Ausf\u00fchrungen: Schiebeschalter, Drucktaster f\u00fcr die Luftfahrt & mehr. Vertrauen Sie ALDERS & seinen Premium-Partnern!","robots":{"index":"index","follow":"follow","max-snippet":"max-snippet:-1","max-image-preview":"max-image-preview:large","max-video-preview":"max-video-preview:-1"},"canonical":"https:\/\/alders.de\/fr\/produits\/bouton-de-commutation\/","og_locale":"fr_FR","og_type":"article","og_title":"Bouton de commutation","og_description":"Schalter & Taster in unterschiedlichen Ausf\u00fchrungen: Schiebeschalter, Drucktaster f\u00fcr die Luftfahrt & mehr. Vertrauen Sie ALDERS & seinen Premium-Partnern!","og_url":"\/","og_site_name":"ALDERS electronic GmbH","article_publisher":"https:\/\/www.facebook.com\/Alders.electronic\/","article_modified_time":"2022-03-15T10:24:01+00:00","og_image":[{"width":200,"height":150,"url":"https:\/\/alders.de\/wp-content\/uploads\/2021\/04\/Alders-druckschalterundtaster_200x150px_v1.jpg","type":"image\/jpeg"}],"twitter_card":"summary_large_image","twitter_misc":{"Dur\u00e9e de lecture estim\u00e9e":"2 minutes"},"schema":{"@context":"https:\/\/schema.org","@graph":[{"@type":"WebPage","@id":"https:\/\/alders.de\/fr\/produits\/bouton-de-commutation\/","url":"https:\/\/alders.de\/fr\/produits\/bouton-de-commutation\/","name":"Bouton de commutation - ALDERS electronic GmbH","isPartOf":{"@id":"https:\/\/alders.de\/fr\/#website"},"primaryImageOfPage":{"@id":"https:\/\/alders.de\/fr\/produits\/bouton-de-commutation\/#primaryimage"},"image":{"@id":"https:\/\/alders.de\/fr\/produits\/bouton-de-commutation\/#primaryimage"},"thumbnailUrl":"https:\/\/alders.de\/wp-content\/uploads\/2021\/04\/Alders-druckschalterundtaster_200x150px_v1.jpg","datePublished":"2021-02-18T11:57:32+00:00","dateModified":"2022-03-15T10:24:01+00:00","description":"Schalter & Taster in unterschiedlichen Ausf\u00fchrungen: Schiebeschalter, Drucktaster f\u00fcr die Luftfahrt & mehr. Vertrauen Sie ALDERS & seinen Premium-Partnern!","breadcrumb":{"@id":"https:\/\/alders.de\/fr\/produits\/bouton-de-commutation\/#breadcrumb"},"inLanguage":"fr-FR","potentialAction":[{"@type":"ReadAction","target":["https:\/\/alders.de\/fr\/produits\/bouton-de-commutation\/"]}]},{"@type":"ImageObject","inLanguage":"fr-FR","@id":"https:\/\/alders.de\/fr\/produits\/bouton-de-commutation\/#primaryimage","url":"https:\/\/alders.de\/wp-content\/uploads\/2021\/04\/Alders-druckschalterundtaster_200x150px_v1.jpg","contentUrl":"https:\/\/alders.de\/wp-content\/uploads\/2021\/04\/Alders-druckschalterundtaster_200x150px_v1.jpg","width":200,"height":150},{"@type":"BreadcrumbList","@id":"https:\/\/alders.de\/fr\/produits\/bouton-de-commutation\/#breadcrumb","itemListElement":[{"@type":"ListItem","position":1,"name":"ALDERS","item":"https:\/\/alders.de\/fr\/"},{"@type":"ListItem","position":2,"name":"Produits","item":"https:\/\/alders.de\/fr\/produits\/"},{"@type":"ListItem","position":3,"name":"Bouton de commutation"}]},{"@type":"WebSite","@id":"https:\/\/alders.de\/fr\/#website","url":"https:\/\/alders.de\/fr\/","name":"ALDERS electronic GmbH","description":"Der Spezialist f\u00fcr elektromechanische L\u00f6sungen","publisher":{"@id":"https:\/\/alders.de\/fr\/#organization"},"potentialAction":[{"@type":"SearchAction","target":{"@type":"EntryPoint","urlTemplate":"https:\/\/alders.de\/fr\/?s={search_term_string}"},"query-input":"required name=search_term_string"}],"inLanguage":"fr-FR"},{"@type":"Organization","@id":"https:\/\/alders.de\/fr\/#organization","name":"ALDERS electronic GmbH","url":"https:\/\/alders.de\/fr\/","logo":{"@type":"ImageObject","inLanguage":"fr-FR","@id":"https:\/\/alders.de\/fr\/#\/schema\/logo\/image\/","url":"https:\/\/alders.de\/wp-content\/uploads\/2022\/07\/Alders-logo-Komplett.png","contentUrl":"https:\/\/alders.de\/wp-content\/uploads\/2022\/07\/Alders-logo-Komplett.png","width":1043,"height":253,"caption":"ALDERS electronic GmbH"},"image":{"@id":"https:\/\/alders.de\/fr\/#\/schema\/logo\/image\/"},"sameAs":["https:\/\/www.facebook.com\/Alders.electronic\/","https:\/\/de.linkedin.com\/company\/alders-electronic-gmbh","https:\/\/www.youtube.com\/channel\/UC-hR66wsAmKOdY03IokrlzA","https:\/\/www.instagram.com\/alders.electronic\/"]}]}},"_links":{"self":[{"href":"https:\/\/alders.de\/fr\/wp-json\/wp\/v2\/pages\/280976"}],"collection":[{"href":"https:\/\/alders.de\/fr\/wp-json\/wp\/v2\/pages"}],"about":[{"href":"https:\/\/alders.de\/fr\/wp-json\/wp\/v2\/types\/page"}],"author":[{"embeddable":true,"href":"https:\/\/alders.de\/fr\/wp-json\/wp\/v2\/users\/1"}],"replies":[{"embeddable":true,"href":"https:\/\/alders.de\/fr\/wp-json\/wp\/v2\/comments?post=280976"}],"version-history":[{"count":3,"href":"https:\/\/alders.de\/fr\/wp-json\/wp\/v2\/pages\/280976\/revisions"}],"predecessor-version":[{"id":284137,"href":"https:\/\/alders.de\/fr\/wp-json\/wp\/v2\/pages\/280976\/revisions\/284137"}],"up":[{"embeddable":true,"href":"https:\/\/alders.de\/fr\/wp-json\/wp\/v2\/pages\/280938"}],"wp:featuredmedia":[{"embeddable":true,"href":"https:\/\/alders.de\/fr\/wp-json\/wp\/v2\/media\/280977"}],"wp:attachment":[{"href":"https:\/\/alders.de\/fr\/wp-json\/wp\/v2\/media?parent=280976"}],"curies":[{"name":"wp","href":"https:\/\/api.w.org\/{rel}","templated":true}]}}