{"id":280988,"date":"2021-02-18T12:43:39","date_gmt":"2021-02-18T11:43:39","guid":{"rendered":"https:\/\/dev2.alders.de\/marques\/nkk-switches\/"},"modified":"2023-08-24T08:25:59","modified_gmt":"2023-08-24T06:25:59","slug":"nkk-switches","status":"publish","type":"page","link":"https:\/\/alders.de\/fr\/marques\/nkk-switches\/","title":{"rendered":"NKK Switches"},"content":{"rendered":"<div class=\"wpb-content-wrapper\"><p>[vc_row full_width=\u00a0\u00bbstretch_row\u00a0\u00bb el_class=\u00a0\u00bbsection-grauverlauf\u00a0\u00bb][vc_column][vc_column_text]<\/p>\n<h1 style=\"text-align: center;\">NKK Switches<\/h1>\n<h2 class=\"subline\" style=\"text-align: center;\">Produits de commutation innovants du sp\u00e9cialiste<\/h2>\n<p>[\/vc_column_text][vc_row_inner equal_height=\u00a0\u00bbyes\u00a0\u00bb][vc_column_inner width=\u00a0\u00bb2\/3&Prime;][vc_column_text]En tant que soci\u00e9t\u00e9 mondiale, NKK Switches est synonyme de qualit\u00e9 et de sensibilisation \u00e0 l\u2019innovation. Depuis de nombreuses ann\u00e9es, le groupe s\u2019est impos\u00e9 comme un leader du march\u00e9 des interrupteurs miniatures et lumineux. Fond\u00e9e en 1951 par Shigeo Ohashi, la soci\u00e9t\u00e9 compte aujourd\u2019hui plus de 500 brevets et une vari\u00e9t\u00e9 de prix de qualit\u00e9 et d\u2019innovation.<\/p>\n<p>Dans le monde entier, des entreprises de diff\u00e9rents secteurs d\u2019activit\u00e9 font confiance \u00e0 la qualit\u00e9 de leurs produits. La large gamme de NKK Switches va par exemple des boutons-poussoirs lumineux aux interrupteurs \u00e0 bascule lumineux, en passant par les commutateurs rotatifs et coulissants ainsi que les boutons-poussoirs LCD et OLED.<\/p>\n<p>Laissez-vous convaincre par les produits innovants du fabricant japonais. NKK Switches est l\u2019un de nos partenaires sur lequel vous pouvez compter \u00e0 tout moment. Vous trouverez plus d\u2019informations sur la gamme de produits dans le\u00a0catalogue de produits NKK.<\/p>\n<p>Autres brochures de NKK:<br \/>\n<a href=\"https:\/\/alders.de\/wp-content\/uploads\/2021\/04\/NKK_Medical_Brochure-EU.pdf\" target=\"_blank\" rel=\"noopener\">Brochure m\u00e9dicale NKK<\/a><br \/>\n<a href=\"https:\/\/alders.de\/wp-content\/uploads\/2021\/04\/NKK_ProAudio_20170731_web.pdf\" target=\"_blank\" rel=\"noopener\">NKK Pro Audio<\/a>[\/vc_column_text][\/vc_column_inner][vc_column_inner width=\u00a0\u00bb1\/3&Prime;][vc_single_image image=\u00a0\u00bb281371&Prime; img_size=\u00a0\u00bbfull\u00a0\u00bb el_class=\u00a0\u00bbheader-box-weiss\u00a0\u00bb][vc_btn title=\u00a0\u00bbLe catalogue de produits NKK\u00a0\u00bb align=\u00a0\u00bbcenter\u00a0\u00bb link=\u00a0\u00bburl:https%3A%2F%2Falders.de%2Fwp-content%2Fuploads%2F2021%2F04%2FNKK_ToughEnvironments.pdf|title:Alders%20Imagebrosch%C3%BCre|target:_blank\u00a0\u00bb el_class=\u00a0\u00bbbutton-pdf-download\u00a0\u00bb][\/vc_column_inner][\/vc_row_inner][\/vc_column][\/vc_row][vc_row][vc_column][vc_column_text]<\/p>\n<h2 style=\"text-align: center;\">Nos meilleures ventes \u2013 Produits NKK Switches<\/h2>\n<p>&nbsp;<\/p>\n<p style=\"text-align: center;\"><div class=\"row row-cols-1 row-cols-sm-2 row-cols-lg-3\" id=\"alders_top_sellers\"><div class=\"col mb-4\"><div class=\"card h-100 text-center\"><div class=\"card-body\"><a href=\"https:\/\/alders.de\/fr\/produit\/nkk-switches-not-halt-taster-ff01-series-e-stop\/\" class=\"stretched-link\"><\/a><h3 class=\"h5 card-title\">NKK Switches FF01 s\u00e9ries Bouton d\u2019arr\u00eat d\u2019urgence E-Stop<\/h3><img loading=\"lazy\" decoding=\"async\" width=\"153\" height=\"179\" src=\"https:\/\/alders.de\/wp-content\/uploads\/2021\/06\/alders-NKK-Not-Halt-Taster.jpg\" class=\"attachment-medium size-medium wp-post-image\" alt=\"NKK Switches FF01 s\u00e9ries Bouton d\u2019arr\u00eat d\u2019urgence E-Stop\" \/><\/div><\/div><\/div><div class=\"col mb-4\"><div class=\"card h-100 text-center\"><div class=\"card-body\"><a href=\"https:\/\/alders.de\/fr\/produit\/nkk-switches-displaytaster-wide-64x32-lcd-pushbutton-compact-pb\/\" class=\"stretched-link\"><\/a><h3 class=\"h5 card-title\">NKK Switches Bouton poussoir compact Wide View LCD 64&#215;32<\/h3><img loading=\"lazy\" decoding=\"async\" width=\"120\" height=\"150\" src=\"https:\/\/alders.de\/wp-content\/uploads\/2021\/06\/alders-displaytaster-nkk-switches-wide-64x32-lcd-pushbutton-compact-pb-e1520264568541.jpg\" class=\"attachment-medium size-medium wp-post-image\" alt=\"NKK Switches Bouton poussoir compact Wide View LCD 64&#215;32\" \/><\/div><\/div><\/div><div class=\"col mb-4\"><div class=\"card h-100 text-center\"><div class=\"card-body\"><a href=\"https:\/\/alders.de\/fr\/produit\/nkk-switches-mikroschalter-frameless-oled-pushbutton\/\" class=\"stretched-link\"><\/a><h3 class=\"h5 card-title\">NKK Switches Bouton poussoir OLED<\/h3><img loading=\"lazy\" decoding=\"async\" width=\"200\" height=\"150\" src=\"https:\/\/alders.de\/wp-content\/uploads\/2021\/03\/alders_tasterschalter_displaytaster200x150px.jpg\" class=\"attachment-medium size-medium wp-post-image\" alt=\"NKK Switches Bouton poussoir OLED\" \/><\/div><\/div><\/div><div class=\"col mb-4\"><div class=\"card h-100 text-center\"><div class=\"card-body\"><a href=\"https:\/\/alders.de\/fr\/produit\/nkk-switches-kipphebelschalter-m-serie-dual-seal\/\" class=\"stretched-link\"><\/a><h3 class=\"h5 card-title\">NKK Switches s\u00e9rie M (Dual Seal)<\/h3><img loading=\"lazy\" decoding=\"async\" width=\"194\" height=\"138\" src=\"https:\/\/alders.de\/wp-content\/uploads\/2021\/05\/alders-kipphebelschalter-nkk-m20-dp.jpg\" class=\"attachment-medium size-medium wp-post-image\" alt=\"NKK Switches s\u00e9rie M (Dual Seal)\" \/><\/div><\/div><\/div><\/div>\n<p>[\/vc_column_text][\/vc_column][\/vc_row][vc_row full_width=\u00a0\u00bbstretch_row\u00a0\u00bb el_class=\u00a0\u00bbsection-grauverlauf\u00a0\u00bb][vc_column][vc_column_text]<\/p>\n<h2 style=\"text-align: center;\">Portfolio de produits de NKK Switches<\/h2>\n<p>&nbsp;<\/p>\n<p style=\"text-align: center;\"><div class=\"row row-cols-1 row-cols-sm-2 row-cols-lg-3\" id=\"alders_product_cats\"><div class=\"col mb-4\"><div class=\"card h-100 text-center\"><div class=\"card-body\"><a href=\"https:\/\/alders.de\/fr\/categorie-de-produit\/pressostat-et-bouton-poussoir\/bouton-darret-durgence\/?_produkt_hersteller=nkk-switches\" class=\"stretched-link\"><\/a><h3 class=\"h5 card-title\">Bouton d\u2019arr\u00eat d\u2019urgence<\/h3><img loading=\"lazy\" decoding=\"async\" width=\"200\" height=\"150\" src=\"https:\/\/alders.de\/wp-content\/uploads\/2021\/03\/alders_tasterschalter_nothalttaster200x150px.jpg\" class=\"attachment-medium size-medium\" alt=\"\" \/><\/div><\/div><\/div><div class=\"col mb-4\"><div class=\"card h-100 text-center\"><div class=\"card-body\"><a href=\"https:\/\/alders.de\/fr\/categorie-de-produit\/pressostat-et-bouton-poussoir\/interrupteur-a-glissiere\/?_produkt_hersteller=nkk-switches\" class=\"stretched-link\"><\/a><h3 class=\"h5 card-title\">Interrupteur \u00e0 glissi\u00e8re<\/h3><img loading=\"lazy\" decoding=\"async\" width=\"200\" height=\"150\" src=\"https:\/\/alders.de\/wp-content\/uploads\/2021\/03\/alders_tasterschalter_schiebeschalter200x150px.jpg\" class=\"attachment-medium size-medium\" alt=\"\" \/><\/div><\/div><\/div><div class=\"col mb-4\"><div class=\"card h-100 text-center\"><div class=\"card-body\"><a href=\"https:\/\/alders.de\/fr\/categorie-de-produit\/pressostat-et-bouton-poussoir\/poussoir\/?_produkt_hersteller=nkk-switches\" class=\"stretched-link\"><\/a><h3 class=\"h5 card-title\">Poussoir<\/h3><img loading=\"lazy\" decoding=\"async\" width=\"200\" height=\"150\" src=\"https:\/\/alders.de\/wp-content\/uploads\/2021\/04\/alders_tasterschalter_drucktaster_200x150px.jpg\" class=\"attachment-medium size-medium\" alt=\"\" \/><\/div><\/div><\/div><div class=\"col mb-4\"><div class=\"card h-100 text-center\"><div class=\"card-body\"><a href=\"https:\/\/alders.de\/fr\/categorie-de-produit\/pressostat-et-bouton-poussoir\/interrupteurs-a-cle\/?_produkt_hersteller=nkk-switches\" class=\"stretched-link\"><\/a><h3 class=\"h5 card-title\">Interrupteurs \u00e0 cl\u00e9<\/h3><img loading=\"lazy\" decoding=\"async\" width=\"200\" height=\"150\" src=\"https:\/\/alders.de\/wp-content\/uploads\/2021\/03\/alders_tasterschalter_schluesselschalter200x150px.jpg\" class=\"attachment-medium size-medium\" alt=\"\" \/><\/div><\/div><\/div><div class=\"col mb-4\"><div class=\"card h-100 text-center\"><div class=\"card-body\"><a href=\"https:\/\/alders.de\/fr\/categorie-de-produit\/pressostat-et-bouton-poussoir\/interrupteurs-tactiles\/?_produkt_hersteller=nkk-switches\" class=\"stretched-link\"><\/a><h3 class=\"h5 card-title\">Interrupteurs tactiles<\/h3><img loading=\"lazy\" decoding=\"async\" width=\"200\" height=\"150\" src=\"https:\/\/alders.de\/wp-content\/uploads\/2021\/03\/alders_tasterschalter_tactiles200x150px.jpg\" class=\"attachment-medium size-medium\" alt=\"\" \/><\/div><\/div><\/div><div class=\"col mb-4\"><div class=\"card h-100 text-center\"><div class=\"card-body\"><a href=\"https:\/\/alders.de\/fr\/categorie-de-produit\/pressostat-et-bouton-poussoir\/selecteur-rotatif\/?_produkt_hersteller=nkk-switches\" class=\"stretched-link\"><\/a><h3 class=\"h5 card-title\">S\u00e9lecteur rotatif<\/h3><img loading=\"lazy\" decoding=\"async\" width=\"200\" height=\"150\" src=\"https:\/\/alders.de\/wp-content\/uploads\/2021\/03\/alders_tasterschalter_drehschalter200x150px.jpg\" class=\"attachment-medium size-medium\" alt=\"\" \/><\/div><\/div><\/div><div class=\"col mb-4\"><div class=\"card h-100 text-center\"><div class=\"card-body\"><a href=\"https:\/\/alders.de\/fr\/categorie-de-produit\/pressostat-et-bouton-poussoir\/interrupteurs-a-bascule\/?_produkt_hersteller=nkk-switches\" class=\"stretched-link\"><\/a><h3 class=\"h5 card-title\">Interrupteurs \u00e0 bascule<\/h3><img loading=\"lazy\" decoding=\"async\" width=\"200\" height=\"150\" src=\"https:\/\/alders.de\/wp-content\/uploads\/2021\/04\/alders_tasterschalter_wippschalter_200x150px.jpg\" class=\"attachment-medium size-medium\" alt=\"\" \/><\/div><\/div><\/div><div class=\"col mb-4\"><div class=\"card h-100 text-center\"><div class=\"card-body\"><a href=\"https:\/\/alders.de\/fr\/categorie-de-produit\/pressostat-et-bouton-poussoir\/boutons-daffichage\/?_produkt_hersteller=nkk-switches\" class=\"stretched-link\"><\/a><h3 class=\"h5 card-title\">Boutons d&#039;affichage<\/h3><img loading=\"lazy\" decoding=\"async\" width=\"200\" height=\"150\" src=\"https:\/\/alders.de\/wp-content\/uploads\/2021\/03\/alders_tasterschalter_displaytaster200x150px.jpg\" class=\"attachment-medium size-medium\" alt=\"\" \/><\/div><\/div><\/div><div class=\"col mb-4\"><div class=\"card h-100 text-center\"><div class=\"card-body\"><a href=\"https:\/\/alders.de\/fr\/categorie-de-produit\/pressostat-et-bouton-poussoir\/interrupteur-a-bascule\/?_produkt_hersteller=nkk-switches\" class=\"stretched-link\"><\/a><h3 class=\"h5 card-title\">Interrupteur \u00e0 bascule<\/h3><img loading=\"lazy\" decoding=\"async\" width=\"200\" height=\"150\" src=\"https:\/\/alders.de\/wp-content\/uploads\/2021\/04\/alders_schaltertaster_kipphebelschalter_200x150px.jpg\" class=\"attachment-medium size-medium\" alt=\"\" \/><\/div><\/div><\/div><\/div>\n<p>[\/vc_column_text][\/vc_column][\/vc_row]<\/p>\n<\/div>","protected":false},"excerpt":{"rendered":"<p>[vc_row full_width=\u00a0\u00bbstretch_row\u00a0\u00bb el_class=\u00a0\u00bbsection-grauverlauf\u00a0\u00bb][vc_column][vc_column_text] NKK Switches Produits de commutation innovants du sp\u00e9cialiste [\/vc_column_text][vc_row_inner equal_height=\u00a0\u00bbyes\u00a0\u00bb][vc_column_inner width=\u00a0\u00bb2\/3&Prime;][vc_column_text]En tant que soci\u00e9t\u00e9 mondiale, NKK Switches est synonyme de qualit\u00e9 et de sensibilisation \u00e0 l\u2019innovation. Depuis de nombreuses ann\u00e9es, le groupe s\u2019est impos\u00e9 comme un leader du march\u00e9 des interrupteurs miniatures et lumineux. Fond\u00e9e en 1951 par Shigeo Ohashi, la soci\u00e9t\u00e9 [&hellip;]<\/p>\n","protected":false},"author":1,"featured_media":0,"parent":280941,"menu_order":0,"comment_status":"closed","ping_status":"closed","template":"","meta":{"footnotes":""},"acf":[],"yoast_head":"<!-- This site is optimized with the Yoast SEO Premium plugin v22.5 (Yoast SEO v22.5) - https:\/\/yoast.com\/wordpress\/plugins\/seo\/ -->\n<title>NKK Switches: Schalterl\u00f6sungen von unserem Premiumpartner<\/title>\n<meta name=\"description\" content=\"Das japanische Unternehmen NKK Switches z\u00e4hlt zu den Premiumpartnern von ALDERS. Wir bieten Ihnen die hochwertigen Schalterl\u00f6sungen des Herstellers.\" \/>\n<meta name=\"robots\" content=\"index, follow, max-snippet:-1, max-image-preview:large, max-video-preview:-1\" \/>\n<link rel=\"canonical\" href=\"https:\/\/alders.de\/fr\/marques\/nkk-switches\/\" \/>\n<meta property=\"og:locale\" content=\"fr_FR\" \/>\n<meta property=\"og:type\" content=\"article\" \/>\n<meta property=\"og:title\" content=\"NKK Switches\" \/>\n<meta property=\"og:description\" content=\"Das japanische Unternehmen NKK Switches z\u00e4hlt zu den Premiumpartnern von ALDERS. Wir bieten Ihnen die hochwertigen Schalterl\u00f6sungen des Herstellers.\" \/>\n<meta property=\"og:url\" content=\"\/\" \/>\n<meta property=\"og:site_name\" content=\"ALDERS electronic GmbH\" \/>\n<meta property=\"article:publisher\" content=\"https:\/\/www.facebook.com\/Alders.electronic\/\" \/>\n<meta property=\"article:modified_time\" content=\"2023-08-24T06:25:59+00:00\" \/>\n<meta property=\"og:image\" content=\"https:\/\/alders.de\/wp-content\/uploads\/2021\/02\/alders-electronic-gmbh_logo.png\" \/>\n\t<meta property=\"og:image:width\" content=\"270\" \/>\n\t<meta property=\"og:image:height\" content=\"66\" \/>\n\t<meta property=\"og:image:type\" content=\"image\/png\" \/>\n<meta name=\"twitter:card\" content=\"summary_large_image\" \/>\n<meta name=\"twitter:label1\" content=\"Dur\u00e9e de lecture estim\u00e9e\" \/>\n\t<meta name=\"twitter:data1\" content=\"1 minute\" \/>\n<script type=\"application\/ld+json\" class=\"yoast-schema-graph\">{\"@context\":\"https:\/\/schema.org\",\"@graph\":[{\"@type\":\"WebPage\",\"@id\":\"https:\/\/alders.de\/fr\/marques\/nkk-switches\/\",\"url\":\"https:\/\/alders.de\/fr\/marques\/nkk-switches\/\",\"name\":\"NKK Switches: Schalterl\u00f6sungen von unserem Premiumpartner\",\"isPartOf\":{\"@id\":\"https:\/\/alders.de\/fr\/#website\"},\"datePublished\":\"2021-02-18T11:43:39+00:00\",\"dateModified\":\"2023-08-24T06:25:59+00:00\",\"description\":\"Das japanische Unternehmen NKK Switches z\u00e4hlt zu den Premiumpartnern von ALDERS. Wir bieten Ihnen die hochwertigen Schalterl\u00f6sungen des Herstellers.\",\"breadcrumb\":{\"@id\":\"https:\/\/alders.de\/fr\/marques\/nkk-switches\/#breadcrumb\"},\"inLanguage\":\"fr-FR\",\"potentialAction\":[{\"@type\":\"ReadAction\",\"target\":[\"https:\/\/alders.de\/fr\/marques\/nkk-switches\/\"]}]},{\"@type\":\"BreadcrumbList\",\"@id\":\"https:\/\/alders.de\/fr\/marques\/nkk-switches\/#breadcrumb\",\"itemListElement\":[{\"@type\":\"ListItem\",\"position\":1,\"name\":\"ALDERS\",\"item\":\"https:\/\/alders.de\/fr\/\"},{\"@type\":\"ListItem\",\"position\":2,\"name\":\"Marques\",\"item\":\"https:\/\/alders.de\/fr\/marques\/\"},{\"@type\":\"ListItem\",\"position\":3,\"name\":\"NKK Switches\"}]},{\"@type\":\"WebSite\",\"@id\":\"https:\/\/alders.de\/fr\/#website\",\"url\":\"https:\/\/alders.de\/fr\/\",\"name\":\"ALDERS electronic GmbH\",\"description\":\"Der Spezialist f\u00fcr elektromechanische L\u00f6sungen\",\"publisher\":{\"@id\":\"https:\/\/alders.de\/fr\/#organization\"},\"potentialAction\":[{\"@type\":\"SearchAction\",\"target\":{\"@type\":\"EntryPoint\",\"urlTemplate\":\"https:\/\/alders.de\/fr\/?s={search_term_string}\"},\"query-input\":\"required name=search_term_string\"}],\"inLanguage\":\"fr-FR\"},{\"@type\":\"Organization\",\"@id\":\"https:\/\/alders.de\/fr\/#organization\",\"name\":\"ALDERS electronic GmbH\",\"url\":\"https:\/\/alders.de\/fr\/\",\"logo\":{\"@type\":\"ImageObject\",\"inLanguage\":\"fr-FR\",\"@id\":\"https:\/\/alders.de\/fr\/#\/schema\/logo\/image\/\",\"url\":\"https:\/\/alders.de\/wp-content\/uploads\/2022\/07\/Alders-logo-Komplett.png\",\"contentUrl\":\"https:\/\/alders.de\/wp-content\/uploads\/2022\/07\/Alders-logo-Komplett.png\",\"width\":1043,\"height\":253,\"caption\":\"ALDERS electronic GmbH\"},\"image\":{\"@id\":\"https:\/\/alders.de\/fr\/#\/schema\/logo\/image\/\"},\"sameAs\":[\"https:\/\/www.facebook.com\/Alders.electronic\/\",\"https:\/\/de.linkedin.com\/company\/alders-electronic-gmbh\",\"https:\/\/www.youtube.com\/channel\/UC-hR66wsAmKOdY03IokrlzA\",\"https:\/\/www.instagram.com\/alders.electronic\/\"]}]}<\/script>\n<!-- \/ Yoast SEO Premium plugin. -->","yoast_head_json":{"title":"NKK Switches: Schalterl\u00f6sungen von unserem Premiumpartner","description":"Das japanische Unternehmen NKK Switches z\u00e4hlt zu den Premiumpartnern von ALDERS. Wir bieten Ihnen die hochwertigen Schalterl\u00f6sungen des Herstellers.","robots":{"index":"index","follow":"follow","max-snippet":"max-snippet:-1","max-image-preview":"max-image-preview:large","max-video-preview":"max-video-preview:-1"},"canonical":"https:\/\/alders.de\/fr\/marques\/nkk-switches\/","og_locale":"fr_FR","og_type":"article","og_title":"NKK Switches","og_description":"Das japanische Unternehmen NKK Switches z\u00e4hlt zu den Premiumpartnern von ALDERS. Wir bieten Ihnen die hochwertigen Schalterl\u00f6sungen des Herstellers.","og_url":"\/","og_site_name":"ALDERS electronic GmbH","article_publisher":"https:\/\/www.facebook.com\/Alders.electronic\/","article_modified_time":"2023-08-24T06:25:59+00:00","og_image":[{"width":270,"height":66,"url":"https:\/\/alders.de\/wp-content\/uploads\/2021\/02\/alders-electronic-gmbh_logo.png","type":"image\/png"}],"twitter_card":"summary_large_image","twitter_misc":{"Dur\u00e9e de lecture estim\u00e9e":"1 minute"},"schema":{"@context":"https:\/\/schema.org","@graph":[{"@type":"WebPage","@id":"https:\/\/alders.de\/fr\/marques\/nkk-switches\/","url":"https:\/\/alders.de\/fr\/marques\/nkk-switches\/","name":"NKK Switches: Schalterl\u00f6sungen von unserem Premiumpartner","isPartOf":{"@id":"https:\/\/alders.de\/fr\/#website"},"datePublished":"2021-02-18T11:43:39+00:00","dateModified":"2023-08-24T06:25:59+00:00","description":"Das japanische Unternehmen NKK Switches z\u00e4hlt zu den Premiumpartnern von ALDERS. Wir bieten Ihnen die hochwertigen Schalterl\u00f6sungen des Herstellers.","breadcrumb":{"@id":"https:\/\/alders.de\/fr\/marques\/nkk-switches\/#breadcrumb"},"inLanguage":"fr-FR","potentialAction":[{"@type":"ReadAction","target":["https:\/\/alders.de\/fr\/marques\/nkk-switches\/"]}]},{"@type":"BreadcrumbList","@id":"https:\/\/alders.de\/fr\/marques\/nkk-switches\/#breadcrumb","itemListElement":[{"@type":"ListItem","position":1,"name":"ALDERS","item":"https:\/\/alders.de\/fr\/"},{"@type":"ListItem","position":2,"name":"Marques","item":"https:\/\/alders.de\/fr\/marques\/"},{"@type":"ListItem","position":3,"name":"NKK Switches"}]},{"@type":"WebSite","@id":"https:\/\/alders.de\/fr\/#website","url":"https:\/\/alders.de\/fr\/","name":"ALDERS electronic GmbH","description":"Der Spezialist f\u00fcr elektromechanische L\u00f6sungen","publisher":{"@id":"https:\/\/alders.de\/fr\/#organization"},"potentialAction":[{"@type":"SearchAction","target":{"@type":"EntryPoint","urlTemplate":"https:\/\/alders.de\/fr\/?s={search_term_string}"},"query-input":"required name=search_term_string"}],"inLanguage":"fr-FR"},{"@type":"Organization","@id":"https:\/\/alders.de\/fr\/#organization","name":"ALDERS electronic GmbH","url":"https:\/\/alders.de\/fr\/","logo":{"@type":"ImageObject","inLanguage":"fr-FR","@id":"https:\/\/alders.de\/fr\/#\/schema\/logo\/image\/","url":"https:\/\/alders.de\/wp-content\/uploads\/2022\/07\/Alders-logo-Komplett.png","contentUrl":"https:\/\/alders.de\/wp-content\/uploads\/2022\/07\/Alders-logo-Komplett.png","width":1043,"height":253,"caption":"ALDERS electronic GmbH"},"image":{"@id":"https:\/\/alders.de\/fr\/#\/schema\/logo\/image\/"},"sameAs":["https:\/\/www.facebook.com\/Alders.electronic\/","https:\/\/de.linkedin.com\/company\/alders-electronic-gmbh","https:\/\/www.youtube.com\/channel\/UC-hR66wsAmKOdY03IokrlzA","https:\/\/www.instagram.com\/alders.electronic\/"]}]}},"_links":{"self":[{"href":"https:\/\/alders.de\/fr\/wp-json\/wp\/v2\/pages\/280988"}],"collection":[{"href":"https:\/\/alders.de\/fr\/wp-json\/wp\/v2\/pages"}],"about":[{"href":"https:\/\/alders.de\/fr\/wp-json\/wp\/v2\/types\/page"}],"author":[{"embeddable":true,"href":"https:\/\/alders.de\/fr\/wp-json\/wp\/v2\/users\/1"}],"replies":[{"embeddable":true,"href":"https:\/\/alders.de\/fr\/wp-json\/wp\/v2\/comments?post=280988"}],"version-history":[{"count":7,"href":"https:\/\/alders.de\/fr\/wp-json\/wp\/v2\/pages\/280988\/revisions"}],"predecessor-version":[{"id":287729,"href":"https:\/\/alders.de\/fr\/wp-json\/wp\/v2\/pages\/280988\/revisions\/287729"}],"up":[{"embeddable":true,"href":"https:\/\/alders.de\/fr\/wp-json\/wp\/v2\/pages\/280941"}],"wp:attachment":[{"href":"https:\/\/alders.de\/fr\/wp-json\/wp\/v2\/media?parent=280988"}],"curies":[{"name":"wp","href":"https:\/\/api.w.org\/{rel}","templated":true}]}}