{"id":280991,"date":"2021-02-18T12:44:04","date_gmt":"2021-02-18T11:44:04","guid":{"rendered":"https:\/\/dev2.alders.de\/marques\/apm-hexseal\/"},"modified":"2023-08-24T08:33:34","modified_gmt":"2023-08-24T06:33:34","slug":"apm-hexseal","status":"publish","type":"page","link":"https:\/\/alders.de\/fr\/marques\/apm-hexseal\/","title":{"rendered":"APM HEXSEAL"},"content":{"rendered":"<div class=\"wpb-content-wrapper\"><p>[vc_row full_width=\u00a0\u00bbstretch_row\u00a0\u00bb el_class=\u00a0\u00bbsection-grauverlauf\u00a0\u00bb][vc_column][vc_column_text]<\/p>\n<h1 style=\"text-align: center;\">APM HEXSEAL<\/h1>\n<h2 class=\"subline\" style=\"text-align: center;\">Solutions d\u2019\u00e9tanch\u00e9it\u00e9 pour interrupteurs et vis avec joints int\u00e9gr\u00e9s<\/h2>\n<p>[\/vc_column_text][vc_column_text]APM Hexseal a \u00e9t\u00e9 fond\u00e9e en 1947 dans le but de d\u00e9velopper des solutions de protection de l\u2019environnement permettant de prolonger la dur\u00e9e de vie des composants \u00e9lectrom\u00e9caniques dans le monde entier. La gamme de produits comprend de nombreux types de capuchons d\u2019\u00e9tanch\u00e9it\u00e9 pour interrupteurs et fusibles ainsi que des vis, des \u00e9crous et des rondelles avec joints int\u00e9gr\u00e9s.<\/p>\n<p>Depuis sa fondation, APM Hexseal a d\u00e9velopp\u00e9 une vaste gamme de capuchons d\u2019\u00e9tanch\u00e9it\u00e9 haute pression pour interrupteurs et disjoncteurs. Les joints du fabricant sont con\u00e7us pour la norme MIL-B-5433 afin de pouvoir fournir de mani\u00e8re professionnelle l\u2019ing\u00e9nierie a\u00e9ronautique, la technologie de mesure, la technologie de communication, la construction, la technologie marine, la technologie m\u00e9dicale ainsi que la technologie industrielle.<\/p>\n<p>En outre, APM Hexseal propose des fixations (auto-\u00e9tanches) et des joints d\u2019\u00e9tanch\u00e9it\u00e9 approuv\u00e9s par UL pour les syst\u00e8mes \u00e9lectriques de 20 000 PSIG. Ces fixations et rondelles sont imperm\u00e9ables \u00e0 une vari\u00e9t\u00e9 de liquides et de gaz corrosifs.<\/p>\n<p>Nous sommes heureux de vous fournir des informations suppl\u00e9mentaires sur notre partenaire. Vous trouverez plus de d\u00e9tails sur les solutions d\u2019\u00e9tanch\u00e9it\u00e9 APM Hexseal dans le\u00a0<a href=\"https:\/\/alders.de\/wp-content\/uploads\/2021\/04\/apm-hexseal-catalog.pdf\" target=\"_blank\" rel=\"noopener\">catalogue <\/a>de produits du fabricant.[\/vc_column_text][\/vc_column][\/vc_row][vc_row equal_height=\u00a0\u00bbyes\u00a0\u00bb][vc_column css=\u00a0\u00bb.vc_custom_1623081722068{padding-top: 400px !important;background-image: url(https:\/\/alders.de\/wp-content\/uploads\/2023\/01\/SB-11A-00.pdf2021\/06\/alder-produkte-apm-hexseal.jpg?id=4117) !important;background-position: center !important;background-repeat: no-repeat !important;background-size: cover !important;}\u00a0\u00bb offset=\u00a0\u00bbvc_col-lg-9 vc_col-md-8&Prime;][\/vc_column][\/vc_row][vc_row full_width=\u00a0\u00bbstretch_row\u00a0\u00bb el_class=\u00a0\u00bbsection-grauverlauf\u00a0\u00bb][vc_column][vc_column_text]<\/p>\n<h2 style=\"text-align: center;\">Portfolio de produits de APM Hexseal<\/h2>\n<p>&nbsp;<\/p>\n<p style=\"text-align: center;\"><div class=\"row row-cols-1 row-cols-sm-2 row-cols-lg-3\" id=\"alders_product_cats\"><div class=\"col mb-4\"><div class=\"card h-100 text-center\"><div class=\"card-body\"><a href=\"https:\/\/alders.de\/fr\/categorie-de-produit\/pressostat-et-bouton-poussoir\/capuchons-detancheite\/?_produkt_hersteller=apm-hexseal\" class=\"stretched-link\"><\/a><h3 class=\"h5 card-title\">Capuchons d\u2019\u00e9tanch\u00e9it\u00e9<\/h3><img loading=\"lazy\" decoding=\"async\" width=\"200\" height=\"150\" src=\"https:\/\/alders.de\/wp-content\/uploads\/2021\/03\/alders_tasterschalter_dichtkappen_200x150px.jpg\" class=\"attachment-medium size-medium\" alt=\"\" \/><\/div><\/div><\/div><div class=\"col mb-4\"><div class=\"card h-100 text-center\"><div class=\"card-body\"><a href=\"https:\/\/alders.de\/fr\/categorie-de-produit\/pressostat-et-bouton-poussoir\/solutions-speciales-cablage\/?_produkt_hersteller=apm-hexseal\" class=\"stretched-link\"><\/a><h3 class=\"h5 card-title\">Solutions sp\u00e9ciales \/ C\u00e2blage<\/h3><img loading=\"lazy\" decoding=\"async\" width=\"300\" height=\"139\" src=\"https:\/\/alders.de\/wp-content\/uploads\/2022\/05\/alders_P3-SwitchesSymbols-300x139.png\" class=\"attachment-medium size-medium\" alt=\"\" srcset=\"https:\/\/alders.de\/wp-content\/uploads\/2022\/05\/alders_P3-SwitchesSymbols-300x139.png 300w, https:\/\/alders.de\/wp-content\/uploads\/2022\/05\/alders_P3-SwitchesSymbols-768x355.png 768w, https:\/\/alders.de\/wp-content\/uploads\/2022\/05\/alders_P3-SwitchesSymbols-600x277.png 600w, https:\/\/alders.de\/wp-content\/uploads\/2022\/05\/alders_P3-SwitchesSymbols.png 970w\" sizes=\"(max-width: 300px) 100vw, 300px\" \/><\/div><\/div><\/div><div class=\"col mb-4\"><div class=\"card h-100 text-center\"><div class=\"card-body\"><a href=\"https:\/\/alders.de\/fr\/categorie-de-produit\/pressostat-et-bouton-poussoir\/interrupteurs-a-bascule\/?_produkt_hersteller=apm-hexseal\" class=\"stretched-link\"><\/a><h3 class=\"h5 card-title\">Interrupteurs \u00e0 bascule<\/h3><img loading=\"lazy\" decoding=\"async\" width=\"200\" height=\"150\" src=\"https:\/\/alders.de\/wp-content\/uploads\/2021\/04\/alders_tasterschalter_wippschalter_200x150px.jpg\" class=\"attachment-medium size-medium\" alt=\"\" \/><\/div><\/div><\/div><div class=\"col mb-4\"><div class=\"card h-100 text-center\"><div class=\"card-body\"><a href=\"https:\/\/alders.de\/fr\/categorie-de-produit\/vis-et-ecrous-detancheite\/rondelles-detancheites\/?_produkt_hersteller=apm-hexseal\" class=\"stretched-link\"><\/a><h3 class=\"h5 card-title\">Rondelles d\u2018\u00e9tanch\u00e9it\u00e9s<\/h3><img loading=\"lazy\" decoding=\"async\" width=\"200\" height=\"150\" src=\"https:\/\/alders.de\/wp-content\/uploads\/2021\/03\/alders_selbstdichtendemuttern_selbstdichtendeunterlegscheiben200x150px.jpg\" class=\"attachment-medium size-medium\" alt=\"\" \/><\/div><\/div><\/div><div class=\"col mb-4\"><div class=\"card h-100 text-center\"><div class=\"card-body\"><a href=\"https:\/\/alders.de\/fr\/categorie-de-produit\/vis-et-ecrous-detancheite\/vis-imperial\/?_produkt_hersteller=apm-hexseal\" class=\"stretched-link\"><\/a><h3 class=\"h5 card-title\">Vis imp\u00e9rial<\/h3><img loading=\"lazy\" decoding=\"async\" width=\"200\" height=\"150\" src=\"https:\/\/alders.de\/wp-content\/uploads\/2021\/03\/alders_selbstdichtendemuttern_nichtmetrischeschrauben200x150px-1.jpg\" class=\"attachment-medium size-medium\" alt=\"\" \/><\/div><\/div><\/div><div class=\"col mb-4\"><div class=\"card h-100 text-center\"><div class=\"card-body\"><a href=\"https:\/\/alders.de\/fr\/categorie-de-produit\/vis-et-ecrous-detancheite\/vis-metrique-auto-etanches\/?_produkt_hersteller=apm-hexseal\" class=\"stretched-link\"><\/a><h3 class=\"h5 card-title\">Vis m\u00e9trique auto-\u00e9tanches<\/h3><img loading=\"lazy\" decoding=\"async\" width=\"200\" height=\"150\" src=\"https:\/\/alders.de\/wp-content\/uploads\/2021\/03\/alders_selbstdichtendemuttern_metrischeschrauben200x150px-1.jpg\" class=\"attachment-medium size-medium\" alt=\"\" \/><\/div><\/div><\/div><div class=\"col mb-4\"><div class=\"card h-100 text-center\"><div class=\"card-body\"><a href=\"https:\/\/alders.de\/fr\/categorie-de-produit\/vis-et-ecrous-detancheite\/rivets-auto-obturants\/?_produkt_hersteller=apm-hexseal\" class=\"stretched-link\"><\/a><h3 class=\"h5 card-title\">Rivets auto-obturants<\/h3><img loading=\"lazy\" decoding=\"async\" width=\"200\" height=\"150\" src=\"https:\/\/alders.de\/wp-content\/uploads\/2021\/03\/alders_selbstdichtendemuttern_selbstdichtendenieten200x150px-1.jpg\" class=\"attachment-medium size-medium\" alt=\"\" \/><\/div><\/div><\/div><div class=\"col mb-4\"><div class=\"card h-100 text-center\"><div class=\"card-body\"><a href=\"https:\/\/alders.de\/fr\/categorie-de-produit\/pressostat-et-bouton-poussoir\/interrupteur-a-bascule\/?_produkt_hersteller=apm-hexseal\" class=\"stretched-link\"><\/a><h3 class=\"h5 card-title\">Interrupteur \u00e0 bascule<\/h3><img loading=\"lazy\" decoding=\"async\" width=\"200\" height=\"150\" src=\"https:\/\/alders.de\/wp-content\/uploads\/2021\/04\/alders_schaltertaster_kipphebelschalter_200x150px.jpg\" class=\"attachment-medium size-medium\" alt=\"\" \/><\/div><\/div><\/div><div class=\"col mb-4\"><div class=\"card h-100 text-center\"><div class=\"card-body\"><a href=\"https:\/\/alders.de\/fr\/categorie-de-produit\/vis-et-ecrous-detancheite\/ecrous-imperial-non-metrique\/?_produkt_hersteller=apm-hexseal\" class=\"stretched-link\"><\/a><h3 class=\"h5 card-title\">Ecrous imp\u00e9rial, non m\u00e9trique<\/h3><img loading=\"lazy\" decoding=\"async\" width=\"200\" height=\"150\" src=\"https:\/\/alders.de\/wp-content\/uploads\/2021\/03\/alders_selbstdichtendemuttern_nichtmetrischemuttern200x150px-1.jpg\" class=\"attachment-medium size-medium\" alt=\"\" \/><\/div><\/div><\/div><div class=\"col mb-4\"><div class=\"card h-100 text-center\"><div class=\"card-body\"><a href=\"https:\/\/alders.de\/fr\/categorie-de-produit\/vis-et-ecrous-detancheite\/ecrous-metrique\/?_produkt_hersteller=apm-hexseal\" class=\"stretched-link\"><\/a><h3 class=\"h5 card-title\">Ecrous m\u00e9trique<\/h3><img loading=\"lazy\" decoding=\"async\" width=\"200\" height=\"150\" src=\"https:\/\/alders.de\/wp-content\/uploads\/2021\/03\/alders_selbstdichtendemuttern_metrischemuttern200x150px-1.jpg\" class=\"attachment-medium size-medium\" alt=\"\" \/><\/div><\/div><\/div><\/div>\n<p>[\/vc_column_text][\/vc_column][\/vc_row][vc_row][vc_column][\/vc_column][\/vc_row]<\/p>\n<\/div>","protected":false},"excerpt":{"rendered":"<p>[vc_row full_width=\u00a0\u00bbstretch_row\u00a0\u00bb el_class=\u00a0\u00bbsection-grauverlauf\u00a0\u00bb][vc_column][vc_column_text] APM HEXSEAL Solutions d\u2019\u00e9tanch\u00e9it\u00e9 pour interrupteurs et vis avec joints int\u00e9gr\u00e9s [\/vc_column_text][vc_column_text]APM Hexseal a \u00e9t\u00e9 fond\u00e9e en 1947 dans le but de d\u00e9velopper des solutions de protection de l\u2019environnement permettant de prolonger la dur\u00e9e de vie des composants \u00e9lectrom\u00e9caniques dans le monde entier. La gamme de produits comprend de nombreux types de [&hellip;]<\/p>\n","protected":false},"author":1,"featured_media":0,"parent":280941,"menu_order":0,"comment_status":"closed","ping_status":"closed","template":"","meta":{"footnotes":""},"acf":[],"yoast_head":"<!-- This site is optimized with the Yoast SEO Premium plugin v22.5 (Yoast SEO v22.5) - https:\/\/yoast.com\/wordpress\/plugins\/seo\/ -->\n<title>Zuverl\u00e4ssige Dichtungsl\u00f6sungen von APM Hexseal<\/title>\n<meta name=\"description\" content=\"APM Hexseal z\u00e4hlt zu den langj\u00e4hrigen Premiumpartnern von ALDERS. Profitieren Sie von zuverl\u00e4ssigen Dichtungen f\u00fcr Ihre elektromechanischen Bauteile.\" \/>\n<meta name=\"robots\" content=\"index, follow, max-snippet:-1, max-image-preview:large, max-video-preview:-1\" \/>\n<link rel=\"canonical\" href=\"https:\/\/alders.de\/fr\/marques\/apm-hexseal\/\" \/>\n<meta property=\"og:locale\" content=\"fr_FR\" \/>\n<meta property=\"og:type\" content=\"article\" \/>\n<meta property=\"og:title\" content=\"APM HEXSEAL\" \/>\n<meta property=\"og:description\" content=\"APM Hexseal z\u00e4hlt zu den langj\u00e4hrigen Premiumpartnern von ALDERS. Profitieren Sie von zuverl\u00e4ssigen Dichtungen f\u00fcr Ihre elektromechanischen Bauteile.\" \/>\n<meta property=\"og:url\" content=\"\/\" \/>\n<meta property=\"og:site_name\" content=\"ALDERS electronic GmbH\" \/>\n<meta property=\"article:publisher\" content=\"https:\/\/www.facebook.com\/Alders.electronic\/\" \/>\n<meta property=\"article:modified_time\" content=\"2023-08-24T06:33:34+00:00\" \/>\n<meta property=\"og:image\" content=\"https:\/\/alders.de\/wp-content\/uploads\/2021\/02\/alders-electronic-gmbh_logo.png\" \/>\n\t<meta property=\"og:image:width\" content=\"270\" \/>\n\t<meta property=\"og:image:height\" content=\"66\" \/>\n\t<meta property=\"og:image:type\" content=\"image\/png\" \/>\n<meta name=\"twitter:card\" content=\"summary_large_image\" \/>\n<meta name=\"twitter:label1\" content=\"Dur\u00e9e de lecture estim\u00e9e\" \/>\n\t<meta name=\"twitter:data1\" content=\"1 minute\" \/>\n<script type=\"application\/ld+json\" class=\"yoast-schema-graph\">{\"@context\":\"https:\/\/schema.org\",\"@graph\":[{\"@type\":\"WebPage\",\"@id\":\"https:\/\/alders.de\/fr\/marques\/apm-hexseal\/\",\"url\":\"https:\/\/alders.de\/fr\/marques\/apm-hexseal\/\",\"name\":\"Zuverl\u00e4ssige Dichtungsl\u00f6sungen von APM Hexseal\",\"isPartOf\":{\"@id\":\"https:\/\/alders.de\/fr\/#website\"},\"datePublished\":\"2021-02-18T11:44:04+00:00\",\"dateModified\":\"2023-08-24T06:33:34+00:00\",\"description\":\"APM Hexseal z\u00e4hlt zu den langj\u00e4hrigen Premiumpartnern von ALDERS. Profitieren Sie von zuverl\u00e4ssigen Dichtungen f\u00fcr Ihre elektromechanischen Bauteile.\",\"breadcrumb\":{\"@id\":\"https:\/\/alders.de\/fr\/marques\/apm-hexseal\/#breadcrumb\"},\"inLanguage\":\"fr-FR\",\"potentialAction\":[{\"@type\":\"ReadAction\",\"target\":[\"https:\/\/alders.de\/fr\/marques\/apm-hexseal\/\"]}]},{\"@type\":\"BreadcrumbList\",\"@id\":\"https:\/\/alders.de\/fr\/marques\/apm-hexseal\/#breadcrumb\",\"itemListElement\":[{\"@type\":\"ListItem\",\"position\":1,\"name\":\"ALDERS\",\"item\":\"https:\/\/alders.de\/fr\/\"},{\"@type\":\"ListItem\",\"position\":2,\"name\":\"Marques\",\"item\":\"https:\/\/alders.de\/fr\/marques\/\"},{\"@type\":\"ListItem\",\"position\":3,\"name\":\"APM HEXSEAL\"}]},{\"@type\":\"WebSite\",\"@id\":\"https:\/\/alders.de\/fr\/#website\",\"url\":\"https:\/\/alders.de\/fr\/\",\"name\":\"ALDERS electronic GmbH\",\"description\":\"Der Spezialist f\u00fcr elektromechanische L\u00f6sungen\",\"publisher\":{\"@id\":\"https:\/\/alders.de\/fr\/#organization\"},\"potentialAction\":[{\"@type\":\"SearchAction\",\"target\":{\"@type\":\"EntryPoint\",\"urlTemplate\":\"https:\/\/alders.de\/fr\/?s={search_term_string}\"},\"query-input\":\"required name=search_term_string\"}],\"inLanguage\":\"fr-FR\"},{\"@type\":\"Organization\",\"@id\":\"https:\/\/alders.de\/fr\/#organization\",\"name\":\"ALDERS electronic GmbH\",\"url\":\"https:\/\/alders.de\/fr\/\",\"logo\":{\"@type\":\"ImageObject\",\"inLanguage\":\"fr-FR\",\"@id\":\"https:\/\/alders.de\/fr\/#\/schema\/logo\/image\/\",\"url\":\"https:\/\/alders.de\/wp-content\/uploads\/2022\/07\/Alders-logo-Komplett.png\",\"contentUrl\":\"https:\/\/alders.de\/wp-content\/uploads\/2022\/07\/Alders-logo-Komplett.png\",\"width\":1043,\"height\":253,\"caption\":\"ALDERS electronic GmbH\"},\"image\":{\"@id\":\"https:\/\/alders.de\/fr\/#\/schema\/logo\/image\/\"},\"sameAs\":[\"https:\/\/www.facebook.com\/Alders.electronic\/\",\"https:\/\/de.linkedin.com\/company\/alders-electronic-gmbh\",\"https:\/\/www.youtube.com\/channel\/UC-hR66wsAmKOdY03IokrlzA\",\"https:\/\/www.instagram.com\/alders.electronic\/\"]}]}<\/script>\n<!-- \/ Yoast SEO Premium plugin. -->","yoast_head_json":{"title":"Zuverl\u00e4ssige Dichtungsl\u00f6sungen von APM Hexseal","description":"APM Hexseal z\u00e4hlt zu den langj\u00e4hrigen Premiumpartnern von ALDERS. Profitieren Sie von zuverl\u00e4ssigen Dichtungen f\u00fcr Ihre elektromechanischen Bauteile.","robots":{"index":"index","follow":"follow","max-snippet":"max-snippet:-1","max-image-preview":"max-image-preview:large","max-video-preview":"max-video-preview:-1"},"canonical":"https:\/\/alders.de\/fr\/marques\/apm-hexseal\/","og_locale":"fr_FR","og_type":"article","og_title":"APM HEXSEAL","og_description":"APM Hexseal z\u00e4hlt zu den langj\u00e4hrigen Premiumpartnern von ALDERS. Profitieren Sie von zuverl\u00e4ssigen Dichtungen f\u00fcr Ihre elektromechanischen Bauteile.","og_url":"\/","og_site_name":"ALDERS electronic GmbH","article_publisher":"https:\/\/www.facebook.com\/Alders.electronic\/","article_modified_time":"2023-08-24T06:33:34+00:00","og_image":[{"width":270,"height":66,"url":"https:\/\/alders.de\/wp-content\/uploads\/2021\/02\/alders-electronic-gmbh_logo.png","type":"image\/png"}],"twitter_card":"summary_large_image","twitter_misc":{"Dur\u00e9e de lecture estim\u00e9e":"1 minute"},"schema":{"@context":"https:\/\/schema.org","@graph":[{"@type":"WebPage","@id":"https:\/\/alders.de\/fr\/marques\/apm-hexseal\/","url":"https:\/\/alders.de\/fr\/marques\/apm-hexseal\/","name":"Zuverl\u00e4ssige Dichtungsl\u00f6sungen von APM Hexseal","isPartOf":{"@id":"https:\/\/alders.de\/fr\/#website"},"datePublished":"2021-02-18T11:44:04+00:00","dateModified":"2023-08-24T06:33:34+00:00","description":"APM Hexseal z\u00e4hlt zu den langj\u00e4hrigen Premiumpartnern von ALDERS. Profitieren Sie von zuverl\u00e4ssigen Dichtungen f\u00fcr Ihre elektromechanischen Bauteile.","breadcrumb":{"@id":"https:\/\/alders.de\/fr\/marques\/apm-hexseal\/#breadcrumb"},"inLanguage":"fr-FR","potentialAction":[{"@type":"ReadAction","target":["https:\/\/alders.de\/fr\/marques\/apm-hexseal\/"]}]},{"@type":"BreadcrumbList","@id":"https:\/\/alders.de\/fr\/marques\/apm-hexseal\/#breadcrumb","itemListElement":[{"@type":"ListItem","position":1,"name":"ALDERS","item":"https:\/\/alders.de\/fr\/"},{"@type":"ListItem","position":2,"name":"Marques","item":"https:\/\/alders.de\/fr\/marques\/"},{"@type":"ListItem","position":3,"name":"APM HEXSEAL"}]},{"@type":"WebSite","@id":"https:\/\/alders.de\/fr\/#website","url":"https:\/\/alders.de\/fr\/","name":"ALDERS electronic GmbH","description":"Der Spezialist f\u00fcr elektromechanische L\u00f6sungen","publisher":{"@id":"https:\/\/alders.de\/fr\/#organization"},"potentialAction":[{"@type":"SearchAction","target":{"@type":"EntryPoint","urlTemplate":"https:\/\/alders.de\/fr\/?s={search_term_string}"},"query-input":"required name=search_term_string"}],"inLanguage":"fr-FR"},{"@type":"Organization","@id":"https:\/\/alders.de\/fr\/#organization","name":"ALDERS electronic GmbH","url":"https:\/\/alders.de\/fr\/","logo":{"@type":"ImageObject","inLanguage":"fr-FR","@id":"https:\/\/alders.de\/fr\/#\/schema\/logo\/image\/","url":"https:\/\/alders.de\/wp-content\/uploads\/2022\/07\/Alders-logo-Komplett.png","contentUrl":"https:\/\/alders.de\/wp-content\/uploads\/2022\/07\/Alders-logo-Komplett.png","width":1043,"height":253,"caption":"ALDERS electronic GmbH"},"image":{"@id":"https:\/\/alders.de\/fr\/#\/schema\/logo\/image\/"},"sameAs":["https:\/\/www.facebook.com\/Alders.electronic\/","https:\/\/de.linkedin.com\/company\/alders-electronic-gmbh","https:\/\/www.youtube.com\/channel\/UC-hR66wsAmKOdY03IokrlzA","https:\/\/www.instagram.com\/alders.electronic\/"]}]}},"_links":{"self":[{"href":"https:\/\/alders.de\/fr\/wp-json\/wp\/v2\/pages\/280991"}],"collection":[{"href":"https:\/\/alders.de\/fr\/wp-json\/wp\/v2\/pages"}],"about":[{"href":"https:\/\/alders.de\/fr\/wp-json\/wp\/v2\/types\/page"}],"author":[{"embeddable":true,"href":"https:\/\/alders.de\/fr\/wp-json\/wp\/v2\/users\/1"}],"replies":[{"embeddable":true,"href":"https:\/\/alders.de\/fr\/wp-json\/wp\/v2\/comments?post=280991"}],"version-history":[{"count":4,"href":"https:\/\/alders.de\/fr\/wp-json\/wp\/v2\/pages\/280991\/revisions"}],"predecessor-version":[{"id":287735,"href":"https:\/\/alders.de\/fr\/wp-json\/wp\/v2\/pages\/280991\/revisions\/287735"}],"up":[{"embeddable":true,"href":"https:\/\/alders.de\/fr\/wp-json\/wp\/v2\/pages\/280941"}],"wp:attachment":[{"href":"https:\/\/alders.de\/fr\/wp-json\/wp\/v2\/media?parent=280991"}],"curies":[{"name":"wp","href":"https:\/\/api.w.org\/{rel}","templated":true}]}}