{"id":281096,"date":"2021-03-15T10:59:21","date_gmt":"2021-03-15T09:59:21","guid":{"rendered":"https:\/\/dev2.alders.de\/produits\/multifunktionsgriffe\/"},"modified":"2022-02-15T11:24:25","modified_gmt":"2022-02-15T10:24:25","slug":"poignees-de-commande-et-leviers-lateraux","status":"publish","type":"page","link":"https:\/\/alders.de\/fr\/produits\/poignees-de-commande-et-leviers-lateraux\/","title":{"rendered":"Poignees de commande et leviers lateraux"},"content":{"rendered":"<div class=\"wpb-content-wrapper\"><p>[vc_row full_width=\u00a0\u00bbstretch_row\u00a0\u00bb el_class=\u00a0\u00bbsection-grauverlauf\u00a0\u00bb][vc_column][vc_column_text]<\/p>\n<h1 style=\"text-align: center;\">Poign\u00e9es de commande<\/h1>\n<p>[\/vc_column_text][vc_row_inner][vc_column_inner width=\u00a0\u00bb1\/2&Prime;][vc_column_text]ALDERS propose des poign\u00e9es de commande de haute pr\u00e9cision pour une large gamme d\u2019applications. Que vous souhaitiez contr\u00f4ler des engins de construction lourds ou des avions, la pr\u00e9cision du contr\u00f4le ou de la direction est la cl\u00e9 de vo\u00fbte. En plus de notre propre marque ALDERS, nous misons sur les produits de haute qualit\u00e9 d\u2019OTTO Controls. Cela nous permet de vous proposer une large gamme de poign\u00e9es de commande qui peuvent \u00eatre utilis\u00e9es dans plusieurs domaines:<\/p>\n<ul>\n<li>mat\u00e9riel agricole<\/li>\n<li>a\u00e9ronefs<\/li>\n<li>v\u00e9hicules militaires<\/li>\n<li>mat\u00e9riel de construction<\/li>\n<li>t\u00e9l\u00e9commandes \u00e0 fil portatives<\/li>\n<\/ul>\n<p>[\/vc_column_text][\/vc_column_inner][vc_column_inner width=\u00a0\u00bb1\/2&Prime;][vc_column_text]Nous mettons volontiers notre exp\u00e9rience et notre savoir-faire \u00e0 votre disposition pour vous aider \u00e0 trouver la poign\u00e9e de commandela mieux adapt\u00e9e \u00e0 vos besoins. Cela signifie que rien ne s\u2019oppose plus \u00e0 une commande pr\u00e9cise et confortable.<\/p>\n<p>Vous avez une question ou vous souhaitez des conseils sur nos produits? Appelez-nous ou envoyez-nous un e-mail \u2013 nous nous r\u00e9jouissons de votre demande![\/vc_column_text][\/vc_column_inner][\/vc_row_inner][\/vc_column][\/vc_row][vc_row][vc_column][vc_row_inner][vc_column_inner][vc_column_text]<\/p>\n<h2 style=\"text-align: center;\">Poign\u00e9es multifonctions ALDERS et OTTO Controls \u2013 technique de r\u00e9gulation de haute pr\u00e9cision<\/h2>\n<p>[\/vc_column_text][vc_column_text]Nos propres poign\u00e9es de commande et celles de notre partenaire OTTO Controls servent d\u2019interface entre l\u2019homme et la machine. Leur t\u00e2che consiste \u00e0 transf\u00e9rer avec pr\u00e9cision les mouvements humains \u00e0 la machine dans une grande vari\u00e9t\u00e9 de domaines tels que l\u2019aviation ou les engins de construction. C\u2019est pourquoi la pr\u00e9cision et la haute qualit\u00e9 sont particuli\u00e8rement importantes pour ces produits. Les poign\u00e9es de commande des commandes OTTO Controls et ALDERS sont multifonctionnels avec boutons int\u00e9gr\u00e9s, mini manettes, boutons multidirectionnels, molettes ou codeurs incr\u00e9mentaux pour signaux num\u00e9riques et proportionnels. Nous pouvons adapter chaque coque de poign\u00e9e \u00e0 votre profil d\u2019exigence, car nous sommes conscients que chaque domaine d\u2019application n\u00e9cessite des configurations diff\u00e9rentes. Gr\u00e2ce au syst\u00e8me modulaire, les poign\u00e9es multifonctions peuvent \u00eatre install\u00e9es sur des sous-constructions hydrauliques ou \u00e9lectriques existantes. Si vos machines ne disposent pas encore de l\u2019\u00e9quipement appropri\u00e9, nous pouvons \u00e9galement vous proposer des solutions compl\u00e8tes comprenant des sous-structures \u00e9lectriques ou des syst\u00e8mes CAN-BUS complets. Chez ALDERS, nous produisons \u00e9galement des poign\u00e9es multifonctions, o\u00f9 nous vous offrons de nombreuses possibilit\u00e9s de configuration. Entre autres, vous avez le choix entre diff\u00e9rentes plaques de pouce pour les diff\u00e9rents domaines d\u2019application. Les poign\u00e9es multifonctions permettent deux types de guidage. Vous avez ainsi le choix entre le guide transversal standard, dans lequel vous ne pouvez d\u00e9placer la poign\u00e9e de commande que le long des deux axes. Ou vous d\u00e9cidez pour la direction en croix, qui permet un mouvement de pr\u00e8s de 360 degr\u00e9s.[\/vc_column_text][\/vc_column_inner][\/vc_row_inner][\/vc_column][\/vc_row][vc_row css=\u00a0\u00bb.vc_custom_1618487035088{padding-top: 0px !important;padding-bottom: 0px !important;}\u00a0\u00bb][vc_column]<div class=\"alders_block\">[vc_row full_width=\"stretch_row\" el_class=\"section-grauverlauf\" el_id=\"unterkategorien\"][vc_column][vc_column_text]\r\n<h2 style=\"text-align: center;\">Choisissez parmi les sous-cat\u00e9gories suivantes:<\/h2>\r\n&nbsp;\r\n<p style=\"text-align: center;\"><div class=\"row row-cols-1 row-cols-sm-2 row-cols-lg-3\" id=\"alders_unterseiten\"><div class=\"col mb-4\">  <div class=\"card h-100 text-center\">    <div class=\"card-body\">      <h5 class=\"card-title\">Poign\u00e9es de commande<\/h5>      <a href=\"https:\/\/alders.de\/fr\/produits\/poignees-de-commande-et-leviers-lateraux\/poignees-de-commande\/\" class=\"stretched-link\"><img decoding=\"async\" src=\"https:\/\/alders.de\/wp-content\/uploads\/2021\/06\/g3-contour-grip-pic-e-for-web-e1632147115770.png\" class=\"img-fluid\" alt=\"Poign\u00e9es de commande\"><\/a>    <\/div>  <\/div><\/div><div class=\"col mb-4\">  <div class=\"card h-100 text-center\">    <div class=\"card-body\">      <h5 class=\"card-title\">Poign\u00e9es de commande pour l\u2019a\u00e9ronautique<\/h5>      <a href=\"https:\/\/alders.de\/fr\/produits\/poignees-de-commande-et-leviers-lateraux\/poignees-de-commande-l-aeronautique\/\" class=\"stretched-link\"><img decoding=\"async\" src=\"https:\/\/alders.de\/wp-content\/uploads\/2021\/06\/alders-steuergriffe-sidesticks-otto-controls-fuer-luftfahrt-und-militaerische-applikationen.png\" class=\"img-fluid\" alt=\"Poign\u00e9es de commande pour l\u2019a\u00e9ronautique\"><\/a>    <\/div>  <\/div><\/div><div class=\"col mb-4\">  <div class=\"card h-100 text-center\">    <div class=\"card-body\">      <h5 class=\"card-title\">Poign\u00e9es de commande pour la d\u00e9fense<\/h5>      <a href=\"https:\/\/alders.de\/fr\/produits\/poignees-de-commande-et-leviers-lateraux\/poignees-de-commande-defense\/\" class=\"stretched-link\"><img decoding=\"async\" src=\"https:\/\/alders.de\/wp-content\/uploads\/2021\/06\/G2-Commander-Grip-Front-and-Side-OTTO-227x200-1-e1632147010114.jpg\" class=\"img-fluid\" alt=\"Poign\u00e9es de commande pour la d\u00e9fense\"><\/a>    <\/div>  <\/div><\/div><\/div>\r\n[\/vc_column_text][\/vc_column][\/vc_row]<\/div>[\/vc_column][\/vc_row][vc_row][vc_column][vc_column_text]<\/p>\n<h2 style=\"text-align: center;\">Poign\u00e9es de commande: de nombreuses ann\u00e9es d\u2019exp\u00e9rience dans la production d\u2019\u00e9lectrom\u00e9canique<\/h2>\n<p>[\/vc_column_text][vc_row_inner][vc_column_inner][vc_column_text]Gr\u00e2ce \u00e0 notre partenaire OTTO Controls, nous vous proposons une large gamme de poign\u00e9es de commande.<br \/>\nC\u2019est pourquoi nous connaissons tr\u00e8s bien les produits tels que les poign\u00e9es de commande et les joysticks d\u2019OTTO Controls, ce qui nous permet de vous offrir d\u2019excellents conseils et, sur demande, de r\u00e9aliser des configurations sp\u00e9ciales sur ces produits. Notre partenaire OTTO Controls est \u00e9galement actif dans ce secteur depuis plus de 50 ans et produit des poign\u00e9es de commande de haute qualit\u00e9 et pr\u00e9cises pour l\u2019aviation, la technologie militaire et les machines agricoles et de construction. L\u2019entreprise attache une grande importance \u00e0 l\u2019ergonomie, car c\u2019est le seul moyen d\u2019assurer une s\u00e9curit\u00e9 de fonctionnement absolue. Les joysticks, poign\u00e9es de commande et poign\u00e9es multifonctions OTTO Controls sont disponibles en versions pour droitiers et gauchers. Faites confiance \u00e0 ALDERS et \u00e0 ses partenaires en mati\u00e8re de pr\u00e9cision dans le contr\u00f4le des machines et des v\u00e9hicules![\/vc_column_text][\/vc_column_inner][\/vc_row_inner][\/vc_column][\/vc_row][vc_row css=\u00a0\u00bb.vc_custom_1618487035088{padding-top: 0px !important;padding-bottom: 0px !important;}\u00a0\u00bb][vc_column]<div class=\"alders_block\">[vc_row full_width=\"stretch_row\" equal_height=\"yes\" content_placement=\"bottom\" disable_element=\"yes\" el_class=\"section-blau overflow-visible\" css=\".vc_custom_1635152135385{padding-top: 30px !important;padding-bottom: 0px !important;}\" el_id=\"experten\"][vc_column width=\"1\/2\" offset=\"vc_col-md-9\"][vc_column_text]\r\n<h3>F\u00fcr jeden Anwendungsbereich den richtigen Experten<\/h3>\r\n[\/vc_column_text][vc_column_text]F\u00fcr jeden Anwendungsbereich haben wir bei ALDERS einen kompetenten Experten. Sie k\u00f6nnen sicher sein, dass wir Ihre Fragen, Anforderungen und W\u00fcnsche immer pr\u00e4zise beantworten. Hierbei werden Qualit\u00e4t, Machbarkeit und die Ber\u00fccksichtigung der Wirtschaftlichkeit in Ihrem Sinne immer beachtet.[\/vc_column_text][\/vc_column][vc_column width=\"1\/2\" offset=\"vc_col-md-3\"][vc_single_image image=\"281112\" img_size=\"full\" alignment=\"center\" css=\".vc_custom_1618487852191{margin-top: -75px !important;margin-bottom: 0px !important;}\" el_class=\"experten-bild\"][\/vc_column][\/vc_row]<\/div>[\/vc_column][\/vc_row]<\/p>\n<\/div>","protected":false},"excerpt":{"rendered":"<p>[vc_row full_width=\u00a0\u00bbstretch_row\u00a0\u00bb el_class=\u00a0\u00bbsection-grauverlauf\u00a0\u00bb][vc_column][vc_column_text] Poign\u00e9es de commande [\/vc_column_text][vc_row_inner][vc_column_inner width=\u00a0\u00bb1\/2&Prime;][vc_column_text]ALDERS propose des poign\u00e9es de commande de haute pr\u00e9cision pour une large gamme d\u2019applications. Que vous souhaitiez contr\u00f4ler des engins de construction lourds ou des avions, la pr\u00e9cision du contr\u00f4le ou de la direction est la cl\u00e9 de vo\u00fbte. En plus de notre propre marque ALDERS, nous misons [&hellip;]<\/p>\n","protected":false},"author":1,"featured_media":281097,"parent":280938,"menu_order":0,"comment_status":"closed","ping_status":"closed","template":"templates\/SalesViewer-Tracking.php","meta":{"footnotes":""},"acf":[],"yoast_head":"<!-- This site is optimized with the Yoast SEO Premium plugin v22.5 (Yoast SEO v22.5) - https:\/\/yoast.com\/wordpress\/plugins\/seo\/ -->\n<title>Poignees de commande et leviers lateraux - ALDERS electronic GmbH<\/title>\n<meta name=\"robots\" content=\"index, follow, max-snippet:-1, max-image-preview:large, max-video-preview:-1\" \/>\n<link rel=\"canonical\" href=\"https:\/\/alders.de\/fr\/produits\/poignees-de-commande-et-leviers-lateraux\/\" \/>\n<meta property=\"og:locale\" content=\"fr_FR\" \/>\n<meta property=\"og:type\" content=\"article\" \/>\n<meta property=\"og:title\" content=\"Poignees de commande et leviers lateraux\" \/>\n<meta property=\"og:description\" content=\"[vc_row full_width=\u00a0\u00bbstretch_row\u00a0\u00bb el_class=\u00a0\u00bbsection-grauverlauf\u00a0\u00bb][vc_column][vc_column_text] Poign\u00e9es de commande [\/vc_column_text][vc_row_inner][vc_column_inner width=\u00a0\u00bb1\/2&Prime;][vc_column_text]ALDERS propose des poign\u00e9es de commande de haute pr\u00e9cision pour une large gamme d\u2019applications. Que vous souhaitiez contr\u00f4ler des engins de construction lourds ou des avions, la pr\u00e9cision du contr\u00f4le ou de la direction est la cl\u00e9 de vo\u00fbte. En plus de notre propre marque ALDERS, nous misons [&hellip;]\" \/>\n<meta property=\"og:url\" content=\"\/\" \/>\n<meta property=\"og:site_name\" content=\"ALDERS electronic GmbH\" \/>\n<meta property=\"article:publisher\" content=\"https:\/\/www.facebook.com\/Alders.electronic\/\" \/>\n<meta property=\"article:modified_time\" content=\"2022-02-15T10:24:25+00:00\" \/>\n<meta property=\"og:image\" content=\"https:\/\/alders.de\/wp-content\/uploads\/2021\/04\/Alders-multifunktionsgriffe_200x150px_v1.jpg\" \/>\n\t<meta property=\"og:image:width\" content=\"200\" \/>\n\t<meta property=\"og:image:height\" content=\"150\" \/>\n\t<meta property=\"og:image:type\" content=\"image\/jpeg\" \/>\n<meta name=\"twitter:card\" content=\"summary_large_image\" \/>\n<meta name=\"twitter:label1\" content=\"Dur\u00e9e de lecture estim\u00e9e\" \/>\n\t<meta name=\"twitter:data1\" content=\"3 minutes\" \/>\n<script type=\"application\/ld+json\" class=\"yoast-schema-graph\">{\"@context\":\"https:\/\/schema.org\",\"@graph\":[{\"@type\":\"WebPage\",\"@id\":\"https:\/\/alders.de\/fr\/produits\/poignees-de-commande-et-leviers-lateraux\/\",\"url\":\"https:\/\/alders.de\/fr\/produits\/poignees-de-commande-et-leviers-lateraux\/\",\"name\":\"Poignees de commande et leviers lateraux - ALDERS electronic GmbH\",\"isPartOf\":{\"@id\":\"https:\/\/alders.de\/fr\/#website\"},\"primaryImageOfPage\":{\"@id\":\"https:\/\/alders.de\/fr\/produits\/poignees-de-commande-et-leviers-lateraux\/#primaryimage\"},\"image\":{\"@id\":\"https:\/\/alders.de\/fr\/produits\/poignees-de-commande-et-leviers-lateraux\/#primaryimage\"},\"thumbnailUrl\":\"https:\/\/alders.de\/wp-content\/uploads\/2021\/04\/Alders-multifunktionsgriffe_200x150px_v1.jpg\",\"datePublished\":\"2021-03-15T09:59:21+00:00\",\"dateModified\":\"2022-02-15T10:24:25+00:00\",\"breadcrumb\":{\"@id\":\"https:\/\/alders.de\/fr\/produits\/poignees-de-commande-et-leviers-lateraux\/#breadcrumb\"},\"inLanguage\":\"fr-FR\",\"potentialAction\":[{\"@type\":\"ReadAction\",\"target\":[\"https:\/\/alders.de\/fr\/produits\/poignees-de-commande-et-leviers-lateraux\/\"]}]},{\"@type\":\"ImageObject\",\"inLanguage\":\"fr-FR\",\"@id\":\"https:\/\/alders.de\/fr\/produits\/poignees-de-commande-et-leviers-lateraux\/#primaryimage\",\"url\":\"https:\/\/alders.de\/wp-content\/uploads\/2021\/04\/Alders-multifunktionsgriffe_200x150px_v1.jpg\",\"contentUrl\":\"https:\/\/alders.de\/wp-content\/uploads\/2021\/04\/Alders-multifunktionsgriffe_200x150px_v1.jpg\",\"width\":200,\"height\":150},{\"@type\":\"BreadcrumbList\",\"@id\":\"https:\/\/alders.de\/fr\/produits\/poignees-de-commande-et-leviers-lateraux\/#breadcrumb\",\"itemListElement\":[{\"@type\":\"ListItem\",\"position\":1,\"name\":\"ALDERS\",\"item\":\"https:\/\/alders.de\/fr\/\"},{\"@type\":\"ListItem\",\"position\":2,\"name\":\"Produits\",\"item\":\"https:\/\/alders.de\/fr\/produits\/\"},{\"@type\":\"ListItem\",\"position\":3,\"name\":\"Poignees de commande et leviers lateraux\"}]},{\"@type\":\"WebSite\",\"@id\":\"https:\/\/alders.de\/fr\/#website\",\"url\":\"https:\/\/alders.de\/fr\/\",\"name\":\"ALDERS electronic GmbH\",\"description\":\"Der Spezialist f\u00fcr elektromechanische L\u00f6sungen\",\"publisher\":{\"@id\":\"https:\/\/alders.de\/fr\/#organization\"},\"potentialAction\":[{\"@type\":\"SearchAction\",\"target\":{\"@type\":\"EntryPoint\",\"urlTemplate\":\"https:\/\/alders.de\/fr\/?s={search_term_string}\"},\"query-input\":\"required name=search_term_string\"}],\"inLanguage\":\"fr-FR\"},{\"@type\":\"Organization\",\"@id\":\"https:\/\/alders.de\/fr\/#organization\",\"name\":\"ALDERS electronic GmbH\",\"url\":\"https:\/\/alders.de\/fr\/\",\"logo\":{\"@type\":\"ImageObject\",\"inLanguage\":\"fr-FR\",\"@id\":\"https:\/\/alders.de\/fr\/#\/schema\/logo\/image\/\",\"url\":\"https:\/\/alders.de\/wp-content\/uploads\/2022\/07\/Alders-logo-Komplett.png\",\"contentUrl\":\"https:\/\/alders.de\/wp-content\/uploads\/2022\/07\/Alders-logo-Komplett.png\",\"width\":1043,\"height\":253,\"caption\":\"ALDERS electronic GmbH\"},\"image\":{\"@id\":\"https:\/\/alders.de\/fr\/#\/schema\/logo\/image\/\"},\"sameAs\":[\"https:\/\/www.facebook.com\/Alders.electronic\/\",\"https:\/\/de.linkedin.com\/company\/alders-electronic-gmbh\",\"https:\/\/www.youtube.com\/channel\/UC-hR66wsAmKOdY03IokrlzA\",\"https:\/\/www.instagram.com\/alders.electronic\/\"]}]}<\/script>\n<!-- \/ Yoast SEO Premium plugin. -->","yoast_head_json":{"title":"Poignees de commande et leviers lateraux - ALDERS electronic GmbH","robots":{"index":"index","follow":"follow","max-snippet":"max-snippet:-1","max-image-preview":"max-image-preview:large","max-video-preview":"max-video-preview:-1"},"canonical":"https:\/\/alders.de\/fr\/produits\/poignees-de-commande-et-leviers-lateraux\/","og_locale":"fr_FR","og_type":"article","og_title":"Poignees de commande et leviers lateraux","og_description":"[vc_row full_width=\u00a0\u00bbstretch_row\u00a0\u00bb el_class=\u00a0\u00bbsection-grauverlauf\u00a0\u00bb][vc_column][vc_column_text] Poign\u00e9es de commande [\/vc_column_text][vc_row_inner][vc_column_inner width=\u00a0\u00bb1\/2&Prime;][vc_column_text]ALDERS propose des poign\u00e9es de commande de haute pr\u00e9cision pour une large gamme d\u2019applications. Que vous souhaitiez contr\u00f4ler des engins de construction lourds ou des avions, la pr\u00e9cision du contr\u00f4le ou de la direction est la cl\u00e9 de vo\u00fbte. En plus de notre propre marque ALDERS, nous misons [&hellip;]","og_url":"\/","og_site_name":"ALDERS electronic GmbH","article_publisher":"https:\/\/www.facebook.com\/Alders.electronic\/","article_modified_time":"2022-02-15T10:24:25+00:00","og_image":[{"width":200,"height":150,"url":"https:\/\/alders.de\/wp-content\/uploads\/2021\/04\/Alders-multifunktionsgriffe_200x150px_v1.jpg","type":"image\/jpeg"}],"twitter_card":"summary_large_image","twitter_misc":{"Dur\u00e9e de lecture estim\u00e9e":"3 minutes"},"schema":{"@context":"https:\/\/schema.org","@graph":[{"@type":"WebPage","@id":"https:\/\/alders.de\/fr\/produits\/poignees-de-commande-et-leviers-lateraux\/","url":"https:\/\/alders.de\/fr\/produits\/poignees-de-commande-et-leviers-lateraux\/","name":"Poignees de commande et leviers lateraux - ALDERS electronic GmbH","isPartOf":{"@id":"https:\/\/alders.de\/fr\/#website"},"primaryImageOfPage":{"@id":"https:\/\/alders.de\/fr\/produits\/poignees-de-commande-et-leviers-lateraux\/#primaryimage"},"image":{"@id":"https:\/\/alders.de\/fr\/produits\/poignees-de-commande-et-leviers-lateraux\/#primaryimage"},"thumbnailUrl":"https:\/\/alders.de\/wp-content\/uploads\/2021\/04\/Alders-multifunktionsgriffe_200x150px_v1.jpg","datePublished":"2021-03-15T09:59:21+00:00","dateModified":"2022-02-15T10:24:25+00:00","breadcrumb":{"@id":"https:\/\/alders.de\/fr\/produits\/poignees-de-commande-et-leviers-lateraux\/#breadcrumb"},"inLanguage":"fr-FR","potentialAction":[{"@type":"ReadAction","target":["https:\/\/alders.de\/fr\/produits\/poignees-de-commande-et-leviers-lateraux\/"]}]},{"@type":"ImageObject","inLanguage":"fr-FR","@id":"https:\/\/alders.de\/fr\/produits\/poignees-de-commande-et-leviers-lateraux\/#primaryimage","url":"https:\/\/alders.de\/wp-content\/uploads\/2021\/04\/Alders-multifunktionsgriffe_200x150px_v1.jpg","contentUrl":"https:\/\/alders.de\/wp-content\/uploads\/2021\/04\/Alders-multifunktionsgriffe_200x150px_v1.jpg","width":200,"height":150},{"@type":"BreadcrumbList","@id":"https:\/\/alders.de\/fr\/produits\/poignees-de-commande-et-leviers-lateraux\/#breadcrumb","itemListElement":[{"@type":"ListItem","position":1,"name":"ALDERS","item":"https:\/\/alders.de\/fr\/"},{"@type":"ListItem","position":2,"name":"Produits","item":"https:\/\/alders.de\/fr\/produits\/"},{"@type":"ListItem","position":3,"name":"Poignees de commande et leviers lateraux"}]},{"@type":"WebSite","@id":"https:\/\/alders.de\/fr\/#website","url":"https:\/\/alders.de\/fr\/","name":"ALDERS electronic GmbH","description":"Der Spezialist f\u00fcr elektromechanische L\u00f6sungen","publisher":{"@id":"https:\/\/alders.de\/fr\/#organization"},"potentialAction":[{"@type":"SearchAction","target":{"@type":"EntryPoint","urlTemplate":"https:\/\/alders.de\/fr\/?s={search_term_string}"},"query-input":"required name=search_term_string"}],"inLanguage":"fr-FR"},{"@type":"Organization","@id":"https:\/\/alders.de\/fr\/#organization","name":"ALDERS electronic GmbH","url":"https:\/\/alders.de\/fr\/","logo":{"@type":"ImageObject","inLanguage":"fr-FR","@id":"https:\/\/alders.de\/fr\/#\/schema\/logo\/image\/","url":"https:\/\/alders.de\/wp-content\/uploads\/2022\/07\/Alders-logo-Komplett.png","contentUrl":"https:\/\/alders.de\/wp-content\/uploads\/2022\/07\/Alders-logo-Komplett.png","width":1043,"height":253,"caption":"ALDERS electronic GmbH"},"image":{"@id":"https:\/\/alders.de\/fr\/#\/schema\/logo\/image\/"},"sameAs":["https:\/\/www.facebook.com\/Alders.electronic\/","https:\/\/de.linkedin.com\/company\/alders-electronic-gmbh","https:\/\/www.youtube.com\/channel\/UC-hR66wsAmKOdY03IokrlzA","https:\/\/www.instagram.com\/alders.electronic\/"]}]}},"_links":{"self":[{"href":"https:\/\/alders.de\/fr\/wp-json\/wp\/v2\/pages\/281096"}],"collection":[{"href":"https:\/\/alders.de\/fr\/wp-json\/wp\/v2\/pages"}],"about":[{"href":"https:\/\/alders.de\/fr\/wp-json\/wp\/v2\/types\/page"}],"author":[{"embeddable":true,"href":"https:\/\/alders.de\/fr\/wp-json\/wp\/v2\/users\/1"}],"replies":[{"embeddable":true,"href":"https:\/\/alders.de\/fr\/wp-json\/wp\/v2\/comments?post=281096"}],"version-history":[{"count":7,"href":"https:\/\/alders.de\/fr\/wp-json\/wp\/v2\/pages\/281096\/revisions"}],"predecessor-version":[{"id":284409,"href":"https:\/\/alders.de\/fr\/wp-json\/wp\/v2\/pages\/281096\/revisions\/284409"}],"up":[{"embeddable":true,"href":"https:\/\/alders.de\/fr\/wp-json\/wp\/v2\/pages\/280938"}],"wp:featuredmedia":[{"embeddable":true,"href":"https:\/\/alders.de\/fr\/wp-json\/wp\/v2\/media\/281097"}],"wp:attachment":[{"href":"https:\/\/alders.de\/fr\/wp-json\/wp\/v2\/media?parent=281096"}],"curies":[{"name":"wp","href":"https:\/\/api.w.org\/{rel}","templated":true}]}}