{"id":281104,"date":"2021-02-18T12:58:27","date_gmt":"2021-02-18T11:58:27","guid":{"rendered":"https:\/\/dev2.alders.de\/produits\/selbstdichtende-schrauben-und-muttern\/"},"modified":"2022-02-15T11:01:09","modified_gmt":"2022-02-15T10:01:09","slug":"vis-et-ecrous-etancheite","status":"publish","type":"page","link":"https:\/\/alders.de\/fr\/produits\/vis-et-ecrous-etancheite\/","title":{"rendered":"Vis et Ecrous d\u2018\u00e9tanch\u00e9it\u00e9"},"content":{"rendered":"<div class=\"wpb-content-wrapper\"><p>[vc_row full_width=\u00a0\u00bbstretch_row\u00a0\u00bb el_class=\u00a0\u00bbsection-grauverlauf\u00a0\u00bb][vc_column][vc_column_text]<\/p>\n<h1 style=\"text-align: center;\">Les vis et les \u00e9crous d\u2018\u00e9tanch\u00e9it\u00e9 assurent une protection fiable contre la p\u00e9n\u00e9tration de liquides et de gaz<\/h1>\n<p>[\/vc_column_text][vc_row_inner][vc_column_inner width=\u00a0\u00bb1\/2&Prime;][vc_column_text]Les vis et les \u00e9crous\u00a0d\u2018\u00e9tanch\u00e9it\u00e9 sont utilis\u00e9s dans de nombreux domaines, tels que les syst\u00e8mes hydrauliques, les \u00e9quipements m\u00e9dicaux ou les conteneurs-citernes. Ils devraient \u00eatre utilis\u00e9s partout o\u00f9 il y a risque de p\u00e9n\u00e9tration ind\u00e9sirable de liquides ou de gaz. Les boulons et \u00e9crous sp\u00e9ciaux d\u2019APM Hexseal sont dot\u00e9s d\u2019un joint sp\u00e9cial brevet\u00e9 qui assure une protection totale tout en permettant un montage complet m\u00e9tal sur m\u00e9tal. De cette mani\u00e8re, l\u2019\u00e9tanch\u00e9it\u00e9 est garantie et emp\u00eache le d\u00e9tachement des vis en cas vibrations. Nous avons toute une gamme de vis et d\u2019\u00e9crous d\u2018\u00e9tanch\u00e9it\u00e9, tous certifi\u00e9s UL, disponibles:[\/vc_column_text][\/vc_column_inner][vc_column_inner width=\u00a0\u00bb1\/2&Prime;][vc_column_text]<\/p>\n<ul>\n<li>Diff\u00e9rentes longueurs et tailles<\/li>\n<li>Diff\u00e9rents mat\u00e9riaux<\/li>\n<li>Diverses formes de t\u00eate de vis<\/li>\n<\/ul>\n<p>Un autre avantage des vis et des \u00e9crous d\u2018\u00e9tanch\u00e9it\u00e9 est qu\u2019ils sont r\u00e9utilisables gr\u00e2ce \u00e0 la finition de l\u2019anneau d\u2019\u00e9tanch\u00e9it\u00e9 et qu\u2019ils pr\u00e9sentent donc une grande long\u00e9vit\u00e9. Le joint est ainsi beaucoup plus efficace qu\u2019une \u00e9tanch\u00e9ification alternative lors de l\u2019utilisation d\u2019un adh\u00e9sif par exemple.[\/vc_column_text][\/vc_column_inner][\/vc_row_inner][\/vc_column][\/vc_row][vc_row][vc_column][vc_column_text]<\/p>\n<h2 style=\"text-align: center;\">Vis et \u00e9crous d\u2018\u00e9tanch\u00e9it\u00e9 de haute qualit\u00e9<\/h2>\n<p>[\/vc_column_text][vc_row_inner][vc_column_inner][vc_column_text]La qualit\u00e9 des vis et des \u00e9crous auto-obturants se caract\u00e9rise par leur forte pr\u00e9contrainte et par le fait qu\u2019ils restent \u00e9tanches m\u00eame sous haute pression. En outre, en fonction du mat\u00e9riau, ils peuvent r\u00e9sister \u00e0 des temp\u00e9ratures comprises entre -106 \u00b0 C et +260 \u00b0 C. Ils sont particuli\u00e8rement robustes, ce qui signifie qu\u2019ils peuvent \u00eatre utilis\u00e9s de diff\u00e9rentes mani\u00e8res. Vous trouverez ici des \u00e9crous auto-obturants avec joint de filetage, joint cloche et joint ou \u00e0 emboitement en forme de d\u00f4me ou d\u2019accouplement.<\/p>\n<p>Les avantages des vis et des \u00e9crous auto-obturants sont multiples. D\u2019une part, ils sont\u00a0mont\u00e9s de la m\u00eame mani\u00e8re que les vis et \u00e9crous classiques, ce qui permet un montage extr\u00eamement simple mais efficace. De plus vous pouvez fixer les vis sur toutes les surfaces sans affecter leur fonctionnalit\u00e9.<\/p>\n<p>APM Hexseal est sp\u00e9cialis\u00e9 dans la protection des composants \u00e9lectrom\u00e9caniques contre les impacts environnementaux.[\/vc_column_text][\/vc_column_inner][\/vc_row_inner][\/vc_column][\/vc_row][vc_row css=\u00a0\u00bb.vc_custom_1618487035088{padding-top: 0px !important;padding-bottom: 0px !important;}\u00a0\u00bb][vc_column]<div class=\"alders_block\">[vc_row full_width=\"stretch_row\" el_class=\"section-grauverlauf\" el_id=\"unterkategorien\"][vc_column][vc_column_text]\r\n<h2 style=\"text-align: center;\">Choisissez parmi les sous-cat\u00e9gories suivantes:<\/h2>\r\n&nbsp;\r\n<p style=\"text-align: center;\"><div class=\"row row-cols-1 row-cols-sm-2 row-cols-lg-3\" id=\"alders_unterseiten\"><div class=\"col mb-4\">  <div class=\"card h-100 text-center\">    <div class=\"card-body\">      <h5 class=\"card-title\">Ecrous imp\u00e9rial, non m\u00e9trique<\/h5>      <a href=\"https:\/\/alders.de\/fr\/produits\/vis-et-ecrous-etancheite\/ecrous-imperial-non-metrique\/\" class=\"stretched-link\"><img decoding=\"async\" src=\"https:\/\/alders.de\/wp-content\/uploads\/2021\/03\/alders_selbstdichtendemuttern_nichtmetrischemuttern200x150px-1.jpg\" class=\"img-fluid\" alt=\"Ecrous imp\u00e9rial, non m\u00e9trique\"><\/a>    <\/div>  <\/div><\/div><div class=\"col mb-4\">  <div class=\"card h-100 text-center\">    <div class=\"card-body\">      <h5 class=\"card-title\">Ecrous m\u00e9trique<\/h5>      <a href=\"https:\/\/alders.de\/fr\/produits\/vis-et-ecrous-etancheite\/ecrous-metrique\/\" class=\"stretched-link\"><img decoding=\"async\" src=\"https:\/\/alders.de\/wp-content\/uploads\/2021\/03\/alders_selbstdichtendemuttern_metrischemuttern200x150px-1.jpg\" class=\"img-fluid\" alt=\"Ecrous m\u00e9trique\"><\/a>    <\/div>  <\/div><\/div><div class=\"col mb-4\">  <div class=\"card h-100 text-center\">    <div class=\"card-body\">      <h5 class=\"card-title\">Rivets auto-obturants<\/h5>      <a href=\"https:\/\/alders.de\/fr\/produits\/vis-et-ecrous-etancheite\/rivets-auto-obturants\/\" class=\"stretched-link\"><img decoding=\"async\" src=\"https:\/\/alders.de\/wp-content\/uploads\/2021\/03\/alders_selbstdichtendemuttern_selbstdichtendenieten200x150px-1.jpg\" class=\"img-fluid\" alt=\"Rivets auto-obturants\"><\/a>    <\/div>  <\/div><\/div><div class=\"col mb-4\">  <div class=\"card h-100 text-center\">    <div class=\"card-body\">      <h5 class=\"card-title\">Rondelles d\u2018\u00e9tanch\u00e9it\u00e9s<\/h5>      <a href=\"https:\/\/alders.de\/fr\/produits\/vis-et-ecrous-etancheite\/rondelles-detancheites\/\" class=\"stretched-link\"><img decoding=\"async\" src=\"https:\/\/alders.de\/wp-content\/uploads\/2021\/03\/alders_selbstdichtendemuttern_selbstdichtendeunterlegscheiben200x150px.jpg\" class=\"img-fluid\" alt=\"Rondelles d\u2018\u00e9tanch\u00e9it\u00e9s\"><\/a>    <\/div>  <\/div><\/div><div class=\"col mb-4\">  <div class=\"card h-100 text-center\">    <div class=\"card-body\">      <h5 class=\"card-title\">Vis auto-obturantes avec verrouillage<\/h5>      <a href=\"https:\/\/alders.de\/fr\/produits\/vis-et-ecrous-etancheite\/selbstdichtende-schrauben-mit-schraubensicherung\/\" class=\"stretched-link\"><img decoding=\"async\" src=\"https:\/\/alders.de\/wp-content\/uploads\/2021\/08\/APM_Screw_patch-e1632470911446.png\" class=\"img-fluid\" alt=\"Vis auto-obturantes avec verrouillage\"><\/a>    <\/div>  <\/div><\/div><div class=\"col mb-4\">  <div class=\"card h-100 text-center\">    <div class=\"card-body\">      <h5 class=\"card-title\">Vis imp\u00e9rial<\/h5>      <a href=\"https:\/\/alders.de\/fr\/produits\/vis-et-ecrous-etancheite\/vis-imperial\/\" class=\"stretched-link\"><img decoding=\"async\" src=\"https:\/\/alders.de\/wp-content\/uploads\/2021\/03\/alders_selbstdichtendemuttern_nichtmetrischeschrauben200x150px-1.jpg\" class=\"img-fluid\" alt=\"Vis imp\u00e9rial\"><\/a>    <\/div>  <\/div><\/div><div class=\"col mb-4\">  <div class=\"card h-100 text-center\">    <div class=\"card-body\">      <h5 class=\"card-title\">Vis m\u00e9trique auto-\u00e9tanches<\/h5>      <a href=\"https:\/\/alders.de\/fr\/produits\/vis-et-ecrous-etancheite\/vis-metrique-auto-etanches\/\" class=\"stretched-link\"><img decoding=\"async\" src=\"https:\/\/alders.de\/wp-content\/uploads\/2021\/03\/alders_selbstdichtendemuttern_metrischeschrauben200x150px.jpg\" class=\"img-fluid\" alt=\"Vis m\u00e9trique auto-\u00e9tanches\"><\/a>    <\/div>  <\/div><\/div><\/div>\r\n[\/vc_column_text][\/vc_column][\/vc_row]<\/div>[\/vc_column][\/vc_row][vc_row][vc_column][vc_row_inner][vc_column_inner][vc_column_text]<\/p>\n<h2 style=\"text-align: center;\">Vis, \u00e9crous et rondelles d\u2018\u00e9tanch\u00e9it\u00e9\u00a0 \u2013 des solutions pour la mobilit\u00e9 \u00e9lectrique<\/h2>\n<p>Notre partenaire premium APM Hexseal propose \u00e9galement de nombreuses solutions en mati\u00e8re d\u2019e-mobilit\u00e9. Pour \u00e9viter de court-circuiter les batteries par exemple, le couvercle doit garantir une protection \u00e0 100% contre l\u2019entr\u00e9e d\u2019eau. APM propose des vis, des \u00e9crous et des rondelles auto-\u00e9tanches.[\/vc_column_text][\/vc_column_inner][\/vc_row_inner][\/vc_column][\/vc_row][vc_row css=\u00a0\u00bb.vc_custom_1618487035088{padding-top: 0px !important;padding-bottom: 0px !important;}\u00a0\u00bb][vc_column]<div class=\"alders_block\">[vc_row full_width=\"stretch_row\" equal_height=\"yes\" content_placement=\"bottom\" disable_element=\"yes\" el_class=\"section-blau overflow-visible\" css=\".vc_custom_1635152135385{padding-top: 30px !important;padding-bottom: 0px !important;}\" el_id=\"experten\"][vc_column width=\"1\/2\" offset=\"vc_col-md-9\"][vc_column_text]\r\n<h3>F\u00fcr jeden Anwendungsbereich den richtigen Experten<\/h3>\r\n[\/vc_column_text][vc_column_text]F\u00fcr jeden Anwendungsbereich haben wir bei ALDERS einen kompetenten Experten. Sie k\u00f6nnen sicher sein, dass wir Ihre Fragen, Anforderungen und W\u00fcnsche immer pr\u00e4zise beantworten. Hierbei werden Qualit\u00e4t, Machbarkeit und die Ber\u00fccksichtigung der Wirtschaftlichkeit in Ihrem Sinne immer beachtet.[\/vc_column_text][\/vc_column][vc_column width=\"1\/2\" offset=\"vc_col-md-3\"][vc_single_image image=\"281112\" img_size=\"full\" alignment=\"center\" css=\".vc_custom_1618487852191{margin-top: -75px !important;margin-bottom: 0px !important;}\" el_class=\"experten-bild\"][\/vc_column][\/vc_row]<\/div>[\/vc_column][\/vc_row]<\/p>\n<\/div>","protected":false},"excerpt":{"rendered":"<p>[vc_row full_width=\u00a0\u00bbstretch_row\u00a0\u00bb el_class=\u00a0\u00bbsection-grauverlauf\u00a0\u00bb][vc_column][vc_column_text] Les vis et les \u00e9crous d\u2018\u00e9tanch\u00e9it\u00e9 assurent une protection fiable contre la p\u00e9n\u00e9tration de liquides et de gaz [\/vc_column_text][vc_row_inner][vc_column_inner width=\u00a0\u00bb1\/2&Prime;][vc_column_text]Les vis et les \u00e9crous\u00a0d\u2018\u00e9tanch\u00e9it\u00e9 sont utilis\u00e9s dans de nombreux domaines, tels que les syst\u00e8mes hydrauliques, les \u00e9quipements m\u00e9dicaux ou les conteneurs-citernes. Ils devraient \u00eatre utilis\u00e9s partout o\u00f9 il y a risque de [&hellip;]<\/p>\n","protected":false},"author":1,"featured_media":281105,"parent":280938,"menu_order":0,"comment_status":"closed","ping_status":"closed","template":"templates\/SalesViewer-Tracking.php","meta":{"footnotes":""},"acf":[],"yoast_head":"<!-- This site is optimized with the Yoast SEO Premium plugin v22.5 (Yoast SEO v22.5) - https:\/\/yoast.com\/wordpress\/plugins\/seo\/ -->\n<title>Selbstdichtende Schrauben und Muttern von APM Hexseal<\/title>\n<meta name=\"description\" content=\"Die selbstdichtenden Schrauben und Muttern von APM Hexseal halten auch bei hohem Druck und extremen Temperaturen dicht. Informieren Sie sich hier.\" \/>\n<meta name=\"robots\" content=\"index, follow, max-snippet:-1, max-image-preview:large, max-video-preview:-1\" \/>\n<link rel=\"canonical\" href=\"https:\/\/alders.de\/fr\/produits\/vis-et-ecrous-etancheite\/\" \/>\n<meta property=\"og:locale\" content=\"fr_FR\" \/>\n<meta property=\"og:type\" content=\"article\" \/>\n<meta property=\"og:title\" content=\"Vis et Ecrous d\u2018\u00e9tanch\u00e9it\u00e9\" \/>\n<meta property=\"og:description\" content=\"Die selbstdichtenden Schrauben und Muttern von APM Hexseal halten auch bei hohem Druck und extremen Temperaturen dicht. Informieren Sie sich hier.\" \/>\n<meta property=\"og:url\" content=\"\/\" \/>\n<meta property=\"og:site_name\" content=\"ALDERS electronic GmbH\" \/>\n<meta property=\"article:publisher\" content=\"https:\/\/www.facebook.com\/Alders.electronic\/\" \/>\n<meta property=\"article:modified_time\" content=\"2022-02-15T10:01:09+00:00\" \/>\n<meta property=\"og:image\" content=\"https:\/\/alders.de\/wp-content\/uploads\/2021\/04\/Alders-schrauben-muttern_200x150px_v1.jpg\" \/>\n\t<meta property=\"og:image:width\" content=\"200\" \/>\n\t<meta property=\"og:image:height\" content=\"150\" \/>\n\t<meta property=\"og:image:type\" content=\"image\/jpeg\" \/>\n<meta name=\"twitter:card\" content=\"summary_large_image\" \/>\n<meta name=\"twitter:label1\" content=\"Dur\u00e9e de lecture estim\u00e9e\" \/>\n\t<meta name=\"twitter:data1\" content=\"2 minutes\" \/>\n<script type=\"application\/ld+json\" class=\"yoast-schema-graph\">{\"@context\":\"https:\/\/schema.org\",\"@graph\":[{\"@type\":\"WebPage\",\"@id\":\"https:\/\/alders.de\/fr\/produits\/vis-et-ecrous-etancheite\/\",\"url\":\"https:\/\/alders.de\/fr\/produits\/vis-et-ecrous-etancheite\/\",\"name\":\"Selbstdichtende Schrauben und Muttern von APM Hexseal\",\"isPartOf\":{\"@id\":\"https:\/\/alders.de\/fr\/#website\"},\"primaryImageOfPage\":{\"@id\":\"https:\/\/alders.de\/fr\/produits\/vis-et-ecrous-etancheite\/#primaryimage\"},\"image\":{\"@id\":\"https:\/\/alders.de\/fr\/produits\/vis-et-ecrous-etancheite\/#primaryimage\"},\"thumbnailUrl\":\"https:\/\/alders.de\/wp-content\/uploads\/2021\/04\/Alders-schrauben-muttern_200x150px_v1.jpg\",\"datePublished\":\"2021-02-18T11:58:27+00:00\",\"dateModified\":\"2022-02-15T10:01:09+00:00\",\"description\":\"Die selbstdichtenden Schrauben und Muttern von APM Hexseal halten auch bei hohem Druck und extremen Temperaturen dicht. Informieren Sie sich hier.\",\"breadcrumb\":{\"@id\":\"https:\/\/alders.de\/fr\/produits\/vis-et-ecrous-etancheite\/#breadcrumb\"},\"inLanguage\":\"fr-FR\",\"potentialAction\":[{\"@type\":\"ReadAction\",\"target\":[\"https:\/\/alders.de\/fr\/produits\/vis-et-ecrous-etancheite\/\"]}]},{\"@type\":\"ImageObject\",\"inLanguage\":\"fr-FR\",\"@id\":\"https:\/\/alders.de\/fr\/produits\/vis-et-ecrous-etancheite\/#primaryimage\",\"url\":\"https:\/\/alders.de\/wp-content\/uploads\/2021\/04\/Alders-schrauben-muttern_200x150px_v1.jpg\",\"contentUrl\":\"https:\/\/alders.de\/wp-content\/uploads\/2021\/04\/Alders-schrauben-muttern_200x150px_v1.jpg\",\"width\":200,\"height\":150},{\"@type\":\"BreadcrumbList\",\"@id\":\"https:\/\/alders.de\/fr\/produits\/vis-et-ecrous-etancheite\/#breadcrumb\",\"itemListElement\":[{\"@type\":\"ListItem\",\"position\":1,\"name\":\"ALDERS\",\"item\":\"https:\/\/alders.de\/fr\/\"},{\"@type\":\"ListItem\",\"position\":2,\"name\":\"Produits\",\"item\":\"https:\/\/alders.de\/fr\/produits\/\"},{\"@type\":\"ListItem\",\"position\":3,\"name\":\"Vis et Ecrous d\u2018\u00e9tanch\u00e9it\u00e9\"}]},{\"@type\":\"WebSite\",\"@id\":\"https:\/\/alders.de\/fr\/#website\",\"url\":\"https:\/\/alders.de\/fr\/\",\"name\":\"ALDERS electronic GmbH\",\"description\":\"Der Spezialist f\u00fcr elektromechanische L\u00f6sungen\",\"publisher\":{\"@id\":\"https:\/\/alders.de\/fr\/#organization\"},\"potentialAction\":[{\"@type\":\"SearchAction\",\"target\":{\"@type\":\"EntryPoint\",\"urlTemplate\":\"https:\/\/alders.de\/fr\/?s={search_term_string}\"},\"query-input\":\"required name=search_term_string\"}],\"inLanguage\":\"fr-FR\"},{\"@type\":\"Organization\",\"@id\":\"https:\/\/alders.de\/fr\/#organization\",\"name\":\"ALDERS electronic GmbH\",\"url\":\"https:\/\/alders.de\/fr\/\",\"logo\":{\"@type\":\"ImageObject\",\"inLanguage\":\"fr-FR\",\"@id\":\"https:\/\/alders.de\/fr\/#\/schema\/logo\/image\/\",\"url\":\"https:\/\/alders.de\/wp-content\/uploads\/2022\/07\/Alders-logo-Komplett.png\",\"contentUrl\":\"https:\/\/alders.de\/wp-content\/uploads\/2022\/07\/Alders-logo-Komplett.png\",\"width\":1043,\"height\":253,\"caption\":\"ALDERS electronic GmbH\"},\"image\":{\"@id\":\"https:\/\/alders.de\/fr\/#\/schema\/logo\/image\/\"},\"sameAs\":[\"https:\/\/www.facebook.com\/Alders.electronic\/\",\"https:\/\/de.linkedin.com\/company\/alders-electronic-gmbh\",\"https:\/\/www.youtube.com\/channel\/UC-hR66wsAmKOdY03IokrlzA\",\"https:\/\/www.instagram.com\/alders.electronic\/\"]}]}<\/script>\n<!-- \/ Yoast SEO Premium plugin. -->","yoast_head_json":{"title":"Selbstdichtende Schrauben und Muttern von APM Hexseal","description":"Die selbstdichtenden Schrauben und Muttern von APM Hexseal halten auch bei hohem Druck und extremen Temperaturen dicht. Informieren Sie sich hier.","robots":{"index":"index","follow":"follow","max-snippet":"max-snippet:-1","max-image-preview":"max-image-preview:large","max-video-preview":"max-video-preview:-1"},"canonical":"https:\/\/alders.de\/fr\/produits\/vis-et-ecrous-etancheite\/","og_locale":"fr_FR","og_type":"article","og_title":"Vis et Ecrous d\u2018\u00e9tanch\u00e9it\u00e9","og_description":"Die selbstdichtenden Schrauben und Muttern von APM Hexseal halten auch bei hohem Druck und extremen Temperaturen dicht. Informieren Sie sich hier.","og_url":"\/","og_site_name":"ALDERS electronic GmbH","article_publisher":"https:\/\/www.facebook.com\/Alders.electronic\/","article_modified_time":"2022-02-15T10:01:09+00:00","og_image":[{"width":200,"height":150,"url":"https:\/\/alders.de\/wp-content\/uploads\/2021\/04\/Alders-schrauben-muttern_200x150px_v1.jpg","type":"image\/jpeg"}],"twitter_card":"summary_large_image","twitter_misc":{"Dur\u00e9e de lecture estim\u00e9e":"2 minutes"},"schema":{"@context":"https:\/\/schema.org","@graph":[{"@type":"WebPage","@id":"https:\/\/alders.de\/fr\/produits\/vis-et-ecrous-etancheite\/","url":"https:\/\/alders.de\/fr\/produits\/vis-et-ecrous-etancheite\/","name":"Selbstdichtende Schrauben und Muttern von APM Hexseal","isPartOf":{"@id":"https:\/\/alders.de\/fr\/#website"},"primaryImageOfPage":{"@id":"https:\/\/alders.de\/fr\/produits\/vis-et-ecrous-etancheite\/#primaryimage"},"image":{"@id":"https:\/\/alders.de\/fr\/produits\/vis-et-ecrous-etancheite\/#primaryimage"},"thumbnailUrl":"https:\/\/alders.de\/wp-content\/uploads\/2021\/04\/Alders-schrauben-muttern_200x150px_v1.jpg","datePublished":"2021-02-18T11:58:27+00:00","dateModified":"2022-02-15T10:01:09+00:00","description":"Die selbstdichtenden Schrauben und Muttern von APM Hexseal halten auch bei hohem Druck und extremen Temperaturen dicht. Informieren Sie sich hier.","breadcrumb":{"@id":"https:\/\/alders.de\/fr\/produits\/vis-et-ecrous-etancheite\/#breadcrumb"},"inLanguage":"fr-FR","potentialAction":[{"@type":"ReadAction","target":["https:\/\/alders.de\/fr\/produits\/vis-et-ecrous-etancheite\/"]}]},{"@type":"ImageObject","inLanguage":"fr-FR","@id":"https:\/\/alders.de\/fr\/produits\/vis-et-ecrous-etancheite\/#primaryimage","url":"https:\/\/alders.de\/wp-content\/uploads\/2021\/04\/Alders-schrauben-muttern_200x150px_v1.jpg","contentUrl":"https:\/\/alders.de\/wp-content\/uploads\/2021\/04\/Alders-schrauben-muttern_200x150px_v1.jpg","width":200,"height":150},{"@type":"BreadcrumbList","@id":"https:\/\/alders.de\/fr\/produits\/vis-et-ecrous-etancheite\/#breadcrumb","itemListElement":[{"@type":"ListItem","position":1,"name":"ALDERS","item":"https:\/\/alders.de\/fr\/"},{"@type":"ListItem","position":2,"name":"Produits","item":"https:\/\/alders.de\/fr\/produits\/"},{"@type":"ListItem","position":3,"name":"Vis et Ecrous d\u2018\u00e9tanch\u00e9it\u00e9"}]},{"@type":"WebSite","@id":"https:\/\/alders.de\/fr\/#website","url":"https:\/\/alders.de\/fr\/","name":"ALDERS electronic GmbH","description":"Der Spezialist f\u00fcr elektromechanische L\u00f6sungen","publisher":{"@id":"https:\/\/alders.de\/fr\/#organization"},"potentialAction":[{"@type":"SearchAction","target":{"@type":"EntryPoint","urlTemplate":"https:\/\/alders.de\/fr\/?s={search_term_string}"},"query-input":"required name=search_term_string"}],"inLanguage":"fr-FR"},{"@type":"Organization","@id":"https:\/\/alders.de\/fr\/#organization","name":"ALDERS electronic GmbH","url":"https:\/\/alders.de\/fr\/","logo":{"@type":"ImageObject","inLanguage":"fr-FR","@id":"https:\/\/alders.de\/fr\/#\/schema\/logo\/image\/","url":"https:\/\/alders.de\/wp-content\/uploads\/2022\/07\/Alders-logo-Komplett.png","contentUrl":"https:\/\/alders.de\/wp-content\/uploads\/2022\/07\/Alders-logo-Komplett.png","width":1043,"height":253,"caption":"ALDERS electronic GmbH"},"image":{"@id":"https:\/\/alders.de\/fr\/#\/schema\/logo\/image\/"},"sameAs":["https:\/\/www.facebook.com\/Alders.electronic\/","https:\/\/de.linkedin.com\/company\/alders-electronic-gmbh","https:\/\/www.youtube.com\/channel\/UC-hR66wsAmKOdY03IokrlzA","https:\/\/www.instagram.com\/alders.electronic\/"]}]}},"_links":{"self":[{"href":"https:\/\/alders.de\/fr\/wp-json\/wp\/v2\/pages\/281104"}],"collection":[{"href":"https:\/\/alders.de\/fr\/wp-json\/wp\/v2\/pages"}],"about":[{"href":"https:\/\/alders.de\/fr\/wp-json\/wp\/v2\/types\/page"}],"author":[{"embeddable":true,"href":"https:\/\/alders.de\/fr\/wp-json\/wp\/v2\/users\/1"}],"replies":[{"embeddable":true,"href":"https:\/\/alders.de\/fr\/wp-json\/wp\/v2\/comments?post=281104"}],"version-history":[{"count":6,"href":"https:\/\/alders.de\/fr\/wp-json\/wp\/v2\/pages\/281104\/revisions"}],"predecessor-version":[{"id":284407,"href":"https:\/\/alders.de\/fr\/wp-json\/wp\/v2\/pages\/281104\/revisions\/284407"}],"up":[{"embeddable":true,"href":"https:\/\/alders.de\/fr\/wp-json\/wp\/v2\/pages\/280938"}],"wp:featuredmedia":[{"embeddable":true,"href":"https:\/\/alders.de\/fr\/wp-json\/wp\/v2\/media\/281105"}],"wp:attachment":[{"href":"https:\/\/alders.de\/fr\/wp-json\/wp\/v2\/media?parent=281104"}],"curies":[{"name":"wp","href":"https:\/\/api.w.org\/{rel}","templated":true}]}}