{"id":281121,"date":"2021-02-22T13:56:12","date_gmt":"2021-02-22T12:56:12","guid":{"rendered":"https:\/\/dev2.alders.de\/produits\/zaehler-indikatoren-leds\/"},"modified":"2022-01-25T07:54:34","modified_gmt":"2022-01-25T06:54:34","slug":"compteurs-indicateurs-et-leds","status":"publish","type":"page","link":"https:\/\/alders.de\/fr\/produits\/compteurs-indicateurs-et-leds\/","title":{"rendered":"Compteurs, indicateurs et LEDs"},"content":{"rendered":"<div class=\"wpb-content-wrapper\"><p>[vc_row full_width=\u00a0\u00bbstretch_row\u00a0\u00bb el_class=\u00a0\u00bbsection-grauverlauf\u00a0\u00bb][vc_column][vc_column_text]<\/p>\n<h1 style=\"text-align: center;\">Des compteurs horaires pour la D\u00e9fense, l\u2019A\u00e9ronautique et l\u2019Industrie<\/h1>\n<p>[\/vc_column_text][vc_row_inner][vc_column_inner width=\u00a0\u00bb1\/2&Prime;][vc_column_text]Les compteurs horaires sont utilis\u00e9s dans l\u2019Aviation, l\u2019Arm\u00e9e ou l\u2019Industrie. Dans tous ces domaines, la constance et la fiabilit\u00e9 jouent un r\u00f4le important. Les compteurs fournissent des donn\u00e9es pr\u00e9cises sur la dur\u00e9e d\u2019utilisation des \u00e9quipements \u00e9lectriques. Il est ainsi plus facile de d\u00e9finir des p\u00e9riodes de maintenance ou des intervalles, des dur\u00e9es op\u00e9rationnelles et ainsi de suite. Les boitiers sp\u00e9ciaux de nos compteurs horaires permettent une grande vari\u00e9t\u00e9 d\u2019applications dans l\u2019industrie, l\u2019a\u00e9rospatiale et l\u2019\u00e9quipement militaire. Nous proposons les compteurs de L-3 Communications.[\/vc_column_text][\/vc_column_inner][vc_column_inner width=\u00a0\u00bb1\/2&Prime;][vc_column_text]Les compteurs horaires sont caract\u00e9ris\u00e9s par\u00a0:<\/p>\n<ul>\n<li>Une large gamme de tension,<\/li>\n<li>Boitier herm\u00e9tique,<\/li>\n<li>Insensibilit\u00e9 aux vibrations,<\/li>\n<li>Utilisation dans un large \u00e9ventail de temp\u00e9ratures<\/li>\n<\/ul>\n<p>Nous sommes heureux de vous conseiller sur le choix des compteurs horaires appropri\u00e9s et mettons \u00e0 votre disposition notre exp\u00e9rience.[\/vc_column_text][\/vc_column_inner][\/vc_row_inner][\/vc_column][\/vc_row][vc_row full_width=\u00a0\u00bbstretch_row\u00a0\u00bb el_class=\u00a0\u00bbsection-grauverlauf\u00a0\u00bb][vc_column][vc_column_text]<\/p>\n<h2 style=\"text-align: center;\">Compteurs Horaires pour l\u2019Aviation et la D\u00e9fense de L-3 Communications<\/h2>\n<p>[\/vc_column_text][vc_row_inner][vc_column_inner][vc_column_text]Dans l\u2019aviation, un compteur horaire est utilis\u00e9 pour enregistrer la dur\u00e9e de fonctionnement d\u2019un moteur. Dans ce domaine, mais aussi dans l\u2019Arm\u00e9e, il est particuli\u00e8rement important de toujours garder un \u0153il sur le temps de fonctionnement des machines. Le d\u00e9passement de la dur\u00e9e autoris\u00e9e peut avoir de graves cons\u00e9quences. Les donn\u00e9es des compteurs indiquent des intervalles de maintenance pour les moteurs et autres composants. M\u00eame dans l\u2019Industrie, un compteur horaire sert \u00e0 v\u00e9rifier combien de temps une machine a \u00e9t\u00e9 utilis\u00e9e.<\/p>\n<p>Nous travaillons avec L-3 Communications pour les compteurs. Il s\u2019agit d\u2019une Soci\u00e9t\u00e9 Am\u00e9ricaine qui est sp\u00e9cialis\u00e9e dans la production d\u2019indicateurs optiques et m\u00e9caniques, de compteurs d\u2019\u00e9v\u00e9nements ainsi de des compteurs horaires pour l\u2019Aviation et les Industries militaires. Le fabricant a plusieurs succursales \u00e0 travers le monde, dont le si\u00e8ge est \u00e0 New York. L-3 Communications a une r\u00e9putation exceptionnelle dans le monde entier et nous sommes convaincus du fabricant et de ses produits.[\/vc_column_text][\/vc_column_inner][\/vc_row_inner][\/vc_column][\/vc_row][vc_row css=\u00a0\u00bb.vc_custom_1618487035088{padding-top: 0px !important;padding-bottom: 0px !important;}\u00a0\u00bb][vc_column]<div class=\"alders_block\">[vc_row full_width=\"stretch_row\" el_class=\"section-grauverlauf\" el_id=\"unterkategorien\"][vc_column][vc_column_text]\r\n<h2 style=\"text-align: center;\">Choisissez parmi les sous-cat\u00e9gories suivantes:<\/h2>\r\n&nbsp;\r\n<p style=\"text-align: center;\"><div class=\"row row-cols-1 row-cols-sm-2 row-cols-lg-3\" id=\"alders_unterseiten\"><div class=\"col mb-4\">  <div class=\"card h-100 text-center\">    <div class=\"card-body\">      <h5 class=\"card-title\">Compteurs horaires<\/h5>      <a href=\"https:\/\/alders.de\/fr\/produits\/compteurs-indicateurs-et-leds\/compteurs-horaires\/\" class=\"stretched-link\"><img decoding=\"async\" src=\"https:\/\/alders.de\/wp-content\/uploads\/2021\/03\/alders_zaehler-indikatoren-leds_betriebsstundenzaehler200x150px.jpg\" class=\"img-fluid\" alt=\"Compteurs horaires\"><\/a>    <\/div>  <\/div><\/div><\/div>\r\n[\/vc_column_text][\/vc_column][\/vc_row]<\/div>[\/vc_column][\/vc_row][vc_row][vc_column][vc_column_text]<\/p>\n<h2 style=\"text-align: center;\">Chez ALDERS vous obtenez des Compteurs Horaires m\u00e9caniques pour l\u2019Aviation.<\/h2>\n<p>Chez ALDERS nous fournissons des composants \u00e9lectrom\u00e9caniques de haute qualit\u00e9, de g\u00e9nie \u00e9lectrique et d\u2019\u00e9lectrodynamique. Nos clients proviennent des domaines d\u2019application de la technologie de la construction et des machines agricoles, de l\u2019aviation, de la technologie militaire, de la technologie maritime et d\u2019autres domaines d\u2019application. Dans tous ces domaines, le plus haut niveau de pr\u00e9cision, de fiabilit\u00e9 et de qualit\u00e9 est n\u00e9cessaire. Puisque les compteurs horaires sont g\u00e9n\u00e9ralement remplac\u00e9s par des solutions logicielles aujourd\u2019hui, nous proposons principalement des pi\u00e8ces d\u00e9tach\u00e9es dans ce domaine. Donc, si vous utilisez toujours des compteurs horaires m\u00e9canique dans votre domaine d\u2019application, alors vous trouverez ces composants chez ALDERS.[\/vc_column_text][\/vc_column][\/vc_row][vc_row css=\u00a0\u00bb.vc_custom_1618487035088{padding-top: 0px !important;padding-bottom: 0px !important;}\u00a0\u00bb][vc_column]<div class=\"alders_block\">[vc_row full_width=\"stretch_row\" equal_height=\"yes\" content_placement=\"bottom\" disable_element=\"yes\" el_class=\"section-blau overflow-visible\" css=\".vc_custom_1635152135385{padding-top: 30px !important;padding-bottom: 0px !important;}\" el_id=\"experten\"][vc_column width=\"1\/2\" offset=\"vc_col-md-9\"][vc_column_text]\r\n<h3>F\u00fcr jeden Anwendungsbereich den richtigen Experten<\/h3>\r\n[\/vc_column_text][vc_column_text]F\u00fcr jeden Anwendungsbereich haben wir bei ALDERS einen kompetenten Experten. Sie k\u00f6nnen sicher sein, dass wir Ihre Fragen, Anforderungen und W\u00fcnsche immer pr\u00e4zise beantworten. Hierbei werden Qualit\u00e4t, Machbarkeit und die Ber\u00fccksichtigung der Wirtschaftlichkeit in Ihrem Sinne immer beachtet.[\/vc_column_text][\/vc_column][vc_column width=\"1\/2\" offset=\"vc_col-md-3\"][vc_single_image image=\"281112\" img_size=\"full\" alignment=\"center\" css=\".vc_custom_1618487852191{margin-top: -75px !important;margin-bottom: 0px !important;}\" el_class=\"experten-bild\"][\/vc_column][\/vc_row]<\/div>[\/vc_column][\/vc_row]<\/p>\n<\/div>","protected":false},"excerpt":{"rendered":"<p>[vc_row full_width=\u00a0\u00bbstretch_row\u00a0\u00bb el_class=\u00a0\u00bbsection-grauverlauf\u00a0\u00bb][vc_column][vc_column_text] Des compteurs horaires pour la D\u00e9fense, l\u2019A\u00e9ronautique et l\u2019Industrie [\/vc_column_text][vc_row_inner][vc_column_inner width=\u00a0\u00bb1\/2&Prime;][vc_column_text]Les compteurs horaires sont utilis\u00e9s dans l\u2019Aviation, l\u2019Arm\u00e9e ou l\u2019Industrie. Dans tous ces domaines, la constance et la fiabilit\u00e9 jouent un r\u00f4le important. Les compteurs fournissent des donn\u00e9es pr\u00e9cises sur la dur\u00e9e d\u2019utilisation des \u00e9quipements \u00e9lectriques. Il est ainsi plus facile de [&hellip;]<\/p>\n","protected":false},"author":1,"featured_media":281122,"parent":280938,"menu_order":0,"comment_status":"closed","ping_status":"closed","template":"templates\/SalesViewer-Tracking.php","meta":{"footnotes":""},"acf":[],"yoast_head":"<!-- This site is optimized with the Yoast SEO Premium plugin v22.5 (Yoast SEO v22.5) - https:\/\/yoast.com\/wordpress\/plugins\/seo\/ -->\n<title>Des compteurs horaires pour la D\u00e9fense, l\u2019A\u00e9ronautique et l\u2019Industrie<\/title>\n<meta name=\"description\" content=\"Wir von ALDERS bieten Ihnen pr\u00e4zise, zuverl\u00e4ssige mechanische Betriebsstundenz\u00e4hler f\u00fcr die Einsatzgebiete Luftfahrt, Milit\u00e4r und Industrie.\" \/>\n<meta name=\"robots\" content=\"index, follow, max-snippet:-1, max-image-preview:large, max-video-preview:-1\" \/>\n<link rel=\"canonical\" href=\"https:\/\/alders.de\/fr\/produits\/compteurs-indicateurs-et-leds\/\" \/>\n<meta property=\"og:locale\" content=\"fr_FR\" \/>\n<meta property=\"og:type\" content=\"article\" \/>\n<meta property=\"og:title\" content=\"Compteurs, indicateurs et LEDs\" \/>\n<meta property=\"og:description\" content=\"Wir von ALDERS bieten Ihnen pr\u00e4zise, zuverl\u00e4ssige mechanische Betriebsstundenz\u00e4hler f\u00fcr die Einsatzgebiete Luftfahrt, Milit\u00e4r und Industrie.\" \/>\n<meta property=\"og:url\" content=\"\/\" \/>\n<meta property=\"og:site_name\" content=\"ALDERS electronic GmbH\" \/>\n<meta property=\"article:publisher\" content=\"https:\/\/www.facebook.com\/Alders.electronic\/\" \/>\n<meta property=\"article:modified_time\" content=\"2022-01-25T06:54:34+00:00\" \/>\n<meta property=\"og:image\" content=\"https:\/\/alders.de\/wp-content\/uploads\/2021\/04\/Alders-zaehler-indikatoren-leds_200x150px_v1.jpg\" \/>\n\t<meta property=\"og:image:width\" content=\"200\" \/>\n\t<meta property=\"og:image:height\" content=\"150\" \/>\n\t<meta property=\"og:image:type\" content=\"image\/jpeg\" \/>\n<meta name=\"twitter:card\" content=\"summary_large_image\" \/>\n<meta name=\"twitter:label1\" content=\"Dur\u00e9e de lecture estim\u00e9e\" \/>\n\t<meta name=\"twitter:data1\" content=\"2 minutes\" \/>\n<script type=\"application\/ld+json\" class=\"yoast-schema-graph\">{\"@context\":\"https:\/\/schema.org\",\"@graph\":[{\"@type\":\"WebPage\",\"@id\":\"https:\/\/alders.de\/fr\/produits\/compteurs-indicateurs-et-leds\/\",\"url\":\"https:\/\/alders.de\/fr\/produits\/compteurs-indicateurs-et-leds\/\",\"name\":\"Des compteurs horaires pour la D\u00e9fense, l\u2019A\u00e9ronautique et l\u2019Industrie\",\"isPartOf\":{\"@id\":\"https:\/\/alders.de\/fr\/#website\"},\"primaryImageOfPage\":{\"@id\":\"https:\/\/alders.de\/fr\/produits\/compteurs-indicateurs-et-leds\/#primaryimage\"},\"image\":{\"@id\":\"https:\/\/alders.de\/fr\/produits\/compteurs-indicateurs-et-leds\/#primaryimage\"},\"thumbnailUrl\":\"https:\/\/alders.de\/wp-content\/uploads\/2021\/04\/Alders-zaehler-indikatoren-leds_200x150px_v1.jpg\",\"datePublished\":\"2021-02-22T12:56:12+00:00\",\"dateModified\":\"2022-01-25T06:54:34+00:00\",\"description\":\"Wir von ALDERS bieten Ihnen pr\u00e4zise, zuverl\u00e4ssige mechanische Betriebsstundenz\u00e4hler f\u00fcr die Einsatzgebiete Luftfahrt, Milit\u00e4r und Industrie.\",\"breadcrumb\":{\"@id\":\"https:\/\/alders.de\/fr\/produits\/compteurs-indicateurs-et-leds\/#breadcrumb\"},\"inLanguage\":\"fr-FR\",\"potentialAction\":[{\"@type\":\"ReadAction\",\"target\":[\"https:\/\/alders.de\/fr\/produits\/compteurs-indicateurs-et-leds\/\"]}]},{\"@type\":\"ImageObject\",\"inLanguage\":\"fr-FR\",\"@id\":\"https:\/\/alders.de\/fr\/produits\/compteurs-indicateurs-et-leds\/#primaryimage\",\"url\":\"https:\/\/alders.de\/wp-content\/uploads\/2021\/04\/Alders-zaehler-indikatoren-leds_200x150px_v1.jpg\",\"contentUrl\":\"https:\/\/alders.de\/wp-content\/uploads\/2021\/04\/Alders-zaehler-indikatoren-leds_200x150px_v1.jpg\",\"width\":200,\"height\":150},{\"@type\":\"BreadcrumbList\",\"@id\":\"https:\/\/alders.de\/fr\/produits\/compteurs-indicateurs-et-leds\/#breadcrumb\",\"itemListElement\":[{\"@type\":\"ListItem\",\"position\":1,\"name\":\"ALDERS\",\"item\":\"https:\/\/alders.de\/fr\/\"},{\"@type\":\"ListItem\",\"position\":2,\"name\":\"Produits\",\"item\":\"https:\/\/alders.de\/fr\/produits\/\"},{\"@type\":\"ListItem\",\"position\":3,\"name\":\"Compteurs, indicateurs et LEDs\"}]},{\"@type\":\"WebSite\",\"@id\":\"https:\/\/alders.de\/fr\/#website\",\"url\":\"https:\/\/alders.de\/fr\/\",\"name\":\"ALDERS electronic GmbH\",\"description\":\"Der Spezialist f\u00fcr elektromechanische L\u00f6sungen\",\"publisher\":{\"@id\":\"https:\/\/alders.de\/fr\/#organization\"},\"potentialAction\":[{\"@type\":\"SearchAction\",\"target\":{\"@type\":\"EntryPoint\",\"urlTemplate\":\"https:\/\/alders.de\/fr\/?s={search_term_string}\"},\"query-input\":\"required name=search_term_string\"}],\"inLanguage\":\"fr-FR\"},{\"@type\":\"Organization\",\"@id\":\"https:\/\/alders.de\/fr\/#organization\",\"name\":\"ALDERS electronic GmbH\",\"url\":\"https:\/\/alders.de\/fr\/\",\"logo\":{\"@type\":\"ImageObject\",\"inLanguage\":\"fr-FR\",\"@id\":\"https:\/\/alders.de\/fr\/#\/schema\/logo\/image\/\",\"url\":\"https:\/\/alders.de\/wp-content\/uploads\/2022\/07\/Alders-logo-Komplett.png\",\"contentUrl\":\"https:\/\/alders.de\/wp-content\/uploads\/2022\/07\/Alders-logo-Komplett.png\",\"width\":1043,\"height\":253,\"caption\":\"ALDERS electronic GmbH\"},\"image\":{\"@id\":\"https:\/\/alders.de\/fr\/#\/schema\/logo\/image\/\"},\"sameAs\":[\"https:\/\/www.facebook.com\/Alders.electronic\/\",\"https:\/\/de.linkedin.com\/company\/alders-electronic-gmbh\",\"https:\/\/www.youtube.com\/channel\/UC-hR66wsAmKOdY03IokrlzA\",\"https:\/\/www.instagram.com\/alders.electronic\/\"]}]}<\/script>\n<!-- \/ Yoast SEO Premium plugin. -->","yoast_head_json":{"title":"Des compteurs horaires pour la D\u00e9fense, l\u2019A\u00e9ronautique et l\u2019Industrie","description":"Wir von ALDERS bieten Ihnen pr\u00e4zise, zuverl\u00e4ssige mechanische Betriebsstundenz\u00e4hler f\u00fcr die Einsatzgebiete Luftfahrt, Milit\u00e4r und Industrie.","robots":{"index":"index","follow":"follow","max-snippet":"max-snippet:-1","max-image-preview":"max-image-preview:large","max-video-preview":"max-video-preview:-1"},"canonical":"https:\/\/alders.de\/fr\/produits\/compteurs-indicateurs-et-leds\/","og_locale":"fr_FR","og_type":"article","og_title":"Compteurs, indicateurs et LEDs","og_description":"Wir von ALDERS bieten Ihnen pr\u00e4zise, zuverl\u00e4ssige mechanische Betriebsstundenz\u00e4hler f\u00fcr die Einsatzgebiete Luftfahrt, Milit\u00e4r und Industrie.","og_url":"\/","og_site_name":"ALDERS electronic GmbH","article_publisher":"https:\/\/www.facebook.com\/Alders.electronic\/","article_modified_time":"2022-01-25T06:54:34+00:00","og_image":[{"width":200,"height":150,"url":"https:\/\/alders.de\/wp-content\/uploads\/2021\/04\/Alders-zaehler-indikatoren-leds_200x150px_v1.jpg","type":"image\/jpeg"}],"twitter_card":"summary_large_image","twitter_misc":{"Dur\u00e9e de lecture estim\u00e9e":"2 minutes"},"schema":{"@context":"https:\/\/schema.org","@graph":[{"@type":"WebPage","@id":"https:\/\/alders.de\/fr\/produits\/compteurs-indicateurs-et-leds\/","url":"https:\/\/alders.de\/fr\/produits\/compteurs-indicateurs-et-leds\/","name":"Des compteurs horaires pour la D\u00e9fense, l\u2019A\u00e9ronautique et l\u2019Industrie","isPartOf":{"@id":"https:\/\/alders.de\/fr\/#website"},"primaryImageOfPage":{"@id":"https:\/\/alders.de\/fr\/produits\/compteurs-indicateurs-et-leds\/#primaryimage"},"image":{"@id":"https:\/\/alders.de\/fr\/produits\/compteurs-indicateurs-et-leds\/#primaryimage"},"thumbnailUrl":"https:\/\/alders.de\/wp-content\/uploads\/2021\/04\/Alders-zaehler-indikatoren-leds_200x150px_v1.jpg","datePublished":"2021-02-22T12:56:12+00:00","dateModified":"2022-01-25T06:54:34+00:00","description":"Wir von ALDERS bieten Ihnen pr\u00e4zise, zuverl\u00e4ssige mechanische Betriebsstundenz\u00e4hler f\u00fcr die Einsatzgebiete Luftfahrt, Milit\u00e4r und Industrie.","breadcrumb":{"@id":"https:\/\/alders.de\/fr\/produits\/compteurs-indicateurs-et-leds\/#breadcrumb"},"inLanguage":"fr-FR","potentialAction":[{"@type":"ReadAction","target":["https:\/\/alders.de\/fr\/produits\/compteurs-indicateurs-et-leds\/"]}]},{"@type":"ImageObject","inLanguage":"fr-FR","@id":"https:\/\/alders.de\/fr\/produits\/compteurs-indicateurs-et-leds\/#primaryimage","url":"https:\/\/alders.de\/wp-content\/uploads\/2021\/04\/Alders-zaehler-indikatoren-leds_200x150px_v1.jpg","contentUrl":"https:\/\/alders.de\/wp-content\/uploads\/2021\/04\/Alders-zaehler-indikatoren-leds_200x150px_v1.jpg","width":200,"height":150},{"@type":"BreadcrumbList","@id":"https:\/\/alders.de\/fr\/produits\/compteurs-indicateurs-et-leds\/#breadcrumb","itemListElement":[{"@type":"ListItem","position":1,"name":"ALDERS","item":"https:\/\/alders.de\/fr\/"},{"@type":"ListItem","position":2,"name":"Produits","item":"https:\/\/alders.de\/fr\/produits\/"},{"@type":"ListItem","position":3,"name":"Compteurs, indicateurs et LEDs"}]},{"@type":"WebSite","@id":"https:\/\/alders.de\/fr\/#website","url":"https:\/\/alders.de\/fr\/","name":"ALDERS electronic GmbH","description":"Der Spezialist f\u00fcr elektromechanische L\u00f6sungen","publisher":{"@id":"https:\/\/alders.de\/fr\/#organization"},"potentialAction":[{"@type":"SearchAction","target":{"@type":"EntryPoint","urlTemplate":"https:\/\/alders.de\/fr\/?s={search_term_string}"},"query-input":"required name=search_term_string"}],"inLanguage":"fr-FR"},{"@type":"Organization","@id":"https:\/\/alders.de\/fr\/#organization","name":"ALDERS electronic GmbH","url":"https:\/\/alders.de\/fr\/","logo":{"@type":"ImageObject","inLanguage":"fr-FR","@id":"https:\/\/alders.de\/fr\/#\/schema\/logo\/image\/","url":"https:\/\/alders.de\/wp-content\/uploads\/2022\/07\/Alders-logo-Komplett.png","contentUrl":"https:\/\/alders.de\/wp-content\/uploads\/2022\/07\/Alders-logo-Komplett.png","width":1043,"height":253,"caption":"ALDERS electronic GmbH"},"image":{"@id":"https:\/\/alders.de\/fr\/#\/schema\/logo\/image\/"},"sameAs":["https:\/\/www.facebook.com\/Alders.electronic\/","https:\/\/de.linkedin.com\/company\/alders-electronic-gmbh","https:\/\/www.youtube.com\/channel\/UC-hR66wsAmKOdY03IokrlzA","https:\/\/www.instagram.com\/alders.electronic\/"]}]}},"_links":{"self":[{"href":"https:\/\/alders.de\/fr\/wp-json\/wp\/v2\/pages\/281121"}],"collection":[{"href":"https:\/\/alders.de\/fr\/wp-json\/wp\/v2\/pages"}],"about":[{"href":"https:\/\/alders.de\/fr\/wp-json\/wp\/v2\/types\/page"}],"author":[{"embeddable":true,"href":"https:\/\/alders.de\/fr\/wp-json\/wp\/v2\/users\/1"}],"replies":[{"embeddable":true,"href":"https:\/\/alders.de\/fr\/wp-json\/wp\/v2\/comments?post=281121"}],"version-history":[{"count":6,"href":"https:\/\/alders.de\/fr\/wp-json\/wp\/v2\/pages\/281121\/revisions"}],"predecessor-version":[{"id":284306,"href":"https:\/\/alders.de\/fr\/wp-json\/wp\/v2\/pages\/281121\/revisions\/284306"}],"up":[{"embeddable":true,"href":"https:\/\/alders.de\/fr\/wp-json\/wp\/v2\/pages\/280938"}],"wp:featuredmedia":[{"embeddable":true,"href":"https:\/\/alders.de\/fr\/wp-json\/wp\/v2\/media\/281122"}],"wp:attachment":[{"href":"https:\/\/alders.de\/fr\/wp-json\/wp\/v2\/media?parent=281121"}],"curies":[{"name":"wp","href":"https:\/\/api.w.org\/{rel}","templated":true}]}}