{"id":281125,"date":"2021-03-15T12:02:08","date_gmt":"2021-03-15T11:02:08","guid":{"rendered":"https:\/\/dev2.alders.de\/produits\/compteurs-indicateurs-et-leds\/betriebsstundenzaehler\/"},"modified":"2024-02-14T11:25:37","modified_gmt":"2024-02-14T10:25:37","slug":"compteurs-horaires","status":"publish","type":"page","link":"https:\/\/alders.de\/fr\/produits\/compteurs-indicateurs-et-leds\/compteurs-horaires\/","title":{"rendered":"Compteurs horaires"},"content":{"rendered":"<div class=\"wpb-content-wrapper\"><p>[vc_row full_width=\u00a0\u00bbstretch_row\u00a0\u00bb el_class=\u00a0\u00bbsection-grauverlauf\u00a0\u00bb][vc_column][vc_custom_heading source=\u00a0\u00bbpost_title\u00a0\u00bb font_container=\u00a0\u00bbtag:h1|text_align:center\u00a0\u00bb use_theme_fonts=\u00a0\u00bbyes\u00a0\u00bb][\/vc_column][\/vc_row][vc_row][vc_column][vc_column_text]<\/p>\n<h2 style=\"text-align: center;\">Compteurs Horaires pour l\u2019Aviation et la D\u00e9fense de L3Harris<\/h2>\n<p>[\/vc_column_text][vc_column_text]Dans l\u2019aviation, un compteur horaire est utilis\u00e9 pour enregistrer la dur\u00e9e de fonctionnement d\u2019un moteur. Dans ce domaine, mais aussi dans l\u2019Arm\u00e9e, il est particuli\u00e8rement important de toujours garder un \u0153il sur le temps de fonctionnement des machines. Le d\u00e9passement de la dur\u00e9e autoris\u00e9e peut avoir de graves cons\u00e9quences. Les donn\u00e9es des compteurs indiquent des intervalles de maintenance pour les moteurs et autres composants. M\u00eame dans l\u2019Industrie, un compteur horaire sert \u00e0 v\u00e9rifier combien de temps une machine a \u00e9t\u00e9 utilis\u00e9e.<br \/>\nNous travaillons avec L3Harris pour les compteurs. Il s\u2019agit d\u2019une Soci\u00e9t\u00e9 Am\u00e9ricaine qui est sp\u00e9cialis\u00e9e dans la production d\u2019indicateurs optiques et m\u00e9caniques, de compteurs d\u2019\u00e9v\u00e9nements ainsi de des compteurs horaires pour l\u2019Aviation et les Industries militaires. Le fabricant a plusieurs succursales \u00e0 travers le monde, dont le si\u00e8ge est \u00e0 New York. L3Harris a une r\u00e9putation exceptionnelle dans le monde entier et nous sommes convaincus du fabricant et de ses produits.[\/vc_column_text][vc_column_text]<div id=\"products-card\"><div class=\"card produkt\"><div class=\"card-body\"><div class=\"container-fluid\"><div class=\"row\"><div class=\"order-0 col-sm-6 col-md-5 col-lg-4 order-xl-0 col-xl-3 pb-4 pb-sm-0 d-flex flex-column align-items-center\"><a href=\"https:\/\/alders.de\/fr\/produit\/l-3-compteurs-horaires-indicateurs\/\"><img loading=\"lazy\" decoding=\"async\" width=\"150\" height=\"150\" src=\"https:\/\/alders.de\/wp-content\/uploads\/2021\/11\/alders-zaehler-indikatoren-leds-betriebsstundenzaehler-indikatoren.png\" class=\"attachment-medium size-medium wp-post-image\" alt=\"\" srcset=\"https:\/\/alders.de\/wp-content\/uploads\/2021\/11\/alders-zaehler-indikatoren-leds-betriebsstundenzaehler-indikatoren.png 150w, https:\/\/alders.de\/wp-content\/uploads\/2021\/11\/alders-zaehler-indikatoren-leds-betriebsstundenzaehler-indikatoren-100x100.png 100w\" sizes=\"(max-width: 150px) 100vw, 150px\" \/><\/a><\/div><div class=\"order-2 col-sm-12 pt-sm-5 pb-sm-5 pt-xl-0 pb-xl-0 order-xl-1 col-xl-5 pb-4 pb-sm-0 d-flex flex-column\"><h2 class=\"card-title\"><a href=\"https:\/\/alders.de\/fr\/produit\/l-3-compteurs-horaires-indicateurs\/\">L-3 Compteurs Horaires \/ Indicateurs<\/a><\/h2><p>\u2022 Electromagnetic latching display<br \/>\n\u2022 Electrical or manual reset<br \/>\n\u2022 Pulse operated<br \/>\n\u2022 High visibility<br \/>\n\u2022 Low power<br \/>\n\u2022 Environmentally sealed<br \/>\n\u2022 Rugged packaging<br \/>\n\u2022 Custom design<br \/>\n\u2022 Commercial &amp; MIL-PRF-83287<\/p>\n<\/div><div class=\"order-1 col-sm-6 col-md-7 col-lg-8 order-xl-2 col-xl-4 mb-4 mb-sm-0 d-flex flex-column align-items-center\"><a href=\"https:\/\/alders.de\/fr\/produit\/l-3-compteurs-horaires-indicateurs\/\" class=\"btn btn-primary btn-block btn-product-details\">Afficher les d\u00e9tails du produit<\/a><button type=\"button\" class=\"btn btn-primary btn-block btn-inquire-now\" data-toggle=\"modal\" data-target=\"#inquire-now-284101\" data-subject=\"Demande de produits: L-3 Compteurs Horaires \/ Indicateurs\"><i class=\"fas fa-comment\"><\/i>Demander maintenant<\/button><a href=\"https:\/\/alders.de\/wp-content\/uploads\/2021\/11\/Datenblatt-L-3.pdf\" target=\"_blank\" rel=\"noopener noreferrer\" class=\"btn btn-primary btn-block btn-data-sheet\"><i class=\"fas fa-file\"><\/i>Fiche technique L-3<\/a><\/div><\/div><\/div><\/div><\/div><\/div><div class=\"modal fade inquire-now\" id=\"inquire-now-284101\" tabindex=\"-1\" aria-hidden=\"true\"><div class=\"modal-dialog modal-dialog-scrollable modal-dialog-centered modal-lg\"><div class=\"modal-content\"><div class=\"modal-body\"><div class=\"container-fluid\"><div class=\"row\"><div class=\"col-12\"><button type=\"button\" class=\"close\" data-dismiss=\"modal\" aria-label=\"Schlie\u00dfen\"><span aria-hidden=\"true\">&times;<\/span><\/button><\/div><div class=\"col-12 text-center\"><p class=\"mb-4 h3\">Demande de produit<\/p><\/div><div class=\"col-12\"> <div class=\"brlbs-cmpnt-container brlbs-cmpnt-content-blocker brlbs-cmpnt-with-individual-styles\" data-borlabs-cookie-content-blocker-id=\"google-recaptcha\" data-borlabs-cookie-content=\"PGRpdiByb2xlPSJmb3JtIiBjbGFzcz0id3BjZjciIGlkPSJ3cGNmNy1mMjgxMjYyLW8xIiBsYW5nPSJmci1GUiIgZGlyPSJsdHIiPgo8ZGl2IGNsYXNzPSJzY3JlZW4tcmVhZGVyLXJlc3BvbnNlIj48cCByb2xlPSJzdGF0dXMiIGFyaWEtbGl2ZT0icG9saXRlIiBhcmlhLWF0b21pYz0idHJ1ZSI+PC9wPiA8dWw+PC91bD48L2Rpdj4KPGZvcm0gYWN0aW9uPSIvZnIvd3AtanNvbi93cC92Mi9wYWdlcy8yODExMjUjd3BjZjctZjI4MTI2Mi1vMSIgbWV0aG9kPSJwb3N0IiBjbGFzcz0id3BjZjctZm9ybSBpbml0IiBub3ZhbGlkYXRlPSJub3ZhbGlkYXRlIiBkYXRhLXN0YXR1cz0iaW5pdCI+CjxkaXYgc3R5bGU9ImRpc3BsYXk6IG5vbmU7Ij4KPGlucHV0IHR5cGU9ImhpZGRlbiIgbmFtZT0iX3dwY2Y3IiB2YWx1ZT0iMjgxMjYyIiAvPgo8aW5wdXQgdHlwZT0iaGlkZGVuIiBuYW1lPSJfd3BjZjdfdmVyc2lvbiIgdmFsdWU9IjUuMy4yIiAvPgo8aW5wdXQgdHlwZT0iaGlkZGVuIiBuYW1lPSJfd3BjZjdfbG9jYWxlIiB2YWx1ZT0iZnJfRlIiIC8+CjxpbnB1dCB0eXBlPSJoaWRkZW4iIG5hbWU9Il93cGNmN191bml0X3RhZyIgdmFsdWU9IndwY2Y3LWYyODEyNjItbzEiIC8+CjxpbnB1dCB0eXBlPSJoaWRkZW4iIG5hbWU9Il93cGNmN19jb250YWluZXJfcG9zdCIgdmFsdWU9IjAiIC8+CjxpbnB1dCB0eXBlPSJoaWRkZW4iIG5hbWU9Il93cGNmN19wb3N0ZWRfZGF0YV9oYXNoIiB2YWx1ZT0iIiAvPgo8aW5wdXQgdHlwZT0iaGlkZGVuIiBuYW1lPSJfd3BjZjdfcmVjYXB0Y2hhX3Jlc3BvbnNlIiB2YWx1ZT0iIiAvPgo8L2Rpdj4KPGRpdiBjbGFzcz0iZm9ybS1yb3ciPgo8ZGl2IGNsYXNzPSJmb3JtLWdyb3VwIGNvbCI+Cgk8c3BhbiBjbGFzcz0id3BjZjctZm9ybS1jb250cm9sLXdyYXAgc3ViamVjdCI+PGlucHV0IHR5cGU9InRleHQiIG5hbWU9InN1YmplY3QiIHZhbHVlPSJEZW1hbmRlIGRlIHByb2R1aXRzOiBMLTMgQ29tcHRldXJzIEhvcmFpcmVzIC8gSW5kaWNhdGV1cnMiIHNpemU9IjQwIiBjbGFzcz0id3BjZjctZm9ybS1jb250cm9sIHdwY2Y3LXRleHQgd3BjZjctdmFsaWRhdGVzLWFzLXJlcXVpcmVkIGZvcm0tY29udHJvbCIgaWQ9InN1YmplY3QiIHJlYWRvbmx5PSJyZWFkb25seSIgYXJpYS1yZXF1aXJlZD0idHJ1ZSIgYXJpYS1pbnZhbGlkPSJmYWxzZSIgLz48L3NwYW4+Cgk8L2Rpdj4KPC9kaXY+CjxkaXYgY2xhc3M9ImZvcm0tZ3JvdXAgZm9ybS1yb3ciPgo8ZGl2IGNsYXNzPSJjb2wtc20tNiI+CiAgICAgIDxzcGFuIGNsYXNzPSJ3cGNmNy1mb3JtLWNvbnRyb2wtd3JhcCBrb250YWt0LWZpcm1hIj48aW5wdXQgdHlwZT0idGV4dCIgbmFtZT0ia29udGFrdC1maXJtYSIgdmFsdWU9IiIgc2l6ZT0iNDAiIGNsYXNzPSJ3cGNmNy1mb3JtLWNvbnRyb2wgd3BjZjctdGV4dCB3cGNmNy12YWxpZGF0ZXMtYXMtcmVxdWlyZWQgZm9ybS1jb250cm9sIHN0b3JlZCIgaWQ9InZvcm5hbWUiIGFyaWEtcmVxdWlyZWQ9InRydWUiIGFyaWEtaW52YWxpZD0iZmFsc2UiIHBsYWNlaG9sZGVyPSJFbnRyZXByaXNlKiIgLz48L3NwYW4+CiAgICA8L2Rpdj4KPC9kaXY+CjxkaXYgY2xhc3M9ImZvcm0tZ3JvdXAgZm9ybS1yb3ciPgo8ZGl2IGNsYXNzPSJjb2wtc20tNiI+CiAgICAgIDxzcGFuIGNsYXNzPSJ3cGNmNy1mb3JtLWNvbnRyb2wtd3JhcCBrb250YWt0LXRpdGxlIj48c3BhbiBjbGFzcz0id3BjZjctZm9ybS1jb250cm9sIHdwY2Y3LXJhZGlvIGZvcm0tY29udHJvbCBzdG9yZWQiIGlkPSJ0aXRsZSI+PHNwYW4gY2xhc3M9IndwY2Y3LWxpc3QtaXRlbSBmaXJzdCI+PGxhYmVsPjxpbnB1dCB0eXBlPSJyYWRpbyIgbmFtZT0ia29udGFrdC10aXRsZSIgdmFsdWU9Ik1vbnNpZXVyKiIgY2hlY2tlZD0iY2hlY2tlZCIgLz48c3BhbiBjbGFzcz0id3BjZjctbGlzdC1pdGVtLWxhYmVsIj5Nb25zaWV1cio8L3NwYW4+PC9sYWJlbD48L3NwYW4+PHNwYW4gY2xhc3M9IndwY2Y3LWxpc3QtaXRlbSBsYXN0Ij48bGFiZWw+PGlucHV0IHR5cGU9InJhZGlvIiBuYW1lPSJrb250YWt0LXRpdGxlIiB2YWx1ZT0iTWFkYW1lKiIgLz48c3BhbiBjbGFzcz0id3BjZjctbGlzdC1pdGVtLWxhYmVsIj5NYWRhbWUqPC9zcGFuPjwvbGFiZWw+PC9zcGFuPjwvc3Bhbj48L3NwYW4+CiAgICA8L2Rpdj4KPC9kaXY+CjxkaXYgY2xhc3M9ImZvcm0tZ3JvdXAgZm9ybS1yb3ciPgo8ZGl2IGNsYXNzPSJjb2wtc20tNiI+CiAgICAgIDxzcGFuIGNsYXNzPSJ3cGNmNy1mb3JtLWNvbnRyb2wtd3JhcCBrb250YWt0LXZvcm5hbWUiPjxpbnB1dCB0eXBlPSJ0ZXh0IiBuYW1lPSJrb250YWt0LXZvcm5hbWUiIHZhbHVlPSIiIHNpemU9IjQwIiBjbGFzcz0id3BjZjctZm9ybS1jb250cm9sIHdwY2Y3LXRleHQgd3BjZjctdmFsaWRhdGVzLWFzLXJlcXVpcmVkIGZvcm0tY29udHJvbCBzdG9yZWQiIGlkPSJuYW1lIiBhcmlhLXJlcXVpcmVkPSJ0cnVlIiBhcmlhLWludmFsaWQ9ImZhbHNlIiBwbGFjZWhvbGRlcj0iUHLDqW5vbSoiIC8+PC9zcGFuPgogICAgPC9kaXY+CjxkaXYgY2xhc3M9ImNvbC1zbS02Ij4KICAgICAgPHNwYW4gY2xhc3M9IndwY2Y3LWZvcm0tY29udHJvbC13cmFwIGtvbnRha3QtbmFtZSI+PGlucHV0IHR5cGU9InRleHQiIG5hbWU9ImtvbnRha3QtbmFtZSIgdmFsdWU9IiIgc2l6ZT0iNDAiIGNsYXNzPSJ3cGNmNy1mb3JtLWNvbnRyb2wgd3BjZjctdGV4dCB3cGNmNy12YWxpZGF0ZXMtYXMtcmVxdWlyZWQgZm9ybS1jb250cm9sIHN0b3JlZCIgaWQ9Im5hbWUiIGFyaWEtcmVxdWlyZWQ9InRydWUiIGFyaWEtaW52YWxpZD0iZmFsc2UiIHBsYWNlaG9sZGVyPSJOb20qIiAvPjwvc3Bhbj4KICAgIDwvZGl2Pgo8L2Rpdj4KPGRpdiBjbGFzcz0iZm9ybS1yb3ciPgo8ZGl2IGNsYXNzPSJmb3JtLWdyb3VwIGNvbC1tZC02Ij4KCTxzcGFuIGNsYXNzPSJ3cGNmNy1mb3JtLWNvbnRyb2wtd3JhcCBrb250YWt0LWVtYWlsIj48aW5wdXQgdHlwZT0iZW1haWwiIG5hbWU9ImtvbnRha3QtZW1haWwiIHZhbHVlPSIiIHNpemU9IjQwIiBjbGFzcz0id3BjZjctZm9ybS1jb250cm9sIHdwY2Y3LXRleHQgd3BjZjctZW1haWwgd3BjZjctdmFsaWRhdGVzLWFzLXJlcXVpcmVkIHdwY2Y3LXZhbGlkYXRlcy1hcy1lbWFpbCBmb3JtLWNvbnRyb2wiIGlkPSJlbWFpbCIgYXJpYS1yZXF1aXJlZD0idHJ1ZSIgYXJpYS1pbnZhbGlkPSJmYWxzZSIgcGxhY2Vob2xkZXI9IkFkcmVzc2UgbWFpbCoiIC8+PC9zcGFuPgoJPC9kaXY+CjxkaXYgY2xhc3M9ImZvcm0tZ3JvdXAgY29sLW1kLTYiPgoJPHNwYW4gY2xhc3M9IndwY2Y3LWZvcm0tY29udHJvbC13cmFwIGtvbnRha3QtdGVsZWZvbiI+PGlucHV0IHR5cGU9InRlbCIgbmFtZT0ia29udGFrdC10ZWxlZm9uIiB2YWx1ZT0iIiBzaXplPSI0MCIgY2xhc3M9IndwY2Y3LWZvcm0tY29udHJvbCB3cGNmNy10ZXh0IHdwY2Y3LXRlbCB3cGNmNy12YWxpZGF0ZXMtYXMtcmVxdWlyZWQgd3BjZjctdmFsaWRhdGVzLWFzLXRlbCBmb3JtLWNvbnRyb2wiIGlkPSJ0ZWxlcGhvbmUiIGFyaWEtcmVxdWlyZWQ9InRydWUiIGFyaWEtaW52YWxpZD0iZmFsc2UiIHBsYWNlaG9sZGVyPSJOdW3DqXJvIGRlIHTDqWzDqXBob25lKiIgLz48L3NwYW4+Cgk8L2Rpdj4KPC9kaXY+CjxkaXYgY2xhc3M9ImZvcm0tcm93Ij4KPGRpdiBjbGFzcz0iZm9ybS1ncm91cCBjb2wiPgoJPHNwYW4gY2xhc3M9IndwY2Y3LWZvcm0tY29udHJvbC13cmFwIGtvbnRha3QtbmFjaHJpY2h0Ij48dGV4dGFyZWEgbmFtZT0ia29udGFrdC1uYWNocmljaHQiIGNvbHM9IjQwIiByb3dzPSIxMCIgY2xhc3M9IndwY2Y3LWZvcm0tY29udHJvbCB3cGNmNy10ZXh0YXJlYSBmb3JtLWNvbnRyb2wiIGlkPSJtZXNzYWdlIiBhcmlhLWludmFsaWQ9ImZhbHNlIiBwbGFjZWhvbGRlcj0iVm90cmUgbWVzc2FnZSI+PC90ZXh0YXJlYT48L3NwYW4+Cgk8L2Rpdj4KPC9kaXY+CjxkaXYgY2xhc3M9ImZvcm0tZ3JvdXAiPgoJPHNwYW4gY2xhc3M9IndwY2Y3LWZvcm0tY29udHJvbC13cmFwIHNhbXBsZSI+PHNwYW4gY2xhc3M9IndwY2Y3LWZvcm0tY29udHJvbCB3cGNmNy1jaGVja2JveCI+PHNwYW4gY2xhc3M9IndwY2Y3LWxpc3QtaXRlbSBmaXJzdCBsYXN0Ij48bGFiZWw+PGlucHV0IHR5cGU9ImNoZWNrYm94IiBuYW1lPSJzYW1wbGVbXSIgdmFsdWU9IkplIHN1aXMgaW50w6lyZXNzw6kgcGFyIHVuZSBjb3BpZSBkJiMwMzk7w6ljaGFudGlsbG9uLiBWZXVpbGxleiBtZSBjb250YWN0ZXIuIiAvPjxzcGFuIGNsYXNzPSJ3cGNmNy1saXN0LWl0ZW0tbGFiZWwiPkplIHN1aXMgaW50w6lyZXNzw6kgcGFyIHVuZSBjb3BpZSBkJiMwMzk7w6ljaGFudGlsbG9uLiBWZXVpbGxleiBtZSBjb250YWN0ZXIuPC9zcGFuPjwvbGFiZWw+PC9zcGFuPjwvc3Bhbj48L3NwYW4+PGJyIC8+Cgk8c3BhbiBjbGFzcz0id3BjZjctZm9ybS1jb250cm9sLXdyYXAgY29uc2VudCI+PHNwYW4gY2xhc3M9IndwY2Y3LWZvcm0tY29udHJvbCB3cGNmNy1hY2NlcHRhbmNlIj48c3BhbiBjbGFzcz0id3BjZjctbGlzdC1pdGVtIj48bGFiZWw+PGlucHV0IHR5cGU9ImNoZWNrYm94IiBuYW1lPSJjb25zZW50IiB2YWx1ZT0iMSIgYXJpYS1pbnZhbGlkPSJmYWxzZSIgLz48c3BhbiBjbGFzcz0id3BjZjctbGlzdC1pdGVtLWxhYmVsIj5KJ2FjY2VwdGUgbGEgPGEgaHJlZj0iaHR0cHM6Ly9hbGRlcnMuZGUvZnIvcHJvdGVjdGlvbi1kZXMtZG9ubmVlcy8iIHRhcmdldD0iX2JsYW5rIiByZWw9Im5vb3BlbmVyIG5vcmVmZXJyZXIiPlBvbGl0aXF1ZSBkZSBjb25maWRlbnRpYWxpdMOpPC9hPi48c21hbGwgY2xhc3M9InRleHQtZGFuZ2VyIGFsaWduLXRvcCI+Kjwvc21hbGw+PC9zcGFuPjwvbGFiZWw+PC9zcGFuPjwvc3Bhbj48L3NwYW4+CjwvZGl2Pgo8cD48aW5wdXQgdHlwZT0ic3VibWl0IiB2YWx1ZT0iRGVtYW5kZSBkZSBwcm9kdWl0IiBjbGFzcz0id3BjZjctZm9ybS1jb250cm9sIHdwY2Y3LXN1Ym1pdCBidG4gYnRuLXByaW1hcnkgZmxvYXQtcmlnaHQiIC8+PC9wPgo8ZGl2IGNsYXNzPSJ3cGNmNy1yZXNwb25zZS1vdXRwdXQiIGFyaWEtaGlkZGVuPSJ0cnVlIj48L2Rpdj48L2Zvcm0+PC9kaXY+\"><div class=\"brlbs-cmpnt-cb-preset-a\"> <p class=\"brlbs-cmpnt-cb-description\">Vous \u00eates actuellement en train de consulter le contenu d'un espace r\u00e9serv\u00e9 de <strong>Google reCAPTCHA<\/strong>. Pour acc\u00e9der au contenu r\u00e9el, cliquez sur le bouton ci-dessous. Veuillez noter que ce faisant, des donn\u00e9es seront partag\u00e9es avec des providers tiers.<\/p> <div class=\"brlbs-cmpnt-cb-buttons\"> <a class=\"brlbs-cmpnt-cb-btn\" href=\"#\" data-borlabs-cookie-unblock role=\"button\">D\u00e9bloquer le contenu<\/a> <a class=\"brlbs-cmpnt-cb-btn\" href=\"#\" data-borlabs-cookie-accept-service role=\"button\" style=\"display: none\">Accepter le service requis et d\u00e9bloquer les contenus<\/a> <\/div> <a class=\"brlbs-cmpnt-cb-provider-toggle\" href=\"#\" data-borlabs-cookie-show-provider-information role=\"button\">Plus d'informations<\/a> '<\/div>'<\/div><\/div><\/div><\/div><\/div><\/div><\/div><\/div>[\/vc_column_text][vc_column_text]<\/p>\n<h2 style=\"text-align: center;\">Chez ALDERS vous obtenez des Compteurs Horaires m\u00e9caniques pour l\u2019Aviation.<\/h2>\n<p>[\/vc_column_text][vc_column_text]Chez ALDERS nous fournissons des composants \u00e9lectrom\u00e9caniques de haute qualit\u00e9, de g\u00e9nie \u00e9lectrique et d\u2019\u00e9lectrodynamique. Nos clients proviennent des domaines d\u2019application de la technologie de la construction et des machines agricoles, de l\u2019aviation, de la technologie militaire, de la technologie maritime et d\u2019autres domaines d\u2019application. Dans tous ces domaines, le plus haut niveau de pr\u00e9cision, de fiabilit\u00e9 et de qualit\u00e9 est n\u00e9cessaire. Puisque les compteurs horaires sont g\u00e9n\u00e9ralement remplac\u00e9s par des solutions logicielles aujourd\u2019hui, nous proposons principalement des pi\u00e8ces d\u00e9tach\u00e9es dans ce domaine. Donc, si vous utilisez toujours des compteurs horaires m\u00e9canique dans votre domaine d\u2019application, alors vous trouverez ces composants chez ALDERS.[\/vc_column_text][\/vc_column][\/vc_row]<\/p>\n<\/div>","protected":false},"excerpt":{"rendered":"<p>[vc_row full_width=\u00a0\u00bbstretch_row\u00a0\u00bb el_class=\u00a0\u00bbsection-grauverlauf\u00a0\u00bb][vc_column][vc_custom_heading source=\u00a0\u00bbpost_title\u00a0\u00bb font_container=\u00a0\u00bbtag:h1|text_align:center\u00a0\u00bb use_theme_fonts=\u00a0\u00bbyes\u00a0\u00bb][\/vc_column][\/vc_row][vc_row][vc_column][vc_column_text] Compteurs Horaires pour l\u2019Aviation et la D\u00e9fense de L3Harris [\/vc_column_text][vc_column_text]Dans l\u2019aviation, un compteur horaire est utilis\u00e9 pour enregistrer la dur\u00e9e de fonctionnement d\u2019un moteur. Dans ce domaine, mais aussi dans l\u2019Arm\u00e9e, il est particuli\u00e8rement important de toujours garder un \u0153il sur le temps de fonctionnement des machines. Le d\u00e9passement [&hellip;]<\/p>\n","protected":false},"author":1,"featured_media":281126,"parent":281121,"menu_order":0,"comment_status":"closed","ping_status":"closed","template":"templates\/SalesViewer-Tracking.php","meta":{"footnotes":""},"acf":[],"yoast_head":"<!-- This site is optimized with the Yoast SEO Premium plugin v22.5 (Yoast SEO v22.5) - https:\/\/yoast.com\/wordpress\/plugins\/seo\/ -->\n<title>Compteurs horaires - ALDERS electronic GmbH<\/title>\n<meta name=\"description\" content=\"Chez ALDERS, nous vendons des compteurs d&#039;heures de fonctionnement pour votre application. Nous sommes heureux de vous aider.\" \/>\n<meta name=\"robots\" content=\"index, follow, max-snippet:-1, max-image-preview:large, max-video-preview:-1\" \/>\n<link rel=\"canonical\" href=\"https:\/\/alders.de\/fr\/produits\/compteurs-indicateurs-et-leds\/compteurs-horaires\/\" \/>\n<meta property=\"og:locale\" content=\"fr_FR\" \/>\n<meta property=\"og:type\" content=\"article\" \/>\n<meta property=\"og:title\" content=\"Compteurs horaires\" \/>\n<meta property=\"og:description\" content=\"Chez ALDERS, nous vendons des compteurs d&#039;heures de fonctionnement pour votre application. Nous sommes heureux de vous aider.\" \/>\n<meta property=\"og:url\" content=\"\/\" \/>\n<meta property=\"og:site_name\" content=\"ALDERS electronic GmbH\" \/>\n<meta property=\"article:publisher\" content=\"https:\/\/www.facebook.com\/Alders.electronic\/\" \/>\n<meta property=\"article:modified_time\" content=\"2024-02-14T10:25:37+00:00\" \/>\n<meta property=\"og:image\" content=\"https:\/\/alders.de\/wp-content\/uploads\/2021\/03\/alders_zaehler-indikatoren-leds_betriebsstundenzaehler200x150px.jpg\" \/>\n\t<meta property=\"og:image:width\" content=\"200\" \/>\n\t<meta property=\"og:image:height\" content=\"150\" \/>\n\t<meta property=\"og:image:type\" content=\"image\/jpeg\" \/>\n<meta name=\"twitter:card\" content=\"summary_large_image\" \/>\n<meta name=\"twitter:label1\" content=\"Dur\u00e9e de lecture estim\u00e9e\" \/>\n\t<meta name=\"twitter:data1\" content=\"2 minutes\" \/>\n<script type=\"application\/ld+json\" class=\"yoast-schema-graph\">{\"@context\":\"https:\/\/schema.org\",\"@graph\":[{\"@type\":\"WebPage\",\"@id\":\"https:\/\/alders.de\/fr\/produits\/compteurs-indicateurs-et-leds\/compteurs-horaires\/\",\"url\":\"https:\/\/alders.de\/fr\/produits\/compteurs-indicateurs-et-leds\/compteurs-horaires\/\",\"name\":\"Compteurs horaires - ALDERS electronic GmbH\",\"isPartOf\":{\"@id\":\"https:\/\/alders.de\/fr\/#website\"},\"primaryImageOfPage\":{\"@id\":\"https:\/\/alders.de\/fr\/produits\/compteurs-indicateurs-et-leds\/compteurs-horaires\/#primaryimage\"},\"image\":{\"@id\":\"https:\/\/alders.de\/fr\/produits\/compteurs-indicateurs-et-leds\/compteurs-horaires\/#primaryimage\"},\"thumbnailUrl\":\"https:\/\/alders.de\/wp-content\/uploads\/2021\/03\/alders_zaehler-indikatoren-leds_betriebsstundenzaehler200x150px.jpg\",\"datePublished\":\"2021-03-15T11:02:08+00:00\",\"dateModified\":\"2024-02-14T10:25:37+00:00\",\"description\":\"Chez ALDERS, nous vendons des compteurs d'heures de fonctionnement pour votre application. Nous sommes heureux de vous aider.\",\"breadcrumb\":{\"@id\":\"https:\/\/alders.de\/fr\/produits\/compteurs-indicateurs-et-leds\/compteurs-horaires\/#breadcrumb\"},\"inLanguage\":\"fr-FR\",\"potentialAction\":[{\"@type\":\"ReadAction\",\"target\":[\"https:\/\/alders.de\/fr\/produits\/compteurs-indicateurs-et-leds\/compteurs-horaires\/\"]}]},{\"@type\":\"ImageObject\",\"inLanguage\":\"fr-FR\",\"@id\":\"https:\/\/alders.de\/fr\/produits\/compteurs-indicateurs-et-leds\/compteurs-horaires\/#primaryimage\",\"url\":\"https:\/\/alders.de\/wp-content\/uploads\/2021\/03\/alders_zaehler-indikatoren-leds_betriebsstundenzaehler200x150px.jpg\",\"contentUrl\":\"https:\/\/alders.de\/wp-content\/uploads\/2021\/03\/alders_zaehler-indikatoren-leds_betriebsstundenzaehler200x150px.jpg\",\"width\":200,\"height\":150},{\"@type\":\"BreadcrumbList\",\"@id\":\"https:\/\/alders.de\/fr\/produits\/compteurs-indicateurs-et-leds\/compteurs-horaires\/#breadcrumb\",\"itemListElement\":[{\"@type\":\"ListItem\",\"position\":1,\"name\":\"ALDERS\",\"item\":\"https:\/\/alders.de\/fr\/\"},{\"@type\":\"ListItem\",\"position\":2,\"name\":\"Produits\",\"item\":\"https:\/\/alders.de\/fr\/produits\/\"},{\"@type\":\"ListItem\",\"position\":3,\"name\":\"Compteurs, indicateurs et LEDs\",\"item\":\"https:\/\/alders.de\/fr\/produits\/compteurs-indicateurs-et-leds\/\"},{\"@type\":\"ListItem\",\"position\":4,\"name\":\"Compteurs horaires\"}]},{\"@type\":\"WebSite\",\"@id\":\"https:\/\/alders.de\/fr\/#website\",\"url\":\"https:\/\/alders.de\/fr\/\",\"name\":\"ALDERS electronic GmbH\",\"description\":\"Der Spezialist f\u00fcr elektromechanische L\u00f6sungen\",\"publisher\":{\"@id\":\"https:\/\/alders.de\/fr\/#organization\"},\"potentialAction\":[{\"@type\":\"SearchAction\",\"target\":{\"@type\":\"EntryPoint\",\"urlTemplate\":\"https:\/\/alders.de\/fr\/?s={search_term_string}\"},\"query-input\":\"required name=search_term_string\"}],\"inLanguage\":\"fr-FR\"},{\"@type\":\"Organization\",\"@id\":\"https:\/\/alders.de\/fr\/#organization\",\"name\":\"ALDERS electronic GmbH\",\"url\":\"https:\/\/alders.de\/fr\/\",\"logo\":{\"@type\":\"ImageObject\",\"inLanguage\":\"fr-FR\",\"@id\":\"https:\/\/alders.de\/fr\/#\/schema\/logo\/image\/\",\"url\":\"https:\/\/alders.de\/wp-content\/uploads\/2022\/07\/Alders-logo-Komplett.png\",\"contentUrl\":\"https:\/\/alders.de\/wp-content\/uploads\/2022\/07\/Alders-logo-Komplett.png\",\"width\":1043,\"height\":253,\"caption\":\"ALDERS electronic GmbH\"},\"image\":{\"@id\":\"https:\/\/alders.de\/fr\/#\/schema\/logo\/image\/\"},\"sameAs\":[\"https:\/\/www.facebook.com\/Alders.electronic\/\",\"https:\/\/de.linkedin.com\/company\/alders-electronic-gmbh\",\"https:\/\/www.youtube.com\/channel\/UC-hR66wsAmKOdY03IokrlzA\",\"https:\/\/www.instagram.com\/alders.electronic\/\"]}]}<\/script>\n<!-- \/ Yoast SEO Premium plugin. -->","yoast_head_json":{"title":"Compteurs horaires - ALDERS electronic GmbH","description":"Chez ALDERS, nous vendons des compteurs d'heures de fonctionnement pour votre application. Nous sommes heureux de vous aider.","robots":{"index":"index","follow":"follow","max-snippet":"max-snippet:-1","max-image-preview":"max-image-preview:large","max-video-preview":"max-video-preview:-1"},"canonical":"https:\/\/alders.de\/fr\/produits\/compteurs-indicateurs-et-leds\/compteurs-horaires\/","og_locale":"fr_FR","og_type":"article","og_title":"Compteurs horaires","og_description":"Chez ALDERS, nous vendons des compteurs d'heures de fonctionnement pour votre application. Nous sommes heureux de vous aider.","og_url":"\/","og_site_name":"ALDERS electronic GmbH","article_publisher":"https:\/\/www.facebook.com\/Alders.electronic\/","article_modified_time":"2024-02-14T10:25:37+00:00","og_image":[{"width":200,"height":150,"url":"https:\/\/alders.de\/wp-content\/uploads\/2021\/03\/alders_zaehler-indikatoren-leds_betriebsstundenzaehler200x150px.jpg","type":"image\/jpeg"}],"twitter_card":"summary_large_image","twitter_misc":{"Dur\u00e9e de lecture estim\u00e9e":"2 minutes"},"schema":{"@context":"https:\/\/schema.org","@graph":[{"@type":"WebPage","@id":"https:\/\/alders.de\/fr\/produits\/compteurs-indicateurs-et-leds\/compteurs-horaires\/","url":"https:\/\/alders.de\/fr\/produits\/compteurs-indicateurs-et-leds\/compteurs-horaires\/","name":"Compteurs horaires - ALDERS electronic GmbH","isPartOf":{"@id":"https:\/\/alders.de\/fr\/#website"},"primaryImageOfPage":{"@id":"https:\/\/alders.de\/fr\/produits\/compteurs-indicateurs-et-leds\/compteurs-horaires\/#primaryimage"},"image":{"@id":"https:\/\/alders.de\/fr\/produits\/compteurs-indicateurs-et-leds\/compteurs-horaires\/#primaryimage"},"thumbnailUrl":"https:\/\/alders.de\/wp-content\/uploads\/2021\/03\/alders_zaehler-indikatoren-leds_betriebsstundenzaehler200x150px.jpg","datePublished":"2021-03-15T11:02:08+00:00","dateModified":"2024-02-14T10:25:37+00:00","description":"Chez ALDERS, nous vendons des compteurs d'heures de fonctionnement pour votre application. Nous sommes heureux de vous aider.","breadcrumb":{"@id":"https:\/\/alders.de\/fr\/produits\/compteurs-indicateurs-et-leds\/compteurs-horaires\/#breadcrumb"},"inLanguage":"fr-FR","potentialAction":[{"@type":"ReadAction","target":["https:\/\/alders.de\/fr\/produits\/compteurs-indicateurs-et-leds\/compteurs-horaires\/"]}]},{"@type":"ImageObject","inLanguage":"fr-FR","@id":"https:\/\/alders.de\/fr\/produits\/compteurs-indicateurs-et-leds\/compteurs-horaires\/#primaryimage","url":"https:\/\/alders.de\/wp-content\/uploads\/2021\/03\/alders_zaehler-indikatoren-leds_betriebsstundenzaehler200x150px.jpg","contentUrl":"https:\/\/alders.de\/wp-content\/uploads\/2021\/03\/alders_zaehler-indikatoren-leds_betriebsstundenzaehler200x150px.jpg","width":200,"height":150},{"@type":"BreadcrumbList","@id":"https:\/\/alders.de\/fr\/produits\/compteurs-indicateurs-et-leds\/compteurs-horaires\/#breadcrumb","itemListElement":[{"@type":"ListItem","position":1,"name":"ALDERS","item":"https:\/\/alders.de\/fr\/"},{"@type":"ListItem","position":2,"name":"Produits","item":"https:\/\/alders.de\/fr\/produits\/"},{"@type":"ListItem","position":3,"name":"Compteurs, indicateurs et LEDs","item":"https:\/\/alders.de\/fr\/produits\/compteurs-indicateurs-et-leds\/"},{"@type":"ListItem","position":4,"name":"Compteurs horaires"}]},{"@type":"WebSite","@id":"https:\/\/alders.de\/fr\/#website","url":"https:\/\/alders.de\/fr\/","name":"ALDERS electronic GmbH","description":"Der Spezialist f\u00fcr elektromechanische L\u00f6sungen","publisher":{"@id":"https:\/\/alders.de\/fr\/#organization"},"potentialAction":[{"@type":"SearchAction","target":{"@type":"EntryPoint","urlTemplate":"https:\/\/alders.de\/fr\/?s={search_term_string}"},"query-input":"required name=search_term_string"}],"inLanguage":"fr-FR"},{"@type":"Organization","@id":"https:\/\/alders.de\/fr\/#organization","name":"ALDERS electronic GmbH","url":"https:\/\/alders.de\/fr\/","logo":{"@type":"ImageObject","inLanguage":"fr-FR","@id":"https:\/\/alders.de\/fr\/#\/schema\/logo\/image\/","url":"https:\/\/alders.de\/wp-content\/uploads\/2022\/07\/Alders-logo-Komplett.png","contentUrl":"https:\/\/alders.de\/wp-content\/uploads\/2022\/07\/Alders-logo-Komplett.png","width":1043,"height":253,"caption":"ALDERS electronic GmbH"},"image":{"@id":"https:\/\/alders.de\/fr\/#\/schema\/logo\/image\/"},"sameAs":["https:\/\/www.facebook.com\/Alders.electronic\/","https:\/\/de.linkedin.com\/company\/alders-electronic-gmbh","https:\/\/www.youtube.com\/channel\/UC-hR66wsAmKOdY03IokrlzA","https:\/\/www.instagram.com\/alders.electronic\/"]}]}},"_links":{"self":[{"href":"https:\/\/alders.de\/fr\/wp-json\/wp\/v2\/pages\/281125"}],"collection":[{"href":"https:\/\/alders.de\/fr\/wp-json\/wp\/v2\/pages"}],"about":[{"href":"https:\/\/alders.de\/fr\/wp-json\/wp\/v2\/types\/page"}],"author":[{"embeddable":true,"href":"https:\/\/alders.de\/fr\/wp-json\/wp\/v2\/users\/1"}],"replies":[{"embeddable":true,"href":"https:\/\/alders.de\/fr\/wp-json\/wp\/v2\/comments?post=281125"}],"version-history":[{"count":6,"href":"https:\/\/alders.de\/fr\/wp-json\/wp\/v2\/pages\/281125\/revisions"}],"predecessor-version":[{"id":289163,"href":"https:\/\/alders.de\/fr\/wp-json\/wp\/v2\/pages\/281125\/revisions\/289163"}],"up":[{"embeddable":true,"href":"https:\/\/alders.de\/fr\/wp-json\/wp\/v2\/pages\/281121"}],"wp:featuredmedia":[{"embeddable":true,"href":"https:\/\/alders.de\/fr\/wp-json\/wp\/v2\/media\/281126"}],"wp:attachment":[{"href":"https:\/\/alders.de\/fr\/wp-json\/wp\/v2\/media?parent=281125"}],"curies":[{"name":"wp","href":"https:\/\/api.w.org\/{rel}","templated":true}]}}