{"id":284474,"date":"2021-03-05T15:47:55","date_gmt":"2021-03-05T14:47:55","guid":{"rendered":"https:\/\/alders.de\/produits\/joysticks\/handbetaetigte-joysticks\/"},"modified":"2022-02-23T20:19:52","modified_gmt":"2022-02-23T19:19:52","slug":"joystick-actionne-a-la-main","status":"publish","type":"page","link":"https:\/\/alders.de\/fr\/produits\/joysticks\/joystick-actionne-a-la-main\/","title":{"rendered":"Joystick actionn\u00e9 \u00e0 la main"},"content":{"rendered":"<div class=\"wpb-content-wrapper\"><p>[vc_row full_width=\u00a0\u00bbstretch_row\u00a0\u00bb el_class=\u00a0\u00bbsection-grauverlauf\u00a0\u00bb][vc_column][vc_custom_heading source=\u00a0\u00bbpost_title\u00a0\u00bb font_container=\u00a0\u00bbtag:h1|text_align:center\u00a0\u00bb use_theme_fonts=\u00a0\u00bbyes\u00a0\u00bb][vc_row_inner][vc_column_inner width=\u00a0\u00bb1\/6&Prime;][\/vc_column_inner][vc_column_inner width=\u00a0\u00bb2\/3&Prime;][vc_column_text]<\/p>\n<p style=\"text-align: center;\">Les joysticks manuels sont utilis\u00e9s dans les applications lourdes telles que les moissonneuses ou les grues. En raison de leur robustesse, les joysticks sont accept\u00e9s partout o\u00f9 les s\u00e9quences de mouvement, telles que le levage et l&rsquo;abaissement, sont contr\u00f4l\u00e9es \u00e0 la main.<\/p>\n<p>[\/vc_column_text][\/vc_column_inner][vc_column_inner width=\u00a0\u00bb1\/6&Prime;][\/vc_column_inner][\/vc_row_inner][\/vc_column][\/vc_row][vc_row][vc_column][vc_column_text]<div id=\"products-card\"><div class=\"card produkt\"><div class=\"card-body\"><div class=\"container-fluid\"><div class=\"row\"><div class=\"order-0 col-sm-6 col-md-5 col-lg-4 order-xl-0 col-xl-3 pb-4 pb-sm-0 d-flex flex-column align-items-center\"><a href=\"https:\/\/alders.de\/fr\/produit\/otto-controls-joysticks-handbetaetigte-joysticks-jhs\/\"><img loading=\"lazy\" decoding=\"async\" width=\"81\" height=\"150\" src=\"https:\/\/alders.de\/wp-content\/uploads\/2021\/06\/alders-joysticks-otto-controls-jhs.png\" class=\"attachment-medium size-medium wp-post-image\" alt=\"\" \/><\/a><\/div><div class=\"order-2 col-sm-12 pt-sm-5 pb-sm-5 pt-xl-0 pb-xl-0 order-xl-1 col-xl-5 pb-4 pb-sm-0 d-flex flex-column\"><h2 class=\"card-title\"><a href=\"https:\/\/alders.de\/fr\/produit\/otto-controls-joysticks-handbetaetigte-joysticks-jhs\/\">OTTO Controls Joystick JHS-F\/JHS-RC<\/a><\/h2><ul>\n<li>Construction \u00e0 un axe<\/li>\n<li>Optimal comme levier d\u2019acc\u00e9l\u00e9rateur<\/li>\n<li>Possible avec frein \u00e0 friction<\/li>\n<\/ul>\n<\/div><div class=\"order-1 col-sm-6 col-md-7 col-lg-8 order-xl-2 col-xl-4 mb-4 mb-sm-0 d-flex flex-column align-items-center\"><a href=\"https:\/\/alders.de\/fr\/produit\/otto-controls-joysticks-handbetaetigte-joysticks-jhs\/\" class=\"btn btn-primary btn-block btn-product-details\">Afficher les d\u00e9tails du produit<\/a><button type=\"button\" class=\"btn btn-primary btn-block btn-inquire-now\" data-toggle=\"modal\" data-target=\"#inquire-now-284064\" data-subject=\"Demande de produits: OTTO Controls Joystick JHS-F\/JHS-RC\"><i class=\"fas fa-comment\"><\/i>Demander maintenant<\/button><a href=\"https:\/\/alders.de\/wp-content\/uploads\/2021\/06\/JHS-F_FR.pdf\" target=\"_blank\" rel=\"noopener noreferrer\" class=\"btn btn-primary btn-block btn-data-sheet\"><i class=\"fas fa-file\"><\/i>Fiche technique JHS-F<\/a><a href=\"https:\/\/alders.de\/wp-content\/uploads\/2021\/06\/JHS-RC_FR.pdf\" target=\"_blank\" rel=\"noopener noreferrer\" class=\"btn btn-primary btn-block btn-data-sheet\"><i class=\"fas fa-file\"><\/i>Fiche technique JHS-RC<\/a><a href=\"https:\/\/alders.de\/wp-content\/uploads\/2021\/06\/Hall-Effect-Guide-8-26-20-13.pdf\" target=\"_blank\" rel=\"noopener noreferrer\" class=\"btn btn-primary btn-block btn-data-sheet\"><i class=\"fas fa-file\"><\/i>Hall Effect Guide<\/a><\/div><\/div><\/div><\/div><\/div><\/div><div class=\"modal fade inquire-now\" id=\"inquire-now-284064\" tabindex=\"-1\" aria-hidden=\"true\"><div class=\"modal-dialog modal-dialog-scrollable modal-dialog-centered modal-lg\"><div class=\"modal-content\"><div class=\"modal-body\"><div class=\"container-fluid\"><div class=\"row\"><div class=\"col-12\"><button type=\"button\" class=\"close\" data-dismiss=\"modal\" aria-label=\"Schlie\u00dfen\"><span aria-hidden=\"true\">&times;<\/span><\/button><\/div><div class=\"col-12 text-center\"><p class=\"mb-4 h3\">Demande de produit<\/p><\/div><div class=\"col-12\"> <div class=\"brlbs-cmpnt-container brlbs-cmpnt-content-blocker brlbs-cmpnt-with-individual-styles\" data-borlabs-cookie-content-blocker-id=\"google-recaptcha\" data-borlabs-cookie-content=\"PGRpdiByb2xlPSJmb3JtIiBjbGFzcz0id3BjZjciIGlkPSJ3cGNmNy1mMjgxMjYyLW8xIiBsYW5nPSJmci1GUiIgZGlyPSJsdHIiPgo8ZGl2IGNsYXNzPSJzY3JlZW4tcmVhZGVyLXJlc3BvbnNlIj48cCByb2xlPSJzdGF0dXMiIGFyaWEtbGl2ZT0icG9saXRlIiBhcmlhLWF0b21pYz0idHJ1ZSI+PC9wPiA8dWw+PC91bD48L2Rpdj4KPGZvcm0gYWN0aW9uPSIvZnIvd3AtanNvbi93cC92Mi9wYWdlcy8yODQ0NzQjd3BjZjctZjI4MTI2Mi1vMSIgbWV0aG9kPSJwb3N0IiBjbGFzcz0id3BjZjctZm9ybSBpbml0IiBub3ZhbGlkYXRlPSJub3ZhbGlkYXRlIiBkYXRhLXN0YXR1cz0iaW5pdCI+CjxkaXYgc3R5bGU9ImRpc3BsYXk6IG5vbmU7Ij4KPGlucHV0IHR5cGU9ImhpZGRlbiIgbmFtZT0iX3dwY2Y3IiB2YWx1ZT0iMjgxMjYyIiAvPgo8aW5wdXQgdHlwZT0iaGlkZGVuIiBuYW1lPSJfd3BjZjdfdmVyc2lvbiIgdmFsdWU9IjUuMy4yIiAvPgo8aW5wdXQgdHlwZT0iaGlkZGVuIiBuYW1lPSJfd3BjZjdfbG9jYWxlIiB2YWx1ZT0iZnJfRlIiIC8+CjxpbnB1dCB0eXBlPSJoaWRkZW4iIG5hbWU9Il93cGNmN191bml0X3RhZyIgdmFsdWU9IndwY2Y3LWYyODEyNjItbzEiIC8+CjxpbnB1dCB0eXBlPSJoaWRkZW4iIG5hbWU9Il93cGNmN19jb250YWluZXJfcG9zdCIgdmFsdWU9IjAiIC8+CjxpbnB1dCB0eXBlPSJoaWRkZW4iIG5hbWU9Il93cGNmN19wb3N0ZWRfZGF0YV9oYXNoIiB2YWx1ZT0iIiAvPgo8aW5wdXQgdHlwZT0iaGlkZGVuIiBuYW1lPSJfd3BjZjdfcmVjYXB0Y2hhX3Jlc3BvbnNlIiB2YWx1ZT0iIiAvPgo8L2Rpdj4KPGRpdiBjbGFzcz0iZm9ybS1yb3ciPgo8ZGl2IGNsYXNzPSJmb3JtLWdyb3VwIGNvbCI+Cgk8c3BhbiBjbGFzcz0id3BjZjctZm9ybS1jb250cm9sLXdyYXAgc3ViamVjdCI+PGlucHV0IHR5cGU9InRleHQiIG5hbWU9InN1YmplY3QiIHZhbHVlPSJEZW1hbmRlIGRlIHByb2R1aXRzOiBPVFRPIENvbnRyb2xzIEpveXN0aWNrIEpIUy1GL0pIUy1SQyIgc2l6ZT0iNDAiIGNsYXNzPSJ3cGNmNy1mb3JtLWNvbnRyb2wgd3BjZjctdGV4dCB3cGNmNy12YWxpZGF0ZXMtYXMtcmVxdWlyZWQgZm9ybS1jb250cm9sIiBpZD0ic3ViamVjdCIgcmVhZG9ubHk9InJlYWRvbmx5IiBhcmlhLXJlcXVpcmVkPSJ0cnVlIiBhcmlhLWludmFsaWQ9ImZhbHNlIiAvPjwvc3Bhbj4KCTwvZGl2Pgo8L2Rpdj4KPGRpdiBjbGFzcz0iZm9ybS1ncm91cCBmb3JtLXJvdyI+CjxkaXYgY2xhc3M9ImNvbC1zbS02Ij4KICAgICAgPHNwYW4gY2xhc3M9IndwY2Y3LWZvcm0tY29udHJvbC13cmFwIGtvbnRha3QtZmlybWEiPjxpbnB1dCB0eXBlPSJ0ZXh0IiBuYW1lPSJrb250YWt0LWZpcm1hIiB2YWx1ZT0iIiBzaXplPSI0MCIgY2xhc3M9IndwY2Y3LWZvcm0tY29udHJvbCB3cGNmNy10ZXh0IHdwY2Y3LXZhbGlkYXRlcy1hcy1yZXF1aXJlZCBmb3JtLWNvbnRyb2wgc3RvcmVkIiBpZD0idm9ybmFtZSIgYXJpYS1yZXF1aXJlZD0idHJ1ZSIgYXJpYS1pbnZhbGlkPSJmYWxzZSIgcGxhY2Vob2xkZXI9IkVudHJlcHJpc2UqIiAvPjwvc3Bhbj4KICAgIDwvZGl2Pgo8L2Rpdj4KPGRpdiBjbGFzcz0iZm9ybS1ncm91cCBmb3JtLXJvdyI+CjxkaXYgY2xhc3M9ImNvbC1zbS02Ij4KICAgICAgPHNwYW4gY2xhc3M9IndwY2Y3LWZvcm0tY29udHJvbC13cmFwIGtvbnRha3QtdGl0bGUiPjxzcGFuIGNsYXNzPSJ3cGNmNy1mb3JtLWNvbnRyb2wgd3BjZjctcmFkaW8gZm9ybS1jb250cm9sIHN0b3JlZCIgaWQ9InRpdGxlIj48c3BhbiBjbGFzcz0id3BjZjctbGlzdC1pdGVtIGZpcnN0Ij48bGFiZWw+PGlucHV0IHR5cGU9InJhZGlvIiBuYW1lPSJrb250YWt0LXRpdGxlIiB2YWx1ZT0iTW9uc2lldXIqIiBjaGVja2VkPSJjaGVja2VkIiAvPjxzcGFuIGNsYXNzPSJ3cGNmNy1saXN0LWl0ZW0tbGFiZWwiPk1vbnNpZXVyKjwvc3Bhbj48L2xhYmVsPjwvc3Bhbj48c3BhbiBjbGFzcz0id3BjZjctbGlzdC1pdGVtIGxhc3QiPjxsYWJlbD48aW5wdXQgdHlwZT0icmFkaW8iIG5hbWU9ImtvbnRha3QtdGl0bGUiIHZhbHVlPSJNYWRhbWUqIiAvPjxzcGFuIGNsYXNzPSJ3cGNmNy1saXN0LWl0ZW0tbGFiZWwiPk1hZGFtZSo8L3NwYW4+PC9sYWJlbD48L3NwYW4+PC9zcGFuPjwvc3Bhbj4KICAgIDwvZGl2Pgo8L2Rpdj4KPGRpdiBjbGFzcz0iZm9ybS1ncm91cCBmb3JtLXJvdyI+CjxkaXYgY2xhc3M9ImNvbC1zbS02Ij4KICAgICAgPHNwYW4gY2xhc3M9IndwY2Y3LWZvcm0tY29udHJvbC13cmFwIGtvbnRha3Qtdm9ybmFtZSI+PGlucHV0IHR5cGU9InRleHQiIG5hbWU9ImtvbnRha3Qtdm9ybmFtZSIgdmFsdWU9IiIgc2l6ZT0iNDAiIGNsYXNzPSJ3cGNmNy1mb3JtLWNvbnRyb2wgd3BjZjctdGV4dCB3cGNmNy12YWxpZGF0ZXMtYXMtcmVxdWlyZWQgZm9ybS1jb250cm9sIHN0b3JlZCIgaWQ9Im5hbWUiIGFyaWEtcmVxdWlyZWQ9InRydWUiIGFyaWEtaW52YWxpZD0iZmFsc2UiIHBsYWNlaG9sZGVyPSJQcsOpbm9tKiIgLz48L3NwYW4+CiAgICA8L2Rpdj4KPGRpdiBjbGFzcz0iY29sLXNtLTYiPgogICAgICA8c3BhbiBjbGFzcz0id3BjZjctZm9ybS1jb250cm9sLXdyYXAga29udGFrdC1uYW1lIj48aW5wdXQgdHlwZT0idGV4dCIgbmFtZT0ia29udGFrdC1uYW1lIiB2YWx1ZT0iIiBzaXplPSI0MCIgY2xhc3M9IndwY2Y3LWZvcm0tY29udHJvbCB3cGNmNy10ZXh0IHdwY2Y3LXZhbGlkYXRlcy1hcy1yZXF1aXJlZCBmb3JtLWNvbnRyb2wgc3RvcmVkIiBpZD0ibmFtZSIgYXJpYS1yZXF1aXJlZD0idHJ1ZSIgYXJpYS1pbnZhbGlkPSJmYWxzZSIgcGxhY2Vob2xkZXI9Ik5vbSoiIC8+PC9zcGFuPgogICAgPC9kaXY+CjwvZGl2Pgo8ZGl2IGNsYXNzPSJmb3JtLXJvdyI+CjxkaXYgY2xhc3M9ImZvcm0tZ3JvdXAgY29sLW1kLTYiPgoJPHNwYW4gY2xhc3M9IndwY2Y3LWZvcm0tY29udHJvbC13cmFwIGtvbnRha3QtZW1haWwiPjxpbnB1dCB0eXBlPSJlbWFpbCIgbmFtZT0ia29udGFrdC1lbWFpbCIgdmFsdWU9IiIgc2l6ZT0iNDAiIGNsYXNzPSJ3cGNmNy1mb3JtLWNvbnRyb2wgd3BjZjctdGV4dCB3cGNmNy1lbWFpbCB3cGNmNy12YWxpZGF0ZXMtYXMtcmVxdWlyZWQgd3BjZjctdmFsaWRhdGVzLWFzLWVtYWlsIGZvcm0tY29udHJvbCIgaWQ9ImVtYWlsIiBhcmlhLXJlcXVpcmVkPSJ0cnVlIiBhcmlhLWludmFsaWQ9ImZhbHNlIiBwbGFjZWhvbGRlcj0iQWRyZXNzZSBtYWlsKiIgLz48L3NwYW4+Cgk8L2Rpdj4KPGRpdiBjbGFzcz0iZm9ybS1ncm91cCBjb2wtbWQtNiI+Cgk8c3BhbiBjbGFzcz0id3BjZjctZm9ybS1jb250cm9sLXdyYXAga29udGFrdC10ZWxlZm9uIj48aW5wdXQgdHlwZT0idGVsIiBuYW1lPSJrb250YWt0LXRlbGVmb24iIHZhbHVlPSIiIHNpemU9IjQwIiBjbGFzcz0id3BjZjctZm9ybS1jb250cm9sIHdwY2Y3LXRleHQgd3BjZjctdGVsIHdwY2Y3LXZhbGlkYXRlcy1hcy1yZXF1aXJlZCB3cGNmNy12YWxpZGF0ZXMtYXMtdGVsIGZvcm0tY29udHJvbCIgaWQ9InRlbGVwaG9uZSIgYXJpYS1yZXF1aXJlZD0idHJ1ZSIgYXJpYS1pbnZhbGlkPSJmYWxzZSIgcGxhY2Vob2xkZXI9Ik51bcOpcm8gZGUgdMOpbMOpcGhvbmUqIiAvPjwvc3Bhbj4KCTwvZGl2Pgo8L2Rpdj4KPGRpdiBjbGFzcz0iZm9ybS1yb3ciPgo8ZGl2IGNsYXNzPSJmb3JtLWdyb3VwIGNvbCI+Cgk8c3BhbiBjbGFzcz0id3BjZjctZm9ybS1jb250cm9sLXdyYXAga29udGFrdC1uYWNocmljaHQiPjx0ZXh0YXJlYSBuYW1lPSJrb250YWt0LW5hY2hyaWNodCIgY29scz0iNDAiIHJvd3M9IjEwIiBjbGFzcz0id3BjZjctZm9ybS1jb250cm9sIHdwY2Y3LXRleHRhcmVhIGZvcm0tY29udHJvbCIgaWQ9Im1lc3NhZ2UiIGFyaWEtaW52YWxpZD0iZmFsc2UiIHBsYWNlaG9sZGVyPSJWb3RyZSBtZXNzYWdlIj48L3RleHRhcmVhPjwvc3Bhbj4KCTwvZGl2Pgo8L2Rpdj4KPGRpdiBjbGFzcz0iZm9ybS1ncm91cCI+Cgk8c3BhbiBjbGFzcz0id3BjZjctZm9ybS1jb250cm9sLXdyYXAgc2FtcGxlIj48c3BhbiBjbGFzcz0id3BjZjctZm9ybS1jb250cm9sIHdwY2Y3LWNoZWNrYm94Ij48c3BhbiBjbGFzcz0id3BjZjctbGlzdC1pdGVtIGZpcnN0IGxhc3QiPjxsYWJlbD48aW5wdXQgdHlwZT0iY2hlY2tib3giIG5hbWU9InNhbXBsZVtdIiB2YWx1ZT0iSmUgc3VpcyBpbnTDqXJlc3PDqSBwYXIgdW5lIGNvcGllIGQmIzAzOTvDqWNoYW50aWxsb24uIFZldWlsbGV6IG1lIGNvbnRhY3Rlci4iIC8+PHNwYW4gY2xhc3M9IndwY2Y3LWxpc3QtaXRlbS1sYWJlbCI+SmUgc3VpcyBpbnTDqXJlc3PDqSBwYXIgdW5lIGNvcGllIGQmIzAzOTvDqWNoYW50aWxsb24uIFZldWlsbGV6IG1lIGNvbnRhY3Rlci48L3NwYW4+PC9sYWJlbD48L3NwYW4+PC9zcGFuPjwvc3Bhbj48YnIgLz4KCTxzcGFuIGNsYXNzPSJ3cGNmNy1mb3JtLWNvbnRyb2wtd3JhcCBjb25zZW50Ij48c3BhbiBjbGFzcz0id3BjZjctZm9ybS1jb250cm9sIHdwY2Y3LWFjY2VwdGFuY2UiPjxzcGFuIGNsYXNzPSJ3cGNmNy1saXN0LWl0ZW0iPjxsYWJlbD48aW5wdXQgdHlwZT0iY2hlY2tib3giIG5hbWU9ImNvbnNlbnQiIHZhbHVlPSIxIiBhcmlhLWludmFsaWQ9ImZhbHNlIiAvPjxzcGFuIGNsYXNzPSJ3cGNmNy1saXN0LWl0ZW0tbGFiZWwiPkonYWNjZXB0ZSBsYSA8YSBocmVmPSJodHRwczovL2FsZGVycy5kZS9mci9wcm90ZWN0aW9uLWRlcy1kb25uZWVzLyIgdGFyZ2V0PSJfYmxhbmsiIHJlbD0ibm9vcGVuZXIgbm9yZWZlcnJlciI+UG9saXRpcXVlIGRlIGNvbmZpZGVudGlhbGl0w6k8L2E+LjxzbWFsbCBjbGFzcz0idGV4dC1kYW5nZXIgYWxpZ24tdG9wIj4qPC9zbWFsbD48L3NwYW4+PC9sYWJlbD48L3NwYW4+PC9zcGFuPjwvc3Bhbj4KPC9kaXY+CjxwPjxpbnB1dCB0eXBlPSJzdWJtaXQiIHZhbHVlPSJEZW1hbmRlIGRlIHByb2R1aXQiIGNsYXNzPSJ3cGNmNy1mb3JtLWNvbnRyb2wgd3BjZjctc3VibWl0IGJ0biBidG4tcHJpbWFyeSBmbG9hdC1yaWdodCIgLz48L3A+CjxkaXYgY2xhc3M9IndwY2Y3LXJlc3BvbnNlLW91dHB1dCIgYXJpYS1oaWRkZW49InRydWUiPjwvZGl2PjwvZm9ybT48L2Rpdj4=\"><div class=\"brlbs-cmpnt-cb-preset-a\"> <p class=\"brlbs-cmpnt-cb-description\">Vous \u00eates actuellement en train de consulter le contenu d'un espace r\u00e9serv\u00e9 de <strong>Google reCAPTCHA<\/strong>. Pour acc\u00e9der au contenu r\u00e9el, cliquez sur le bouton ci-dessous. Veuillez noter que ce faisant, des donn\u00e9es seront partag\u00e9es avec des providers tiers.<\/p> <div class=\"brlbs-cmpnt-cb-buttons\"> <a class=\"brlbs-cmpnt-cb-btn\" href=\"#\" data-borlabs-cookie-unblock role=\"button\">D\u00e9bloquer le contenu<\/a> <a class=\"brlbs-cmpnt-cb-btn\" href=\"#\" data-borlabs-cookie-accept-service role=\"button\" style=\"display: none\">Accepter le service requis et d\u00e9bloquer les contenus<\/a> <\/div> <a class=\"brlbs-cmpnt-cb-provider-toggle\" href=\"#\" data-borlabs-cookie-show-provider-information role=\"button\">Plus d'informations<\/a> '<\/div>'<\/div><\/div><\/div><\/div><\/div><\/div><\/div><\/div>[\/vc_column_text][\/vc_column][\/vc_row]<\/p>\n<\/div>","protected":false},"excerpt":{"rendered":"<p>[vc_row full_width=\u00a0\u00bbstretch_row\u00a0\u00bb el_class=\u00a0\u00bbsection-grauverlauf\u00a0\u00bb][vc_column][vc_custom_heading source=\u00a0\u00bbpost_title\u00a0\u00bb font_container=\u00a0\u00bbtag:h1|text_align:center\u00a0\u00bb use_theme_fonts=\u00a0\u00bbyes\u00a0\u00bb][vc_row_inner][vc_column_inner width=\u00a0\u00bb1\/6&Prime;][\/vc_column_inner][vc_column_inner width=\u00a0\u00bb2\/3&Prime;][vc_column_text] Les joysticks manuels sont utilis\u00e9s dans les applications lourdes telles que les moissonneuses ou les grues. En raison de leur robustesse, les joysticks sont accept\u00e9s partout o\u00f9 les s\u00e9quences de mouvement, telles que le levage et l&rsquo;abaissement, sont contr\u00f4l\u00e9es \u00e0 la main. [\/vc_column_text][\/vc_column_inner][vc_column_inner width=\u00a0\u00bb1\/6&Prime;][\/vc_column_inner][\/vc_row_inner][\/vc_column][\/vc_row][vc_row][vc_column][vc_column_text][\/vc_column_text][\/vc_column][\/vc_row]<\/p>\n","protected":false},"author":1,"featured_media":281414,"parent":280982,"menu_order":0,"comment_status":"closed","ping_status":"closed","template":"templates\/SalesViewer-Tracking.php","meta":{"footnotes":""},"acf":[],"yoast_head":"<!-- This site is optimized with the Yoast SEO Premium plugin v22.5 (Yoast SEO v22.5) - https:\/\/yoast.com\/wordpress\/plugins\/seo\/ -->\n<title>Joystick actionn\u00e9 \u00e0 la main - ALDERS electronic GmbH<\/title>\n<meta name=\"description\" content=\"Handbet\u00e4tigte Joysticks f\u00fcr Hochleistungsanwendungen bei denen Bewegungsabl\u00e4ufe, wie Heben und Senken, von Hand gesteuert werden.\" \/>\n<meta name=\"robots\" content=\"index, follow, max-snippet:-1, max-image-preview:large, max-video-preview:-1\" \/>\n<link rel=\"canonical\" href=\"https:\/\/alders.de\/fr\/produits\/joysticks\/joystick-actionne-a-la-main\/\" \/>\n<meta property=\"og:locale\" content=\"fr_FR\" \/>\n<meta property=\"og:type\" content=\"article\" \/>\n<meta property=\"og:title\" content=\"Joystick actionn\u00e9 \u00e0 la main\" \/>\n<meta property=\"og:description\" content=\"Handbet\u00e4tigte Joysticks f\u00fcr Hochleistungsanwendungen bei denen Bewegungsabl\u00e4ufe, wie Heben und Senken, von Hand gesteuert werden.\" \/>\n<meta property=\"og:url\" content=\"\/\" \/>\n<meta property=\"og:site_name\" content=\"ALDERS electronic GmbH\" \/>\n<meta property=\"article:publisher\" content=\"https:\/\/www.facebook.com\/Alders.electronic\/\" \/>\n<meta property=\"article:modified_time\" content=\"2022-02-23T19:19:52+00:00\" \/>\n<meta property=\"og:image\" content=\"https:\/\/alders.de\/wp-content\/uploads\/2021\/03\/alders_joystick_handbetaetigtejoysticks200x150px.jpg\" \/>\n\t<meta property=\"og:image:width\" content=\"200\" \/>\n\t<meta property=\"og:image:height\" content=\"150\" \/>\n\t<meta property=\"og:image:type\" content=\"image\/jpeg\" \/>\n<meta name=\"twitter:card\" content=\"summary_large_image\" \/>\n<meta name=\"twitter:label1\" content=\"Dur\u00e9e de lecture estim\u00e9e\" \/>\n\t<meta name=\"twitter:data1\" content=\"1 minute\" \/>\n<script type=\"application\/ld+json\" class=\"yoast-schema-graph\">{\"@context\":\"https:\/\/schema.org\",\"@graph\":[{\"@type\":\"WebPage\",\"@id\":\"https:\/\/alders.de\/fr\/produits\/joysticks\/joystick-actionne-a-la-main\/\",\"url\":\"https:\/\/alders.de\/fr\/produits\/joysticks\/joystick-actionne-a-la-main\/\",\"name\":\"Joystick actionn\u00e9 \u00e0 la main - ALDERS electronic GmbH\",\"isPartOf\":{\"@id\":\"https:\/\/alders.de\/fr\/#website\"},\"primaryImageOfPage\":{\"@id\":\"https:\/\/alders.de\/fr\/produits\/joysticks\/joystick-actionne-a-la-main\/#primaryimage\"},\"image\":{\"@id\":\"https:\/\/alders.de\/fr\/produits\/joysticks\/joystick-actionne-a-la-main\/#primaryimage\"},\"thumbnailUrl\":\"https:\/\/alders.de\/wp-content\/uploads\/2021\/03\/alders_joystick_handbetaetigtejoysticks200x150px.jpg\",\"datePublished\":\"2021-03-05T14:47:55+00:00\",\"dateModified\":\"2022-02-23T19:19:52+00:00\",\"description\":\"Handbet\u00e4tigte Joysticks f\u00fcr Hochleistungsanwendungen bei denen Bewegungsabl\u00e4ufe, wie Heben und Senken, von Hand gesteuert werden.\",\"breadcrumb\":{\"@id\":\"https:\/\/alders.de\/fr\/produits\/joysticks\/joystick-actionne-a-la-main\/#breadcrumb\"},\"inLanguage\":\"fr-FR\",\"potentialAction\":[{\"@type\":\"ReadAction\",\"target\":[\"https:\/\/alders.de\/fr\/produits\/joysticks\/joystick-actionne-a-la-main\/\"]}]},{\"@type\":\"ImageObject\",\"inLanguage\":\"fr-FR\",\"@id\":\"https:\/\/alders.de\/fr\/produits\/joysticks\/joystick-actionne-a-la-main\/#primaryimage\",\"url\":\"https:\/\/alders.de\/wp-content\/uploads\/2021\/03\/alders_joystick_handbetaetigtejoysticks200x150px.jpg\",\"contentUrl\":\"https:\/\/alders.de\/wp-content\/uploads\/2021\/03\/alders_joystick_handbetaetigtejoysticks200x150px.jpg\",\"width\":200,\"height\":150},{\"@type\":\"BreadcrumbList\",\"@id\":\"https:\/\/alders.de\/fr\/produits\/joysticks\/joystick-actionne-a-la-main\/#breadcrumb\",\"itemListElement\":[{\"@type\":\"ListItem\",\"position\":1,\"name\":\"ALDERS\",\"item\":\"https:\/\/alders.de\/fr\/\"},{\"@type\":\"ListItem\",\"position\":2,\"name\":\"Produits\",\"item\":\"https:\/\/alders.de\/fr\/produits\/\"},{\"@type\":\"ListItem\",\"position\":3,\"name\":\"Joysticks\",\"item\":\"https:\/\/alders.de\/fr\/produits\/joysticks\/\"},{\"@type\":\"ListItem\",\"position\":4,\"name\":\"Joystick actionn\u00e9 \u00e0 la main\"}]},{\"@type\":\"WebSite\",\"@id\":\"https:\/\/alders.de\/fr\/#website\",\"url\":\"https:\/\/alders.de\/fr\/\",\"name\":\"ALDERS electronic GmbH\",\"description\":\"Der Spezialist f\u00fcr elektromechanische L\u00f6sungen\",\"publisher\":{\"@id\":\"https:\/\/alders.de\/fr\/#organization\"},\"potentialAction\":[{\"@type\":\"SearchAction\",\"target\":{\"@type\":\"EntryPoint\",\"urlTemplate\":\"https:\/\/alders.de\/fr\/?s={search_term_string}\"},\"query-input\":\"required name=search_term_string\"}],\"inLanguage\":\"fr-FR\"},{\"@type\":\"Organization\",\"@id\":\"https:\/\/alders.de\/fr\/#organization\",\"name\":\"ALDERS electronic GmbH\",\"url\":\"https:\/\/alders.de\/fr\/\",\"logo\":{\"@type\":\"ImageObject\",\"inLanguage\":\"fr-FR\",\"@id\":\"https:\/\/alders.de\/fr\/#\/schema\/logo\/image\/\",\"url\":\"https:\/\/alders.de\/wp-content\/uploads\/2022\/07\/Alders-logo-Komplett.png\",\"contentUrl\":\"https:\/\/alders.de\/wp-content\/uploads\/2022\/07\/Alders-logo-Komplett.png\",\"width\":1043,\"height\":253,\"caption\":\"ALDERS electronic GmbH\"},\"image\":{\"@id\":\"https:\/\/alders.de\/fr\/#\/schema\/logo\/image\/\"},\"sameAs\":[\"https:\/\/www.facebook.com\/Alders.electronic\/\",\"https:\/\/de.linkedin.com\/company\/alders-electronic-gmbh\",\"https:\/\/www.youtube.com\/channel\/UC-hR66wsAmKOdY03IokrlzA\",\"https:\/\/www.instagram.com\/alders.electronic\/\"]}]}<\/script>\n<!-- \/ Yoast SEO Premium plugin. -->","yoast_head_json":{"title":"Joystick actionn\u00e9 \u00e0 la main - ALDERS electronic GmbH","description":"Handbet\u00e4tigte Joysticks f\u00fcr Hochleistungsanwendungen bei denen Bewegungsabl\u00e4ufe, wie Heben und Senken, von Hand gesteuert werden.","robots":{"index":"index","follow":"follow","max-snippet":"max-snippet:-1","max-image-preview":"max-image-preview:large","max-video-preview":"max-video-preview:-1"},"canonical":"https:\/\/alders.de\/fr\/produits\/joysticks\/joystick-actionne-a-la-main\/","og_locale":"fr_FR","og_type":"article","og_title":"Joystick actionn\u00e9 \u00e0 la main","og_description":"Handbet\u00e4tigte Joysticks f\u00fcr Hochleistungsanwendungen bei denen Bewegungsabl\u00e4ufe, wie Heben und Senken, von Hand gesteuert werden.","og_url":"\/","og_site_name":"ALDERS electronic GmbH","article_publisher":"https:\/\/www.facebook.com\/Alders.electronic\/","article_modified_time":"2022-02-23T19:19:52+00:00","og_image":[{"width":200,"height":150,"url":"https:\/\/alders.de\/wp-content\/uploads\/2021\/03\/alders_joystick_handbetaetigtejoysticks200x150px.jpg","type":"image\/jpeg"}],"twitter_card":"summary_large_image","twitter_misc":{"Dur\u00e9e de lecture estim\u00e9e":"1 minute"},"schema":{"@context":"https:\/\/schema.org","@graph":[{"@type":"WebPage","@id":"https:\/\/alders.de\/fr\/produits\/joysticks\/joystick-actionne-a-la-main\/","url":"https:\/\/alders.de\/fr\/produits\/joysticks\/joystick-actionne-a-la-main\/","name":"Joystick actionn\u00e9 \u00e0 la main - ALDERS electronic GmbH","isPartOf":{"@id":"https:\/\/alders.de\/fr\/#website"},"primaryImageOfPage":{"@id":"https:\/\/alders.de\/fr\/produits\/joysticks\/joystick-actionne-a-la-main\/#primaryimage"},"image":{"@id":"https:\/\/alders.de\/fr\/produits\/joysticks\/joystick-actionne-a-la-main\/#primaryimage"},"thumbnailUrl":"https:\/\/alders.de\/wp-content\/uploads\/2021\/03\/alders_joystick_handbetaetigtejoysticks200x150px.jpg","datePublished":"2021-03-05T14:47:55+00:00","dateModified":"2022-02-23T19:19:52+00:00","description":"Handbet\u00e4tigte Joysticks f\u00fcr Hochleistungsanwendungen bei denen Bewegungsabl\u00e4ufe, wie Heben und Senken, von Hand gesteuert werden.","breadcrumb":{"@id":"https:\/\/alders.de\/fr\/produits\/joysticks\/joystick-actionne-a-la-main\/#breadcrumb"},"inLanguage":"fr-FR","potentialAction":[{"@type":"ReadAction","target":["https:\/\/alders.de\/fr\/produits\/joysticks\/joystick-actionne-a-la-main\/"]}]},{"@type":"ImageObject","inLanguage":"fr-FR","@id":"https:\/\/alders.de\/fr\/produits\/joysticks\/joystick-actionne-a-la-main\/#primaryimage","url":"https:\/\/alders.de\/wp-content\/uploads\/2021\/03\/alders_joystick_handbetaetigtejoysticks200x150px.jpg","contentUrl":"https:\/\/alders.de\/wp-content\/uploads\/2021\/03\/alders_joystick_handbetaetigtejoysticks200x150px.jpg","width":200,"height":150},{"@type":"BreadcrumbList","@id":"https:\/\/alders.de\/fr\/produits\/joysticks\/joystick-actionne-a-la-main\/#breadcrumb","itemListElement":[{"@type":"ListItem","position":1,"name":"ALDERS","item":"https:\/\/alders.de\/fr\/"},{"@type":"ListItem","position":2,"name":"Produits","item":"https:\/\/alders.de\/fr\/produits\/"},{"@type":"ListItem","position":3,"name":"Joysticks","item":"https:\/\/alders.de\/fr\/produits\/joysticks\/"},{"@type":"ListItem","position":4,"name":"Joystick actionn\u00e9 \u00e0 la main"}]},{"@type":"WebSite","@id":"https:\/\/alders.de\/fr\/#website","url":"https:\/\/alders.de\/fr\/","name":"ALDERS electronic GmbH","description":"Der Spezialist f\u00fcr elektromechanische L\u00f6sungen","publisher":{"@id":"https:\/\/alders.de\/fr\/#organization"},"potentialAction":[{"@type":"SearchAction","target":{"@type":"EntryPoint","urlTemplate":"https:\/\/alders.de\/fr\/?s={search_term_string}"},"query-input":"required name=search_term_string"}],"inLanguage":"fr-FR"},{"@type":"Organization","@id":"https:\/\/alders.de\/fr\/#organization","name":"ALDERS electronic GmbH","url":"https:\/\/alders.de\/fr\/","logo":{"@type":"ImageObject","inLanguage":"fr-FR","@id":"https:\/\/alders.de\/fr\/#\/schema\/logo\/image\/","url":"https:\/\/alders.de\/wp-content\/uploads\/2022\/07\/Alders-logo-Komplett.png","contentUrl":"https:\/\/alders.de\/wp-content\/uploads\/2022\/07\/Alders-logo-Komplett.png","width":1043,"height":253,"caption":"ALDERS electronic GmbH"},"image":{"@id":"https:\/\/alders.de\/fr\/#\/schema\/logo\/image\/"},"sameAs":["https:\/\/www.facebook.com\/Alders.electronic\/","https:\/\/de.linkedin.com\/company\/alders-electronic-gmbh","https:\/\/www.youtube.com\/channel\/UC-hR66wsAmKOdY03IokrlzA","https:\/\/www.instagram.com\/alders.electronic\/"]}]}},"_links":{"self":[{"href":"https:\/\/alders.de\/fr\/wp-json\/wp\/v2\/pages\/284474"}],"collection":[{"href":"https:\/\/alders.de\/fr\/wp-json\/wp\/v2\/pages"}],"about":[{"href":"https:\/\/alders.de\/fr\/wp-json\/wp\/v2\/types\/page"}],"author":[{"embeddable":true,"href":"https:\/\/alders.de\/fr\/wp-json\/wp\/v2\/users\/1"}],"replies":[{"embeddable":true,"href":"https:\/\/alders.de\/fr\/wp-json\/wp\/v2\/comments?post=284474"}],"version-history":[{"count":3,"href":"https:\/\/alders.de\/fr\/wp-json\/wp\/v2\/pages\/284474\/revisions"}],"predecessor-version":[{"id":284477,"href":"https:\/\/alders.de\/fr\/wp-json\/wp\/v2\/pages\/284474\/revisions\/284477"}],"up":[{"embeddable":true,"href":"https:\/\/alders.de\/fr\/wp-json\/wp\/v2\/pages\/280982"}],"wp:featuredmedia":[{"embeddable":true,"href":"https:\/\/alders.de\/fr\/wp-json\/wp\/v2\/media\/281414"}],"wp:attachment":[{"href":"https:\/\/alders.de\/fr\/wp-json\/wp\/v2\/media?parent=284474"}],"curies":[{"name":"wp","href":"https:\/\/api.w.org\/{rel}","templated":true}]}}