{"id":290766,"date":"2024-03-22T09:56:09","date_gmt":"2024-03-22T08:56:09","guid":{"rendered":"https:\/\/alders.de\/produits\/bouton-de-commutation\/can-keypad\/"},"modified":"2025-02-19T11:01:24","modified_gmt":"2025-02-19T10:01:24","slug":"can-keypad","status":"publish","type":"page","link":"https:\/\/alders.de\/fr\/produits\/bouton-de-commutation\/can-keypad\/","title":{"rendered":"CAN Keypad"},"content":{"rendered":"<div class=\"wpb-content-wrapper\"><p>[vc_row full_width=\u00a0\u00bbstretch_row\u00a0\u00bb el_class=\u00a0\u00bbsection-grauverlauf\u00a0\u00bb][vc_column][vc_column_text]<\/p>\n<h1 style=\"text-align: center;\">Can Keypad: Qualit\u00e4t und Zuverl\u00e4ssigkeit von OTTO Controls und AIS<\/h1>\n<p>[\/vc_column_text][vc_row_inner][vc_column_inner width=\u00a0\u00bb1\/2&Prime;][vc_column_text]CAN Keypad ist ein CANbus-f\u00e4higes Modul mit softwaresteuerbarer Programmierung<br \/>\nzur intuitiven Bedienung von Gel\u00e4ndefahrzeugen und schwerem Ger\u00e4t. Das robuste Modul l\u00e4sst sich horizontal oder vertikal in Paneele und Armlehnen montieren. Jede der sechs Tasten verf\u00fcgt am \u00e4u\u00dferen Rand \u00fcber drei RGB-LEDs, die auf jede Farbe und Lichtintensit\u00e4t eingestellt werden k\u00f6nnen. Der mittlere Encoder verf\u00fcgt \u00fcber konfigurierbare Start- und Rollover-Positionswerte.[\/vc_column_text][\/vc_column_inner][vc_column_inner width=\u00a0\u00bb1\/2&Prime;][vc_column_text]Das CAN Keypad kann mit anderen CAN-Produkten (CAN-Joysticks und CAN-Rocker) von <a href=\"https:\/\/www.otto-controls.com\/\" target=\"_blank\" rel=\"noopener\">OTTO Controls<\/a> \u00a0im selben Netzwerk kommunizieren. Es kann als Basismodul f\u00fcr die Verkettung von bis zu sieben CAN-Rocker-Erweiterungsmodulen dienen.<\/p>\n<p>Bei Fragen zum CAN Keypad beraten wir Sie gerne. Rufen Sie uns an oder senden Sie uns eine <a href=\"mailto:vertrieb@alders.de\">E-Mail<\/a> mit Ihrem Anliegen. Weitere Schalter und Taster von ALDERS finden Sie <a href=\"https:\/\/alders.de\/fr\/produits\/bouton-de-commutation\/\">hier<\/a>.[\/vc_column_text][\/vc_column_inner][\/vc_row_inner][\/vc_column][\/vc_row][vc_row full_width=\u00a0\u00bbstretch_row\u00a0\u00bb el_class=\u00a0\u00bbsection-grauverlauf\u00a0\u00bb][vc_column][vc_column_text][\/vc_column_text][\/vc_column][\/vc_row]<\/p>\n<\/div>","protected":false},"excerpt":{"rendered":"<p>[vc_row full_width=\u00a0\u00bbstretch_row\u00a0\u00bb el_class=\u00a0\u00bbsection-grauverlauf\u00a0\u00bb][vc_column][vc_column_text] Can Keypad: Qualit\u00e4t und Zuverl\u00e4ssigkeit von OTTO Controls und AIS [\/vc_column_text][vc_row_inner][vc_column_inner width=\u00a0\u00bb1\/2&Prime;][vc_column_text]CAN Keypad ist ein CANbus-f\u00e4higes Modul mit softwaresteuerbarer Programmierung zur intuitiven Bedienung von Gel\u00e4ndefahrzeugen und schwerem Ger\u00e4t. Das robuste Modul l\u00e4sst sich horizontal oder vertikal in Paneele und Armlehnen montieren. Jede der sechs Tasten verf\u00fcgt am \u00e4u\u00dferen Rand \u00fcber drei RGB-LEDs, [&hellip;]<\/p>\n","protected":false},"author":13,"featured_media":289884,"parent":280976,"menu_order":0,"comment_status":"closed","ping_status":"closed","template":"templates\/SalesViewer-Tracking.php","meta":{"footnotes":""},"acf":[],"yoast_head":"<!-- This site is optimized with the Yoast SEO Premium plugin v22.5 (Yoast SEO v22.5) - https:\/\/yoast.com\/wordpress\/plugins\/seo\/ -->\n<title>CAN Keypad: Ein intelligentes Bedienmodul f\u00fcr CANbus-Systeme - ALDERS electronic GmbH<\/title>\n<meta name=\"description\" content=\"Optimieren Sie die Steuerung Ihres schweren Ger\u00e4ts mit dem CAN Keypad: intuitive Bedienung und einfache Montage in Paneele und Armlehnen.\" \/>\n<meta name=\"robots\" content=\"index, follow, max-snippet:-1, max-image-preview:large, max-video-preview:-1\" \/>\n<link rel=\"canonical\" href=\"https:\/\/alders.de\/fr\/produits\/bouton-de-commutation\/can-keypad\/\" \/>\n<meta property=\"og:locale\" content=\"fr_FR\" \/>\n<meta property=\"og:type\" content=\"article\" \/>\n<meta property=\"og:title\" content=\"CAN Keypad\" \/>\n<meta property=\"og:description\" content=\"Optimieren Sie die Steuerung Ihres schweren Ger\u00e4ts mit dem CAN Keypad: intuitive Bedienung und einfache Montage in Paneele und Armlehnen.\" \/>\n<meta property=\"og:url\" content=\"\/\" \/>\n<meta property=\"og:site_name\" content=\"ALDERS electronic GmbH\" \/>\n<meta property=\"article:publisher\" content=\"https:\/\/www.facebook.com\/Alders.electronic\/\" \/>\n<meta property=\"article:modified_time\" content=\"2025-02-19T10:01:24+00:00\" \/>\n<meta property=\"og:image\" content=\"https:\/\/alders.de\/wp-content\/uploads\/2024\/03\/Can-Keypad.png\" \/>\n\t<meta property=\"og:image:width\" content=\"277\" \/>\n\t<meta property=\"og:image:height\" content=\"257\" \/>\n\t<meta property=\"og:image:type\" content=\"image\/png\" \/>\n<meta name=\"twitter:card\" content=\"summary_large_image\" \/>\n<meta name=\"twitter:label1\" content=\"Dur\u00e9e de lecture estim\u00e9e\" \/>\n\t<meta name=\"twitter:data1\" content=\"1 minute\" \/>\n<script type=\"application\/ld+json\" class=\"yoast-schema-graph\">{\"@context\":\"https:\/\/schema.org\",\"@graph\":[{\"@type\":\"WebPage\",\"@id\":\"https:\/\/alders.de\/fr\/produits\/bouton-de-commutation\/can-keypad\/\",\"url\":\"https:\/\/alders.de\/fr\/produits\/bouton-de-commutation\/can-keypad\/\",\"name\":\"CAN Keypad: Ein intelligentes Bedienmodul f\u00fcr CANbus-Systeme - ALDERS electronic GmbH\",\"isPartOf\":{\"@id\":\"https:\/\/alders.de\/fr\/#website\"},\"primaryImageOfPage\":{\"@id\":\"https:\/\/alders.de\/fr\/produits\/bouton-de-commutation\/can-keypad\/#primaryimage\"},\"image\":{\"@id\":\"https:\/\/alders.de\/fr\/produits\/bouton-de-commutation\/can-keypad\/#primaryimage\"},\"thumbnailUrl\":\"https:\/\/alders.de\/wp-content\/uploads\/2024\/03\/Can-Keypad.png\",\"datePublished\":\"2024-03-22T08:56:09+00:00\",\"dateModified\":\"2025-02-19T10:01:24+00:00\",\"description\":\"Optimieren Sie die Steuerung Ihres schweren Ger\u00e4ts mit dem CAN Keypad: intuitive Bedienung und einfache Montage in Paneele und Armlehnen.\",\"breadcrumb\":{\"@id\":\"https:\/\/alders.de\/fr\/produits\/bouton-de-commutation\/can-keypad\/#breadcrumb\"},\"inLanguage\":\"fr-FR\",\"potentialAction\":[{\"@type\":\"ReadAction\",\"target\":[\"https:\/\/alders.de\/fr\/produits\/bouton-de-commutation\/can-keypad\/\"]}]},{\"@type\":\"ImageObject\",\"inLanguage\":\"fr-FR\",\"@id\":\"https:\/\/alders.de\/fr\/produits\/bouton-de-commutation\/can-keypad\/#primaryimage\",\"url\":\"https:\/\/alders.de\/wp-content\/uploads\/2024\/03\/Can-Keypad.png\",\"contentUrl\":\"https:\/\/alders.de\/wp-content\/uploads\/2024\/03\/Can-Keypad.png\",\"width\":277,\"height\":257,\"caption\":\"OTTO Controls Can Keypad Alders\"},{\"@type\":\"BreadcrumbList\",\"@id\":\"https:\/\/alders.de\/fr\/produits\/bouton-de-commutation\/can-keypad\/#breadcrumb\",\"itemListElement\":[{\"@type\":\"ListItem\",\"position\":1,\"name\":\"ALDERS\",\"item\":\"https:\/\/alders.de\/fr\/\"},{\"@type\":\"ListItem\",\"position\":2,\"name\":\"Produits\",\"item\":\"https:\/\/alders.de\/fr\/produits\/\"},{\"@type\":\"ListItem\",\"position\":3,\"name\":\"Bouton de commutation\",\"item\":\"https:\/\/alders.de\/fr\/produits\/bouton-de-commutation\/\"},{\"@type\":\"ListItem\",\"position\":4,\"name\":\"CAN Keypad\"}]},{\"@type\":\"WebSite\",\"@id\":\"https:\/\/alders.de\/fr\/#website\",\"url\":\"https:\/\/alders.de\/fr\/\",\"name\":\"ALDERS electronic GmbH\",\"description\":\"Der Spezialist f\u00fcr elektromechanische L\u00f6sungen\",\"publisher\":{\"@id\":\"https:\/\/alders.de\/fr\/#organization\"},\"potentialAction\":[{\"@type\":\"SearchAction\",\"target\":{\"@type\":\"EntryPoint\",\"urlTemplate\":\"https:\/\/alders.de\/fr\/?s={search_term_string}\"},\"query-input\":\"required name=search_term_string\"}],\"inLanguage\":\"fr-FR\"},{\"@type\":\"Organization\",\"@id\":\"https:\/\/alders.de\/fr\/#organization\",\"name\":\"ALDERS electronic GmbH\",\"url\":\"https:\/\/alders.de\/fr\/\",\"logo\":{\"@type\":\"ImageObject\",\"inLanguage\":\"fr-FR\",\"@id\":\"https:\/\/alders.de\/fr\/#\/schema\/logo\/image\/\",\"url\":\"https:\/\/alders.de\/wp-content\/uploads\/2022\/07\/Alders-logo-Komplett.png\",\"contentUrl\":\"https:\/\/alders.de\/wp-content\/uploads\/2022\/07\/Alders-logo-Komplett.png\",\"width\":1043,\"height\":253,\"caption\":\"ALDERS electronic GmbH\"},\"image\":{\"@id\":\"https:\/\/alders.de\/fr\/#\/schema\/logo\/image\/\"},\"sameAs\":[\"https:\/\/www.facebook.com\/Alders.electronic\/\",\"https:\/\/de.linkedin.com\/company\/alders-electronic-gmbh\",\"https:\/\/www.youtube.com\/channel\/UC-hR66wsAmKOdY03IokrlzA\",\"https:\/\/www.instagram.com\/alders.electronic\/\"]}]}<\/script>\n<!-- \/ Yoast SEO Premium plugin. -->","yoast_head_json":{"title":"CAN Keypad: Ein intelligentes Bedienmodul f\u00fcr CANbus-Systeme - ALDERS electronic GmbH","description":"Optimieren Sie die Steuerung Ihres schweren Ger\u00e4ts mit dem CAN Keypad: intuitive Bedienung und einfache Montage in Paneele und Armlehnen.","robots":{"index":"index","follow":"follow","max-snippet":"max-snippet:-1","max-image-preview":"max-image-preview:large","max-video-preview":"max-video-preview:-1"},"canonical":"https:\/\/alders.de\/fr\/produits\/bouton-de-commutation\/can-keypad\/","og_locale":"fr_FR","og_type":"article","og_title":"CAN Keypad","og_description":"Optimieren Sie die Steuerung Ihres schweren Ger\u00e4ts mit dem CAN Keypad: intuitive Bedienung und einfache Montage in Paneele und Armlehnen.","og_url":"\/","og_site_name":"ALDERS electronic GmbH","article_publisher":"https:\/\/www.facebook.com\/Alders.electronic\/","article_modified_time":"2025-02-19T10:01:24+00:00","og_image":[{"width":277,"height":257,"url":"https:\/\/alders.de\/wp-content\/uploads\/2024\/03\/Can-Keypad.png","type":"image\/png"}],"twitter_card":"summary_large_image","twitter_misc":{"Dur\u00e9e de lecture estim\u00e9e":"1 minute"},"schema":{"@context":"https:\/\/schema.org","@graph":[{"@type":"WebPage","@id":"https:\/\/alders.de\/fr\/produits\/bouton-de-commutation\/can-keypad\/","url":"https:\/\/alders.de\/fr\/produits\/bouton-de-commutation\/can-keypad\/","name":"CAN Keypad: Ein intelligentes Bedienmodul f\u00fcr CANbus-Systeme - ALDERS electronic GmbH","isPartOf":{"@id":"https:\/\/alders.de\/fr\/#website"},"primaryImageOfPage":{"@id":"https:\/\/alders.de\/fr\/produits\/bouton-de-commutation\/can-keypad\/#primaryimage"},"image":{"@id":"https:\/\/alders.de\/fr\/produits\/bouton-de-commutation\/can-keypad\/#primaryimage"},"thumbnailUrl":"https:\/\/alders.de\/wp-content\/uploads\/2024\/03\/Can-Keypad.png","datePublished":"2024-03-22T08:56:09+00:00","dateModified":"2025-02-19T10:01:24+00:00","description":"Optimieren Sie die Steuerung Ihres schweren Ger\u00e4ts mit dem CAN Keypad: intuitive Bedienung und einfache Montage in Paneele und Armlehnen.","breadcrumb":{"@id":"https:\/\/alders.de\/fr\/produits\/bouton-de-commutation\/can-keypad\/#breadcrumb"},"inLanguage":"fr-FR","potentialAction":[{"@type":"ReadAction","target":["https:\/\/alders.de\/fr\/produits\/bouton-de-commutation\/can-keypad\/"]}]},{"@type":"ImageObject","inLanguage":"fr-FR","@id":"https:\/\/alders.de\/fr\/produits\/bouton-de-commutation\/can-keypad\/#primaryimage","url":"https:\/\/alders.de\/wp-content\/uploads\/2024\/03\/Can-Keypad.png","contentUrl":"https:\/\/alders.de\/wp-content\/uploads\/2024\/03\/Can-Keypad.png","width":277,"height":257,"caption":"OTTO Controls Can Keypad Alders"},{"@type":"BreadcrumbList","@id":"https:\/\/alders.de\/fr\/produits\/bouton-de-commutation\/can-keypad\/#breadcrumb","itemListElement":[{"@type":"ListItem","position":1,"name":"ALDERS","item":"https:\/\/alders.de\/fr\/"},{"@type":"ListItem","position":2,"name":"Produits","item":"https:\/\/alders.de\/fr\/produits\/"},{"@type":"ListItem","position":3,"name":"Bouton de commutation","item":"https:\/\/alders.de\/fr\/produits\/bouton-de-commutation\/"},{"@type":"ListItem","position":4,"name":"CAN Keypad"}]},{"@type":"WebSite","@id":"https:\/\/alders.de\/fr\/#website","url":"https:\/\/alders.de\/fr\/","name":"ALDERS electronic GmbH","description":"Der Spezialist f\u00fcr elektromechanische L\u00f6sungen","publisher":{"@id":"https:\/\/alders.de\/fr\/#organization"},"potentialAction":[{"@type":"SearchAction","target":{"@type":"EntryPoint","urlTemplate":"https:\/\/alders.de\/fr\/?s={search_term_string}"},"query-input":"required name=search_term_string"}],"inLanguage":"fr-FR"},{"@type":"Organization","@id":"https:\/\/alders.de\/fr\/#organization","name":"ALDERS electronic GmbH","url":"https:\/\/alders.de\/fr\/","logo":{"@type":"ImageObject","inLanguage":"fr-FR","@id":"https:\/\/alders.de\/fr\/#\/schema\/logo\/image\/","url":"https:\/\/alders.de\/wp-content\/uploads\/2022\/07\/Alders-logo-Komplett.png","contentUrl":"https:\/\/alders.de\/wp-content\/uploads\/2022\/07\/Alders-logo-Komplett.png","width":1043,"height":253,"caption":"ALDERS electronic GmbH"},"image":{"@id":"https:\/\/alders.de\/fr\/#\/schema\/logo\/image\/"},"sameAs":["https:\/\/www.facebook.com\/Alders.electronic\/","https:\/\/de.linkedin.com\/company\/alders-electronic-gmbh","https:\/\/www.youtube.com\/channel\/UC-hR66wsAmKOdY03IokrlzA","https:\/\/www.instagram.com\/alders.electronic\/"]}]}},"_links":{"self":[{"href":"https:\/\/alders.de\/fr\/wp-json\/wp\/v2\/pages\/290766"}],"collection":[{"href":"https:\/\/alders.de\/fr\/wp-json\/wp\/v2\/pages"}],"about":[{"href":"https:\/\/alders.de\/fr\/wp-json\/wp\/v2\/types\/page"}],"author":[{"embeddable":true,"href":"https:\/\/alders.de\/fr\/wp-json\/wp\/v2\/users\/13"}],"replies":[{"embeddable":true,"href":"https:\/\/alders.de\/fr\/wp-json\/wp\/v2\/comments?post=290766"}],"version-history":[{"count":2,"href":"https:\/\/alders.de\/fr\/wp-json\/wp\/v2\/pages\/290766\/revisions"}],"predecessor-version":[{"id":291547,"href":"https:\/\/alders.de\/fr\/wp-json\/wp\/v2\/pages\/290766\/revisions\/291547"}],"up":[{"embeddable":true,"href":"https:\/\/alders.de\/fr\/wp-json\/wp\/v2\/pages\/280976"}],"wp:featuredmedia":[{"embeddable":true,"href":"https:\/\/alders.de\/fr\/wp-json\/wp\/v2\/media\/289884"}],"wp:attachment":[{"href":"https:\/\/alders.de\/fr\/wp-json\/wp\/v2\/media?parent=290766"}],"curies":[{"name":"wp","href":"https:\/\/api.w.org\/{rel}","templated":true}]}}