{"id":281271,"date":"2021-05-21T13:47:53","date_gmt":"2021-05-21T11:47:53","guid":{"rendered":"https:\/\/dev2.alders.de\/product\/otto-controls-drucktaster-p9-serie\/"},"modified":"2024-03-18T11:10:52","modified_gmt":"2024-03-18T10:10:52","slug":"otto-controls-bouton-poussoir-serie-p9","status":"publish","type":"product","link":"https:\/\/alders.de\/fr\/produit\/otto-controls-bouton-poussoir-serie-p9\/","title":{"rendered":"OTTO Controls bouton poussoir s\u00e9rie P9"},"content":{"rendered":"<ul>\n<li>tr\u00e8s bon rapport qualit\u00e9\/prix<\/li>\n<li>IP64 et IP68<\/li>\n<li>large choix de couleurs de boutons<\/li>\n<li>id\u00e9al pour les poign\u00e9es de commande et les panneaux de commande<\/li>\n<li>maintenant aussi disponible en version mate<\/li>\n<\/ul>\n","protected":false},"excerpt":{"rendered":"<p>Les boutons poussoirs de la s\u00e9rie P9 ont les m\u00eames caract\u00e9ristiques de puissance que les boutons poussoirs de la s\u00e9rie P7. La diff\u00e9rence est que le bo\u00eetier de la s\u00e9rie P9 est en plastique. Ces boutons-poussoirs s\u00e9duisent donc par leur tr\u00e8s bon rapport qualit\u00e9\/prix et la multitude d\u2019applications possibles.<\/p>\n","protected":false},"featured_media":281267,"template":"","meta":[],"product_cat":[397,386],"product_tag":[],"acf":[],"yoast_head":"<!-- This site is optimized with the Yoast SEO Premium plugin v22.5 (Yoast SEO v22.5) - https:\/\/yoast.com\/wordpress\/plugins\/seo\/ -->\n<title>OTTO Controls bouton poussoir s\u00e9rie P9 - ALDERS electronic GmbH<\/title>\n<meta name=\"robots\" content=\"index, follow, max-snippet:-1, max-image-preview:large, max-video-preview:-1\" \/>\n<link rel=\"canonical\" href=\"https:\/\/alders.de\/fr\/produit\/otto-controls-bouton-poussoir-serie-p9\/\" \/>\n<meta property=\"og:locale\" content=\"fr_FR\" \/>\n<meta property=\"og:type\" content=\"article\" \/>\n<meta property=\"og:title\" content=\"OTTO Controls bouton poussoir s\u00e9rie P9\" \/>\n<meta property=\"og:description\" content=\"Les boutons poussoirs de la s\u00e9rie P9 ont les m\u00eames caract\u00e9ristiques de puissance que les boutons poussoirs de la s\u00e9rie P7. La diff\u00e9rence est que le bo\u00eetier de la s\u00e9rie P9 est en plastique. Ces boutons-poussoirs s\u00e9duisent donc par leur tr\u00e8s bon rapport qualit\u00e9\/prix et la multitude d\u2019applications possibles.\" \/>\n<meta property=\"og:url\" content=\"\/\" \/>\n<meta property=\"og:site_name\" content=\"ALDERS electronic GmbH\" \/>\n<meta property=\"article:publisher\" content=\"https:\/\/www.facebook.com\/Alders.electronic\/\" \/>\n<meta property=\"article:modified_time\" content=\"2024-03-18T10:10:52+00:00\" \/>\n<meta property=\"og:image\" content=\"https:\/\/alders.de\/wp-content\/uploads\/2021\/05\/alders-drucktaster-otto-controls-p9.jpg\" \/>\n\t<meta property=\"og:image:width\" content=\"138\" \/>\n\t<meta property=\"og:image:height\" content=\"138\" \/>\n\t<meta property=\"og:image:type\" content=\"image\/jpeg\" \/>\n<meta name=\"twitter:card\" content=\"summary_large_image\" \/>\n<meta name=\"twitter:label1\" content=\"Dur\u00e9e de lecture estim\u00e9e\" \/>\n\t<meta name=\"twitter:data1\" content=\"1 minute\" \/>\n<script type=\"application\/ld+json\" class=\"yoast-schema-graph\">{\"@context\":\"https:\/\/schema.org\",\"@graph\":[{\"@type\":\"WebPage\",\"@id\":\"https:\/\/alders.de\/fr\/produit\/otto-controls-bouton-poussoir-serie-p9\/\",\"url\":\"https:\/\/alders.de\/fr\/produit\/otto-controls-bouton-poussoir-serie-p9\/\",\"name\":\"OTTO Controls bouton poussoir s\u00e9rie P9 - ALDERS electronic GmbH\",\"isPartOf\":{\"@id\":\"https:\/\/alders.de\/fr\/#website\"},\"primaryImageOfPage\":{\"@id\":\"https:\/\/alders.de\/fr\/produit\/otto-controls-bouton-poussoir-serie-p9\/#primaryimage\"},\"image\":{\"@id\":\"https:\/\/alders.de\/fr\/produit\/otto-controls-bouton-poussoir-serie-p9\/#primaryimage\"},\"thumbnailUrl\":\"https:\/\/alders.de\/wp-content\/uploads\/2021\/05\/alders-drucktaster-otto-controls-p9.jpg\",\"datePublished\":\"2021-05-21T11:47:53+00:00\",\"dateModified\":\"2024-03-18T10:10:52+00:00\",\"breadcrumb\":{\"@id\":\"https:\/\/alders.de\/fr\/produit\/otto-controls-bouton-poussoir-serie-p9\/#breadcrumb\"},\"inLanguage\":\"fr-FR\",\"potentialAction\":[{\"@type\":\"ReadAction\",\"target\":[\"https:\/\/alders.de\/fr\/produit\/otto-controls-bouton-poussoir-serie-p9\/\"]}]},{\"@type\":\"ImageObject\",\"inLanguage\":\"fr-FR\",\"@id\":\"https:\/\/alders.de\/fr\/produit\/otto-controls-bouton-poussoir-serie-p9\/#primaryimage\",\"url\":\"https:\/\/alders.de\/wp-content\/uploads\/2021\/05\/alders-drucktaster-otto-controls-p9.jpg\",\"contentUrl\":\"https:\/\/alders.de\/wp-content\/uploads\/2021\/05\/alders-drucktaster-otto-controls-p9.jpg\",\"width\":138,\"height\":138,\"caption\":\"OTTO Controls Drucktaster P9L serie IP\"},{\"@type\":\"BreadcrumbList\",\"@id\":\"https:\/\/alders.de\/fr\/produit\/otto-controls-bouton-poussoir-serie-p9\/#breadcrumb\",\"itemListElement\":[{\"@type\":\"ListItem\",\"position\":1,\"name\":\"ALDERS\",\"item\":\"https:\/\/alders.de\/fr\/\"},{\"@type\":\"ListItem\",\"position\":2,\"name\":\"Catalogue\",\"item\":\"https:\/\/alders.de\/fr\/catalogue\/\"},{\"@type\":\"ListItem\",\"position\":3,\"name\":\"OTTO Controls bouton poussoir s\u00e9rie P9\"}]},{\"@type\":\"WebSite\",\"@id\":\"https:\/\/alders.de\/fr\/#website\",\"url\":\"https:\/\/alders.de\/fr\/\",\"name\":\"ALDERS electronic GmbH\",\"description\":\"Der Spezialist f\u00fcr elektromechanische L\u00f6sungen\",\"publisher\":{\"@id\":\"https:\/\/alders.de\/fr\/#organization\"},\"potentialAction\":[{\"@type\":\"SearchAction\",\"target\":{\"@type\":\"EntryPoint\",\"urlTemplate\":\"https:\/\/alders.de\/fr\/?s={search_term_string}\"},\"query-input\":\"required name=search_term_string\"}],\"inLanguage\":\"fr-FR\"},{\"@type\":\"Organization\",\"@id\":\"https:\/\/alders.de\/fr\/#organization\",\"name\":\"ALDERS electronic GmbH\",\"url\":\"https:\/\/alders.de\/fr\/\",\"logo\":{\"@type\":\"ImageObject\",\"inLanguage\":\"fr-FR\",\"@id\":\"https:\/\/alders.de\/fr\/#\/schema\/logo\/image\/\",\"url\":\"https:\/\/alders.de\/wp-content\/uploads\/2022\/07\/Alders-logo-Komplett.png\",\"contentUrl\":\"https:\/\/alders.de\/wp-content\/uploads\/2022\/07\/Alders-logo-Komplett.png\",\"width\":1043,\"height\":253,\"caption\":\"ALDERS electronic GmbH\"},\"image\":{\"@id\":\"https:\/\/alders.de\/fr\/#\/schema\/logo\/image\/\"},\"sameAs\":[\"https:\/\/www.facebook.com\/Alders.electronic\/\",\"https:\/\/de.linkedin.com\/company\/alders-electronic-gmbh\",\"https:\/\/www.youtube.com\/channel\/UC-hR66wsAmKOdY03IokrlzA\",\"https:\/\/www.instagram.com\/alders.electronic\/\"]}]}<\/script>\n<!-- \/ Yoast SEO Premium plugin. -->","yoast_head_json":{"title":"OTTO Controls bouton poussoir s\u00e9rie P9 - ALDERS electronic GmbH","robots":{"index":"index","follow":"follow","max-snippet":"max-snippet:-1","max-image-preview":"max-image-preview:large","max-video-preview":"max-video-preview:-1"},"canonical":"https:\/\/alders.de\/fr\/produit\/otto-controls-bouton-poussoir-serie-p9\/","og_locale":"fr_FR","og_type":"article","og_title":"OTTO Controls bouton poussoir s\u00e9rie P9","og_description":"Les boutons poussoirs de la s\u00e9rie P9 ont les m\u00eames caract\u00e9ristiques de puissance que les boutons poussoirs de la s\u00e9rie P7. La diff\u00e9rence est que le bo\u00eetier de la s\u00e9rie P9 est en plastique. Ces boutons-poussoirs s\u00e9duisent donc par leur tr\u00e8s bon rapport qualit\u00e9\/prix et la multitude d\u2019applications possibles.","og_url":"\/","og_site_name":"ALDERS electronic GmbH","article_publisher":"https:\/\/www.facebook.com\/Alders.electronic\/","article_modified_time":"2024-03-18T10:10:52+00:00","og_image":[{"width":138,"height":138,"url":"https:\/\/alders.de\/wp-content\/uploads\/2021\/05\/alders-drucktaster-otto-controls-p9.jpg","type":"image\/jpeg"}],"twitter_card":"summary_large_image","twitter_misc":{"Dur\u00e9e de lecture estim\u00e9e":"1 minute"},"schema":{"@context":"https:\/\/schema.org","@graph":[{"@type":"WebPage","@id":"https:\/\/alders.de\/fr\/produit\/otto-controls-bouton-poussoir-serie-p9\/","url":"https:\/\/alders.de\/fr\/produit\/otto-controls-bouton-poussoir-serie-p9\/","name":"OTTO Controls bouton poussoir s\u00e9rie P9 - ALDERS electronic GmbH","isPartOf":{"@id":"https:\/\/alders.de\/fr\/#website"},"primaryImageOfPage":{"@id":"https:\/\/alders.de\/fr\/produit\/otto-controls-bouton-poussoir-serie-p9\/#primaryimage"},"image":{"@id":"https:\/\/alders.de\/fr\/produit\/otto-controls-bouton-poussoir-serie-p9\/#primaryimage"},"thumbnailUrl":"https:\/\/alders.de\/wp-content\/uploads\/2021\/05\/alders-drucktaster-otto-controls-p9.jpg","datePublished":"2021-05-21T11:47:53+00:00","dateModified":"2024-03-18T10:10:52+00:00","breadcrumb":{"@id":"https:\/\/alders.de\/fr\/produit\/otto-controls-bouton-poussoir-serie-p9\/#breadcrumb"},"inLanguage":"fr-FR","potentialAction":[{"@type":"ReadAction","target":["https:\/\/alders.de\/fr\/produit\/otto-controls-bouton-poussoir-serie-p9\/"]}]},{"@type":"ImageObject","inLanguage":"fr-FR","@id":"https:\/\/alders.de\/fr\/produit\/otto-controls-bouton-poussoir-serie-p9\/#primaryimage","url":"https:\/\/alders.de\/wp-content\/uploads\/2021\/05\/alders-drucktaster-otto-controls-p9.jpg","contentUrl":"https:\/\/alders.de\/wp-content\/uploads\/2021\/05\/alders-drucktaster-otto-controls-p9.jpg","width":138,"height":138,"caption":"OTTO Controls Drucktaster P9L serie IP"},{"@type":"BreadcrumbList","@id":"https:\/\/alders.de\/fr\/produit\/otto-controls-bouton-poussoir-serie-p9\/#breadcrumb","itemListElement":[{"@type":"ListItem","position":1,"name":"ALDERS","item":"https:\/\/alders.de\/fr\/"},{"@type":"ListItem","position":2,"name":"Catalogue","item":"https:\/\/alders.de\/fr\/catalogue\/"},{"@type":"ListItem","position":3,"name":"OTTO Controls bouton poussoir s\u00e9rie P9"}]},{"@type":"WebSite","@id":"https:\/\/alders.de\/fr\/#website","url":"https:\/\/alders.de\/fr\/","name":"ALDERS electronic GmbH","description":"Der Spezialist f\u00fcr elektromechanische L\u00f6sungen","publisher":{"@id":"https:\/\/alders.de\/fr\/#organization"},"potentialAction":[{"@type":"SearchAction","target":{"@type":"EntryPoint","urlTemplate":"https:\/\/alders.de\/fr\/?s={search_term_string}"},"query-input":"required name=search_term_string"}],"inLanguage":"fr-FR"},{"@type":"Organization","@id":"https:\/\/alders.de\/fr\/#organization","name":"ALDERS electronic GmbH","url":"https:\/\/alders.de\/fr\/","logo":{"@type":"ImageObject","inLanguage":"fr-FR","@id":"https:\/\/alders.de\/fr\/#\/schema\/logo\/image\/","url":"https:\/\/alders.de\/wp-content\/uploads\/2022\/07\/Alders-logo-Komplett.png","contentUrl":"https:\/\/alders.de\/wp-content\/uploads\/2022\/07\/Alders-logo-Komplett.png","width":1043,"height":253,"caption":"ALDERS electronic GmbH"},"image":{"@id":"https:\/\/alders.de\/fr\/#\/schema\/logo\/image\/"},"sameAs":["https:\/\/www.facebook.com\/Alders.electronic\/","https:\/\/de.linkedin.com\/company\/alders-electronic-gmbh","https:\/\/www.youtube.com\/channel\/UC-hR66wsAmKOdY03IokrlzA","https:\/\/www.instagram.com\/alders.electronic\/"]}]}},"_links":{"self":[{"href":"https:\/\/alders.de\/fr\/wp-json\/wp\/v2\/product\/281271"}],"collection":[{"href":"https:\/\/alders.de\/fr\/wp-json\/wp\/v2\/product"}],"about":[{"href":"https:\/\/alders.de\/fr\/wp-json\/wp\/v2\/types\/product"}],"wp:featuredmedia":[{"embeddable":true,"href":"https:\/\/alders.de\/fr\/wp-json\/wp\/v2\/media\/281267"}],"wp:attachment":[{"href":"https:\/\/alders.de\/fr\/wp-json\/wp\/v2\/media?parent=281271"}],"wp:term":[{"taxonomy":"product_cat","embeddable":true,"href":"https:\/\/alders.de\/fr\/wp-json\/wp\/v2\/product_cat?post=281271"},{"taxonomy":"product_tag","embeddable":true,"href":"https:\/\/alders.de\/fr\/wp-json\/wp\/v2\/product_tag?post=281271"}],"curies":[{"name":"wp","href":"https:\/\/api.w.org\/{rel}","templated":true}]}}