{"id":283778,"date":"2021-05-04T11:03:40","date_gmt":"2021-05-04T09:03:40","guid":{"rendered":"https:\/\/alders.de\/product\/otto-controls-kipphebelschalter-toggle-guard-betaetigungsschutz\/"},"modified":"2024-03-19T14:18:05","modified_gmt":"2024-03-19T13:18:05","slug":"otto-controls-kipphebelschalter-toggle-guard-betaetigungsschutz","status":"publish","type":"product","link":"https:\/\/alders.de\/fr\/produit\/otto-controls-kipphebelschalter-toggle-guard-betaetigungsschutz\/","title":{"rendered":"OTTO Controls Toggle Guard protection d\u2019actionnement"},"content":{"rendered":"<div class=\"owl-stage-outer\">\n<div class=\"owl-stage\">\n<div class=\"owl-item active\">\n<div id=\"tg\" class=\"kategorie-produkt col-xl-12 col-lg-12 col-md-12 col-sm-12 col-xs-12\">\n<div class=\"kategorie-produkt-info col-xl-4 col-lg-4 col-md-4 col-sm-12 col-xs-12\">\n<ul>\n<li>Interrupteur 2 et 3 positions<\/li>\n<li>Pour isoler les interrupteurs<\/li>\n<li>Options approuv\u00e9es MS et QPL<\/li>\n<li>Couvercle en plastique moul\u00e9 &#8211; choix de couleur<\/li>\n<li>Support : Acier peint en noir<\/li>\n<\/ul>\n<\/div>\n<\/div>\n<\/div>\n<\/div>\n<\/div>\n<p>MS25224-1 \/ TG-00001<br \/>\nMS25224-3 \/ TG-00002<br \/>\nMS27752-1 \/ TG-00006<\/p>\n","protected":false},"excerpt":{"rendered":"<p>La protection d\u2019actionnement des interrupteurs \u00e0 bascule ou \u00e0 levier de la s\u00e9rie OTTO Controls Toggle Guard est propos\u00e9e en 2 et 3 positions. Le Toggle Guard se monte facilement \u00e0 l\u2019aide de deux vis de montage et peut isoler l\u2019interrupteur si n\u00e9cessaire.<\/p>\n","protected":false},"featured_media":281691,"template":"","meta":[],"product_cat":[398,386],"product_tag":[],"acf":[],"yoast_head":"<!-- This site is optimized with the Yoast SEO Premium plugin v22.5 (Yoast SEO v22.5) - https:\/\/yoast.com\/wordpress\/plugins\/seo\/ -->\n<title>OTTO Controls Toggle Guard protection d\u2019actionnement - ALDERS electronic GmbH<\/title>\n<meta name=\"robots\" content=\"index, follow, max-snippet:-1, max-image-preview:large, max-video-preview:-1\" \/>\n<link rel=\"canonical\" href=\"https:\/\/alders.de\/fr\/produit\/otto-controls-kipphebelschalter-toggle-guard-betaetigungsschutz\/\" \/>\n<meta property=\"og:locale\" content=\"fr_FR\" \/>\n<meta property=\"og:type\" content=\"article\" \/>\n<meta property=\"og:title\" content=\"OTTO Controls Toggle Guard protection d\u2019actionnement\" \/>\n<meta property=\"og:description\" content=\"La protection d\u2019actionnement des interrupteurs \u00e0 bascule ou \u00e0 levier de la s\u00e9rie OTTO Controls Toggle Guard est propos\u00e9e en 2 et 3 positions. Le Toggle Guard se monte facilement \u00e0 l\u2019aide de deux vis de montage et peut isoler l\u2019interrupteur si n\u00e9cessaire.\" \/>\n<meta property=\"og:url\" content=\"\/\" \/>\n<meta property=\"og:site_name\" content=\"ALDERS electronic GmbH\" \/>\n<meta property=\"article:publisher\" content=\"https:\/\/www.facebook.com\/Alders.electronic\/\" \/>\n<meta property=\"article:modified_time\" content=\"2024-03-19T13:18:05+00:00\" \/>\n<meta property=\"og:image\" content=\"https:\/\/alders.de\/wp-content\/uploads\/2021\/05\/alders-kipphebelschalter-otto-tg.jpg\" \/>\n\t<meta property=\"og:image:width\" content=\"138\" \/>\n\t<meta property=\"og:image:height\" content=\"138\" \/>\n\t<meta property=\"og:image:type\" content=\"image\/jpeg\" \/>\n<meta name=\"twitter:card\" content=\"summary_large_image\" \/>\n<script type=\"application\/ld+json\" class=\"yoast-schema-graph\">{\"@context\":\"https:\/\/schema.org\",\"@graph\":[{\"@type\":\"WebPage\",\"@id\":\"https:\/\/alders.de\/fr\/produit\/otto-controls-kipphebelschalter-toggle-guard-betaetigungsschutz\/\",\"url\":\"https:\/\/alders.de\/fr\/produit\/otto-controls-kipphebelschalter-toggle-guard-betaetigungsschutz\/\",\"name\":\"OTTO Controls Toggle Guard protection d\u2019actionnement - ALDERS electronic GmbH\",\"isPartOf\":{\"@id\":\"https:\/\/alders.de\/fr\/#website\"},\"primaryImageOfPage\":{\"@id\":\"https:\/\/alders.de\/fr\/produit\/otto-controls-kipphebelschalter-toggle-guard-betaetigungsschutz\/#primaryimage\"},\"image\":{\"@id\":\"https:\/\/alders.de\/fr\/produit\/otto-controls-kipphebelschalter-toggle-guard-betaetigungsschutz\/#primaryimage\"},\"thumbnailUrl\":\"https:\/\/alders.de\/wp-content\/uploads\/2021\/05\/alders-kipphebelschalter-otto-tg.jpg\",\"datePublished\":\"2021-05-04T09:03:40+00:00\",\"dateModified\":\"2024-03-19T13:18:05+00:00\",\"breadcrumb\":{\"@id\":\"https:\/\/alders.de\/fr\/produit\/otto-controls-kipphebelschalter-toggle-guard-betaetigungsschutz\/#breadcrumb\"},\"inLanguage\":\"fr-FR\",\"potentialAction\":[{\"@type\":\"ReadAction\",\"target\":[\"https:\/\/alders.de\/fr\/produit\/otto-controls-kipphebelschalter-toggle-guard-betaetigungsschutz\/\"]}]},{\"@type\":\"ImageObject\",\"inLanguage\":\"fr-FR\",\"@id\":\"https:\/\/alders.de\/fr\/produit\/otto-controls-kipphebelschalter-toggle-guard-betaetigungsschutz\/#primaryimage\",\"url\":\"https:\/\/alders.de\/wp-content\/uploads\/2021\/05\/alders-kipphebelschalter-otto-tg.jpg\",\"contentUrl\":\"https:\/\/alders.de\/wp-content\/uploads\/2021\/05\/alders-kipphebelschalter-otto-tg.jpg\",\"width\":138,\"height\":138},{\"@type\":\"BreadcrumbList\",\"@id\":\"https:\/\/alders.de\/fr\/produit\/otto-controls-kipphebelschalter-toggle-guard-betaetigungsschutz\/#breadcrumb\",\"itemListElement\":[{\"@type\":\"ListItem\",\"position\":1,\"name\":\"ALDERS\",\"item\":\"https:\/\/alders.de\/fr\/\"},{\"@type\":\"ListItem\",\"position\":2,\"name\":\"Catalogue\",\"item\":\"https:\/\/alders.de\/fr\/catalogue\/\"},{\"@type\":\"ListItem\",\"position\":3,\"name\":\"OTTO Controls Toggle Guard protection d\u2019actionnement\"}]},{\"@type\":\"WebSite\",\"@id\":\"https:\/\/alders.de\/fr\/#website\",\"url\":\"https:\/\/alders.de\/fr\/\",\"name\":\"ALDERS electronic GmbH\",\"description\":\"Der Spezialist f\u00fcr elektromechanische L\u00f6sungen\",\"publisher\":{\"@id\":\"https:\/\/alders.de\/fr\/#organization\"},\"potentialAction\":[{\"@type\":\"SearchAction\",\"target\":{\"@type\":\"EntryPoint\",\"urlTemplate\":\"https:\/\/alders.de\/fr\/?s={search_term_string}\"},\"query-input\":\"required name=search_term_string\"}],\"inLanguage\":\"fr-FR\"},{\"@type\":\"Organization\",\"@id\":\"https:\/\/alders.de\/fr\/#organization\",\"name\":\"ALDERS electronic GmbH\",\"url\":\"https:\/\/alders.de\/fr\/\",\"logo\":{\"@type\":\"ImageObject\",\"inLanguage\":\"fr-FR\",\"@id\":\"https:\/\/alders.de\/fr\/#\/schema\/logo\/image\/\",\"url\":\"https:\/\/alders.de\/wp-content\/uploads\/2022\/07\/Alders-logo-Komplett.png\",\"contentUrl\":\"https:\/\/alders.de\/wp-content\/uploads\/2022\/07\/Alders-logo-Komplett.png\",\"width\":1043,\"height\":253,\"caption\":\"ALDERS electronic GmbH\"},\"image\":{\"@id\":\"https:\/\/alders.de\/fr\/#\/schema\/logo\/image\/\"},\"sameAs\":[\"https:\/\/www.facebook.com\/Alders.electronic\/\",\"https:\/\/de.linkedin.com\/company\/alders-electronic-gmbh\",\"https:\/\/www.youtube.com\/channel\/UC-hR66wsAmKOdY03IokrlzA\",\"https:\/\/www.instagram.com\/alders.electronic\/\"]}]}<\/script>\n<!-- \/ Yoast SEO Premium plugin. -->","yoast_head_json":{"title":"OTTO Controls Toggle Guard protection d\u2019actionnement - ALDERS electronic GmbH","robots":{"index":"index","follow":"follow","max-snippet":"max-snippet:-1","max-image-preview":"max-image-preview:large","max-video-preview":"max-video-preview:-1"},"canonical":"https:\/\/alders.de\/fr\/produit\/otto-controls-kipphebelschalter-toggle-guard-betaetigungsschutz\/","og_locale":"fr_FR","og_type":"article","og_title":"OTTO Controls Toggle Guard protection d\u2019actionnement","og_description":"La protection d\u2019actionnement des interrupteurs \u00e0 bascule ou \u00e0 levier de la s\u00e9rie OTTO Controls Toggle Guard est propos\u00e9e en 2 et 3 positions. Le Toggle Guard se monte facilement \u00e0 l\u2019aide de deux vis de montage et peut isoler l\u2019interrupteur si n\u00e9cessaire.","og_url":"\/","og_site_name":"ALDERS electronic GmbH","article_publisher":"https:\/\/www.facebook.com\/Alders.electronic\/","article_modified_time":"2024-03-19T13:18:05+00:00","og_image":[{"width":138,"height":138,"url":"https:\/\/alders.de\/wp-content\/uploads\/2021\/05\/alders-kipphebelschalter-otto-tg.jpg","type":"image\/jpeg"}],"twitter_card":"summary_large_image","schema":{"@context":"https:\/\/schema.org","@graph":[{"@type":"WebPage","@id":"https:\/\/alders.de\/fr\/produit\/otto-controls-kipphebelschalter-toggle-guard-betaetigungsschutz\/","url":"https:\/\/alders.de\/fr\/produit\/otto-controls-kipphebelschalter-toggle-guard-betaetigungsschutz\/","name":"OTTO Controls Toggle Guard protection d\u2019actionnement - ALDERS electronic GmbH","isPartOf":{"@id":"https:\/\/alders.de\/fr\/#website"},"primaryImageOfPage":{"@id":"https:\/\/alders.de\/fr\/produit\/otto-controls-kipphebelschalter-toggle-guard-betaetigungsschutz\/#primaryimage"},"image":{"@id":"https:\/\/alders.de\/fr\/produit\/otto-controls-kipphebelschalter-toggle-guard-betaetigungsschutz\/#primaryimage"},"thumbnailUrl":"https:\/\/alders.de\/wp-content\/uploads\/2021\/05\/alders-kipphebelschalter-otto-tg.jpg","datePublished":"2021-05-04T09:03:40+00:00","dateModified":"2024-03-19T13:18:05+00:00","breadcrumb":{"@id":"https:\/\/alders.de\/fr\/produit\/otto-controls-kipphebelschalter-toggle-guard-betaetigungsschutz\/#breadcrumb"},"inLanguage":"fr-FR","potentialAction":[{"@type":"ReadAction","target":["https:\/\/alders.de\/fr\/produit\/otto-controls-kipphebelschalter-toggle-guard-betaetigungsschutz\/"]}]},{"@type":"ImageObject","inLanguage":"fr-FR","@id":"https:\/\/alders.de\/fr\/produit\/otto-controls-kipphebelschalter-toggle-guard-betaetigungsschutz\/#primaryimage","url":"https:\/\/alders.de\/wp-content\/uploads\/2021\/05\/alders-kipphebelschalter-otto-tg.jpg","contentUrl":"https:\/\/alders.de\/wp-content\/uploads\/2021\/05\/alders-kipphebelschalter-otto-tg.jpg","width":138,"height":138},{"@type":"BreadcrumbList","@id":"https:\/\/alders.de\/fr\/produit\/otto-controls-kipphebelschalter-toggle-guard-betaetigungsschutz\/#breadcrumb","itemListElement":[{"@type":"ListItem","position":1,"name":"ALDERS","item":"https:\/\/alders.de\/fr\/"},{"@type":"ListItem","position":2,"name":"Catalogue","item":"https:\/\/alders.de\/fr\/catalogue\/"},{"@type":"ListItem","position":3,"name":"OTTO Controls Toggle Guard protection d\u2019actionnement"}]},{"@type":"WebSite","@id":"https:\/\/alders.de\/fr\/#website","url":"https:\/\/alders.de\/fr\/","name":"ALDERS electronic GmbH","description":"Der Spezialist f\u00fcr elektromechanische L\u00f6sungen","publisher":{"@id":"https:\/\/alders.de\/fr\/#organization"},"potentialAction":[{"@type":"SearchAction","target":{"@type":"EntryPoint","urlTemplate":"https:\/\/alders.de\/fr\/?s={search_term_string}"},"query-input":"required name=search_term_string"}],"inLanguage":"fr-FR"},{"@type":"Organization","@id":"https:\/\/alders.de\/fr\/#organization","name":"ALDERS electronic GmbH","url":"https:\/\/alders.de\/fr\/","logo":{"@type":"ImageObject","inLanguage":"fr-FR","@id":"https:\/\/alders.de\/fr\/#\/schema\/logo\/image\/","url":"https:\/\/alders.de\/wp-content\/uploads\/2022\/07\/Alders-logo-Komplett.png","contentUrl":"https:\/\/alders.de\/wp-content\/uploads\/2022\/07\/Alders-logo-Komplett.png","width":1043,"height":253,"caption":"ALDERS electronic GmbH"},"image":{"@id":"https:\/\/alders.de\/fr\/#\/schema\/logo\/image\/"},"sameAs":["https:\/\/www.facebook.com\/Alders.electronic\/","https:\/\/de.linkedin.com\/company\/alders-electronic-gmbh","https:\/\/www.youtube.com\/channel\/UC-hR66wsAmKOdY03IokrlzA","https:\/\/www.instagram.com\/alders.electronic\/"]}]}},"_links":{"self":[{"href":"https:\/\/alders.de\/fr\/wp-json\/wp\/v2\/product\/283778"}],"collection":[{"href":"https:\/\/alders.de\/fr\/wp-json\/wp\/v2\/product"}],"about":[{"href":"https:\/\/alders.de\/fr\/wp-json\/wp\/v2\/types\/product"}],"wp:featuredmedia":[{"embeddable":true,"href":"https:\/\/alders.de\/fr\/wp-json\/wp\/v2\/media\/281691"}],"wp:attachment":[{"href":"https:\/\/alders.de\/fr\/wp-json\/wp\/v2\/media?parent=283778"}],"wp:term":[{"taxonomy":"product_cat","embeddable":true,"href":"https:\/\/alders.de\/fr\/wp-json\/wp\/v2\/product_cat?post=283778"},{"taxonomy":"product_tag","embeddable":true,"href":"https:\/\/alders.de\/fr\/wp-json\/wp\/v2\/product_tag?post=283778"}],"curies":[{"name":"wp","href":"https:\/\/api.w.org\/{rel}","templated":true}]}}