{"id":283782,"date":"2021-06-10T15:03:37","date_gmt":"2021-06-10T13:03:37","guid":{"rendered":"https:\/\/alders.de\/product\/nkk-switches-kipphebelschalter-m-serie-dual-seal\/"},"modified":"2021-12-14T12:05:45","modified_gmt":"2021-12-14T11:05:45","slug":"nkk-switches-kipphebelschalter-m-serie-dual-seal","status":"publish","type":"product","link":"https:\/\/alders.de\/fr\/produit\/nkk-switches-kipphebelschalter-m-serie-dual-seal\/","title":{"rendered":"NKK Switches s\u00e9rie M (Dual Seal)"},"content":{"rendered":"<ul>\n<li>variantes \u00e0 un et deux p\u00f4les disponibles<\/li>\n<li>Double protection contre la poussi\u00e8re et l\u2019humidit\u00e8 (IP68)<\/li>\n<li>montage compact<\/li>\n<li>Capacit\u00e9 de commutation jusqu\u2019\u00e0 6 amp\u00e8res<\/li>\n<li>aucun capuchon de protection suppl\u00e9mentaire n\u00e9cessaire<\/li>\n<li>design attrayant<\/li>\n<li>Filetage M12<\/li>\n<\/ul>\n","protected":false},"excerpt":{"rendered":"<p>variantes \u00e0 un et deux p\u00f4les disponibles Double protection contre la poussi\u00e8re et l\u2019humidit\u00e8 (IP68) montage compact Capacit\u00e9 de commutation jusqu\u2019\u00e0 6 amp\u00e8res aucun capuchon de protection suppl\u00e9mentaire n\u00e9cessaire design attrayant Filetage M12<\/p>\n","protected":false},"featured_media":281727,"template":"","meta":[],"product_cat":[398],"product_tag":[],"acf":[],"yoast_head":"<!-- This site is optimized with the Yoast SEO Premium plugin v22.5 (Yoast SEO v22.5) - https:\/\/yoast.com\/wordpress\/plugins\/seo\/ -->\n<title>NKK Switches s\u00e9rie M (Dual Seal) - ALDERS electronic GmbH<\/title>\n<meta name=\"robots\" content=\"index, follow, max-snippet:-1, max-image-preview:large, max-video-preview:-1\" \/>\n<link rel=\"canonical\" href=\"https:\/\/alders.de\/fr\/produit\/nkk-switches-kipphebelschalter-m-serie-dual-seal\/\" \/>\n<meta property=\"og:locale\" content=\"fr_FR\" \/>\n<meta property=\"og:type\" content=\"article\" \/>\n<meta property=\"og:title\" content=\"NKK Switches s\u00e9rie M (Dual Seal)\" \/>\n<meta property=\"og:description\" content=\"variantes \u00e0 un et deux p\u00f4les disponibles Double protection contre la poussi\u00e8re et l\u2019humidit\u00e8 (IP68) montage compact Capacit\u00e9 de commutation jusqu\u2019\u00e0 6 amp\u00e8res aucun capuchon de protection suppl\u00e9mentaire n\u00e9cessaire design attrayant Filetage M12\" \/>\n<meta property=\"og:url\" content=\"\/\" \/>\n<meta property=\"og:site_name\" content=\"ALDERS electronic GmbH\" \/>\n<meta property=\"article:publisher\" content=\"https:\/\/www.facebook.com\/Alders.electronic\/\" \/>\n<meta property=\"article:modified_time\" content=\"2021-12-14T11:05:45+00:00\" \/>\n<meta property=\"og:image\" content=\"https:\/\/alders.de\/wp-content\/uploads\/2021\/05\/alders-kipphebelschalter-nkk-m20-dp.jpg\" \/>\n\t<meta property=\"og:image:width\" content=\"194\" \/>\n\t<meta property=\"og:image:height\" content=\"138\" \/>\n\t<meta property=\"og:image:type\" content=\"image\/jpeg\" \/>\n<meta name=\"twitter:card\" content=\"summary_large_image\" \/>\n<meta name=\"twitter:label1\" content=\"Dur\u00e9e de lecture estim\u00e9e\" \/>\n\t<meta name=\"twitter:data1\" content=\"1 minute\" \/>\n<script type=\"application\/ld+json\" class=\"yoast-schema-graph\">{\"@context\":\"https:\/\/schema.org\",\"@graph\":[{\"@type\":\"WebPage\",\"@id\":\"https:\/\/alders.de\/fr\/produit\/nkk-switches-kipphebelschalter-m-serie-dual-seal\/\",\"url\":\"https:\/\/alders.de\/fr\/produit\/nkk-switches-kipphebelschalter-m-serie-dual-seal\/\",\"name\":\"NKK Switches s\u00e9rie M (Dual Seal) - ALDERS electronic GmbH\",\"isPartOf\":{\"@id\":\"https:\/\/alders.de\/fr\/#website\"},\"primaryImageOfPage\":{\"@id\":\"https:\/\/alders.de\/fr\/produit\/nkk-switches-kipphebelschalter-m-serie-dual-seal\/#primaryimage\"},\"image\":{\"@id\":\"https:\/\/alders.de\/fr\/produit\/nkk-switches-kipphebelschalter-m-serie-dual-seal\/#primaryimage\"},\"thumbnailUrl\":\"https:\/\/alders.de\/wp-content\/uploads\/2021\/05\/alders-kipphebelschalter-nkk-m20-dp.jpg\",\"datePublished\":\"2021-06-10T13:03:37+00:00\",\"dateModified\":\"2021-12-14T11:05:45+00:00\",\"breadcrumb\":{\"@id\":\"https:\/\/alders.de\/fr\/produit\/nkk-switches-kipphebelschalter-m-serie-dual-seal\/#breadcrumb\"},\"inLanguage\":\"fr-FR\",\"potentialAction\":[{\"@type\":\"ReadAction\",\"target\":[\"https:\/\/alders.de\/fr\/produit\/nkk-switches-kipphebelschalter-m-serie-dual-seal\/\"]}]},{\"@type\":\"ImageObject\",\"inLanguage\":\"fr-FR\",\"@id\":\"https:\/\/alders.de\/fr\/produit\/nkk-switches-kipphebelschalter-m-serie-dual-seal\/#primaryimage\",\"url\":\"https:\/\/alders.de\/wp-content\/uploads\/2021\/05\/alders-kipphebelschalter-nkk-m20-dp.jpg\",\"contentUrl\":\"https:\/\/alders.de\/wp-content\/uploads\/2021\/05\/alders-kipphebelschalter-nkk-m20-dp.jpg\",\"width\":194,\"height\":138},{\"@type\":\"BreadcrumbList\",\"@id\":\"https:\/\/alders.de\/fr\/produit\/nkk-switches-kipphebelschalter-m-serie-dual-seal\/#breadcrumb\",\"itemListElement\":[{\"@type\":\"ListItem\",\"position\":1,\"name\":\"ALDERS\",\"item\":\"https:\/\/alders.de\/fr\/\"},{\"@type\":\"ListItem\",\"position\":2,\"name\":\"Catalogue\",\"item\":\"https:\/\/alders.de\/fr\/catalogue\/\"},{\"@type\":\"ListItem\",\"position\":3,\"name\":\"NKK Switches s\u00e9rie M (Dual Seal)\"}]},{\"@type\":\"WebSite\",\"@id\":\"https:\/\/alders.de\/fr\/#website\",\"url\":\"https:\/\/alders.de\/fr\/\",\"name\":\"ALDERS electronic GmbH\",\"description\":\"Der Spezialist f\u00fcr elektromechanische L\u00f6sungen\",\"publisher\":{\"@id\":\"https:\/\/alders.de\/fr\/#organization\"},\"potentialAction\":[{\"@type\":\"SearchAction\",\"target\":{\"@type\":\"EntryPoint\",\"urlTemplate\":\"https:\/\/alders.de\/fr\/?s={search_term_string}\"},\"query-input\":\"required name=search_term_string\"}],\"inLanguage\":\"fr-FR\"},{\"@type\":\"Organization\",\"@id\":\"https:\/\/alders.de\/fr\/#organization\",\"name\":\"ALDERS electronic GmbH\",\"url\":\"https:\/\/alders.de\/fr\/\",\"logo\":{\"@type\":\"ImageObject\",\"inLanguage\":\"fr-FR\",\"@id\":\"https:\/\/alders.de\/fr\/#\/schema\/logo\/image\/\",\"url\":\"https:\/\/alders.de\/wp-content\/uploads\/2022\/07\/Alders-logo-Komplett.png\",\"contentUrl\":\"https:\/\/alders.de\/wp-content\/uploads\/2022\/07\/Alders-logo-Komplett.png\",\"width\":1043,\"height\":253,\"caption\":\"ALDERS electronic GmbH\"},\"image\":{\"@id\":\"https:\/\/alders.de\/fr\/#\/schema\/logo\/image\/\"},\"sameAs\":[\"https:\/\/www.facebook.com\/Alders.electronic\/\",\"https:\/\/de.linkedin.com\/company\/alders-electronic-gmbh\",\"https:\/\/www.youtube.com\/channel\/UC-hR66wsAmKOdY03IokrlzA\",\"https:\/\/www.instagram.com\/alders.electronic\/\"]}]}<\/script>\n<!-- \/ Yoast SEO Premium plugin. -->","yoast_head_json":{"title":"NKK Switches s\u00e9rie M (Dual Seal) - ALDERS electronic GmbH","robots":{"index":"index","follow":"follow","max-snippet":"max-snippet:-1","max-image-preview":"max-image-preview:large","max-video-preview":"max-video-preview:-1"},"canonical":"https:\/\/alders.de\/fr\/produit\/nkk-switches-kipphebelschalter-m-serie-dual-seal\/","og_locale":"fr_FR","og_type":"article","og_title":"NKK Switches s\u00e9rie M (Dual Seal)","og_description":"variantes \u00e0 un et deux p\u00f4les disponibles Double protection contre la poussi\u00e8re et l\u2019humidit\u00e8 (IP68) montage compact Capacit\u00e9 de commutation jusqu\u2019\u00e0 6 amp\u00e8res aucun capuchon de protection suppl\u00e9mentaire n\u00e9cessaire design attrayant Filetage M12","og_url":"\/","og_site_name":"ALDERS electronic GmbH","article_publisher":"https:\/\/www.facebook.com\/Alders.electronic\/","article_modified_time":"2021-12-14T11:05:45+00:00","og_image":[{"width":194,"height":138,"url":"https:\/\/alders.de\/wp-content\/uploads\/2021\/05\/alders-kipphebelschalter-nkk-m20-dp.jpg","type":"image\/jpeg"}],"twitter_card":"summary_large_image","twitter_misc":{"Dur\u00e9e de lecture estim\u00e9e":"1 minute"},"schema":{"@context":"https:\/\/schema.org","@graph":[{"@type":"WebPage","@id":"https:\/\/alders.de\/fr\/produit\/nkk-switches-kipphebelschalter-m-serie-dual-seal\/","url":"https:\/\/alders.de\/fr\/produit\/nkk-switches-kipphebelschalter-m-serie-dual-seal\/","name":"NKK Switches s\u00e9rie M (Dual Seal) - ALDERS electronic GmbH","isPartOf":{"@id":"https:\/\/alders.de\/fr\/#website"},"primaryImageOfPage":{"@id":"https:\/\/alders.de\/fr\/produit\/nkk-switches-kipphebelschalter-m-serie-dual-seal\/#primaryimage"},"image":{"@id":"https:\/\/alders.de\/fr\/produit\/nkk-switches-kipphebelschalter-m-serie-dual-seal\/#primaryimage"},"thumbnailUrl":"https:\/\/alders.de\/wp-content\/uploads\/2021\/05\/alders-kipphebelschalter-nkk-m20-dp.jpg","datePublished":"2021-06-10T13:03:37+00:00","dateModified":"2021-12-14T11:05:45+00:00","breadcrumb":{"@id":"https:\/\/alders.de\/fr\/produit\/nkk-switches-kipphebelschalter-m-serie-dual-seal\/#breadcrumb"},"inLanguage":"fr-FR","potentialAction":[{"@type":"ReadAction","target":["https:\/\/alders.de\/fr\/produit\/nkk-switches-kipphebelschalter-m-serie-dual-seal\/"]}]},{"@type":"ImageObject","inLanguage":"fr-FR","@id":"https:\/\/alders.de\/fr\/produit\/nkk-switches-kipphebelschalter-m-serie-dual-seal\/#primaryimage","url":"https:\/\/alders.de\/wp-content\/uploads\/2021\/05\/alders-kipphebelschalter-nkk-m20-dp.jpg","contentUrl":"https:\/\/alders.de\/wp-content\/uploads\/2021\/05\/alders-kipphebelschalter-nkk-m20-dp.jpg","width":194,"height":138},{"@type":"BreadcrumbList","@id":"https:\/\/alders.de\/fr\/produit\/nkk-switches-kipphebelschalter-m-serie-dual-seal\/#breadcrumb","itemListElement":[{"@type":"ListItem","position":1,"name":"ALDERS","item":"https:\/\/alders.de\/fr\/"},{"@type":"ListItem","position":2,"name":"Catalogue","item":"https:\/\/alders.de\/fr\/catalogue\/"},{"@type":"ListItem","position":3,"name":"NKK Switches s\u00e9rie M (Dual Seal)"}]},{"@type":"WebSite","@id":"https:\/\/alders.de\/fr\/#website","url":"https:\/\/alders.de\/fr\/","name":"ALDERS electronic GmbH","description":"Der Spezialist f\u00fcr elektromechanische L\u00f6sungen","publisher":{"@id":"https:\/\/alders.de\/fr\/#organization"},"potentialAction":[{"@type":"SearchAction","target":{"@type":"EntryPoint","urlTemplate":"https:\/\/alders.de\/fr\/?s={search_term_string}"},"query-input":"required name=search_term_string"}],"inLanguage":"fr-FR"},{"@type":"Organization","@id":"https:\/\/alders.de\/fr\/#organization","name":"ALDERS electronic GmbH","url":"https:\/\/alders.de\/fr\/","logo":{"@type":"ImageObject","inLanguage":"fr-FR","@id":"https:\/\/alders.de\/fr\/#\/schema\/logo\/image\/","url":"https:\/\/alders.de\/wp-content\/uploads\/2022\/07\/Alders-logo-Komplett.png","contentUrl":"https:\/\/alders.de\/wp-content\/uploads\/2022\/07\/Alders-logo-Komplett.png","width":1043,"height":253,"caption":"ALDERS electronic GmbH"},"image":{"@id":"https:\/\/alders.de\/fr\/#\/schema\/logo\/image\/"},"sameAs":["https:\/\/www.facebook.com\/Alders.electronic\/","https:\/\/de.linkedin.com\/company\/alders-electronic-gmbh","https:\/\/www.youtube.com\/channel\/UC-hR66wsAmKOdY03IokrlzA","https:\/\/www.instagram.com\/alders.electronic\/"]}]}},"_links":{"self":[{"href":"https:\/\/alders.de\/fr\/wp-json\/wp\/v2\/product\/283782"}],"collection":[{"href":"https:\/\/alders.de\/fr\/wp-json\/wp\/v2\/product"}],"about":[{"href":"https:\/\/alders.de\/fr\/wp-json\/wp\/v2\/types\/product"}],"wp:featuredmedia":[{"embeddable":true,"href":"https:\/\/alders.de\/fr\/wp-json\/wp\/v2\/media\/281727"}],"wp:attachment":[{"href":"https:\/\/alders.de\/fr\/wp-json\/wp\/v2\/media?parent=283782"}],"wp:term":[{"taxonomy":"product_cat","embeddable":true,"href":"https:\/\/alders.de\/fr\/wp-json\/wp\/v2\/product_cat?post=283782"},{"taxonomy":"product_tag","embeddable":true,"href":"https:\/\/alders.de\/fr\/wp-json\/wp\/v2\/product_tag?post=283782"}],"curies":[{"name":"wp","href":"https:\/\/api.w.org\/{rel}","templated":true}]}}