{"id":283825,"date":"2021-05-17T15:17:49","date_gmt":"2021-05-17T13:17:49","guid":{"rendered":"https:\/\/alders.de\/product\/otto-controls-drucktaster-lp9-serie\/"},"modified":"2024-03-14T13:34:44","modified_gmt":"2024-03-14T12:34:44","slug":"otto-controls-drucktaster-lp9-serie","status":"publish","type":"product","link":"https:\/\/alders.de\/fr\/produit\/otto-controls-drucktaster-lp9-serie\/","title":{"rendered":"OTTO Controls bouton poussoir s\u00e9rie LP9"},"content":{"rendered":"<ul>\n<li>tr\u00e8s bon rapport qualit\u00e9\/prix<\/li>\n<li>IP64 et IP68<\/li>\n<li>id\u00e9al pour les poign\u00e9es de commande et les panneaux de commande<\/li>\n<\/ul>\n","protected":false},"excerpt":{"rendered":"<p>Les boutons-poussoirs illumin\u00e9s par LED de la s\u00e9rie LP9 d\u2019OTTO Controls convainquent tant par leur qualit\u00e9 que par leur prix. Un autre avantage est la faible profondeur de montage. Trois versions de boutons-poussoirs sont disponibles: plat et profil\u00e9 ou sur\u00e9lev\u00e9, avec une surface lisse ou mate.<\/p>\n","protected":false},"featured_media":282660,"template":"","meta":[],"product_cat":[386],"product_tag":[],"acf":[],"yoast_head":"<!-- This site is optimized with the Yoast SEO Premium plugin v22.5 (Yoast SEO v22.5) - https:\/\/yoast.com\/wordpress\/plugins\/seo\/ -->\n<title>OTTO Controls bouton poussoir s\u00e9rie LP9 - ALDERS electronic GmbH<\/title>\n<meta name=\"robots\" content=\"index, follow, max-snippet:-1, max-image-preview:large, max-video-preview:-1\" \/>\n<link rel=\"canonical\" href=\"https:\/\/alders.de\/fr\/produit\/otto-controls-drucktaster-lp9-serie\/\" \/>\n<meta property=\"og:locale\" content=\"fr_FR\" \/>\n<meta property=\"og:type\" content=\"article\" \/>\n<meta property=\"og:title\" content=\"OTTO Controls bouton poussoir s\u00e9rie LP9\" \/>\n<meta property=\"og:description\" content=\"Les boutons-poussoirs illumin\u00e9s par LED de la s\u00e9rie LP9 d\u2019OTTO Controls convainquent tant par leur qualit\u00e9 que par leur prix. Un autre avantage est la faible profondeur de montage. Trois versions de boutons-poussoirs sont disponibles: plat et profil\u00e9 ou sur\u00e9lev\u00e9, avec une surface lisse ou mate.\" \/>\n<meta property=\"og:url\" content=\"\/\" \/>\n<meta property=\"og:site_name\" content=\"ALDERS electronic GmbH\" \/>\n<meta property=\"article:publisher\" content=\"https:\/\/www.facebook.com\/Alders.electronic\/\" \/>\n<meta property=\"article:modified_time\" content=\"2024-03-14T12:34:44+00:00\" \/>\n<meta property=\"og:image\" content=\"https:\/\/alders.de\/wp-content\/uploads\/2021\/05\/alders-drucktaster-otto-controls-lp9.jpg\" \/>\n\t<meta property=\"og:image:width\" content=\"140\" \/>\n\t<meta property=\"og:image:height\" content=\"138\" \/>\n\t<meta property=\"og:image:type\" content=\"image\/jpeg\" \/>\n<meta name=\"twitter:card\" content=\"summary_large_image\" \/>\n<meta name=\"twitter:label1\" content=\"Dur\u00e9e de lecture estim\u00e9e\" \/>\n\t<meta name=\"twitter:data1\" content=\"1 minute\" \/>\n<script type=\"application\/ld+json\" class=\"yoast-schema-graph\">{\"@context\":\"https:\/\/schema.org\",\"@graph\":[{\"@type\":\"WebPage\",\"@id\":\"https:\/\/alders.de\/fr\/produit\/otto-controls-drucktaster-lp9-serie\/\",\"url\":\"https:\/\/alders.de\/fr\/produit\/otto-controls-drucktaster-lp9-serie\/\",\"name\":\"OTTO Controls bouton poussoir s\u00e9rie LP9 - ALDERS electronic GmbH\",\"isPartOf\":{\"@id\":\"https:\/\/alders.de\/fr\/#website\"},\"primaryImageOfPage\":{\"@id\":\"https:\/\/alders.de\/fr\/produit\/otto-controls-drucktaster-lp9-serie\/#primaryimage\"},\"image\":{\"@id\":\"https:\/\/alders.de\/fr\/produit\/otto-controls-drucktaster-lp9-serie\/#primaryimage\"},\"thumbnailUrl\":\"https:\/\/alders.de\/wp-content\/uploads\/2021\/05\/lp9-picture-e-web.png\",\"datePublished\":\"2021-05-17T13:17:49+00:00\",\"dateModified\":\"2024-03-14T12:34:44+00:00\",\"breadcrumb\":{\"@id\":\"https:\/\/alders.de\/fr\/produit\/otto-controls-drucktaster-lp9-serie\/#breadcrumb\"},\"inLanguage\":\"fr-FR\",\"potentialAction\":[{\"@type\":\"ReadAction\",\"target\":[\"https:\/\/alders.de\/fr\/produit\/otto-controls-drucktaster-lp9-serie\/\"]}]},{\"@type\":\"ImageObject\",\"inLanguage\":\"fr-FR\",\"@id\":\"https:\/\/alders.de\/fr\/produit\/otto-controls-drucktaster-lp9-serie\/#primaryimage\",\"url\":\"https:\/\/alders.de\/wp-content\/uploads\/2021\/05\/lp9-picture-e-web.png\",\"contentUrl\":\"https:\/\/alders.de\/wp-content\/uploads\/2021\/05\/lp9-picture-e-web.png\",\"width\":1000,\"height\":1072,\"caption\":\"OTTO Controls LP9 Serie ALDERS\"},{\"@type\":\"BreadcrumbList\",\"@id\":\"https:\/\/alders.de\/fr\/produit\/otto-controls-drucktaster-lp9-serie\/#breadcrumb\",\"itemListElement\":[{\"@type\":\"ListItem\",\"position\":1,\"name\":\"ALDERS\",\"item\":\"https:\/\/alders.de\/fr\/\"},{\"@type\":\"ListItem\",\"position\":2,\"name\":\"Catalogue\",\"item\":\"https:\/\/alders.de\/fr\/catalogue\/\"},{\"@type\":\"ListItem\",\"position\":3,\"name\":\"OTTO Controls bouton poussoir s\u00e9rie LP9\"}]},{\"@type\":\"WebSite\",\"@id\":\"https:\/\/alders.de\/fr\/#website\",\"url\":\"https:\/\/alders.de\/fr\/\",\"name\":\"ALDERS electronic GmbH\",\"description\":\"Der Spezialist f\u00fcr elektromechanische L\u00f6sungen\",\"publisher\":{\"@id\":\"https:\/\/alders.de\/fr\/#organization\"},\"potentialAction\":[{\"@type\":\"SearchAction\",\"target\":{\"@type\":\"EntryPoint\",\"urlTemplate\":\"https:\/\/alders.de\/fr\/?s={search_term_string}\"},\"query-input\":\"required name=search_term_string\"}],\"inLanguage\":\"fr-FR\"},{\"@type\":\"Organization\",\"@id\":\"https:\/\/alders.de\/fr\/#organization\",\"name\":\"ALDERS electronic GmbH\",\"url\":\"https:\/\/alders.de\/fr\/\",\"logo\":{\"@type\":\"ImageObject\",\"inLanguage\":\"fr-FR\",\"@id\":\"https:\/\/alders.de\/fr\/#\/schema\/logo\/image\/\",\"url\":\"https:\/\/alders.de\/wp-content\/uploads\/2022\/07\/Alders-logo-Komplett.png\",\"contentUrl\":\"https:\/\/alders.de\/wp-content\/uploads\/2022\/07\/Alders-logo-Komplett.png\",\"width\":1043,\"height\":253,\"caption\":\"ALDERS electronic GmbH\"},\"image\":{\"@id\":\"https:\/\/alders.de\/fr\/#\/schema\/logo\/image\/\"},\"sameAs\":[\"https:\/\/www.facebook.com\/Alders.electronic\/\",\"https:\/\/de.linkedin.com\/company\/alders-electronic-gmbh\",\"https:\/\/www.youtube.com\/channel\/UC-hR66wsAmKOdY03IokrlzA\",\"https:\/\/www.instagram.com\/alders.electronic\/\"]}]}<\/script>\n<!-- \/ Yoast SEO Premium plugin. -->","yoast_head_json":{"title":"OTTO Controls bouton poussoir s\u00e9rie LP9 - ALDERS electronic GmbH","robots":{"index":"index","follow":"follow","max-snippet":"max-snippet:-1","max-image-preview":"max-image-preview:large","max-video-preview":"max-video-preview:-1"},"canonical":"https:\/\/alders.de\/fr\/produit\/otto-controls-drucktaster-lp9-serie\/","og_locale":"fr_FR","og_type":"article","og_title":"OTTO Controls bouton poussoir s\u00e9rie LP9","og_description":"Les boutons-poussoirs illumin\u00e9s par LED de la s\u00e9rie LP9 d\u2019OTTO Controls convainquent tant par leur qualit\u00e9 que par leur prix. Un autre avantage est la faible profondeur de montage. Trois versions de boutons-poussoirs sont disponibles: plat et profil\u00e9 ou sur\u00e9lev\u00e9, avec une surface lisse ou mate.","og_url":"\/","og_site_name":"ALDERS electronic GmbH","article_publisher":"https:\/\/www.facebook.com\/Alders.electronic\/","article_modified_time":"2024-03-14T12:34:44+00:00","og_image":[{"width":140,"height":138,"url":"https:\/\/alders.de\/wp-content\/uploads\/2021\/05\/alders-drucktaster-otto-controls-lp9.jpg","type":"image\/jpeg"}],"twitter_card":"summary_large_image","twitter_misc":{"Dur\u00e9e de lecture estim\u00e9e":"1 minute"},"schema":{"@context":"https:\/\/schema.org","@graph":[{"@type":"WebPage","@id":"https:\/\/alders.de\/fr\/produit\/otto-controls-drucktaster-lp9-serie\/","url":"https:\/\/alders.de\/fr\/produit\/otto-controls-drucktaster-lp9-serie\/","name":"OTTO Controls bouton poussoir s\u00e9rie LP9 - ALDERS electronic GmbH","isPartOf":{"@id":"https:\/\/alders.de\/fr\/#website"},"primaryImageOfPage":{"@id":"https:\/\/alders.de\/fr\/produit\/otto-controls-drucktaster-lp9-serie\/#primaryimage"},"image":{"@id":"https:\/\/alders.de\/fr\/produit\/otto-controls-drucktaster-lp9-serie\/#primaryimage"},"thumbnailUrl":"https:\/\/alders.de\/wp-content\/uploads\/2021\/05\/lp9-picture-e-web.png","datePublished":"2021-05-17T13:17:49+00:00","dateModified":"2024-03-14T12:34:44+00:00","breadcrumb":{"@id":"https:\/\/alders.de\/fr\/produit\/otto-controls-drucktaster-lp9-serie\/#breadcrumb"},"inLanguage":"fr-FR","potentialAction":[{"@type":"ReadAction","target":["https:\/\/alders.de\/fr\/produit\/otto-controls-drucktaster-lp9-serie\/"]}]},{"@type":"ImageObject","inLanguage":"fr-FR","@id":"https:\/\/alders.de\/fr\/produit\/otto-controls-drucktaster-lp9-serie\/#primaryimage","url":"https:\/\/alders.de\/wp-content\/uploads\/2021\/05\/lp9-picture-e-web.png","contentUrl":"https:\/\/alders.de\/wp-content\/uploads\/2021\/05\/lp9-picture-e-web.png","width":1000,"height":1072,"caption":"OTTO Controls LP9 Serie ALDERS"},{"@type":"BreadcrumbList","@id":"https:\/\/alders.de\/fr\/produit\/otto-controls-drucktaster-lp9-serie\/#breadcrumb","itemListElement":[{"@type":"ListItem","position":1,"name":"ALDERS","item":"https:\/\/alders.de\/fr\/"},{"@type":"ListItem","position":2,"name":"Catalogue","item":"https:\/\/alders.de\/fr\/catalogue\/"},{"@type":"ListItem","position":3,"name":"OTTO Controls bouton poussoir s\u00e9rie LP9"}]},{"@type":"WebSite","@id":"https:\/\/alders.de\/fr\/#website","url":"https:\/\/alders.de\/fr\/","name":"ALDERS electronic GmbH","description":"Der Spezialist f\u00fcr elektromechanische L\u00f6sungen","publisher":{"@id":"https:\/\/alders.de\/fr\/#organization"},"potentialAction":[{"@type":"SearchAction","target":{"@type":"EntryPoint","urlTemplate":"https:\/\/alders.de\/fr\/?s={search_term_string}"},"query-input":"required name=search_term_string"}],"inLanguage":"fr-FR"},{"@type":"Organization","@id":"https:\/\/alders.de\/fr\/#organization","name":"ALDERS electronic GmbH","url":"https:\/\/alders.de\/fr\/","logo":{"@type":"ImageObject","inLanguage":"fr-FR","@id":"https:\/\/alders.de\/fr\/#\/schema\/logo\/image\/","url":"https:\/\/alders.de\/wp-content\/uploads\/2022\/07\/Alders-logo-Komplett.png","contentUrl":"https:\/\/alders.de\/wp-content\/uploads\/2022\/07\/Alders-logo-Komplett.png","width":1043,"height":253,"caption":"ALDERS electronic GmbH"},"image":{"@id":"https:\/\/alders.de\/fr\/#\/schema\/logo\/image\/"},"sameAs":["https:\/\/www.facebook.com\/Alders.electronic\/","https:\/\/de.linkedin.com\/company\/alders-electronic-gmbh","https:\/\/www.youtube.com\/channel\/UC-hR66wsAmKOdY03IokrlzA","https:\/\/www.instagram.com\/alders.electronic\/"]}]}},"_links":{"self":[{"href":"https:\/\/alders.de\/fr\/wp-json\/wp\/v2\/product\/283825"}],"collection":[{"href":"https:\/\/alders.de\/fr\/wp-json\/wp\/v2\/product"}],"about":[{"href":"https:\/\/alders.de\/fr\/wp-json\/wp\/v2\/types\/product"}],"wp:featuredmedia":[{"embeddable":true,"href":"https:\/\/alders.de\/fr\/wp-json\/wp\/v2\/media\/282660"}],"wp:attachment":[{"href":"https:\/\/alders.de\/fr\/wp-json\/wp\/v2\/media?parent=283825"}],"wp:term":[{"taxonomy":"product_cat","embeddable":true,"href":"https:\/\/alders.de\/fr\/wp-json\/wp\/v2\/product_cat?post=283825"},{"taxonomy":"product_tag","embeddable":true,"href":"https:\/\/alders.de\/fr\/wp-json\/wp\/v2\/product_tag?post=283825"}],"curies":[{"name":"wp","href":"https:\/\/api.w.org\/{rel}","templated":true}]}}