{"id":283827,"date":"2021-05-14T14:36:22","date_gmt":"2021-05-14T12:36:22","guid":{"rendered":"https:\/\/alders.de\/product\/otto-controls-drucktaster-lp3s-serie\/"},"modified":"2024-03-08T09:33:55","modified_gmt":"2024-03-08T08:33:55","slug":"otto-controls-drucktaster-lp3s-serie","status":"publish","type":"product","link":"https:\/\/alders.de\/fr\/produit\/otto-controls-drucktaster-lp3s-serie\/","title":{"rendered":"OTTO Controls bouton poussoir s\u00e9rie LP3S"},"content":{"rendered":"<ul>\n<li>Bo\u00eetier et bouton de s\u00e9curit\u00e9 (aluminium) ou anti-vandalisme (acier inoxydable)<\/li>\n<li>Version plus courte \u00e0 l\u2019arri\u00e8re que le LP3-V d\u2019OTTO<\/li>\n<li>Bague \u00e9clair\u00e9e<\/li>\n<li>Etanche selon IP68S et IP69K<\/li>\n<li>Vari\u00e9t\u00e9 d\u2019options de boutons et de couleurs de LED<\/li>\n<li>Remplacement des s\u00e9ries LP3-V et P8-V<\/li>\n<li>Conforme RoHS<\/li>\n<li>Le LP3SV est id\u00e9al pour les applications de gestion marine et industrielle n\u00e9cessitant un interrupteur robuste, \u00e9tanche et \u00e9clair\u00e9<\/li>\n<li>Bo\u00eetier de s\u00e9curit\u00e9 (Aluminium) ou anti-vandalisme (acier inoxydable)<\/li>\n<\/ul>\n","protected":false},"excerpt":{"rendered":"<p>Bo\u00eetier et bouton de s\u00e9curit\u00e9 (aluminium) ou anti-vandalisme (acier inoxydable) Version plus courte \u00e0 l\u2019arri\u00e8re que le LP3-V d\u2019OTTO Bague \u00e9clair\u00e9e Etanche selon IP68S et IP69K Vari\u00e9t\u00e9 d\u2019options de boutons et de couleurs de LED Remplacement des s\u00e9ries LP3-V et P8-V Conforme RoHS Le LP3SV est id\u00e9al pour les applications de gestion marine et industrielle [&hellip;]<\/p>\n","protected":false},"featured_media":281807,"template":"","meta":[],"product_cat":[623,386],"product_tag":[],"acf":[],"yoast_head":"<!-- This site is optimized with the Yoast SEO Premium plugin v22.5 (Yoast SEO v22.5) - https:\/\/yoast.com\/wordpress\/plugins\/seo\/ -->\n<title>OTTO Controls bouton poussoir s\u00e9rie LP3S - ALDERS electronic GmbH<\/title>\n<meta name=\"robots\" content=\"index, follow, max-snippet:-1, max-image-preview:large, max-video-preview:-1\" \/>\n<link rel=\"canonical\" href=\"https:\/\/alders.de\/fr\/produit\/otto-controls-drucktaster-lp3s-serie\/\" \/>\n<meta property=\"og:locale\" content=\"fr_FR\" \/>\n<meta property=\"og:type\" content=\"article\" \/>\n<meta property=\"og:title\" content=\"OTTO Controls bouton poussoir s\u00e9rie LP3S\" \/>\n<meta property=\"og:description\" content=\"Bo\u00eetier et bouton de s\u00e9curit\u00e9 (aluminium) ou anti-vandalisme (acier inoxydable) Version plus courte \u00e0 l\u2019arri\u00e8re que le LP3-V d\u2019OTTO Bague \u00e9clair\u00e9e Etanche selon IP68S et IP69K Vari\u00e9t\u00e9 d\u2019options de boutons et de couleurs de LED Remplacement des s\u00e9ries LP3-V et P8-V Conforme RoHS Le LP3SV est id\u00e9al pour les applications de gestion marine et industrielle [&hellip;]\" \/>\n<meta property=\"og:url\" content=\"\/\" \/>\n<meta property=\"og:site_name\" content=\"ALDERS electronic GmbH\" \/>\n<meta property=\"article:publisher\" content=\"https:\/\/www.facebook.com\/Alders.electronic\/\" \/>\n<meta property=\"article:modified_time\" content=\"2024-03-08T08:33:55+00:00\" \/>\n<meta property=\"og:image\" content=\"https:\/\/alders.de\/wp-content\/uploads\/2021\/05\/LP3S-pushbutton-187x200-1.jpg\" \/>\n\t<meta property=\"og:image:width\" content=\"187\" \/>\n\t<meta property=\"og:image:height\" content=\"200\" \/>\n\t<meta property=\"og:image:type\" content=\"image\/jpeg\" \/>\n<meta name=\"twitter:card\" content=\"summary_large_image\" \/>\n<meta name=\"twitter:label1\" content=\"Dur\u00e9e de lecture estim\u00e9e\" \/>\n\t<meta name=\"twitter:data1\" content=\"1 minute\" \/>\n<script type=\"application\/ld+json\" class=\"yoast-schema-graph\">{\"@context\":\"https:\/\/schema.org\",\"@graph\":[{\"@type\":\"WebPage\",\"@id\":\"https:\/\/alders.de\/fr\/produit\/otto-controls-drucktaster-lp3s-serie\/\",\"url\":\"https:\/\/alders.de\/fr\/produit\/otto-controls-drucktaster-lp3s-serie\/\",\"name\":\"OTTO Controls bouton poussoir s\u00e9rie LP3S - ALDERS electronic GmbH\",\"isPartOf\":{\"@id\":\"https:\/\/alders.de\/fr\/#website\"},\"primaryImageOfPage\":{\"@id\":\"https:\/\/alders.de\/fr\/produit\/otto-controls-drucktaster-lp3s-serie\/#primaryimage\"},\"image\":{\"@id\":\"https:\/\/alders.de\/fr\/produit\/otto-controls-drucktaster-lp3s-serie\/#primaryimage\"},\"thumbnailUrl\":\"https:\/\/alders.de\/wp-content\/uploads\/2021\/05\/LP3S-pushbutton-187x200-1.jpg\",\"datePublished\":\"2021-05-14T12:36:22+00:00\",\"dateModified\":\"2024-03-08T08:33:55+00:00\",\"breadcrumb\":{\"@id\":\"https:\/\/alders.de\/fr\/produit\/otto-controls-drucktaster-lp3s-serie\/#breadcrumb\"},\"inLanguage\":\"fr-FR\",\"potentialAction\":[{\"@type\":\"ReadAction\",\"target\":[\"https:\/\/alders.de\/fr\/produit\/otto-controls-drucktaster-lp3s-serie\/\"]}]},{\"@type\":\"ImageObject\",\"inLanguage\":\"fr-FR\",\"@id\":\"https:\/\/alders.de\/fr\/produit\/otto-controls-drucktaster-lp3s-serie\/#primaryimage\",\"url\":\"https:\/\/alders.de\/wp-content\/uploads\/2021\/05\/LP3S-pushbutton-187x200-1.jpg\",\"contentUrl\":\"https:\/\/alders.de\/wp-content\/uploads\/2021\/05\/LP3S-pushbutton-187x200-1.jpg\",\"width\":187,\"height\":200},{\"@type\":\"BreadcrumbList\",\"@id\":\"https:\/\/alders.de\/fr\/produit\/otto-controls-drucktaster-lp3s-serie\/#breadcrumb\",\"itemListElement\":[{\"@type\":\"ListItem\",\"position\":1,\"name\":\"ALDERS\",\"item\":\"https:\/\/alders.de\/fr\/\"},{\"@type\":\"ListItem\",\"position\":2,\"name\":\"Catalogue\",\"item\":\"https:\/\/alders.de\/fr\/catalogue\/\"},{\"@type\":\"ListItem\",\"position\":3,\"name\":\"OTTO Controls bouton poussoir s\u00e9rie LP3S\"}]},{\"@type\":\"WebSite\",\"@id\":\"https:\/\/alders.de\/fr\/#website\",\"url\":\"https:\/\/alders.de\/fr\/\",\"name\":\"ALDERS electronic GmbH\",\"description\":\"Der Spezialist f\u00fcr elektromechanische L\u00f6sungen\",\"publisher\":{\"@id\":\"https:\/\/alders.de\/fr\/#organization\"},\"potentialAction\":[{\"@type\":\"SearchAction\",\"target\":{\"@type\":\"EntryPoint\",\"urlTemplate\":\"https:\/\/alders.de\/fr\/?s={search_term_string}\"},\"query-input\":\"required name=search_term_string\"}],\"inLanguage\":\"fr-FR\"},{\"@type\":\"Organization\",\"@id\":\"https:\/\/alders.de\/fr\/#organization\",\"name\":\"ALDERS electronic GmbH\",\"url\":\"https:\/\/alders.de\/fr\/\",\"logo\":{\"@type\":\"ImageObject\",\"inLanguage\":\"fr-FR\",\"@id\":\"https:\/\/alders.de\/fr\/#\/schema\/logo\/image\/\",\"url\":\"https:\/\/alders.de\/wp-content\/uploads\/2022\/07\/Alders-logo-Komplett.png\",\"contentUrl\":\"https:\/\/alders.de\/wp-content\/uploads\/2022\/07\/Alders-logo-Komplett.png\",\"width\":1043,\"height\":253,\"caption\":\"ALDERS electronic GmbH\"},\"image\":{\"@id\":\"https:\/\/alders.de\/fr\/#\/schema\/logo\/image\/\"},\"sameAs\":[\"https:\/\/www.facebook.com\/Alders.electronic\/\",\"https:\/\/de.linkedin.com\/company\/alders-electronic-gmbh\",\"https:\/\/www.youtube.com\/channel\/UC-hR66wsAmKOdY03IokrlzA\",\"https:\/\/www.instagram.com\/alders.electronic\/\"]}]}<\/script>\n<!-- \/ Yoast SEO Premium plugin. -->","yoast_head_json":{"title":"OTTO Controls bouton poussoir s\u00e9rie LP3S - ALDERS electronic GmbH","robots":{"index":"index","follow":"follow","max-snippet":"max-snippet:-1","max-image-preview":"max-image-preview:large","max-video-preview":"max-video-preview:-1"},"canonical":"https:\/\/alders.de\/fr\/produit\/otto-controls-drucktaster-lp3s-serie\/","og_locale":"fr_FR","og_type":"article","og_title":"OTTO Controls bouton poussoir s\u00e9rie LP3S","og_description":"Bo\u00eetier et bouton de s\u00e9curit\u00e9 (aluminium) ou anti-vandalisme (acier inoxydable) Version plus courte \u00e0 l\u2019arri\u00e8re que le LP3-V d\u2019OTTO Bague \u00e9clair\u00e9e Etanche selon IP68S et IP69K Vari\u00e9t\u00e9 d\u2019options de boutons et de couleurs de LED Remplacement des s\u00e9ries LP3-V et P8-V Conforme RoHS Le LP3SV est id\u00e9al pour les applications de gestion marine et industrielle [&hellip;]","og_url":"\/","og_site_name":"ALDERS electronic GmbH","article_publisher":"https:\/\/www.facebook.com\/Alders.electronic\/","article_modified_time":"2024-03-08T08:33:55+00:00","og_image":[{"width":187,"height":200,"url":"https:\/\/alders.de\/wp-content\/uploads\/2021\/05\/LP3S-pushbutton-187x200-1.jpg","type":"image\/jpeg"}],"twitter_card":"summary_large_image","twitter_misc":{"Dur\u00e9e de lecture estim\u00e9e":"1 minute"},"schema":{"@context":"https:\/\/schema.org","@graph":[{"@type":"WebPage","@id":"https:\/\/alders.de\/fr\/produit\/otto-controls-drucktaster-lp3s-serie\/","url":"https:\/\/alders.de\/fr\/produit\/otto-controls-drucktaster-lp3s-serie\/","name":"OTTO Controls bouton poussoir s\u00e9rie LP3S - ALDERS electronic GmbH","isPartOf":{"@id":"https:\/\/alders.de\/fr\/#website"},"primaryImageOfPage":{"@id":"https:\/\/alders.de\/fr\/produit\/otto-controls-drucktaster-lp3s-serie\/#primaryimage"},"image":{"@id":"https:\/\/alders.de\/fr\/produit\/otto-controls-drucktaster-lp3s-serie\/#primaryimage"},"thumbnailUrl":"https:\/\/alders.de\/wp-content\/uploads\/2021\/05\/LP3S-pushbutton-187x200-1.jpg","datePublished":"2021-05-14T12:36:22+00:00","dateModified":"2024-03-08T08:33:55+00:00","breadcrumb":{"@id":"https:\/\/alders.de\/fr\/produit\/otto-controls-drucktaster-lp3s-serie\/#breadcrumb"},"inLanguage":"fr-FR","potentialAction":[{"@type":"ReadAction","target":["https:\/\/alders.de\/fr\/produit\/otto-controls-drucktaster-lp3s-serie\/"]}]},{"@type":"ImageObject","inLanguage":"fr-FR","@id":"https:\/\/alders.de\/fr\/produit\/otto-controls-drucktaster-lp3s-serie\/#primaryimage","url":"https:\/\/alders.de\/wp-content\/uploads\/2021\/05\/LP3S-pushbutton-187x200-1.jpg","contentUrl":"https:\/\/alders.de\/wp-content\/uploads\/2021\/05\/LP3S-pushbutton-187x200-1.jpg","width":187,"height":200},{"@type":"BreadcrumbList","@id":"https:\/\/alders.de\/fr\/produit\/otto-controls-drucktaster-lp3s-serie\/#breadcrumb","itemListElement":[{"@type":"ListItem","position":1,"name":"ALDERS","item":"https:\/\/alders.de\/fr\/"},{"@type":"ListItem","position":2,"name":"Catalogue","item":"https:\/\/alders.de\/fr\/catalogue\/"},{"@type":"ListItem","position":3,"name":"OTTO Controls bouton poussoir s\u00e9rie LP3S"}]},{"@type":"WebSite","@id":"https:\/\/alders.de\/fr\/#website","url":"https:\/\/alders.de\/fr\/","name":"ALDERS electronic GmbH","description":"Der Spezialist f\u00fcr elektromechanische L\u00f6sungen","publisher":{"@id":"https:\/\/alders.de\/fr\/#organization"},"potentialAction":[{"@type":"SearchAction","target":{"@type":"EntryPoint","urlTemplate":"https:\/\/alders.de\/fr\/?s={search_term_string}"},"query-input":"required name=search_term_string"}],"inLanguage":"fr-FR"},{"@type":"Organization","@id":"https:\/\/alders.de\/fr\/#organization","name":"ALDERS electronic GmbH","url":"https:\/\/alders.de\/fr\/","logo":{"@type":"ImageObject","inLanguage":"fr-FR","@id":"https:\/\/alders.de\/fr\/#\/schema\/logo\/image\/","url":"https:\/\/alders.de\/wp-content\/uploads\/2022\/07\/Alders-logo-Komplett.png","contentUrl":"https:\/\/alders.de\/wp-content\/uploads\/2022\/07\/Alders-logo-Komplett.png","width":1043,"height":253,"caption":"ALDERS electronic GmbH"},"image":{"@id":"https:\/\/alders.de\/fr\/#\/schema\/logo\/image\/"},"sameAs":["https:\/\/www.facebook.com\/Alders.electronic\/","https:\/\/de.linkedin.com\/company\/alders-electronic-gmbh","https:\/\/www.youtube.com\/channel\/UC-hR66wsAmKOdY03IokrlzA","https:\/\/www.instagram.com\/alders.electronic\/"]}]}},"_links":{"self":[{"href":"https:\/\/alders.de\/fr\/wp-json\/wp\/v2\/product\/283827"}],"collection":[{"href":"https:\/\/alders.de\/fr\/wp-json\/wp\/v2\/product"}],"about":[{"href":"https:\/\/alders.de\/fr\/wp-json\/wp\/v2\/types\/product"}],"wp:featuredmedia":[{"embeddable":true,"href":"https:\/\/alders.de\/fr\/wp-json\/wp\/v2\/media\/281807"}],"wp:attachment":[{"href":"https:\/\/alders.de\/fr\/wp-json\/wp\/v2\/media?parent=283827"}],"wp:term":[{"taxonomy":"product_cat","embeddable":true,"href":"https:\/\/alders.de\/fr\/wp-json\/wp\/v2\/product_cat?post=283827"},{"taxonomy":"product_tag","embeddable":true,"href":"https:\/\/alders.de\/fr\/wp-json\/wp\/v2\/product_tag?post=283827"}],"curies":[{"name":"wp","href":"https:\/\/api.w.org\/{rel}","templated":true}]}}