{"id":283836,"date":"2021-05-14T10:26:49","date_gmt":"2021-05-14T08:26:49","guid":{"rendered":"https:\/\/alders.de\/product\/otto-controls-drucktaster-hp7-serie\/"},"modified":"2024-03-08T09:15:04","modified_gmt":"2024-03-08T08:15:04","slug":"otto-controls-drucktaster-hp7-serie","status":"publish","type":"product","link":"https:\/\/alders.de\/fr\/produit\/otto-controls-drucktaster-hp7-serie\/","title":{"rendered":"OTTO Controls bouton poussoirs s\u00e9rie HP7"},"content":{"rendered":"<ul>\n<li>Jusqu\u2019\u00e0 10 millions de cycles<\/li>\n<li>IP64 ou IP68<\/li>\n<li>Diff\u00e9rentes formes et couleurs d\u2019actionneurs possibles<\/li>\n<\/ul>\n","protected":false},"excerpt":{"rendered":"<p>Les boutons poussoirs de la s\u00e9rie HP 7 fonctionnent selon l\u2019effet Hall. L\u2019utilisation de la technologie du capteur \u00e0 effet Hall garantit la long\u00e9vit\u00e9 de ce bouton-poussoir (jusqu\u2019\u00e0 10 millions de cycles). Ce bouton-poussoir est disponible en version \u00e9tanche \u00e0 la poussi\u00e8re et \u00e0 l\u2019humidit\u00e9 ou \u00e9tanche \u00e0 l\u2019eau selon IP68S. Il est con\u00e7u pour fonctionner de mani\u00e8re fiable m\u00eame dans des conditions extr\u00eames et des charges \u00e9lev\u00e9es \u2013 par exemple dans les engins de chantier.<\/p>\n","protected":false},"featured_media":281790,"template":"","meta":[],"product_cat":[397,386],"product_tag":[],"acf":[],"yoast_head":"<!-- This site is optimized with the Yoast SEO Premium plugin v22.5 (Yoast SEO v22.5) - https:\/\/yoast.com\/wordpress\/plugins\/seo\/ -->\n<title>OTTO Controls bouton poussoirs s\u00e9rie HP7 - ALDERS electronic GmbH<\/title>\n<meta name=\"robots\" content=\"index, follow, max-snippet:-1, max-image-preview:large, max-video-preview:-1\" \/>\n<link rel=\"canonical\" href=\"https:\/\/alders.de\/fr\/produit\/otto-controls-drucktaster-hp7-serie\/\" \/>\n<meta property=\"og:locale\" content=\"fr_FR\" \/>\n<meta property=\"og:type\" content=\"article\" \/>\n<meta property=\"og:title\" content=\"OTTO Controls bouton poussoirs s\u00e9rie HP7\" \/>\n<meta property=\"og:description\" content=\"Les boutons poussoirs de la s\u00e9rie HP 7 fonctionnent selon l\u2019effet Hall. L\u2019utilisation de la technologie du capteur \u00e0 effet Hall garantit la long\u00e9vit\u00e9 de ce bouton-poussoir (jusqu\u2019\u00e0 10 millions de cycles). Ce bouton-poussoir est disponible en version \u00e9tanche \u00e0 la poussi\u00e8re et \u00e0 l\u2019humidit\u00e9 ou \u00e9tanche \u00e0 l\u2019eau selon IP68S. Il est con\u00e7u pour fonctionner de mani\u00e8re fiable m\u00eame dans des conditions extr\u00eames et des charges \u00e9lev\u00e9es \u2013 par exemple dans les engins de chantier.\" \/>\n<meta property=\"og:url\" content=\"\/\" \/>\n<meta property=\"og:site_name\" content=\"ALDERS electronic GmbH\" \/>\n<meta property=\"article:publisher\" content=\"https:\/\/www.facebook.com\/Alders.electronic\/\" \/>\n<meta property=\"article:modified_time\" content=\"2024-03-08T08:15:04+00:00\" \/>\n<meta property=\"og:image\" content=\"https:\/\/alders.de\/wp-content\/uploads\/2021\/05\/alders-drucktaster-otto-controls-hp7.png\" \/>\n\t<meta property=\"og:image:width\" content=\"115\" \/>\n\t<meta property=\"og:image:height\" content=\"138\" \/>\n\t<meta property=\"og:image:type\" content=\"image\/png\" \/>\n<meta name=\"twitter:card\" content=\"summary_large_image\" \/>\n<meta name=\"twitter:label1\" content=\"Dur\u00e9e de lecture estim\u00e9e\" \/>\n\t<meta name=\"twitter:data1\" content=\"1 minute\" \/>\n<script type=\"application\/ld+json\" class=\"yoast-schema-graph\">{\"@context\":\"https:\/\/schema.org\",\"@graph\":[{\"@type\":\"WebPage\",\"@id\":\"https:\/\/alders.de\/fr\/produit\/otto-controls-drucktaster-hp7-serie\/\",\"url\":\"https:\/\/alders.de\/fr\/produit\/otto-controls-drucktaster-hp7-serie\/\",\"name\":\"OTTO Controls bouton poussoirs s\u00e9rie HP7 - ALDERS electronic GmbH\",\"isPartOf\":{\"@id\":\"https:\/\/alders.de\/fr\/#website\"},\"primaryImageOfPage\":{\"@id\":\"https:\/\/alders.de\/fr\/produit\/otto-controls-drucktaster-hp7-serie\/#primaryimage\"},\"image\":{\"@id\":\"https:\/\/alders.de\/fr\/produit\/otto-controls-drucktaster-hp7-serie\/#primaryimage\"},\"thumbnailUrl\":\"https:\/\/alders.de\/wp-content\/uploads\/2021\/05\/alders-drucktaster-otto-controls-hp7.png\",\"datePublished\":\"2021-05-14T08:26:49+00:00\",\"dateModified\":\"2024-03-08T08:15:04+00:00\",\"breadcrumb\":{\"@id\":\"https:\/\/alders.de\/fr\/produit\/otto-controls-drucktaster-hp7-serie\/#breadcrumb\"},\"inLanguage\":\"fr-FR\",\"potentialAction\":[{\"@type\":\"ReadAction\",\"target\":[\"https:\/\/alders.de\/fr\/produit\/otto-controls-drucktaster-hp7-serie\/\"]}]},{\"@type\":\"ImageObject\",\"inLanguage\":\"fr-FR\",\"@id\":\"https:\/\/alders.de\/fr\/produit\/otto-controls-drucktaster-hp7-serie\/#primaryimage\",\"url\":\"https:\/\/alders.de\/wp-content\/uploads\/2021\/05\/alders-drucktaster-otto-controls-hp7.png\",\"contentUrl\":\"https:\/\/alders.de\/wp-content\/uploads\/2021\/05\/alders-drucktaster-otto-controls-hp7.png\",\"width\":115,\"height\":138},{\"@type\":\"BreadcrumbList\",\"@id\":\"https:\/\/alders.de\/fr\/produit\/otto-controls-drucktaster-hp7-serie\/#breadcrumb\",\"itemListElement\":[{\"@type\":\"ListItem\",\"position\":1,\"name\":\"ALDERS\",\"item\":\"https:\/\/alders.de\/fr\/\"},{\"@type\":\"ListItem\",\"position\":2,\"name\":\"Catalogue\",\"item\":\"https:\/\/alders.de\/fr\/catalogue\/\"},{\"@type\":\"ListItem\",\"position\":3,\"name\":\"OTTO Controls bouton poussoirs s\u00e9rie HP7\"}]},{\"@type\":\"WebSite\",\"@id\":\"https:\/\/alders.de\/fr\/#website\",\"url\":\"https:\/\/alders.de\/fr\/\",\"name\":\"ALDERS electronic GmbH\",\"description\":\"Der Spezialist f\u00fcr elektromechanische L\u00f6sungen\",\"publisher\":{\"@id\":\"https:\/\/alders.de\/fr\/#organization\"},\"potentialAction\":[{\"@type\":\"SearchAction\",\"target\":{\"@type\":\"EntryPoint\",\"urlTemplate\":\"https:\/\/alders.de\/fr\/?s={search_term_string}\"},\"query-input\":\"required name=search_term_string\"}],\"inLanguage\":\"fr-FR\"},{\"@type\":\"Organization\",\"@id\":\"https:\/\/alders.de\/fr\/#organization\",\"name\":\"ALDERS electronic GmbH\",\"url\":\"https:\/\/alders.de\/fr\/\",\"logo\":{\"@type\":\"ImageObject\",\"inLanguage\":\"fr-FR\",\"@id\":\"https:\/\/alders.de\/fr\/#\/schema\/logo\/image\/\",\"url\":\"https:\/\/alders.de\/wp-content\/uploads\/2022\/07\/Alders-logo-Komplett.png\",\"contentUrl\":\"https:\/\/alders.de\/wp-content\/uploads\/2022\/07\/Alders-logo-Komplett.png\",\"width\":1043,\"height\":253,\"caption\":\"ALDERS electronic GmbH\"},\"image\":{\"@id\":\"https:\/\/alders.de\/fr\/#\/schema\/logo\/image\/\"},\"sameAs\":[\"https:\/\/www.facebook.com\/Alders.electronic\/\",\"https:\/\/de.linkedin.com\/company\/alders-electronic-gmbh\",\"https:\/\/www.youtube.com\/channel\/UC-hR66wsAmKOdY03IokrlzA\",\"https:\/\/www.instagram.com\/alders.electronic\/\"]}]}<\/script>\n<!-- \/ Yoast SEO Premium plugin. -->","yoast_head_json":{"title":"OTTO Controls bouton poussoirs s\u00e9rie HP7 - ALDERS electronic GmbH","robots":{"index":"index","follow":"follow","max-snippet":"max-snippet:-1","max-image-preview":"max-image-preview:large","max-video-preview":"max-video-preview:-1"},"canonical":"https:\/\/alders.de\/fr\/produit\/otto-controls-drucktaster-hp7-serie\/","og_locale":"fr_FR","og_type":"article","og_title":"OTTO Controls bouton poussoirs s\u00e9rie HP7","og_description":"Les boutons poussoirs de la s\u00e9rie HP 7 fonctionnent selon l\u2019effet Hall. L\u2019utilisation de la technologie du capteur \u00e0 effet Hall garantit la long\u00e9vit\u00e9 de ce bouton-poussoir (jusqu\u2019\u00e0 10 millions de cycles). Ce bouton-poussoir est disponible en version \u00e9tanche \u00e0 la poussi\u00e8re et \u00e0 l\u2019humidit\u00e9 ou \u00e9tanche \u00e0 l\u2019eau selon IP68S. Il est con\u00e7u pour fonctionner de mani\u00e8re fiable m\u00eame dans des conditions extr\u00eames et des charges \u00e9lev\u00e9es \u2013 par exemple dans les engins de chantier.","og_url":"\/","og_site_name":"ALDERS electronic GmbH","article_publisher":"https:\/\/www.facebook.com\/Alders.electronic\/","article_modified_time":"2024-03-08T08:15:04+00:00","og_image":[{"width":115,"height":138,"url":"https:\/\/alders.de\/wp-content\/uploads\/2021\/05\/alders-drucktaster-otto-controls-hp7.png","type":"image\/png"}],"twitter_card":"summary_large_image","twitter_misc":{"Dur\u00e9e de lecture estim\u00e9e":"1 minute"},"schema":{"@context":"https:\/\/schema.org","@graph":[{"@type":"WebPage","@id":"https:\/\/alders.de\/fr\/produit\/otto-controls-drucktaster-hp7-serie\/","url":"https:\/\/alders.de\/fr\/produit\/otto-controls-drucktaster-hp7-serie\/","name":"OTTO Controls bouton poussoirs s\u00e9rie HP7 - ALDERS electronic GmbH","isPartOf":{"@id":"https:\/\/alders.de\/fr\/#website"},"primaryImageOfPage":{"@id":"https:\/\/alders.de\/fr\/produit\/otto-controls-drucktaster-hp7-serie\/#primaryimage"},"image":{"@id":"https:\/\/alders.de\/fr\/produit\/otto-controls-drucktaster-hp7-serie\/#primaryimage"},"thumbnailUrl":"https:\/\/alders.de\/wp-content\/uploads\/2021\/05\/alders-drucktaster-otto-controls-hp7.png","datePublished":"2021-05-14T08:26:49+00:00","dateModified":"2024-03-08T08:15:04+00:00","breadcrumb":{"@id":"https:\/\/alders.de\/fr\/produit\/otto-controls-drucktaster-hp7-serie\/#breadcrumb"},"inLanguage":"fr-FR","potentialAction":[{"@type":"ReadAction","target":["https:\/\/alders.de\/fr\/produit\/otto-controls-drucktaster-hp7-serie\/"]}]},{"@type":"ImageObject","inLanguage":"fr-FR","@id":"https:\/\/alders.de\/fr\/produit\/otto-controls-drucktaster-hp7-serie\/#primaryimage","url":"https:\/\/alders.de\/wp-content\/uploads\/2021\/05\/alders-drucktaster-otto-controls-hp7.png","contentUrl":"https:\/\/alders.de\/wp-content\/uploads\/2021\/05\/alders-drucktaster-otto-controls-hp7.png","width":115,"height":138},{"@type":"BreadcrumbList","@id":"https:\/\/alders.de\/fr\/produit\/otto-controls-drucktaster-hp7-serie\/#breadcrumb","itemListElement":[{"@type":"ListItem","position":1,"name":"ALDERS","item":"https:\/\/alders.de\/fr\/"},{"@type":"ListItem","position":2,"name":"Catalogue","item":"https:\/\/alders.de\/fr\/catalogue\/"},{"@type":"ListItem","position":3,"name":"OTTO Controls bouton poussoirs s\u00e9rie HP7"}]},{"@type":"WebSite","@id":"https:\/\/alders.de\/fr\/#website","url":"https:\/\/alders.de\/fr\/","name":"ALDERS electronic GmbH","description":"Der Spezialist f\u00fcr elektromechanische L\u00f6sungen","publisher":{"@id":"https:\/\/alders.de\/fr\/#organization"},"potentialAction":[{"@type":"SearchAction","target":{"@type":"EntryPoint","urlTemplate":"https:\/\/alders.de\/fr\/?s={search_term_string}"},"query-input":"required name=search_term_string"}],"inLanguage":"fr-FR"},{"@type":"Organization","@id":"https:\/\/alders.de\/fr\/#organization","name":"ALDERS electronic GmbH","url":"https:\/\/alders.de\/fr\/","logo":{"@type":"ImageObject","inLanguage":"fr-FR","@id":"https:\/\/alders.de\/fr\/#\/schema\/logo\/image\/","url":"https:\/\/alders.de\/wp-content\/uploads\/2022\/07\/Alders-logo-Komplett.png","contentUrl":"https:\/\/alders.de\/wp-content\/uploads\/2022\/07\/Alders-logo-Komplett.png","width":1043,"height":253,"caption":"ALDERS electronic GmbH"},"image":{"@id":"https:\/\/alders.de\/fr\/#\/schema\/logo\/image\/"},"sameAs":["https:\/\/www.facebook.com\/Alders.electronic\/","https:\/\/de.linkedin.com\/company\/alders-electronic-gmbh","https:\/\/www.youtube.com\/channel\/UC-hR66wsAmKOdY03IokrlzA","https:\/\/www.instagram.com\/alders.electronic\/"]}]}},"_links":{"self":[{"href":"https:\/\/alders.de\/fr\/wp-json\/wp\/v2\/product\/283836"}],"collection":[{"href":"https:\/\/alders.de\/fr\/wp-json\/wp\/v2\/product"}],"about":[{"href":"https:\/\/alders.de\/fr\/wp-json\/wp\/v2\/types\/product"}],"wp:featuredmedia":[{"embeddable":true,"href":"https:\/\/alders.de\/fr\/wp-json\/wp\/v2\/media\/281790"}],"wp:attachment":[{"href":"https:\/\/alders.de\/fr\/wp-json\/wp\/v2\/media?parent=283836"}],"wp:term":[{"taxonomy":"product_cat","embeddable":true,"href":"https:\/\/alders.de\/fr\/wp-json\/wp\/v2\/product_cat?post=283836"},{"taxonomy":"product_tag","embeddable":true,"href":"https:\/\/alders.de\/fr\/wp-json\/wp\/v2\/product_tag?post=283836"}],"curies":[{"name":"wp","href":"https:\/\/api.w.org\/{rel}","templated":true}]}}