{"id":284047,"date":"2021-06-11T11:19:29","date_gmt":"2021-06-11T09:19:29","guid":{"rendered":"https:\/\/alders.de\/product\/otto-controls-joysticks-daumenjoystick-htl\/"},"modified":"2024-04-11T14:32:28","modified_gmt":"2024-04-11T12:32:28","slug":"otto-controls-joysticks-daumenjoystick-htl","status":"publish","type":"product","link":"https:\/\/alders.de\/fr\/produit\/otto-controls-joysticks-daumenjoystick-htl\/","title":{"rendered":"OTTO Controls 2-axe Joystick HTL4"},"content":{"rendered":"<ul>\n<li>tr\u00e8s petit, p. ex. peut \u00eatre utilis\u00e9 comme manette de jeu du pouce<\/li>\n<li>id\u00e9al pour les applications dans les poign\u00e9es de commande et les t\u00e9l\u00e9commandes<\/li>\n<li>disponible en version monoaxe (HTL2)<\/li>\n<li>\u00e9galement disponible en version deux axes (HTL4)<\/li>\n<li>IP68<\/li>\n<\/ul>\n","protected":false},"excerpt":{"rendered":"<p>tr\u00e8s petit, p. ex. peut \u00eatre utilis\u00e9 comme manette de jeu du pouce id\u00e9al pour les applications dans les poign\u00e9es de commande et les t\u00e9l\u00e9commandes disponible en version monoaxe (HTL2) \u00e9galement disponible en version deux axes (HTL4) IP68<\/p>\n","protected":false},"featured_media":281989,"template":"","meta":[],"product_cat":[446,385],"product_tag":[],"acf":[],"yoast_head":"<!-- This site is optimized with the Yoast SEO Premium plugin v22.5 (Yoast SEO v22.5) - https:\/\/yoast.com\/wordpress\/plugins\/seo\/ -->\n<title>OTTO Controls 2-axe Joystick HTL4 - ALDERS electronic GmbH<\/title>\n<meta name=\"robots\" content=\"index, follow, max-snippet:-1, max-image-preview:large, max-video-preview:-1\" \/>\n<link rel=\"canonical\" href=\"https:\/\/alders.de\/fr\/produit\/otto-controls-joysticks-daumenjoystick-htl\/\" \/>\n<meta property=\"og:locale\" content=\"fr_FR\" \/>\n<meta property=\"og:type\" content=\"article\" \/>\n<meta property=\"og:title\" content=\"OTTO Controls 2-axe Joystick HTL4\" \/>\n<meta property=\"og:description\" content=\"tr\u00e8s petit, p. ex. peut \u00eatre utilis\u00e9 comme manette de jeu du pouce id\u00e9al pour les applications dans les poign\u00e9es de commande et les t\u00e9l\u00e9commandes disponible en version monoaxe (HTL2) \u00e9galement disponible en version deux axes (HTL4) IP68\" \/>\n<meta property=\"og:url\" content=\"\/\" \/>\n<meta property=\"og:site_name\" content=\"ALDERS electronic GmbH\" \/>\n<meta property=\"article:publisher\" content=\"https:\/\/www.facebook.com\/Alders.electronic\/\" \/>\n<meta property=\"article:modified_time\" content=\"2024-04-11T12:32:28+00:00\" \/>\n<meta property=\"og:image\" content=\"https:\/\/alders.de\/wp-content\/uploads\/2021\/06\/alders-joysticks-otto-controls-htl4.png\" \/>\n\t<meta property=\"og:image:width\" content=\"110\" \/>\n\t<meta property=\"og:image:height\" content=\"150\" \/>\n\t<meta property=\"og:image:type\" content=\"image\/png\" \/>\n<meta name=\"twitter:card\" content=\"summary_large_image\" \/>\n<meta name=\"twitter:label1\" content=\"Dur\u00e9e de lecture estim\u00e9e\" \/>\n\t<meta name=\"twitter:data1\" content=\"1 minute\" \/>\n<script type=\"application\/ld+json\" class=\"yoast-schema-graph\">{\"@context\":\"https:\/\/schema.org\",\"@graph\":[{\"@type\":\"WebPage\",\"@id\":\"https:\/\/alders.de\/fr\/produit\/otto-controls-joysticks-daumenjoystick-htl\/\",\"url\":\"https:\/\/alders.de\/fr\/produit\/otto-controls-joysticks-daumenjoystick-htl\/\",\"name\":\"OTTO Controls 2-axe Joystick HTL4 - ALDERS electronic GmbH\",\"isPartOf\":{\"@id\":\"https:\/\/alders.de\/fr\/#website\"},\"primaryImageOfPage\":{\"@id\":\"https:\/\/alders.de\/fr\/produit\/otto-controls-joysticks-daumenjoystick-htl\/#primaryimage\"},\"image\":{\"@id\":\"https:\/\/alders.de\/fr\/produit\/otto-controls-joysticks-daumenjoystick-htl\/#primaryimage\"},\"thumbnailUrl\":\"https:\/\/alders.de\/wp-content\/uploads\/2021\/06\/alders-joysticks-otto-controls-htl4.png\",\"datePublished\":\"2021-06-11T09:19:29+00:00\",\"dateModified\":\"2024-04-11T12:32:28+00:00\",\"breadcrumb\":{\"@id\":\"https:\/\/alders.de\/fr\/produit\/otto-controls-joysticks-daumenjoystick-htl\/#breadcrumb\"},\"inLanguage\":\"fr-FR\",\"potentialAction\":[{\"@type\":\"ReadAction\",\"target\":[\"https:\/\/alders.de\/fr\/produit\/otto-controls-joysticks-daumenjoystick-htl\/\"]}]},{\"@type\":\"ImageObject\",\"inLanguage\":\"fr-FR\",\"@id\":\"https:\/\/alders.de\/fr\/produit\/otto-controls-joysticks-daumenjoystick-htl\/#primaryimage\",\"url\":\"https:\/\/alders.de\/wp-content\/uploads\/2021\/06\/alders-joysticks-otto-controls-htl4.png\",\"contentUrl\":\"https:\/\/alders.de\/wp-content\/uploads\/2021\/06\/alders-joysticks-otto-controls-htl4.png\",\"width\":110,\"height\":150},{\"@type\":\"BreadcrumbList\",\"@id\":\"https:\/\/alders.de\/fr\/produit\/otto-controls-joysticks-daumenjoystick-htl\/#breadcrumb\",\"itemListElement\":[{\"@type\":\"ListItem\",\"position\":1,\"name\":\"ALDERS\",\"item\":\"https:\/\/alders.de\/fr\/\"},{\"@type\":\"ListItem\",\"position\":2,\"name\":\"Catalogue\",\"item\":\"https:\/\/alders.de\/fr\/catalogue\/\"},{\"@type\":\"ListItem\",\"position\":3,\"name\":\"OTTO Controls 2-axe Joystick HTL4\"}]},{\"@type\":\"WebSite\",\"@id\":\"https:\/\/alders.de\/fr\/#website\",\"url\":\"https:\/\/alders.de\/fr\/\",\"name\":\"ALDERS electronic GmbH\",\"description\":\"Der Spezialist f\u00fcr elektromechanische L\u00f6sungen\",\"publisher\":{\"@id\":\"https:\/\/alders.de\/fr\/#organization\"},\"potentialAction\":[{\"@type\":\"SearchAction\",\"target\":{\"@type\":\"EntryPoint\",\"urlTemplate\":\"https:\/\/alders.de\/fr\/?s={search_term_string}\"},\"query-input\":\"required name=search_term_string\"}],\"inLanguage\":\"fr-FR\"},{\"@type\":\"Organization\",\"@id\":\"https:\/\/alders.de\/fr\/#organization\",\"name\":\"ALDERS electronic GmbH\",\"url\":\"https:\/\/alders.de\/fr\/\",\"logo\":{\"@type\":\"ImageObject\",\"inLanguage\":\"fr-FR\",\"@id\":\"https:\/\/alders.de\/fr\/#\/schema\/logo\/image\/\",\"url\":\"https:\/\/alders.de\/wp-content\/uploads\/2022\/07\/Alders-logo-Komplett.png\",\"contentUrl\":\"https:\/\/alders.de\/wp-content\/uploads\/2022\/07\/Alders-logo-Komplett.png\",\"width\":1043,\"height\":253,\"caption\":\"ALDERS electronic GmbH\"},\"image\":{\"@id\":\"https:\/\/alders.de\/fr\/#\/schema\/logo\/image\/\"},\"sameAs\":[\"https:\/\/www.facebook.com\/Alders.electronic\/\",\"https:\/\/de.linkedin.com\/company\/alders-electronic-gmbh\",\"https:\/\/www.youtube.com\/channel\/UC-hR66wsAmKOdY03IokrlzA\",\"https:\/\/www.instagram.com\/alders.electronic\/\"]}]}<\/script>\n<!-- \/ Yoast SEO Premium plugin. -->","yoast_head_json":{"title":"OTTO Controls 2-axe Joystick HTL4 - ALDERS electronic GmbH","robots":{"index":"index","follow":"follow","max-snippet":"max-snippet:-1","max-image-preview":"max-image-preview:large","max-video-preview":"max-video-preview:-1"},"canonical":"https:\/\/alders.de\/fr\/produit\/otto-controls-joysticks-daumenjoystick-htl\/","og_locale":"fr_FR","og_type":"article","og_title":"OTTO Controls 2-axe Joystick HTL4","og_description":"tr\u00e8s petit, p. ex. peut \u00eatre utilis\u00e9 comme manette de jeu du pouce id\u00e9al pour les applications dans les poign\u00e9es de commande et les t\u00e9l\u00e9commandes disponible en version monoaxe (HTL2) \u00e9galement disponible en version deux axes (HTL4) IP68","og_url":"\/","og_site_name":"ALDERS electronic GmbH","article_publisher":"https:\/\/www.facebook.com\/Alders.electronic\/","article_modified_time":"2024-04-11T12:32:28+00:00","og_image":[{"width":110,"height":150,"url":"https:\/\/alders.de\/wp-content\/uploads\/2021\/06\/alders-joysticks-otto-controls-htl4.png","type":"image\/png"}],"twitter_card":"summary_large_image","twitter_misc":{"Dur\u00e9e de lecture estim\u00e9e":"1 minute"},"schema":{"@context":"https:\/\/schema.org","@graph":[{"@type":"WebPage","@id":"https:\/\/alders.de\/fr\/produit\/otto-controls-joysticks-daumenjoystick-htl\/","url":"https:\/\/alders.de\/fr\/produit\/otto-controls-joysticks-daumenjoystick-htl\/","name":"OTTO Controls 2-axe Joystick HTL4 - ALDERS electronic GmbH","isPartOf":{"@id":"https:\/\/alders.de\/fr\/#website"},"primaryImageOfPage":{"@id":"https:\/\/alders.de\/fr\/produit\/otto-controls-joysticks-daumenjoystick-htl\/#primaryimage"},"image":{"@id":"https:\/\/alders.de\/fr\/produit\/otto-controls-joysticks-daumenjoystick-htl\/#primaryimage"},"thumbnailUrl":"https:\/\/alders.de\/wp-content\/uploads\/2021\/06\/alders-joysticks-otto-controls-htl4.png","datePublished":"2021-06-11T09:19:29+00:00","dateModified":"2024-04-11T12:32:28+00:00","breadcrumb":{"@id":"https:\/\/alders.de\/fr\/produit\/otto-controls-joysticks-daumenjoystick-htl\/#breadcrumb"},"inLanguage":"fr-FR","potentialAction":[{"@type":"ReadAction","target":["https:\/\/alders.de\/fr\/produit\/otto-controls-joysticks-daumenjoystick-htl\/"]}]},{"@type":"ImageObject","inLanguage":"fr-FR","@id":"https:\/\/alders.de\/fr\/produit\/otto-controls-joysticks-daumenjoystick-htl\/#primaryimage","url":"https:\/\/alders.de\/wp-content\/uploads\/2021\/06\/alders-joysticks-otto-controls-htl4.png","contentUrl":"https:\/\/alders.de\/wp-content\/uploads\/2021\/06\/alders-joysticks-otto-controls-htl4.png","width":110,"height":150},{"@type":"BreadcrumbList","@id":"https:\/\/alders.de\/fr\/produit\/otto-controls-joysticks-daumenjoystick-htl\/#breadcrumb","itemListElement":[{"@type":"ListItem","position":1,"name":"ALDERS","item":"https:\/\/alders.de\/fr\/"},{"@type":"ListItem","position":2,"name":"Catalogue","item":"https:\/\/alders.de\/fr\/catalogue\/"},{"@type":"ListItem","position":3,"name":"OTTO Controls 2-axe Joystick HTL4"}]},{"@type":"WebSite","@id":"https:\/\/alders.de\/fr\/#website","url":"https:\/\/alders.de\/fr\/","name":"ALDERS electronic GmbH","description":"Der Spezialist f\u00fcr elektromechanische L\u00f6sungen","publisher":{"@id":"https:\/\/alders.de\/fr\/#organization"},"potentialAction":[{"@type":"SearchAction","target":{"@type":"EntryPoint","urlTemplate":"https:\/\/alders.de\/fr\/?s={search_term_string}"},"query-input":"required name=search_term_string"}],"inLanguage":"fr-FR"},{"@type":"Organization","@id":"https:\/\/alders.de\/fr\/#organization","name":"ALDERS electronic GmbH","url":"https:\/\/alders.de\/fr\/","logo":{"@type":"ImageObject","inLanguage":"fr-FR","@id":"https:\/\/alders.de\/fr\/#\/schema\/logo\/image\/","url":"https:\/\/alders.de\/wp-content\/uploads\/2022\/07\/Alders-logo-Komplett.png","contentUrl":"https:\/\/alders.de\/wp-content\/uploads\/2022\/07\/Alders-logo-Komplett.png","width":1043,"height":253,"caption":"ALDERS electronic GmbH"},"image":{"@id":"https:\/\/alders.de\/fr\/#\/schema\/logo\/image\/"},"sameAs":["https:\/\/www.facebook.com\/Alders.electronic\/","https:\/\/de.linkedin.com\/company\/alders-electronic-gmbh","https:\/\/www.youtube.com\/channel\/UC-hR66wsAmKOdY03IokrlzA","https:\/\/www.instagram.com\/alders.electronic\/"]}]}},"_links":{"self":[{"href":"https:\/\/alders.de\/fr\/wp-json\/wp\/v2\/product\/284047"}],"collection":[{"href":"https:\/\/alders.de\/fr\/wp-json\/wp\/v2\/product"}],"about":[{"href":"https:\/\/alders.de\/fr\/wp-json\/wp\/v2\/types\/product"}],"wp:featuredmedia":[{"embeddable":true,"href":"https:\/\/alders.de\/fr\/wp-json\/wp\/v2\/media\/281989"}],"wp:attachment":[{"href":"https:\/\/alders.de\/fr\/wp-json\/wp\/v2\/media?parent=284047"}],"wp:term":[{"taxonomy":"product_cat","embeddable":true,"href":"https:\/\/alders.de\/fr\/wp-json\/wp\/v2\/product_cat?post=284047"},{"taxonomy":"product_tag","embeddable":true,"href":"https:\/\/alders.de\/fr\/wp-json\/wp\/v2\/product_tag?post=284047"}],"curies":[{"name":"wp","href":"https:\/\/api.w.org\/{rel}","templated":true}]}}