{"id":284075,"date":"2021-06-22T11:44:38","date_gmt":"2021-06-22T09:44:38","guid":{"rendered":"https:\/\/alders.de\/product\/otto-controls-steuergriff-g2-commander-grip-mit-optionalem-usb\/"},"modified":"2024-04-11T14:58:34","modified_gmt":"2024-04-11T12:58:34","slug":"otto-controls-steuergriff-g2-commander-grip-mit-optionalem-usb","status":"publish","type":"product","link":"https:\/\/alders.de\/fr\/produit\/otto-controls-steuergriff-g2-commander-grip-mit-optionalem-usb\/","title":{"rendered":"OTTO Controls G2 Poign\u00e9e commandant avec option USB"},"content":{"rendered":"","protected":false},"excerpt":{"rendered":"<p>La poign\u00e9e G2 Commander est une poign\u00e9e de commande robuste pour les applications exigeantes. M\u00eame le G2 standard offre 9 configurations de plaque frontale, qui incluent des boutons, des commutateurs \u00e0 bascule, des transducteurs et des commutateurs \u00e0 effet de r\u00e9verb\u00e9ration. Maintenant, il y a aussi le nouveau G2 Commander Grip avec USB en option.<\/p>\n<p>Le G2 a \u00e9t\u00e9 am\u00e9lior\u00e9 avec une option USB avec des dispositifs de classe HID qui permettent une interaction directe avec l\u2019utilisateur. Aucun pilote logiciel n\u2019est requis. Le p\u00e9riph\u00e9rique USB supporte jusqu\u2019\u00e0 18 touches et 8 entr\u00e9es analogiques.<\/p>\n<p>Adapt\u00e9 aux applications militaires, a\u00e9rospatiales et industrielles, le G2 Commander Grip est la solution id\u00e9ale lorsque durabilit\u00e9 et fiabilit\u00e9 sont requises.<\/p>\n","protected":false},"featured_media":282513,"template":"","meta":[],"product_cat":[464,379,462,463],"product_tag":[454,465],"acf":[],"yoast_head":"<!-- This site is optimized with the Yoast SEO Premium plugin v22.5 (Yoast SEO v22.5) - https:\/\/yoast.com\/wordpress\/plugins\/seo\/ -->\n<title>OTTO Controls G2 Poign\u00e9e commandant avec option USB - ALDERS electronic GmbH<\/title>\n<meta name=\"robots\" content=\"index, follow, max-snippet:-1, max-image-preview:large, max-video-preview:-1\" \/>\n<link rel=\"canonical\" href=\"https:\/\/alders.de\/fr\/produit\/otto-controls-steuergriff-g2-commander-grip-mit-optionalem-usb\/\" \/>\n<meta property=\"og:locale\" content=\"fr_FR\" \/>\n<meta property=\"og:type\" content=\"article\" \/>\n<meta property=\"og:title\" content=\"OTTO Controls G2 Poign\u00e9e commandant avec option USB\" \/>\n<meta property=\"og:description\" content=\"La poign\u00e9e G2 Commander est une poign\u00e9e de commande robuste pour les applications exigeantes. M\u00eame le G2 standard offre 9 configurations de plaque frontale, qui incluent des boutons, des commutateurs \u00e0 bascule, des transducteurs et des commutateurs \u00e0 effet de r\u00e9verb\u00e9ration. Maintenant, il y a aussi le nouveau G2 Commander Grip avec USB en option.  Le G2 a \u00e9t\u00e9 am\u00e9lior\u00e9 avec une option USB avec des dispositifs de classe HID qui permettent une interaction directe avec l\u2019utilisateur. Aucun pilote logiciel n\u2019est requis. Le p\u00e9riph\u00e9rique USB supporte jusqu\u2019\u00e0 18 touches et 8 entr\u00e9es analogiques.  Adapt\u00e9 aux applications militaires, a\u00e9rospatiales et industrielles, le G2 Commander Grip est la solution id\u00e9ale lorsque durabilit\u00e9 et fiabilit\u00e9 sont requises.\" \/>\n<meta property=\"og:url\" content=\"\/\" \/>\n<meta property=\"og:site_name\" content=\"ALDERS electronic GmbH\" \/>\n<meta property=\"article:publisher\" content=\"https:\/\/www.facebook.com\/Alders.electronic\/\" \/>\n<meta property=\"article:modified_time\" content=\"2024-04-11T12:58:34+00:00\" \/>\n<meta property=\"og:image\" content=\"https:\/\/alders.de\/wp-content\/uploads\/2021\/06\/G2-Commander-Grip-Front-and-Side-OTTO-227x200-1-e1632147010114.jpg\" \/>\n\t<meta property=\"og:image:width\" content=\"180\" \/>\n\t<meta property=\"og:image:height\" content=\"159\" \/>\n\t<meta property=\"og:image:type\" content=\"image\/jpeg\" \/>\n<meta name=\"twitter:card\" content=\"summary_large_image\" \/>\n<script type=\"application\/ld+json\" class=\"yoast-schema-graph\">{\"@context\":\"https:\/\/schema.org\",\"@graph\":[{\"@type\":\"WebPage\",\"@id\":\"https:\/\/alders.de\/fr\/produit\/otto-controls-steuergriff-g2-commander-grip-mit-optionalem-usb\/\",\"url\":\"https:\/\/alders.de\/fr\/produit\/otto-controls-steuergriff-g2-commander-grip-mit-optionalem-usb\/\",\"name\":\"OTTO Controls G2 Poign\u00e9e commandant avec option USB - ALDERS electronic GmbH\",\"isPartOf\":{\"@id\":\"https:\/\/alders.de\/fr\/#website\"},\"primaryImageOfPage\":{\"@id\":\"https:\/\/alders.de\/fr\/produit\/otto-controls-steuergriff-g2-commander-grip-mit-optionalem-usb\/#primaryimage\"},\"image\":{\"@id\":\"https:\/\/alders.de\/fr\/produit\/otto-controls-steuergriff-g2-commander-grip-mit-optionalem-usb\/#primaryimage\"},\"thumbnailUrl\":\"https:\/\/alders.de\/wp-content\/uploads\/2021\/06\/G2-Commander-Grip-Front-and-Side-OTTO-227x200-1-e1632147010114.jpg\",\"datePublished\":\"2021-06-22T09:44:38+00:00\",\"dateModified\":\"2024-04-11T12:58:34+00:00\",\"breadcrumb\":{\"@id\":\"https:\/\/alders.de\/fr\/produit\/otto-controls-steuergriff-g2-commander-grip-mit-optionalem-usb\/#breadcrumb\"},\"inLanguage\":\"fr-FR\",\"potentialAction\":[{\"@type\":\"ReadAction\",\"target\":[\"https:\/\/alders.de\/fr\/produit\/otto-controls-steuergriff-g2-commander-grip-mit-optionalem-usb\/\"]}]},{\"@type\":\"ImageObject\",\"inLanguage\":\"fr-FR\",\"@id\":\"https:\/\/alders.de\/fr\/produit\/otto-controls-steuergriff-g2-commander-grip-mit-optionalem-usb\/#primaryimage\",\"url\":\"https:\/\/alders.de\/wp-content\/uploads\/2021\/06\/G2-Commander-Grip-Front-and-Side-OTTO-227x200-1-e1632147010114.jpg\",\"contentUrl\":\"https:\/\/alders.de\/wp-content\/uploads\/2021\/06\/G2-Commander-Grip-Front-and-Side-OTTO-227x200-1-e1632147010114.jpg\",\"width\":180,\"height\":159},{\"@type\":\"BreadcrumbList\",\"@id\":\"https:\/\/alders.de\/fr\/produit\/otto-controls-steuergriff-g2-commander-grip-mit-optionalem-usb\/#breadcrumb\",\"itemListElement\":[{\"@type\":\"ListItem\",\"position\":1,\"name\":\"ALDERS\",\"item\":\"https:\/\/alders.de\/fr\/\"},{\"@type\":\"ListItem\",\"position\":2,\"name\":\"Catalogue\",\"item\":\"https:\/\/alders.de\/fr\/catalogue\/\"},{\"@type\":\"ListItem\",\"position\":3,\"name\":\"OTTO Controls G2 Poign\u00e9e commandant avec option USB\"}]},{\"@type\":\"WebSite\",\"@id\":\"https:\/\/alders.de\/fr\/#website\",\"url\":\"https:\/\/alders.de\/fr\/\",\"name\":\"ALDERS electronic GmbH\",\"description\":\"Der Spezialist f\u00fcr elektromechanische L\u00f6sungen\",\"publisher\":{\"@id\":\"https:\/\/alders.de\/fr\/#organization\"},\"potentialAction\":[{\"@type\":\"SearchAction\",\"target\":{\"@type\":\"EntryPoint\",\"urlTemplate\":\"https:\/\/alders.de\/fr\/?s={search_term_string}\"},\"query-input\":\"required name=search_term_string\"}],\"inLanguage\":\"fr-FR\"},{\"@type\":\"Organization\",\"@id\":\"https:\/\/alders.de\/fr\/#organization\",\"name\":\"ALDERS electronic GmbH\",\"url\":\"https:\/\/alders.de\/fr\/\",\"logo\":{\"@type\":\"ImageObject\",\"inLanguage\":\"fr-FR\",\"@id\":\"https:\/\/alders.de\/fr\/#\/schema\/logo\/image\/\",\"url\":\"https:\/\/alders.de\/wp-content\/uploads\/2022\/07\/Alders-logo-Komplett.png\",\"contentUrl\":\"https:\/\/alders.de\/wp-content\/uploads\/2022\/07\/Alders-logo-Komplett.png\",\"width\":1043,\"height\":253,\"caption\":\"ALDERS electronic GmbH\"},\"image\":{\"@id\":\"https:\/\/alders.de\/fr\/#\/schema\/logo\/image\/\"},\"sameAs\":[\"https:\/\/www.facebook.com\/Alders.electronic\/\",\"https:\/\/de.linkedin.com\/company\/alders-electronic-gmbh\",\"https:\/\/www.youtube.com\/channel\/UC-hR66wsAmKOdY03IokrlzA\",\"https:\/\/www.instagram.com\/alders.electronic\/\"]}]}<\/script>\n<!-- \/ Yoast SEO Premium plugin. -->","yoast_head_json":{"title":"OTTO Controls G2 Poign\u00e9e commandant avec option USB - ALDERS electronic GmbH","robots":{"index":"index","follow":"follow","max-snippet":"max-snippet:-1","max-image-preview":"max-image-preview:large","max-video-preview":"max-video-preview:-1"},"canonical":"https:\/\/alders.de\/fr\/produit\/otto-controls-steuergriff-g2-commander-grip-mit-optionalem-usb\/","og_locale":"fr_FR","og_type":"article","og_title":"OTTO Controls G2 Poign\u00e9e commandant avec option USB","og_description":"La poign\u00e9e G2 Commander est une poign\u00e9e de commande robuste pour les applications exigeantes. M\u00eame le G2 standard offre 9 configurations de plaque frontale, qui incluent des boutons, des commutateurs \u00e0 bascule, des transducteurs et des commutateurs \u00e0 effet de r\u00e9verb\u00e9ration. Maintenant, il y a aussi le nouveau G2 Commander Grip avec USB en option.  Le G2 a \u00e9t\u00e9 am\u00e9lior\u00e9 avec une option USB avec des dispositifs de classe HID qui permettent une interaction directe avec l\u2019utilisateur. Aucun pilote logiciel n\u2019est requis. Le p\u00e9riph\u00e9rique USB supporte jusqu\u2019\u00e0 18 touches et 8 entr\u00e9es analogiques.  Adapt\u00e9 aux applications militaires, a\u00e9rospatiales et industrielles, le G2 Commander Grip est la solution id\u00e9ale lorsque durabilit\u00e9 et fiabilit\u00e9 sont requises.","og_url":"\/","og_site_name":"ALDERS electronic GmbH","article_publisher":"https:\/\/www.facebook.com\/Alders.electronic\/","article_modified_time":"2024-04-11T12:58:34+00:00","og_image":[{"width":180,"height":159,"url":"https:\/\/alders.de\/wp-content\/uploads\/2021\/06\/G2-Commander-Grip-Front-and-Side-OTTO-227x200-1-e1632147010114.jpg","type":"image\/jpeg"}],"twitter_card":"summary_large_image","schema":{"@context":"https:\/\/schema.org","@graph":[{"@type":"WebPage","@id":"https:\/\/alders.de\/fr\/produit\/otto-controls-steuergriff-g2-commander-grip-mit-optionalem-usb\/","url":"https:\/\/alders.de\/fr\/produit\/otto-controls-steuergriff-g2-commander-grip-mit-optionalem-usb\/","name":"OTTO Controls G2 Poign\u00e9e commandant avec option USB - ALDERS electronic GmbH","isPartOf":{"@id":"https:\/\/alders.de\/fr\/#website"},"primaryImageOfPage":{"@id":"https:\/\/alders.de\/fr\/produit\/otto-controls-steuergriff-g2-commander-grip-mit-optionalem-usb\/#primaryimage"},"image":{"@id":"https:\/\/alders.de\/fr\/produit\/otto-controls-steuergriff-g2-commander-grip-mit-optionalem-usb\/#primaryimage"},"thumbnailUrl":"https:\/\/alders.de\/wp-content\/uploads\/2021\/06\/G2-Commander-Grip-Front-and-Side-OTTO-227x200-1-e1632147010114.jpg","datePublished":"2021-06-22T09:44:38+00:00","dateModified":"2024-04-11T12:58:34+00:00","breadcrumb":{"@id":"https:\/\/alders.de\/fr\/produit\/otto-controls-steuergriff-g2-commander-grip-mit-optionalem-usb\/#breadcrumb"},"inLanguage":"fr-FR","potentialAction":[{"@type":"ReadAction","target":["https:\/\/alders.de\/fr\/produit\/otto-controls-steuergriff-g2-commander-grip-mit-optionalem-usb\/"]}]},{"@type":"ImageObject","inLanguage":"fr-FR","@id":"https:\/\/alders.de\/fr\/produit\/otto-controls-steuergriff-g2-commander-grip-mit-optionalem-usb\/#primaryimage","url":"https:\/\/alders.de\/wp-content\/uploads\/2021\/06\/G2-Commander-Grip-Front-and-Side-OTTO-227x200-1-e1632147010114.jpg","contentUrl":"https:\/\/alders.de\/wp-content\/uploads\/2021\/06\/G2-Commander-Grip-Front-and-Side-OTTO-227x200-1-e1632147010114.jpg","width":180,"height":159},{"@type":"BreadcrumbList","@id":"https:\/\/alders.de\/fr\/produit\/otto-controls-steuergriff-g2-commander-grip-mit-optionalem-usb\/#breadcrumb","itemListElement":[{"@type":"ListItem","position":1,"name":"ALDERS","item":"https:\/\/alders.de\/fr\/"},{"@type":"ListItem","position":2,"name":"Catalogue","item":"https:\/\/alders.de\/fr\/catalogue\/"},{"@type":"ListItem","position":3,"name":"OTTO Controls G2 Poign\u00e9e commandant avec option USB"}]},{"@type":"WebSite","@id":"https:\/\/alders.de\/fr\/#website","url":"https:\/\/alders.de\/fr\/","name":"ALDERS electronic GmbH","description":"Der Spezialist f\u00fcr elektromechanische L\u00f6sungen","publisher":{"@id":"https:\/\/alders.de\/fr\/#organization"},"potentialAction":[{"@type":"SearchAction","target":{"@type":"EntryPoint","urlTemplate":"https:\/\/alders.de\/fr\/?s={search_term_string}"},"query-input":"required name=search_term_string"}],"inLanguage":"fr-FR"},{"@type":"Organization","@id":"https:\/\/alders.de\/fr\/#organization","name":"ALDERS electronic GmbH","url":"https:\/\/alders.de\/fr\/","logo":{"@type":"ImageObject","inLanguage":"fr-FR","@id":"https:\/\/alders.de\/fr\/#\/schema\/logo\/image\/","url":"https:\/\/alders.de\/wp-content\/uploads\/2022\/07\/Alders-logo-Komplett.png","contentUrl":"https:\/\/alders.de\/wp-content\/uploads\/2022\/07\/Alders-logo-Komplett.png","width":1043,"height":253,"caption":"ALDERS electronic GmbH"},"image":{"@id":"https:\/\/alders.de\/fr\/#\/schema\/logo\/image\/"},"sameAs":["https:\/\/www.facebook.com\/Alders.electronic\/","https:\/\/de.linkedin.com\/company\/alders-electronic-gmbh","https:\/\/www.youtube.com\/channel\/UC-hR66wsAmKOdY03IokrlzA","https:\/\/www.instagram.com\/alders.electronic\/"]}]}},"_links":{"self":[{"href":"https:\/\/alders.de\/fr\/wp-json\/wp\/v2\/product\/284075"}],"collection":[{"href":"https:\/\/alders.de\/fr\/wp-json\/wp\/v2\/product"}],"about":[{"href":"https:\/\/alders.de\/fr\/wp-json\/wp\/v2\/types\/product"}],"wp:featuredmedia":[{"embeddable":true,"href":"https:\/\/alders.de\/fr\/wp-json\/wp\/v2\/media\/282513"}],"wp:attachment":[{"href":"https:\/\/alders.de\/fr\/wp-json\/wp\/v2\/media?parent=284075"}],"wp:term":[{"taxonomy":"product_cat","embeddable":true,"href":"https:\/\/alders.de\/fr\/wp-json\/wp\/v2\/product_cat?post=284075"},{"taxonomy":"product_tag","embeddable":true,"href":"https:\/\/alders.de\/fr\/wp-json\/wp\/v2\/product_tag?post=284075"}],"curies":[{"name":"wp","href":"https:\/\/api.w.org\/{rel}","templated":true}]}}