{"id":284091,"date":"2021-06-22T11:08:06","date_gmt":"2021-06-22T09:08:06","guid":{"rendered":"https:\/\/alders.de\/product\/otto-controls-steuergriff-luftfahrt-und-militaerische-applikationen\/"},"modified":"2021-11-05T12:11:51","modified_gmt":"2021-11-05T11:11:51","slug":"otto-controls-steuergriff-luftfahrt-und-militaerische-applikationen","status":"publish","type":"product","link":"https:\/\/alders.de\/fr\/produit\/otto-controls-steuergriff-luftfahrt-und-militaerische-applikationen\/","title":{"rendered":"OTTO Controls Poign\u00e9es pour applications a\u00e9ronautiques et militaires"},"content":{"rendered":"<ul>\n<li>H\u00e9licopt\u00e8re cyclique et collectif<\/li>\n<li>contr\u00f4le de vol<\/li>\n<li>commande d\u2019acc\u00e9l\u00e9ration<\/li>\n<\/ul>\n","protected":false},"excerpt":{"rendered":"<p>H\u00e9licopt\u00e8re cyclique et collectif contr\u00f4le de vol commande d\u2019acc\u00e9l\u00e9ration<\/p>\n","protected":false},"featured_media":282506,"template":"","meta":[],"product_cat":[379,462,463],"product_tag":[454,465,468],"acf":[],"yoast_head":"<!-- This site is optimized with the Yoast SEO Premium plugin v22.5 (Yoast SEO v22.5) - https:\/\/yoast.com\/wordpress\/plugins\/seo\/ -->\n<title>OTTO Controls Poign\u00e9es pour applications a\u00e9ronautiques et militaires - ALDERS electronic GmbH<\/title>\n<meta name=\"robots\" content=\"index, follow, max-snippet:-1, max-image-preview:large, max-video-preview:-1\" \/>\n<link rel=\"canonical\" href=\"https:\/\/alders.de\/fr\/produit\/otto-controls-steuergriff-luftfahrt-und-militaerische-applikationen\/\" \/>\n<meta property=\"og:locale\" content=\"fr_FR\" \/>\n<meta property=\"og:type\" content=\"article\" \/>\n<meta property=\"og:title\" content=\"OTTO Controls Poign\u00e9es pour applications a\u00e9ronautiques et militaires\" \/>\n<meta property=\"og:description\" content=\"H\u00e9licopt\u00e8re cyclique et collectif contr\u00f4le de vol commande d\u2019acc\u00e9l\u00e9ration\" \/>\n<meta property=\"og:url\" content=\"\/\" \/>\n<meta property=\"og:site_name\" content=\"ALDERS electronic GmbH\" \/>\n<meta property=\"article:publisher\" content=\"https:\/\/www.facebook.com\/Alders.electronic\/\" \/>\n<meta property=\"article:modified_time\" content=\"2021-11-05T11:11:51+00:00\" \/>\n<meta property=\"og:image\" content=\"https:\/\/alders.de\/wp-content\/uploads\/2021\/06\/alders-steuergriffe-sidesticks-otto-controls-fuer-luftfahrt-und-militaerische-applikationen.png\" \/>\n\t<meta property=\"og:image:width\" content=\"84\" \/>\n\t<meta property=\"og:image:height\" content=\"150\" \/>\n\t<meta property=\"og:image:type\" content=\"image\/png\" \/>\n<meta name=\"twitter:card\" content=\"summary_large_image\" \/>\n<meta name=\"twitter:label1\" content=\"Dur\u00e9e de lecture estim\u00e9e\" \/>\n\t<meta name=\"twitter:data1\" content=\"1 minute\" \/>\n<script type=\"application\/ld+json\" class=\"yoast-schema-graph\">{\"@context\":\"https:\/\/schema.org\",\"@graph\":[{\"@type\":\"WebPage\",\"@id\":\"https:\/\/alders.de\/fr\/produit\/otto-controls-steuergriff-luftfahrt-und-militaerische-applikationen\/\",\"url\":\"https:\/\/alders.de\/fr\/produit\/otto-controls-steuergriff-luftfahrt-und-militaerische-applikationen\/\",\"name\":\"OTTO Controls Poign\u00e9es pour applications a\u00e9ronautiques et militaires - ALDERS electronic GmbH\",\"isPartOf\":{\"@id\":\"https:\/\/alders.de\/fr\/#website\"},\"primaryImageOfPage\":{\"@id\":\"https:\/\/alders.de\/fr\/produit\/otto-controls-steuergriff-luftfahrt-und-militaerische-applikationen\/#primaryimage\"},\"image\":{\"@id\":\"https:\/\/alders.de\/fr\/produit\/otto-controls-steuergriff-luftfahrt-und-militaerische-applikationen\/#primaryimage\"},\"thumbnailUrl\":\"https:\/\/alders.de\/wp-content\/uploads\/2021\/06\/alders-steuergriffe-sidesticks-otto-controls-fuer-luftfahrt-und-militaerische-applikationen.png\",\"datePublished\":\"2021-06-22T09:08:06+00:00\",\"dateModified\":\"2021-11-05T11:11:51+00:00\",\"breadcrumb\":{\"@id\":\"https:\/\/alders.de\/fr\/produit\/otto-controls-steuergriff-luftfahrt-und-militaerische-applikationen\/#breadcrumb\"},\"inLanguage\":\"fr-FR\",\"potentialAction\":[{\"@type\":\"ReadAction\",\"target\":[\"https:\/\/alders.de\/fr\/produit\/otto-controls-steuergriff-luftfahrt-und-militaerische-applikationen\/\"]}]},{\"@type\":\"ImageObject\",\"inLanguage\":\"fr-FR\",\"@id\":\"https:\/\/alders.de\/fr\/produit\/otto-controls-steuergriff-luftfahrt-und-militaerische-applikationen\/#primaryimage\",\"url\":\"https:\/\/alders.de\/wp-content\/uploads\/2021\/06\/alders-steuergriffe-sidesticks-otto-controls-fuer-luftfahrt-und-militaerische-applikationen.png\",\"contentUrl\":\"https:\/\/alders.de\/wp-content\/uploads\/2021\/06\/alders-steuergriffe-sidesticks-otto-controls-fuer-luftfahrt-und-militaerische-applikationen.png\",\"width\":84,\"height\":150},{\"@type\":\"BreadcrumbList\",\"@id\":\"https:\/\/alders.de\/fr\/produit\/otto-controls-steuergriff-luftfahrt-und-militaerische-applikationen\/#breadcrumb\",\"itemListElement\":[{\"@type\":\"ListItem\",\"position\":1,\"name\":\"ALDERS\",\"item\":\"https:\/\/alders.de\/fr\/\"},{\"@type\":\"ListItem\",\"position\":2,\"name\":\"Catalogue\",\"item\":\"https:\/\/alders.de\/fr\/catalogue\/\"},{\"@type\":\"ListItem\",\"position\":3,\"name\":\"OTTO Controls Poign\u00e9es pour applications a\u00e9ronautiques et militaires\"}]},{\"@type\":\"WebSite\",\"@id\":\"https:\/\/alders.de\/fr\/#website\",\"url\":\"https:\/\/alders.de\/fr\/\",\"name\":\"ALDERS electronic GmbH\",\"description\":\"Der Spezialist f\u00fcr elektromechanische L\u00f6sungen\",\"publisher\":{\"@id\":\"https:\/\/alders.de\/fr\/#organization\"},\"potentialAction\":[{\"@type\":\"SearchAction\",\"target\":{\"@type\":\"EntryPoint\",\"urlTemplate\":\"https:\/\/alders.de\/fr\/?s={search_term_string}\"},\"query-input\":\"required name=search_term_string\"}],\"inLanguage\":\"fr-FR\"},{\"@type\":\"Organization\",\"@id\":\"https:\/\/alders.de\/fr\/#organization\",\"name\":\"ALDERS electronic GmbH\",\"url\":\"https:\/\/alders.de\/fr\/\",\"logo\":{\"@type\":\"ImageObject\",\"inLanguage\":\"fr-FR\",\"@id\":\"https:\/\/alders.de\/fr\/#\/schema\/logo\/image\/\",\"url\":\"https:\/\/alders.de\/wp-content\/uploads\/2022\/07\/Alders-logo-Komplett.png\",\"contentUrl\":\"https:\/\/alders.de\/wp-content\/uploads\/2022\/07\/Alders-logo-Komplett.png\",\"width\":1043,\"height\":253,\"caption\":\"ALDERS electronic GmbH\"},\"image\":{\"@id\":\"https:\/\/alders.de\/fr\/#\/schema\/logo\/image\/\"},\"sameAs\":[\"https:\/\/www.facebook.com\/Alders.electronic\/\",\"https:\/\/de.linkedin.com\/company\/alders-electronic-gmbh\",\"https:\/\/www.youtube.com\/channel\/UC-hR66wsAmKOdY03IokrlzA\",\"https:\/\/www.instagram.com\/alders.electronic\/\"]}]}<\/script>\n<!-- \/ Yoast SEO Premium plugin. -->","yoast_head_json":{"title":"OTTO Controls Poign\u00e9es pour applications a\u00e9ronautiques et militaires - ALDERS electronic GmbH","robots":{"index":"index","follow":"follow","max-snippet":"max-snippet:-1","max-image-preview":"max-image-preview:large","max-video-preview":"max-video-preview:-1"},"canonical":"https:\/\/alders.de\/fr\/produit\/otto-controls-steuergriff-luftfahrt-und-militaerische-applikationen\/","og_locale":"fr_FR","og_type":"article","og_title":"OTTO Controls Poign\u00e9es pour applications a\u00e9ronautiques et militaires","og_description":"H\u00e9licopt\u00e8re cyclique et collectif contr\u00f4le de vol commande d\u2019acc\u00e9l\u00e9ration","og_url":"\/","og_site_name":"ALDERS electronic GmbH","article_publisher":"https:\/\/www.facebook.com\/Alders.electronic\/","article_modified_time":"2021-11-05T11:11:51+00:00","og_image":[{"width":84,"height":150,"url":"https:\/\/alders.de\/wp-content\/uploads\/2021\/06\/alders-steuergriffe-sidesticks-otto-controls-fuer-luftfahrt-und-militaerische-applikationen.png","type":"image\/png"}],"twitter_card":"summary_large_image","twitter_misc":{"Dur\u00e9e de lecture estim\u00e9e":"1 minute"},"schema":{"@context":"https:\/\/schema.org","@graph":[{"@type":"WebPage","@id":"https:\/\/alders.de\/fr\/produit\/otto-controls-steuergriff-luftfahrt-und-militaerische-applikationen\/","url":"https:\/\/alders.de\/fr\/produit\/otto-controls-steuergriff-luftfahrt-und-militaerische-applikationen\/","name":"OTTO Controls Poign\u00e9es pour applications a\u00e9ronautiques et militaires - ALDERS electronic GmbH","isPartOf":{"@id":"https:\/\/alders.de\/fr\/#website"},"primaryImageOfPage":{"@id":"https:\/\/alders.de\/fr\/produit\/otto-controls-steuergriff-luftfahrt-und-militaerische-applikationen\/#primaryimage"},"image":{"@id":"https:\/\/alders.de\/fr\/produit\/otto-controls-steuergriff-luftfahrt-und-militaerische-applikationen\/#primaryimage"},"thumbnailUrl":"https:\/\/alders.de\/wp-content\/uploads\/2021\/06\/alders-steuergriffe-sidesticks-otto-controls-fuer-luftfahrt-und-militaerische-applikationen.png","datePublished":"2021-06-22T09:08:06+00:00","dateModified":"2021-11-05T11:11:51+00:00","breadcrumb":{"@id":"https:\/\/alders.de\/fr\/produit\/otto-controls-steuergriff-luftfahrt-und-militaerische-applikationen\/#breadcrumb"},"inLanguage":"fr-FR","potentialAction":[{"@type":"ReadAction","target":["https:\/\/alders.de\/fr\/produit\/otto-controls-steuergriff-luftfahrt-und-militaerische-applikationen\/"]}]},{"@type":"ImageObject","inLanguage":"fr-FR","@id":"https:\/\/alders.de\/fr\/produit\/otto-controls-steuergriff-luftfahrt-und-militaerische-applikationen\/#primaryimage","url":"https:\/\/alders.de\/wp-content\/uploads\/2021\/06\/alders-steuergriffe-sidesticks-otto-controls-fuer-luftfahrt-und-militaerische-applikationen.png","contentUrl":"https:\/\/alders.de\/wp-content\/uploads\/2021\/06\/alders-steuergriffe-sidesticks-otto-controls-fuer-luftfahrt-und-militaerische-applikationen.png","width":84,"height":150},{"@type":"BreadcrumbList","@id":"https:\/\/alders.de\/fr\/produit\/otto-controls-steuergriff-luftfahrt-und-militaerische-applikationen\/#breadcrumb","itemListElement":[{"@type":"ListItem","position":1,"name":"ALDERS","item":"https:\/\/alders.de\/fr\/"},{"@type":"ListItem","position":2,"name":"Catalogue","item":"https:\/\/alders.de\/fr\/catalogue\/"},{"@type":"ListItem","position":3,"name":"OTTO Controls Poign\u00e9es pour applications a\u00e9ronautiques et militaires"}]},{"@type":"WebSite","@id":"https:\/\/alders.de\/fr\/#website","url":"https:\/\/alders.de\/fr\/","name":"ALDERS electronic GmbH","description":"Der Spezialist f\u00fcr elektromechanische L\u00f6sungen","publisher":{"@id":"https:\/\/alders.de\/fr\/#organization"},"potentialAction":[{"@type":"SearchAction","target":{"@type":"EntryPoint","urlTemplate":"https:\/\/alders.de\/fr\/?s={search_term_string}"},"query-input":"required name=search_term_string"}],"inLanguage":"fr-FR"},{"@type":"Organization","@id":"https:\/\/alders.de\/fr\/#organization","name":"ALDERS electronic GmbH","url":"https:\/\/alders.de\/fr\/","logo":{"@type":"ImageObject","inLanguage":"fr-FR","@id":"https:\/\/alders.de\/fr\/#\/schema\/logo\/image\/","url":"https:\/\/alders.de\/wp-content\/uploads\/2022\/07\/Alders-logo-Komplett.png","contentUrl":"https:\/\/alders.de\/wp-content\/uploads\/2022\/07\/Alders-logo-Komplett.png","width":1043,"height":253,"caption":"ALDERS electronic GmbH"},"image":{"@id":"https:\/\/alders.de\/fr\/#\/schema\/logo\/image\/"},"sameAs":["https:\/\/www.facebook.com\/Alders.electronic\/","https:\/\/de.linkedin.com\/company\/alders-electronic-gmbh","https:\/\/www.youtube.com\/channel\/UC-hR66wsAmKOdY03IokrlzA","https:\/\/www.instagram.com\/alders.electronic\/"]}]}},"_links":{"self":[{"href":"https:\/\/alders.de\/fr\/wp-json\/wp\/v2\/product\/284091"}],"collection":[{"href":"https:\/\/alders.de\/fr\/wp-json\/wp\/v2\/product"}],"about":[{"href":"https:\/\/alders.de\/fr\/wp-json\/wp\/v2\/types\/product"}],"wp:featuredmedia":[{"embeddable":true,"href":"https:\/\/alders.de\/fr\/wp-json\/wp\/v2\/media\/282506"}],"wp:attachment":[{"href":"https:\/\/alders.de\/fr\/wp-json\/wp\/v2\/media?parent=284091"}],"wp:term":[{"taxonomy":"product_cat","embeddable":true,"href":"https:\/\/alders.de\/fr\/wp-json\/wp\/v2\/product_cat?post=284091"},{"taxonomy":"product_tag","embeddable":true,"href":"https:\/\/alders.de\/fr\/wp-json\/wp\/v2\/product_tag?post=284091"}],"curies":[{"name":"wp","href":"https:\/\/api.w.org\/{rel}","templated":true}]}}