{"id":287805,"date":"2021-06-18T10:22:43","date_gmt":"2021-06-18T08:22:43","guid":{"rendered":"https:\/\/alders.de\/product\/fes-sensor-technology-gassensoren-hydrogen-sensor-h2-cct-12c\/"},"modified":"2023-08-25T14:14:11","modified_gmt":"2023-08-25T12:14:11","slug":"fes-sensor-technology-gassensoren-hydrogen-sensor-h2-cct-12c","status":"publish","type":"product","link":"https:\/\/alders.de\/fr\/produit\/fes-sensor-technology-gassensoren-hydrogen-sensor-h2-cct-12c\/","title":{"rendered":"FES Sensor Technology Capteur de gaz  H2-CCT I2C"},"content":{"rendered":"<ul class=\"defaultList\">\n<li class=\"m-size-11 size-16\">Sensibilit\u00e9 et s\u00e9lectivit\u00e9 \u00e9lev\u00e9es \u00e0 l\u2019hydrog\u00e8ne jusqu\u2019\u00e0 la limite inf\u00e9rieure d\u2019explosion (LIE)<\/li>\n<li class=\"m-size-11 size-16\">Insensible aux toxines typiques des catalyseurs, telles que les siloxanes volatils et le monoxyde de carbone<\/li>\n<li class=\"size-16 m-size-11\">Pas de d\u00e9rive du point z\u00e9ro<\/li>\n<li class=\"m-size-11 size-16\">Utilisable en hygrom\u00e9trie de 0 % \u00e0 100 % Hr et sous condition de vapeur d\u2019eau<\/li>\n<li class=\"m-size-11 size-16\"><span class=\"m-font-size-11 font-size-16\">Plage de temp\u00e9rature de -40 \u00b0C \u00e0 +85\u00b0C<\/span><\/li>\n<li class=\"m-size-11 size-16\">Construction robuste<\/li>\n<li class=\"m-size-11 size-16\"><span class=\"m-font-size-11 font-size-16\">Stable \u00e0 long terme et sans entretien<\/span><\/li>\n<li class=\"m-size-11 size-16\">Aucun calibrage requis<\/li>\n<\/ul>\n","protected":false},"excerpt":{"rendered":"<p>***Coming soon***<\/p>\n","protected":false},"featured_media":282409,"template":"","meta":[],"product_cat":[540,569],"product_tag":[471,494],"acf":[],"yoast_head":"<!-- This site is optimized with the Yoast SEO Premium plugin v22.5 (Yoast SEO v22.5) - https:\/\/yoast.com\/wordpress\/plugins\/seo\/ -->\n<title>FES Sensor Technology Capteur de gaz H2-CCT I2C - ALDERS electronic GmbH<\/title>\n<meta name=\"robots\" content=\"index, follow, max-snippet:-1, max-image-preview:large, max-video-preview:-1\" \/>\n<link rel=\"canonical\" href=\"https:\/\/alders.de\/fr\/produit\/fes-sensor-technology-gassensoren-hydrogen-sensor-h2-cct-12c\/\" \/>\n<meta property=\"og:locale\" content=\"fr_FR\" \/>\n<meta property=\"og:type\" content=\"article\" \/>\n<meta property=\"og:title\" content=\"FES Sensor Technology Capteur de gaz H2-CCT I2C\" \/>\n<meta property=\"og:description\" content=\"***Coming soon***\" \/>\n<meta property=\"og:url\" content=\"\/\" \/>\n<meta property=\"og:site_name\" content=\"ALDERS electronic GmbH\" \/>\n<meta property=\"article:publisher\" content=\"https:\/\/www.facebook.com\/Alders.electronic\/\" \/>\n<meta property=\"article:modified_time\" content=\"2023-08-25T12:14:11+00:00\" \/>\n<meta property=\"og:image\" content=\"https:\/\/alders.de\/wp-content\/uploads\/2021\/06\/Wasserstoffsensor-H2-CCT-12C-alders.png\" \/>\n\t<meta property=\"og:image:width\" content=\"1056\" \/>\n\t<meta property=\"og:image:height\" content=\"1081\" \/>\n\t<meta property=\"og:image:type\" content=\"image\/png\" \/>\n<meta name=\"twitter:card\" content=\"summary_large_image\" \/>\n<script type=\"application\/ld+json\" class=\"yoast-schema-graph\">{\"@context\":\"https:\/\/schema.org\",\"@graph\":[{\"@type\":\"WebPage\",\"@id\":\"https:\/\/alders.de\/fr\/produit\/fes-sensor-technology-gassensoren-hydrogen-sensor-h2-cct-12c\/\",\"url\":\"https:\/\/alders.de\/fr\/produit\/fes-sensor-technology-gassensoren-hydrogen-sensor-h2-cct-12c\/\",\"name\":\"FES Sensor Technology Capteur de gaz H2-CCT I2C - ALDERS electronic GmbH\",\"isPartOf\":{\"@id\":\"https:\/\/alders.de\/fr\/#website\"},\"primaryImageOfPage\":{\"@id\":\"https:\/\/alders.de\/fr\/produit\/fes-sensor-technology-gassensoren-hydrogen-sensor-h2-cct-12c\/#primaryimage\"},\"image\":{\"@id\":\"https:\/\/alders.de\/fr\/produit\/fes-sensor-technology-gassensoren-hydrogen-sensor-h2-cct-12c\/#primaryimage\"},\"thumbnailUrl\":\"https:\/\/alders.de\/wp-content\/uploads\/2021\/06\/Wasserstoffsensor-H2-CCT-12C-alders.png\",\"datePublished\":\"2021-06-18T08:22:43+00:00\",\"dateModified\":\"2023-08-25T12:14:11+00:00\",\"breadcrumb\":{\"@id\":\"https:\/\/alders.de\/fr\/produit\/fes-sensor-technology-gassensoren-hydrogen-sensor-h2-cct-12c\/#breadcrumb\"},\"inLanguage\":\"fr-FR\",\"potentialAction\":[{\"@type\":\"ReadAction\",\"target\":[\"https:\/\/alders.de\/fr\/produit\/fes-sensor-technology-gassensoren-hydrogen-sensor-h2-cct-12c\/\"]}]},{\"@type\":\"ImageObject\",\"inLanguage\":\"fr-FR\",\"@id\":\"https:\/\/alders.de\/fr\/produit\/fes-sensor-technology-gassensoren-hydrogen-sensor-h2-cct-12c\/#primaryimage\",\"url\":\"https:\/\/alders.de\/wp-content\/uploads\/2021\/06\/Wasserstoffsensor-H2-CCT-12C-alders.png\",\"contentUrl\":\"https:\/\/alders.de\/wp-content\/uploads\/2021\/06\/Wasserstoffsensor-H2-CCT-12C-alders.png\",\"width\":1056,\"height\":1081},{\"@type\":\"BreadcrumbList\",\"@id\":\"https:\/\/alders.de\/fr\/produit\/fes-sensor-technology-gassensoren-hydrogen-sensor-h2-cct-12c\/#breadcrumb\",\"itemListElement\":[{\"@type\":\"ListItem\",\"position\":1,\"name\":\"ALDERS\",\"item\":\"https:\/\/alders.de\/fr\/\"},{\"@type\":\"ListItem\",\"position\":2,\"name\":\"Catalogue\",\"item\":\"https:\/\/alders.de\/fr\/catalogue\/\"},{\"@type\":\"ListItem\",\"position\":3,\"name\":\"FES Sensor Technology Capteur de gaz H2-CCT I2C\"}]},{\"@type\":\"WebSite\",\"@id\":\"https:\/\/alders.de\/fr\/#website\",\"url\":\"https:\/\/alders.de\/fr\/\",\"name\":\"ALDERS electronic GmbH\",\"description\":\"Der Spezialist f\u00fcr elektromechanische L\u00f6sungen\",\"publisher\":{\"@id\":\"https:\/\/alders.de\/fr\/#organization\"},\"potentialAction\":[{\"@type\":\"SearchAction\",\"target\":{\"@type\":\"EntryPoint\",\"urlTemplate\":\"https:\/\/alders.de\/fr\/?s={search_term_string}\"},\"query-input\":\"required name=search_term_string\"}],\"inLanguage\":\"fr-FR\"},{\"@type\":\"Organization\",\"@id\":\"https:\/\/alders.de\/fr\/#organization\",\"name\":\"ALDERS electronic GmbH\",\"url\":\"https:\/\/alders.de\/fr\/\",\"logo\":{\"@type\":\"ImageObject\",\"inLanguage\":\"fr-FR\",\"@id\":\"https:\/\/alders.de\/fr\/#\/schema\/logo\/image\/\",\"url\":\"https:\/\/alders.de\/wp-content\/uploads\/2022\/07\/Alders-logo-Komplett.png\",\"contentUrl\":\"https:\/\/alders.de\/wp-content\/uploads\/2022\/07\/Alders-logo-Komplett.png\",\"width\":1043,\"height\":253,\"caption\":\"ALDERS electronic GmbH\"},\"image\":{\"@id\":\"https:\/\/alders.de\/fr\/#\/schema\/logo\/image\/\"},\"sameAs\":[\"https:\/\/www.facebook.com\/Alders.electronic\/\",\"https:\/\/de.linkedin.com\/company\/alders-electronic-gmbh\",\"https:\/\/www.youtube.com\/channel\/UC-hR66wsAmKOdY03IokrlzA\",\"https:\/\/www.instagram.com\/alders.electronic\/\"]}]}<\/script>\n<!-- \/ Yoast SEO Premium plugin. -->","yoast_head_json":{"title":"FES Sensor Technology Capteur de gaz H2-CCT I2C - ALDERS electronic GmbH","robots":{"index":"index","follow":"follow","max-snippet":"max-snippet:-1","max-image-preview":"max-image-preview:large","max-video-preview":"max-video-preview:-1"},"canonical":"https:\/\/alders.de\/fr\/produit\/fes-sensor-technology-gassensoren-hydrogen-sensor-h2-cct-12c\/","og_locale":"fr_FR","og_type":"article","og_title":"FES Sensor Technology Capteur de gaz H2-CCT I2C","og_description":"***Coming soon***","og_url":"\/","og_site_name":"ALDERS electronic GmbH","article_publisher":"https:\/\/www.facebook.com\/Alders.electronic\/","article_modified_time":"2023-08-25T12:14:11+00:00","og_image":[{"width":1056,"height":1081,"url":"https:\/\/alders.de\/wp-content\/uploads\/2021\/06\/Wasserstoffsensor-H2-CCT-12C-alders.png","type":"image\/png"}],"twitter_card":"summary_large_image","schema":{"@context":"https:\/\/schema.org","@graph":[{"@type":"WebPage","@id":"https:\/\/alders.de\/fr\/produit\/fes-sensor-technology-gassensoren-hydrogen-sensor-h2-cct-12c\/","url":"https:\/\/alders.de\/fr\/produit\/fes-sensor-technology-gassensoren-hydrogen-sensor-h2-cct-12c\/","name":"FES Sensor Technology Capteur de gaz H2-CCT I2C - ALDERS electronic GmbH","isPartOf":{"@id":"https:\/\/alders.de\/fr\/#website"},"primaryImageOfPage":{"@id":"https:\/\/alders.de\/fr\/produit\/fes-sensor-technology-gassensoren-hydrogen-sensor-h2-cct-12c\/#primaryimage"},"image":{"@id":"https:\/\/alders.de\/fr\/produit\/fes-sensor-technology-gassensoren-hydrogen-sensor-h2-cct-12c\/#primaryimage"},"thumbnailUrl":"https:\/\/alders.de\/wp-content\/uploads\/2021\/06\/Wasserstoffsensor-H2-CCT-12C-alders.png","datePublished":"2021-06-18T08:22:43+00:00","dateModified":"2023-08-25T12:14:11+00:00","breadcrumb":{"@id":"https:\/\/alders.de\/fr\/produit\/fes-sensor-technology-gassensoren-hydrogen-sensor-h2-cct-12c\/#breadcrumb"},"inLanguage":"fr-FR","potentialAction":[{"@type":"ReadAction","target":["https:\/\/alders.de\/fr\/produit\/fes-sensor-technology-gassensoren-hydrogen-sensor-h2-cct-12c\/"]}]},{"@type":"ImageObject","inLanguage":"fr-FR","@id":"https:\/\/alders.de\/fr\/produit\/fes-sensor-technology-gassensoren-hydrogen-sensor-h2-cct-12c\/#primaryimage","url":"https:\/\/alders.de\/wp-content\/uploads\/2021\/06\/Wasserstoffsensor-H2-CCT-12C-alders.png","contentUrl":"https:\/\/alders.de\/wp-content\/uploads\/2021\/06\/Wasserstoffsensor-H2-CCT-12C-alders.png","width":1056,"height":1081},{"@type":"BreadcrumbList","@id":"https:\/\/alders.de\/fr\/produit\/fes-sensor-technology-gassensoren-hydrogen-sensor-h2-cct-12c\/#breadcrumb","itemListElement":[{"@type":"ListItem","position":1,"name":"ALDERS","item":"https:\/\/alders.de\/fr\/"},{"@type":"ListItem","position":2,"name":"Catalogue","item":"https:\/\/alders.de\/fr\/catalogue\/"},{"@type":"ListItem","position":3,"name":"FES Sensor Technology Capteur de gaz H2-CCT I2C"}]},{"@type":"WebSite","@id":"https:\/\/alders.de\/fr\/#website","url":"https:\/\/alders.de\/fr\/","name":"ALDERS electronic GmbH","description":"Der Spezialist f\u00fcr elektromechanische L\u00f6sungen","publisher":{"@id":"https:\/\/alders.de\/fr\/#organization"},"potentialAction":[{"@type":"SearchAction","target":{"@type":"EntryPoint","urlTemplate":"https:\/\/alders.de\/fr\/?s={search_term_string}"},"query-input":"required name=search_term_string"}],"inLanguage":"fr-FR"},{"@type":"Organization","@id":"https:\/\/alders.de\/fr\/#organization","name":"ALDERS electronic GmbH","url":"https:\/\/alders.de\/fr\/","logo":{"@type":"ImageObject","inLanguage":"fr-FR","@id":"https:\/\/alders.de\/fr\/#\/schema\/logo\/image\/","url":"https:\/\/alders.de\/wp-content\/uploads\/2022\/07\/Alders-logo-Komplett.png","contentUrl":"https:\/\/alders.de\/wp-content\/uploads\/2022\/07\/Alders-logo-Komplett.png","width":1043,"height":253,"caption":"ALDERS electronic GmbH"},"image":{"@id":"https:\/\/alders.de\/fr\/#\/schema\/logo\/image\/"},"sameAs":["https:\/\/www.facebook.com\/Alders.electronic\/","https:\/\/de.linkedin.com\/company\/alders-electronic-gmbh","https:\/\/www.youtube.com\/channel\/UC-hR66wsAmKOdY03IokrlzA","https:\/\/www.instagram.com\/alders.electronic\/"]}]}},"_links":{"self":[{"href":"https:\/\/alders.de\/fr\/wp-json\/wp\/v2\/product\/287805"}],"collection":[{"href":"https:\/\/alders.de\/fr\/wp-json\/wp\/v2\/product"}],"about":[{"href":"https:\/\/alders.de\/fr\/wp-json\/wp\/v2\/types\/product"}],"wp:featuredmedia":[{"embeddable":true,"href":"https:\/\/alders.de\/fr\/wp-json\/wp\/v2\/media\/282409"}],"wp:attachment":[{"href":"https:\/\/alders.de\/fr\/wp-json\/wp\/v2\/media?parent=287805"}],"wp:term":[{"taxonomy":"product_cat","embeddable":true,"href":"https:\/\/alders.de\/fr\/wp-json\/wp\/v2\/product_cat?post=287805"},{"taxonomy":"product_tag","embeddable":true,"href":"https:\/\/alders.de\/fr\/wp-json\/wp\/v2\/product_tag?post=287805"}],"curies":[{"name":"wp","href":"https:\/\/api.w.org\/{rel}","templated":true}]}}