{"id":291278,"date":"2024-10-08T16:13:29","date_gmt":"2024-10-08T14:13:29","guid":{"rendered":"https:\/\/alders.de\/product\/otto-controls-drucktaster-lp7\/"},"modified":"2024-10-09T10:06:38","modified_gmt":"2024-10-09T08:06:38","slug":"otto-controls-drucktaster-lp7","status":"publish","type":"product","link":"https:\/\/alders.de\/fr\/produit\/otto-controls-drucktaster-lp7\/","title":{"rendered":"OTTO Controls bouton poussoir s\u00e9rie LP7"},"content":{"rendered":"<ul>\n<li>Lunette compacte<\/li>\n<li>\u00c9tanche \u00e0 l&rsquo;eau IP68S<\/li>\n<li>\u00c9clairage LED avec possibilit\u00e9 d&rsquo;accepter une alimentation 2 et 12 V CC<\/li>\n<li>Options standard et de bas niveau Boutons encastr\u00e9s et sur\u00e9lev\u00e9s en finition brillante ou mate disponibles dans une vari\u00e9t\u00e9 de couleurs<\/li>\n<li>Style de bo\u00eetier \u00e0 ajustement serr\u00e9<\/li>\n<li>Conforme RoHS<\/li>\n<\/ul>\n","protected":false},"excerpt":{"rendered":"<p><span class=\"jCAhz ChMk0b\"><span class=\"ryNqvb\">Tout en partageant une taille et des caract\u00e9ristiques similaires aux interrupteurs \u00e0 bouton-poussoir des s\u00e9ries P9 et LP7-D, les interrupteurs \u00e0 bouton-poussoir \u00e0 action momentan\u00e9e lumineux de la s\u00e9rie LP7 ont une lunette compacte pour un profil plus bas au-dessus du panneau.<\/span><\/span><\/p>\n<p><span class=\"jCAhz ChMk0b\"><span class=\"ryNqvb\">Le LP7 est fabriqu\u00e9 selon les normes les plus strictes et con\u00e7u pour r\u00e9sister aux environnements difficiles, offrant d&rsquo;excellentes performances m\u00e9caniques et \u00e9lectriques tout en fonctionnant dans des conditions difficiles rencontr\u00e9es dans des applications exigeantes.<\/span><\/span> <span class=\"jCAhz ChMk0b\"><span class=\"ryNqvb\">Construit avec un bo\u00eetier en alliage d&rsquo;aluminium anodis\u00e9, le LP7 est test\u00e9 sur un million d&rsquo;op\u00e9rations m\u00e9caniques et a une dur\u00e9e de vie \u00e9lectrique de 25 000 cycles.<\/span><\/span><\/p>\n<p><span class=\"jCAhz ChMk0b\"><span class=\"ryNqvb\">La s\u00e9rie LP7 offre un \u00e9clairage LED dans une vari\u00e9t\u00e9 de couleurs et peut accueillir une alimentation 2 et 12 V CC.<\/span><\/span> <span class=\"jCAhz\"><span class=\"ryNqvb\">Les versions \u00e0 bouton comprennent un d\u00f4me encastr\u00e9 et un d\u00f4me sur\u00e9lev\u00e9.<\/span><\/span> <span class=\"jCAhz ChMk0b\"><span class=\"ryNqvb\">Avec un joint d&rsquo;\u00e9tanch\u00e9it\u00e9 IP68S, le LP7 est un interrupteur de pr\u00e9cision de qualit\u00e9 con\u00e7u pour \u00eatre utilis\u00e9 dans les panneaux, les poign\u00e9es de commande, les ordinateurs, les instruments, les \u00e9quipements lourds et d&rsquo;autres applications exigeantes o\u00f9 des interrupteurs \u00e0 bouton-poussoir attrayants et hautement robustes sont n\u00e9cessaires.<\/span><\/span><\/p>\n","protected":false},"featured_media":291275,"template":"","meta":[],"product_cat":[623,386],"product_tag":[],"acf":[],"yoast_head":"<!-- This site is optimized with the Yoast SEO Premium plugin v22.5 (Yoast SEO v22.5) - https:\/\/yoast.com\/wordpress\/plugins\/seo\/ -->\n<title>OTTO Controls bouton poussoir s\u00e9rie LP7 - ALDERS electronic GmbH<\/title>\n<meta name=\"robots\" content=\"index, follow, max-snippet:-1, max-image-preview:large, max-video-preview:-1\" \/>\n<link rel=\"canonical\" href=\"https:\/\/alders.de\/fr\/produit\/otto-controls-drucktaster-lp7\/\" \/>\n<meta property=\"og:locale\" content=\"fr_FR\" \/>\n<meta property=\"og:type\" content=\"article\" \/>\n<meta property=\"og:title\" content=\"OTTO Controls bouton poussoir s\u00e9rie LP7\" \/>\n<meta property=\"og:description\" content=\"Tout en partageant une taille et des caract\u00e9ristiques similaires aux interrupteurs \u00e0 bouton-poussoir des s\u00e9ries P9 et LP7-D, les interrupteurs \u00e0 bouton-poussoir \u00e0 action momentan\u00e9e lumineux de la s\u00e9rie LP7 ont une lunette compacte pour un profil plus bas au-dessus du panneau.  Le LP7 est fabriqu\u00e9 selon les normes les plus strictes et con\u00e7u pour r\u00e9sister aux environnements difficiles, offrant d&#039;excellentes performances m\u00e9caniques et \u00e9lectriques tout en fonctionnant dans des conditions difficiles rencontr\u00e9es dans des applications exigeantes. Construit avec un bo\u00eetier en alliage d&#039;aluminium anodis\u00e9, le LP7 est test\u00e9 sur un million d&#039;op\u00e9rations m\u00e9caniques et a une dur\u00e9e de vie \u00e9lectrique de 25 000 cycles.  La s\u00e9rie LP7 offre un \u00e9clairage LED dans une vari\u00e9t\u00e9 de couleurs et peut accueillir une alimentation 2 et 12 V CC. Les versions \u00e0 bouton comprennent un d\u00f4me encastr\u00e9 et un d\u00f4me sur\u00e9lev\u00e9. Avec un joint d&#039;\u00e9tanch\u00e9it\u00e9 IP68S, le LP7 est un interrupteur de pr\u00e9cision de qualit\u00e9 con\u00e7u pour \u00eatre utilis\u00e9 dans les panneaux, les poign\u00e9es de commande, les ordinateurs, les instruments, les \u00e9quipements lourds et d&#039;autres applications exigeantes o\u00f9 des interrupteurs \u00e0 bouton-poussoir attrayants et hautement robustes sont n\u00e9cessaires.\" \/>\n<meta property=\"og:url\" content=\"\/\" \/>\n<meta property=\"og:site_name\" content=\"ALDERS electronic GmbH\" \/>\n<meta property=\"article:publisher\" content=\"https:\/\/www.facebook.com\/Alders.electronic\/\" \/>\n<meta property=\"article:modified_time\" content=\"2024-10-09T08:06:38+00:00\" \/>\n<meta property=\"og:image\" content=\"https:\/\/alders.de\/wp-content\/uploads\/2024\/10\/lp7-picture-a-web.png\" \/>\n\t<meta property=\"og:image:width\" content=\"1000\" \/>\n\t<meta property=\"og:image:height\" content=\"1072\" \/>\n\t<meta property=\"og:image:type\" content=\"image\/png\" \/>\n<meta name=\"twitter:card\" content=\"summary_large_image\" \/>\n<meta name=\"twitter:label1\" content=\"Dur\u00e9e de lecture estim\u00e9e\" \/>\n\t<meta name=\"twitter:data1\" content=\"1 minute\" \/>\n<script type=\"application\/ld+json\" class=\"yoast-schema-graph\">{\"@context\":\"https:\/\/schema.org\",\"@graph\":[{\"@type\":\"WebPage\",\"@id\":\"https:\/\/alders.de\/fr\/produit\/otto-controls-drucktaster-lp7\/\",\"url\":\"https:\/\/alders.de\/fr\/produit\/otto-controls-drucktaster-lp7\/\",\"name\":\"OTTO Controls bouton poussoir s\u00e9rie LP7 - ALDERS electronic GmbH\",\"isPartOf\":{\"@id\":\"https:\/\/alders.de\/fr\/#website\"},\"primaryImageOfPage\":{\"@id\":\"https:\/\/alders.de\/fr\/produit\/otto-controls-drucktaster-lp7\/#primaryimage\"},\"image\":{\"@id\":\"https:\/\/alders.de\/fr\/produit\/otto-controls-drucktaster-lp7\/#primaryimage\"},\"thumbnailUrl\":\"https:\/\/alders.de\/wp-content\/uploads\/2024\/10\/lp7-picture-a-web.png\",\"datePublished\":\"2024-10-08T14:13:29+00:00\",\"dateModified\":\"2024-10-09T08:06:38+00:00\",\"breadcrumb\":{\"@id\":\"https:\/\/alders.de\/fr\/produit\/otto-controls-drucktaster-lp7\/#breadcrumb\"},\"inLanguage\":\"fr-FR\",\"potentialAction\":[{\"@type\":\"ReadAction\",\"target\":[\"https:\/\/alders.de\/fr\/produit\/otto-controls-drucktaster-lp7\/\"]}]},{\"@type\":\"ImageObject\",\"inLanguage\":\"fr-FR\",\"@id\":\"https:\/\/alders.de\/fr\/produit\/otto-controls-drucktaster-lp7\/#primaryimage\",\"url\":\"https:\/\/alders.de\/wp-content\/uploads\/2024\/10\/lp7-picture-a-web.png\",\"contentUrl\":\"https:\/\/alders.de\/wp-content\/uploads\/2024\/10\/lp7-picture-a-web.png\",\"width\":1000,\"height\":1072},{\"@type\":\"BreadcrumbList\",\"@id\":\"https:\/\/alders.de\/fr\/produit\/otto-controls-drucktaster-lp7\/#breadcrumb\",\"itemListElement\":[{\"@type\":\"ListItem\",\"position\":1,\"name\":\"ALDERS\",\"item\":\"https:\/\/alders.de\/fr\/\"},{\"@type\":\"ListItem\",\"position\":2,\"name\":\"Catalogue\",\"item\":\"https:\/\/alders.de\/fr\/catalogue\/\"},{\"@type\":\"ListItem\",\"position\":3,\"name\":\"OTTO Controls bouton poussoir s\u00e9rie LP7\"}]},{\"@type\":\"WebSite\",\"@id\":\"https:\/\/alders.de\/fr\/#website\",\"url\":\"https:\/\/alders.de\/fr\/\",\"name\":\"ALDERS electronic GmbH\",\"description\":\"Der Spezialist f\u00fcr elektromechanische L\u00f6sungen\",\"publisher\":{\"@id\":\"https:\/\/alders.de\/fr\/#organization\"},\"potentialAction\":[{\"@type\":\"SearchAction\",\"target\":{\"@type\":\"EntryPoint\",\"urlTemplate\":\"https:\/\/alders.de\/fr\/?s={search_term_string}\"},\"query-input\":\"required name=search_term_string\"}],\"inLanguage\":\"fr-FR\"},{\"@type\":\"Organization\",\"@id\":\"https:\/\/alders.de\/fr\/#organization\",\"name\":\"ALDERS electronic GmbH\",\"url\":\"https:\/\/alders.de\/fr\/\",\"logo\":{\"@type\":\"ImageObject\",\"inLanguage\":\"fr-FR\",\"@id\":\"https:\/\/alders.de\/fr\/#\/schema\/logo\/image\/\",\"url\":\"https:\/\/alders.de\/wp-content\/uploads\/2022\/07\/Alders-logo-Komplett.png\",\"contentUrl\":\"https:\/\/alders.de\/wp-content\/uploads\/2022\/07\/Alders-logo-Komplett.png\",\"width\":1043,\"height\":253,\"caption\":\"ALDERS electronic GmbH\"},\"image\":{\"@id\":\"https:\/\/alders.de\/fr\/#\/schema\/logo\/image\/\"},\"sameAs\":[\"https:\/\/www.facebook.com\/Alders.electronic\/\",\"https:\/\/de.linkedin.com\/company\/alders-electronic-gmbh\",\"https:\/\/www.youtube.com\/channel\/UC-hR66wsAmKOdY03IokrlzA\",\"https:\/\/www.instagram.com\/alders.electronic\/\"]}]}<\/script>\n<!-- \/ Yoast SEO Premium plugin. -->","yoast_head_json":{"title":"OTTO Controls bouton poussoir s\u00e9rie LP7 - ALDERS electronic GmbH","robots":{"index":"index","follow":"follow","max-snippet":"max-snippet:-1","max-image-preview":"max-image-preview:large","max-video-preview":"max-video-preview:-1"},"canonical":"https:\/\/alders.de\/fr\/produit\/otto-controls-drucktaster-lp7\/","og_locale":"fr_FR","og_type":"article","og_title":"OTTO Controls bouton poussoir s\u00e9rie LP7","og_description":"Tout en partageant une taille et des caract\u00e9ristiques similaires aux interrupteurs \u00e0 bouton-poussoir des s\u00e9ries P9 et LP7-D, les interrupteurs \u00e0 bouton-poussoir \u00e0 action momentan\u00e9e lumineux de la s\u00e9rie LP7 ont une lunette compacte pour un profil plus bas au-dessus du panneau.  Le LP7 est fabriqu\u00e9 selon les normes les plus strictes et con\u00e7u pour r\u00e9sister aux environnements difficiles, offrant d'excellentes performances m\u00e9caniques et \u00e9lectriques tout en fonctionnant dans des conditions difficiles rencontr\u00e9es dans des applications exigeantes. Construit avec un bo\u00eetier en alliage d'aluminium anodis\u00e9, le LP7 est test\u00e9 sur un million d'op\u00e9rations m\u00e9caniques et a une dur\u00e9e de vie \u00e9lectrique de 25 000 cycles.  La s\u00e9rie LP7 offre un \u00e9clairage LED dans une vari\u00e9t\u00e9 de couleurs et peut accueillir une alimentation 2 et 12 V CC. Les versions \u00e0 bouton comprennent un d\u00f4me encastr\u00e9 et un d\u00f4me sur\u00e9lev\u00e9. Avec un joint d'\u00e9tanch\u00e9it\u00e9 IP68S, le LP7 est un interrupteur de pr\u00e9cision de qualit\u00e9 con\u00e7u pour \u00eatre utilis\u00e9 dans les panneaux, les poign\u00e9es de commande, les ordinateurs, les instruments, les \u00e9quipements lourds et d'autres applications exigeantes o\u00f9 des interrupteurs \u00e0 bouton-poussoir attrayants et hautement robustes sont n\u00e9cessaires.","og_url":"\/","og_site_name":"ALDERS electronic GmbH","article_publisher":"https:\/\/www.facebook.com\/Alders.electronic\/","article_modified_time":"2024-10-09T08:06:38+00:00","og_image":[{"width":1000,"height":1072,"url":"https:\/\/alders.de\/wp-content\/uploads\/2024\/10\/lp7-picture-a-web.png","type":"image\/png"}],"twitter_card":"summary_large_image","twitter_misc":{"Dur\u00e9e de lecture estim\u00e9e":"1 minute"},"schema":{"@context":"https:\/\/schema.org","@graph":[{"@type":"WebPage","@id":"https:\/\/alders.de\/fr\/produit\/otto-controls-drucktaster-lp7\/","url":"https:\/\/alders.de\/fr\/produit\/otto-controls-drucktaster-lp7\/","name":"OTTO Controls bouton poussoir s\u00e9rie LP7 - ALDERS electronic GmbH","isPartOf":{"@id":"https:\/\/alders.de\/fr\/#website"},"primaryImageOfPage":{"@id":"https:\/\/alders.de\/fr\/produit\/otto-controls-drucktaster-lp7\/#primaryimage"},"image":{"@id":"https:\/\/alders.de\/fr\/produit\/otto-controls-drucktaster-lp7\/#primaryimage"},"thumbnailUrl":"https:\/\/alders.de\/wp-content\/uploads\/2024\/10\/lp7-picture-a-web.png","datePublished":"2024-10-08T14:13:29+00:00","dateModified":"2024-10-09T08:06:38+00:00","breadcrumb":{"@id":"https:\/\/alders.de\/fr\/produit\/otto-controls-drucktaster-lp7\/#breadcrumb"},"inLanguage":"fr-FR","potentialAction":[{"@type":"ReadAction","target":["https:\/\/alders.de\/fr\/produit\/otto-controls-drucktaster-lp7\/"]}]},{"@type":"ImageObject","inLanguage":"fr-FR","@id":"https:\/\/alders.de\/fr\/produit\/otto-controls-drucktaster-lp7\/#primaryimage","url":"https:\/\/alders.de\/wp-content\/uploads\/2024\/10\/lp7-picture-a-web.png","contentUrl":"https:\/\/alders.de\/wp-content\/uploads\/2024\/10\/lp7-picture-a-web.png","width":1000,"height":1072},{"@type":"BreadcrumbList","@id":"https:\/\/alders.de\/fr\/produit\/otto-controls-drucktaster-lp7\/#breadcrumb","itemListElement":[{"@type":"ListItem","position":1,"name":"ALDERS","item":"https:\/\/alders.de\/fr\/"},{"@type":"ListItem","position":2,"name":"Catalogue","item":"https:\/\/alders.de\/fr\/catalogue\/"},{"@type":"ListItem","position":3,"name":"OTTO Controls bouton poussoir s\u00e9rie LP7"}]},{"@type":"WebSite","@id":"https:\/\/alders.de\/fr\/#website","url":"https:\/\/alders.de\/fr\/","name":"ALDERS electronic GmbH","description":"Der Spezialist f\u00fcr elektromechanische L\u00f6sungen","publisher":{"@id":"https:\/\/alders.de\/fr\/#organization"},"potentialAction":[{"@type":"SearchAction","target":{"@type":"EntryPoint","urlTemplate":"https:\/\/alders.de\/fr\/?s={search_term_string}"},"query-input":"required name=search_term_string"}],"inLanguage":"fr-FR"},{"@type":"Organization","@id":"https:\/\/alders.de\/fr\/#organization","name":"ALDERS electronic GmbH","url":"https:\/\/alders.de\/fr\/","logo":{"@type":"ImageObject","inLanguage":"fr-FR","@id":"https:\/\/alders.de\/fr\/#\/schema\/logo\/image\/","url":"https:\/\/alders.de\/wp-content\/uploads\/2022\/07\/Alders-logo-Komplett.png","contentUrl":"https:\/\/alders.de\/wp-content\/uploads\/2022\/07\/Alders-logo-Komplett.png","width":1043,"height":253,"caption":"ALDERS electronic GmbH"},"image":{"@id":"https:\/\/alders.de\/fr\/#\/schema\/logo\/image\/"},"sameAs":["https:\/\/www.facebook.com\/Alders.electronic\/","https:\/\/de.linkedin.com\/company\/alders-electronic-gmbh","https:\/\/www.youtube.com\/channel\/UC-hR66wsAmKOdY03IokrlzA","https:\/\/www.instagram.com\/alders.electronic\/"]}]}},"_links":{"self":[{"href":"https:\/\/alders.de\/fr\/wp-json\/wp\/v2\/product\/291278"}],"collection":[{"href":"https:\/\/alders.de\/fr\/wp-json\/wp\/v2\/product"}],"about":[{"href":"https:\/\/alders.de\/fr\/wp-json\/wp\/v2\/types\/product"}],"wp:featuredmedia":[{"embeddable":true,"href":"https:\/\/alders.de\/fr\/wp-json\/wp\/v2\/media\/291275"}],"wp:attachment":[{"href":"https:\/\/alders.de\/fr\/wp-json\/wp\/v2\/media?parent=291278"}],"wp:term":[{"taxonomy":"product_cat","embeddable":true,"href":"https:\/\/alders.de\/fr\/wp-json\/wp\/v2\/product_cat?post=291278"},{"taxonomy":"product_tag","embeddable":true,"href":"https:\/\/alders.de\/fr\/wp-json\/wp\/v2\/product_tag?post=291278"}],"curies":[{"name":"wp","href":"https:\/\/api.w.org\/{rel}","templated":true}]}}